{"id":1296,"date":"2020-04-09T10:53:48","date_gmt":"2020-04-09T08:53:48","guid":{"rendered":"https:\/\/prolexia.fr\/?page_id=1296"},"modified":"2024-05-21T12:04:18","modified_gmt":"2024-05-21T10:04:18","slug":"produits","status":"publish","type":"page","link":"https:\/\/prolexia.fr\/en\/produits\/","title":{"rendered":"Products"},"content":{"rendered":"<div data-elementor-type=\"wp-page\" data-elementor-id=\"1296\" class=\"elementor elementor-1296\">\n\t\t\t\t\t\t<section class=\"has_eae_slider elementor-section elementor-top-section elementor-element elementor-element-ae66849 elementor-section-boxed elementor-section-height-default elementor-section-height-default\" data-eae-slider=\"27104\" data-id=\"ae66849\" data-element_type=\"section\" data-e-type=\"section\">\n\t\t\t\t\t\t<div class=\"elementor-container elementor-column-gap-default\">\n\t\t\t\t\t<div data-wts-url=\"\/advansys-web\/\" data-wts-link=\"yes\" data-wts-new-window=\"\" class=\"has_eae_slider elementor-column elementor-col-25 elementor-top-column elementor-element elementor-element-d6e2a9e ae-link-yes\" data-eae-slider=\"82548\" data-id=\"d6e2a9e\" data-element_type=\"column\" data-e-type=\"column\">\n\t\t\t<div class=\"elementor-widget-wrap elementor-element-populated\">\n\t\t\t\t\t\t<div class=\"elementor-element elementor-element-31a1409 elementor-widget elementor-widget-image\" data-id=\"31a1409\" data-element_type=\"widget\" data-e-type=\"widget\" data-widget_type=\"image.default\">\n\t\t\t\t<div class=\"elementor-widget-container\">\n\t\t\t\t\t\t\t\t\t\t\t\t\t\t\t<img decoding=\"async\" src=\"https:\/\/prolexia.fr\/wp-content\/uploads\/elementor\/thumbs\/WADV-ont2o8c766cl8mu5n0yd8517hitv7vfmgp7bcheayo.jpg\" title=\"WADV\" alt=\"WADV\" loading=\"lazy\" \/>\t\t\t\t\t\t\t\t\t\t\t\t\t\t\t<\/div>\n\t\t\t\t<\/div>\n\t\t\t\t<div class=\"elementor-element elementor-element-4c98415 elementor-widget elementor-widget-heading\" data-id=\"4c98415\" data-element_type=\"widget\" data-e-type=\"widget\" data-widget_type=\"heading.default\">\n\t\t\t\t<div class=\"elementor-widget-container\">\n\t\t\t\t\t<h4 class=\"elementor-heading-title elementor-size-default\">ADVANSYS WEB<\/h4>\t\t\t\t<\/div>\n\t\t\t\t<\/div>\n\t\t\t\t<div class=\"elementor-element elementor-element-8f042fe elementor-widget elementor-widget-text-editor\" data-id=\"8f042fe\" data-element_type=\"widget\" data-e-type=\"widget\" data-widget_type=\"text-editor.default\">\n\t\t\t\t<div class=\"elementor-widget-container\">\n\t\t\t\t\t\t\t\t\t<p>ADVANSYS WEB is the javascript framework used by PROLEXIA to develop 3D web applications supporting virtual reality.<\/p>\t\t\t\t\t\t\t\t<\/div>\n\t\t\t\t<\/div>\n\t\t\t\t\t<\/div>\n\t\t<\/div>\n\t\t\t\t<div data-wts-url=\"\/mms\/\" data-wts-link=\"yes\" data-wts-new-window=\"\" class=\"has_eae_slider elementor-column elementor-col-25 elementor-top-column elementor-element elementor-element-c1bfd60 ae-link-yes\" data-eae-slider=\"61239\" data-id=\"c1bfd60\" data-element_type=\"column\" data-e-type=\"column\">\n\t\t\t<div class=\"elementor-widget-wrap elementor-element-populated\">\n\t\t\t\t\t\t<div class=\"elementor-element elementor-element-25bc0ed elementor-widget elementor-widget-image\" data-id=\"25bc0ed\" data-element_type=\"widget\" data-e-type=\"widget\" data-widget_type=\"image.default\">\n\t\t\t\t<div class=\"elementor-widget-container\">\n\t\t\t\t\t\t\t\t\t\t\t\t\t\t\t<img decoding=\"async\" src=\"https:\/\/prolexia.fr\/wp-content\/uploads\/elementor\/thumbs\/image49-onrsvo4epnlct7gr2xd0mnckm6do6jrbh2szerqhvk.jpg\" title=\"MMS49\" alt=\"MMS49\" loading=\"lazy\" \/>\t\t\t\t\t\t\t\t\t\t\t\t\t\t\t<\/div>\n\t\t\t\t<\/div>\n\t\t\t\t<div class=\"elementor-element elementor-element-baaad4b elementor-widget elementor-widget-heading\" data-id=\"baaad4b\" data-element_type=\"widget\" data-e-type=\"widget\" data-widget_type=\"heading.default\">\n\t\t\t\t<div class=\"elementor-widget-container\">\n\t\t\t\t\t<h4 class=\"elementor-heading-title elementor-size-default\">ADVANSYS MMS<\/h4>\t\t\t\t<\/div>\n\t\t\t\t<\/div>\n\t\t\t\t<div class=\"elementor-element elementor-element-fa35d2c elementor-widget elementor-widget-text-editor\" data-id=\"fa35d2c\" data-element_type=\"widget\" data-e-type=\"widget\" data-widget_type=\"text-editor.default\">\n\t\t\t\t<div class=\"elementor-widget-container\">\n\t\t\t\t\t\t\t\t\t<p>The Advansys MMS tool allows you to program, survey, simulate and analyze a mission that has been put into place with one or several types of autonomous vehicles such as AUVs, USVs, UGVs, or UAVs.<\/p>\t\t\t\t\t\t\t\t<\/div>\n\t\t\t\t<\/div>\n\t\t\t\t\t<\/div>\n\t\t<\/div>\n\t\t\t\t<div data-wts-url=\"\/adv-ui\/\" data-wts-link=\"yes\" data-wts-new-window=\"\" class=\"has_eae_slider elementor-column elementor-col-25 elementor-top-column elementor-element elementor-element-1fd364b ae-link-yes\" data-eae-slider=\"26086\" data-id=\"1fd364b\" data-element_type=\"column\" data-e-type=\"column\">\n\t\t\t<div class=\"elementor-widget-wrap elementor-element-populated\">\n\t\t\t\t\t\t<div class=\"elementor-element elementor-element-390dcdb elementor-widget elementor-widget-image\" data-id=\"390dcdb\" data-element_type=\"widget\" data-e-type=\"widget\" data-widget_type=\"image.default\">\n\t\t\t\t<div class=\"elementor-widget-container\">\n\t\t\t\t\t\t\t\t\t\t\t\t\t\t\t<img decoding=\"async\" src=\"https:\/\/prolexia.fr\/wp-content\/uploads\/elementor\/thumbs\/charts-ont2bq3i8j88rf05o4c2jsnexyh1sus72spqgxxvr4.png\" title=\"ADV UI 2\" alt=\"ADV UI 2\" loading=\"lazy\" \/>\t\t\t\t\t\t\t\t\t\t\t\t\t\t\t<\/div>\n\t\t\t\t<\/div>\n\t\t\t\t<div class=\"elementor-element elementor-element-c4f751c elementor-widget elementor-widget-heading\" data-id=\"c4f751c\" data-element_type=\"widget\" data-e-type=\"widget\" data-widget_type=\"heading.default\">\n\t\t\t\t<div class=\"elementor-widget-container\">\n\t\t\t\t\t<h4 class=\"elementor-heading-title elementor-size-default\">ADV UI<\/h4>\t\t\t\t<\/div>\n\t\t\t\t<\/div>\n\t\t\t\t<div class=\"elementor-element elementor-element-cdbc866 elementor-widget elementor-widget-text-editor\" data-id=\"cdbc866\" data-element_type=\"widget\" data-e-type=\"widget\" data-widget_type=\"text-editor.default\">\n\t\t\t\t<div class=\"elementor-widget-container\">\n\t\t\t\t\t\t\t\t\t<p>ADV UI is the product designed to create graphical interfaces quickly and easily from PROLEXIA.<\/p>\t\t\t\t\t\t\t\t<\/div>\n\t\t\t\t<\/div>\n\t\t\t\t\t<\/div>\n\t\t<\/div>\n\t\t\t\t<div data-wts-url=\"\/prox\/\" data-wts-link=\"yes\" data-wts-new-window=\"\" class=\"has_eae_slider elementor-column elementor-col-25 elementor-top-column elementor-element elementor-element-04f8401 ae-link-yes\" data-eae-slider=\"95878\" data-id=\"04f8401\" data-element_type=\"column\" data-e-type=\"column\">\n\t\t\t<div class=\"elementor-widget-wrap elementor-element-populated\">\n\t\t\t\t\t\t<div class=\"elementor-element elementor-element-481f6b0 elementor-widget elementor-widget-image\" data-id=\"481f6b0\" data-element_type=\"widget\" data-e-type=\"widget\" data-widget_type=\"image.default\">\n\t\t\t\t<div class=\"elementor-widget-container\">\n\t\t\t\t\t\t\t\t\t\t\t\t\t\t\t<img decoding=\"async\" src=\"https:\/\/prolexia.fr\/wp-content\/uploads\/elementor\/thumbs\/image2-1-ontj6ofrba3pmtdbhh9jlmsjwyvi4ucj6xuwf605xc.png\" title=\"PTIROX1\" alt=\"PTIROX1\" loading=\"lazy\" \/>\t\t\t\t\t\t\t\t\t\t\t\t\t\t\t<\/div>\n\t\t\t\t<\/div>\n\t\t\t\t<div class=\"elementor-element elementor-element-335824f elementor-widget elementor-widget-heading\" data-id=\"335824f\" data-element_type=\"widget\" data-e-type=\"widget\" data-widget_type=\"heading.default\">\n\t\t\t\t<div class=\"elementor-widget-container\">\n\t\t\t\t\t<h4 class=\"elementor-heading-title elementor-size-default\">P-ROX<\/h4>\t\t\t\t<\/div>\n\t\t\t\t<\/div>\n\t\t\t\t<div class=\"elementor-element elementor-element-67b1823 elementor-widget elementor-widget-text-editor\" data-id=\"67b1823\" data-element_type=\"widget\" data-e-type=\"widget\" data-widget_type=\"text-editor.default\">\n\t\t\t\t<div class=\"elementor-widget-container\">\n\t\t\t\t\t\t\t\t\t<p>PROLEXIA propose des drones terrestres nomm\u00e9s P-ROX destin\u00e9e \u00e0 la surveillance et \u00e0 l\u2019inspection multifonctions.<\/p>\t\t\t\t\t\t\t\t<\/div>\n\t\t\t\t<\/div>\n\t\t\t\t\t<\/div>\n\t\t<\/div>\n\t\t\t\t\t<\/div>\n\t\t<\/section>\n\t\t\t\t<\/div>","protected":false},"excerpt":{"rendered":"<p>ADVANSYS WEB ADVANSYS WEB est le framework javascript utilis\u00e9 par PROLEXIA pour d\u00e9velopper des applications web 3D supportant la r\u00e9alit\u00e9 virtuelle. ADVANSYS MMS L\u2019outil Advansys MMS permet de programmer, de superviser, de simuler et d\u2019analyser une mission mettant en oeuvre un une plusieurs v\u00e9hicules autonomes de type AUV, USV, UGV ou UAV. ADV UI ADV [&hellip;]<\/p>\n","protected":false},"author":1,"featured_media":0,"parent":0,"menu_order":0,"comment_status":"closed","ping_status":"closed","template":"elementor_header_footer","meta":{"footnotes":""},"class_list":["post-1296","page","type-page","status-publish","hentry"],"_links":{"self":[{"href":"https:\/\/prolexia.fr\/en\/wp-json\/wp\/v2\/pages\/1296","targetHints":{"allow":["GET"]}}],"collection":[{"href":"https:\/\/prolexia.fr\/en\/wp-json\/wp\/v2\/pages"}],"about":[{"href":"https:\/\/prolexia.fr\/en\/wp-json\/wp\/v2\/types\/page"}],"author":[{"embeddable":true,"href":"https:\/\/prolexia.fr\/en\/wp-json\/wp\/v2\/users\/1"}],"replies":[{"embeddable":true,"href":"https:\/\/prolexia.fr\/en\/wp-json\/wp\/v2\/comments?post=1296"}],"version-history":[{"count":21,"href":"https:\/\/prolexia.fr\/en\/wp-json\/wp\/v2\/pages\/1296\/revisions"}],"predecessor-version":[{"id":2606,"href":"https:\/\/prolexia.fr\/en\/wp-json\/wp\/v2\/pages\/1296\/revisions\/2606"}],"wp:attachment":[{"href":"https:\/\/prolexia.fr\/en\/wp-json\/wp\/v2\/media?parent=1296"}],"curies":[{"name":"wp","href":"https:\/\/api.w.org\/{rel}","templated":true}]}}