{"id":1400,"date":"2020-04-10T14:31:08","date_gmt":"2020-04-10T12:31:08","guid":{"rendered":"https:\/\/prolexia.fr\/?page_id=1400"},"modified":"2020-04-10T17:35:32","modified_gmt":"2020-04-10T15:35:32","slug":"ocean-2020","status":"publish","type":"page","link":"https:\/\/prolexia.fr\/en\/ocean-2020\/","title":{"rendered":"OCEAN 2020"},"content":{"rendered":"<div data-elementor-type=\"wp-page\" data-elementor-id=\"1400\" class=\"elementor elementor-1400\">\n\t\t\t\t\t\t<section class=\"has_eae_slider elementor-section elementor-top-section elementor-element elementor-element-7578f04 elementor-section-stretched elementor-section-full_width elementor-section-height-default elementor-section-height-default\" data-eae-slider=\"15011\" data-id=\"7578f04\" data-element_type=\"section\" data-e-type=\"section\" data-settings=\"{&quot;stretch_section&quot;:&quot;section-stretched&quot;}\">\n\t\t\t\t\t\t<div class=\"elementor-container elementor-column-gap-no\">\n\t\t\t\t\t<div class=\"has_eae_slider elementor-column elementor-col-100 elementor-top-column elementor-element elementor-element-d62f37c\" data-eae-slider=\"8118\" data-id=\"d62f37c\" data-element_type=\"column\" data-e-type=\"column\">\n\t\t\t<div class=\"elementor-widget-wrap elementor-element-populated\">\n\t\t\t\t\t\t<section class=\"has_eae_slider elementor-section elementor-inner-section elementor-element elementor-element-1e0cd3f elementor-section-boxed elementor-section-height-default elementor-section-height-default\" data-eae-slider=\"62555\" data-id=\"1e0cd3f\" data-element_type=\"section\" data-e-type=\"section\">\n\t\t\t\t\t\t<div class=\"elementor-container elementor-column-gap-default\">\n\t\t\t\t\t<div class=\"has_eae_slider elementor-column elementor-col-100 elementor-inner-column elementor-element elementor-element-fe457a9\" data-eae-slider=\"13525\" data-id=\"fe457a9\" data-element_type=\"column\" data-e-type=\"column\">\n\t\t\t<div class=\"elementor-widget-wrap elementor-element-populated\">\n\t\t\t\t\t\t<div class=\"elementor-element elementor-element-ed84a2a elementor-widget elementor-widget-text-editor\" data-id=\"ed84a2a\" data-element_type=\"widget\" data-e-type=\"widget\" data-widget_type=\"text-editor.default\">\n\t\t\t\t<div class=\"elementor-widget-container\">\n\t\t\t\t\t\t\t\t\tPROLEXIA is part of the OCEAN2020 consortium made up of 42 partners from which 15 countries are represented. All those entities are involved in Maritime Defense domain and are aware that the defense of the European Union is based on reliable sea control.\n\nPROLEXIA carries out the following elements for this consortium:\n<ul style=\"padding-left:2%;\">\n \t<li>The RADAR behavior model sending STANAG frames<\/li>\n \t<li>A synthetic aperture radar<\/li>\n<\/ul>\t\t\t\t\t\t\t\t<\/div>\n\t\t\t\t<\/div>\n\t\t\t\t<div class=\"elementor-element elementor-element-d2da57e elementor-align-center elementor-widget elementor-widget-button\" data-id=\"d2da57e\" data-element_type=\"widget\" data-e-type=\"widget\" data-widget_type=\"button.default\">\n\t\t\t\t<div class=\"elementor-widget-container\">\n\t\t\t\t\t\t\t\t\t<div class=\"elementor-button-wrapper\">\n\t\t\t\t\t<a class=\"elementor-button elementor-button-link elementor-size-sm\" href=\"https:\/\/ocean2020.eu\/\">\n\t\t\t\t\t\t<span class=\"elementor-button-content-wrapper\">\n\t\t\t\t\t\t\t\t\t<span class=\"elementor-button-text\">Learn more<\/span>\n\t\t\t\t\t<\/span>\n\t\t\t\t\t<\/a>\n\t\t\t\t<\/div>\n\t\t\t\t\t\t\t\t<\/div>\n\t\t\t\t<\/div>\n\t\t\t\t\t<\/div>\n\t\t<\/div>\n\t\t\t\t\t<\/div>\n\t\t<\/section>\n\t\t\t\t\t<\/div>\n\t\t<\/div>\n\t\t\t\t\t<\/div>\n\t\t<\/section>\n\t\t\t\t<\/div>","protected":false},"excerpt":{"rendered":"<p>PROLEXIA fait partie du OCEAN2020, compos\u00e9 de 42 partenaires dont 15 pays sont repr\u00e9sent\u00e9s. Toutes les entit\u00e9s sont impliqu\u00e9es dans le domaine de la d\u00e9fense maritime et sont conscientes que la d\u00e9fense de l&rsquo;Union europ\u00e9enne repose sur un contr\u00f4le maritime fiable. PROLEXIA r\u00e9alise pour ce consortium les \u00e9l\u00e9ments suivants : Le mod\u00e8le de comportement d&rsquo;un [&hellip;]<\/p>\n","protected":false},"author":1,"featured_media":0,"parent":0,"menu_order":0,"comment_status":"closed","ping_status":"closed","template":"elementor_header_footer","meta":{"footnotes":""},"class_list":["post-1400","page","type-page","status-publish","hentry"],"_links":{"self":[{"href":"https:\/\/prolexia.fr\/en\/wp-json\/wp\/v2\/pages\/1400","targetHints":{"allow":["GET"]}}],"collection":[{"href":"https:\/\/prolexia.fr\/en\/wp-json\/wp\/v2\/pages"}],"about":[{"href":"https:\/\/prolexia.fr\/en\/wp-json\/wp\/v2\/types\/page"}],"author":[{"embeddable":true,"href":"https:\/\/prolexia.fr\/en\/wp-json\/wp\/v2\/users\/1"}],"replies":[{"embeddable":true,"href":"https:\/\/prolexia.fr\/en\/wp-json\/wp\/v2\/comments?post=1400"}],"version-history":[{"count":6,"href":"https:\/\/prolexia.fr\/en\/wp-json\/wp\/v2\/pages\/1400\/revisions"}],"predecessor-version":[{"id":1433,"href":"https:\/\/prolexia.fr\/en\/wp-json\/wp\/v2\/pages\/1400\/revisions\/1433"}],"wp:attachment":[{"href":"https:\/\/prolexia.fr\/en\/wp-json\/wp\/v2\/media?parent=1400"}],"curies":[{"name":"wp","href":"https:\/\/api.w.org\/{rel}","templated":true}]}}