{"id":1688,"date":"2023-09-08T17:04:04","date_gmt":"2023-09-08T15:04:04","guid":{"rendered":"https:\/\/prolexia.fr\/?page_id=1688"},"modified":"2023-09-08T17:05:07","modified_gmt":"2023-09-08T15:05:07","slug":"red-robin","status":"publish","type":"page","link":"https:\/\/prolexia.fr\/en\/red-robin\/","title":{"rendered":"Red Robin"},"content":{"rendered":"<div data-elementor-type=\"wp-page\" data-elementor-id=\"1688\" class=\"elementor elementor-1688\">\n\t\t\t\t\t\t<section class=\"has_eae_slider elementor-section elementor-top-section elementor-element elementor-element-04d535a elementor-section-stretched elementor-section-full_width elementor-section-height-default elementor-section-height-default\" data-eae-slider=\"23077\" data-id=\"04d535a\" data-element_type=\"section\" data-e-type=\"section\" data-settings=\"{&quot;stretch_section&quot;:&quot;section-stretched&quot;}\">\n\t\t\t\t\t\t<div class=\"elementor-container elementor-column-gap-no\">\n\t\t\t\t\t<div class=\"has_eae_slider elementor-column elementor-col-100 elementor-top-column elementor-element elementor-element-8edd79e\" data-eae-slider=\"4308\" data-id=\"8edd79e\" data-element_type=\"column\" data-e-type=\"column\">\n\t\t\t<div class=\"elementor-widget-wrap elementor-element-populated\">\n\t\t\t\t\t\t<section class=\"has_eae_slider elementor-section elementor-inner-section elementor-element elementor-element-5b07c1a elementor-section-boxed elementor-section-height-default elementor-section-height-default\" data-eae-slider=\"93218\" data-id=\"5b07c1a\" data-element_type=\"section\" data-e-type=\"section\">\n\t\t\t\t\t\t<div class=\"elementor-container elementor-column-gap-default\">\n\t\t\t\t\t<div class=\"has_eae_slider elementor-column elementor-col-100 elementor-inner-column elementor-element elementor-element-a4616ee\" data-eae-slider=\"2659\" data-id=\"a4616ee\" data-element_type=\"column\" data-e-type=\"column\">\n\t\t\t<div class=\"elementor-widget-wrap elementor-element-populated\">\n\t\t\t\t\t\t<div class=\"elementor-element elementor-element-5331ff5 elementor-widget elementor-widget-text-editor\" data-id=\"5331ff5\" data-element_type=\"widget\" data-e-type=\"widget\" data-widget_type=\"text-editor.default\">\n\t\t\t\t<div class=\"elementor-widget-container\">\n\t\t\t\t\t\t\t\t\t<p>Le robot Red Robin embarque des \u00e9quipements de mesures divers afin d\u2019automatiser la mesure de qualit\u00e9 d\u2019un terrain de sport et ainsi assister les technicien charg\u00e9s de ce contr\u00f4le. Il est enti\u00e8rement d\u00e9velopp\u00e9 par la soci\u00e9t\u00e9 PROLEXIA pour r\u00e9pondre aux besoins de la soci\u00e9t\u00e9 Labosport.<\/p><p>\u00a0<\/p>\t\t\t\t\t\t\t\t<\/div>\n\t\t\t\t<\/div>\n\t\t\t\t<div class=\"elementor-element elementor-element-026dc7e elementor-arrows-position-inside elementor-pagination-position-outside elementor-widget elementor-widget-image-carousel\" data-id=\"026dc7e\" data-element_type=\"widget\" data-e-type=\"widget\" data-settings=\"{&quot;navigation&quot;:&quot;both&quot;,&quot;autoplay&quot;:&quot;yes&quot;,&quot;pause_on_hover&quot;:&quot;yes&quot;,&quot;pause_on_interaction&quot;:&quot;yes&quot;,&quot;autoplay_speed&quot;:5000,&quot;infinite&quot;:&quot;yes&quot;,&quot;speed&quot;:500}\" data-widget_type=\"image-carousel.default\">\n\t\t\t\t<div class=\"elementor-widget-container\">\n\t\t\t\t\t\t\t<div class=\"elementor-image-carousel-wrapper swiper\" role=\"region\" aria-roledescription=\"carousel\" aria-label=\"Image Carousel\" dir=\"ltr\" data-no-translation-aria-label=\"\">\n\t\t\t<div class=\"elementor-image-carousel swiper-wrapper\" aria-live=\"off\">\n\t\t\t\t\t\t\t\t<div class=\"swiper-slide\" role=\"group\" aria-roledescription=\"slide\" aria-label=\"1 of 3\" data-no-translation-aria-label=\"\"><a data-elementor-open-lightbox=\"yes\" data-elementor-lightbox-slideshow=\"026dc7e\" data-elementor-lightbox-title=\"Sans titre 1\" data-e-action-hash=\"#elementor-action%3Aaction%3Dlightbox%26settings%3DeyJpZCI6MTY1MywidXJsIjoiaHR0cHM6XC9cL3Byb2xleGlhLmZyXC93cC1jb250ZW50XC91cGxvYWRzXC8yMDIzXC8wOVwvU2Fucy10aXRyZS0xLmpwZyIsInNsaWRlc2hvdyI6IjAyNmRjN2UifQ%3D%3D\" href=\"https:\/\/prolexia.fr\/wp-content\/uploads\/2023\/09\/Sans-titre-1.jpg\"><figure class=\"swiper-slide-inner\"><img decoding=\"async\" class=\"swiper-slide-image\" src=\"https:\/\/prolexia.fr\/wp-content\/uploads\/2023\/09\/Sans-titre-1-300x177.jpg\" alt=\"Sans titre 1\" \/><\/figure><\/a><\/div><div class=\"swiper-slide\" role=\"group\" aria-roledescription=\"slide\" aria-label=\"2 of 3\" data-no-translation-aria-label=\"\"><a data-elementor-open-lightbox=\"yes\" data-elementor-lightbox-slideshow=\"026dc7e\" data-elementor-lightbox-title=\"IMG_6986\" data-e-action-hash=\"#elementor-action%3Aaction%3Dlightbox%26settings%3DeyJpZCI6MTU5MCwidXJsIjoiaHR0cHM6XC9cL3Byb2xleGlhLmZyXC93cC1jb250ZW50XC91cGxvYWRzXC8yMDIyXC8wOVwvSU1HXzY5ODYuanBnIiwic2xpZGVzaG93IjoiMDI2ZGM3ZSJ9\" href=\"https:\/\/prolexia.fr\/wp-content\/uploads\/2022\/09\/IMG_6986.jpg\"><figure class=\"swiper-slide-inner\"><img decoding=\"async\" class=\"swiper-slide-image\" src=\"https:\/\/prolexia.fr\/wp-content\/uploads\/2022\/09\/IMG_6986-300x247.jpg\" alt=\"IMG_6986\" \/><\/figure><\/a><\/div><div class=\"swiper-slide\" role=\"group\" aria-roledescription=\"slide\" aria-label=\"3 of 3\" data-no-translation-aria-label=\"\"><a data-elementor-open-lightbox=\"yes\" data-elementor-lightbox-slideshow=\"026dc7e\" data-elementor-lightbox-title=\"P-ROX LS\" data-e-action-hash=\"#elementor-action%3Aaction%3Dlightbox%26settings%3DeyJpZCI6MTU4OSwidXJsIjoiaHR0cHM6XC9cL3Byb2xleGlhLmZyXC93cC1jb250ZW50XC91cGxvYWRzXC8yMDIyXC8wOVwvMTY2NDM2NTg4OTgzOC5qcGVnIiwic2xpZGVzaG93IjoiMDI2ZGM3ZSJ9\" href=\"https:\/\/prolexia.fr\/wp-content\/uploads\/2022\/09\/1664365889838.jpeg\"><figure class=\"swiper-slide-inner\"><img decoding=\"async\" class=\"swiper-slide-image\" src=\"https:\/\/prolexia.fr\/wp-content\/uploads\/2022\/09\/1664365889838-300x225.jpeg\" alt=\"P-ROX LS\" \/><\/figure><\/a><\/div>\t\t\t<\/div>\n\t\t\t\t\t\t\t\t\t\t\t\t<div class=\"elementor-swiper-button elementor-swiper-button-prev\" role=\"button\" tabindex=\"0\">\n\t\t\t\t\t\t<i aria-hidden=\"true\" class=\"eicon-chevron-left\"><\/i>\t\t\t\t\t<\/div>\n\t\t\t\t\t<div class=\"elementor-swiper-button elementor-swiper-button-next\" role=\"button\" tabindex=\"0\">\n\t\t\t\t\t\t<i aria-hidden=\"true\" class=\"eicon-chevron-right\"><\/i>\t\t\t\t\t<\/div>\n\t\t\t\t\n\t\t\t\t\t\t\t\t\t<div class=\"swiper-pagination\"><\/div>\n\t\t\t\t\t\t\t\t\t<\/div>\n\t\t\t\t\t\t<\/div>\n\t\t\t\t<\/div>\n\t\t\t\t\t<\/div>\n\t\t<\/div>\n\t\t\t\t\t<\/div>\n\t\t<\/section>\n\t\t\t\t\t<\/div>\n\t\t<\/div>\n\t\t\t\t\t<\/div>\n\t\t<\/section>\n\t\t\t\t<\/div>","protected":false},"excerpt":{"rendered":"<p>Le robot Red Robin embarque des \u00e9quipements de mesures divers afin d\u2019automatiser la mesure de qualit\u00e9 d\u2019un terrain de sport et ainsi assister les technicien charg\u00e9s de ce contr\u00f4le. Il est enti\u00e8rement d\u00e9velopp\u00e9 par la soci\u00e9t\u00e9 PROLEXIA pour r\u00e9pondre aux besoins de la soci\u00e9t\u00e9 Labosport. \u00a0<\/p>","protected":false},"author":1,"featured_media":0,"parent":0,"menu_order":0,"comment_status":"closed","ping_status":"closed","template":"elementor_header_footer","meta":{"footnotes":""},"class_list":["post-1688","page","type-page","status-publish","hentry"],"_links":{"self":[{"href":"https:\/\/prolexia.fr\/en\/wp-json\/wp\/v2\/pages\/1688","targetHints":{"allow":["GET"]}}],"collection":[{"href":"https:\/\/prolexia.fr\/en\/wp-json\/wp\/v2\/pages"}],"about":[{"href":"https:\/\/prolexia.fr\/en\/wp-json\/wp\/v2\/types\/page"}],"author":[{"embeddable":true,"href":"https:\/\/prolexia.fr\/en\/wp-json\/wp\/v2\/users\/1"}],"replies":[{"embeddable":true,"href":"https:\/\/prolexia.fr\/en\/wp-json\/wp\/v2\/comments?post=1688"}],"version-history":[{"count":4,"href":"https:\/\/prolexia.fr\/en\/wp-json\/wp\/v2\/pages\/1688\/revisions"}],"predecessor-version":[{"id":1692,"href":"https:\/\/prolexia.fr\/en\/wp-json\/wp\/v2\/pages\/1688\/revisions\/1692"}],"wp:attachment":[{"href":"https:\/\/prolexia.fr\/en\/wp-json\/wp\/v2\/media?parent=1688"}],"curies":[{"name":"wp","href":"https:\/\/api.w.org\/{rel}","templated":true}]}}