{"id":1696,"date":"2023-09-08T17:07:24","date_gmt":"2023-09-08T15:07:24","guid":{"rendered":"https:\/\/prolexia.fr\/?page_id=1696"},"modified":"2023-09-08T17:08:41","modified_gmt":"2023-09-08T15:08:41","slug":"cast-house-robot","status":"publish","type":"page","link":"https:\/\/prolexia.fr\/en\/cast-house-robot\/","title":{"rendered":"Cast House Robot \u00ab\u00a0Fasolt\u00a0\u00bb\u200b"},"content":{"rendered":"<div data-elementor-type=\"wp-page\" data-elementor-id=\"1696\" class=\"elementor elementor-1696\">\n\t\t\t\t\t\t<section class=\"has_eae_slider elementor-section elementor-top-section elementor-element elementor-element-46e53ec elementor-section-stretched elementor-section-full_width elementor-section-height-default elementor-section-height-default\" data-eae-slider=\"21219\" data-id=\"46e53ec\" data-element_type=\"section\" data-e-type=\"section\" data-settings=\"{&quot;stretch_section&quot;:&quot;section-stretched&quot;}\">\n\t\t\t\t\t\t<div class=\"elementor-container elementor-column-gap-no\">\n\t\t\t\t\t<div class=\"has_eae_slider elementor-column elementor-col-100 elementor-top-column elementor-element elementor-element-d078524\" data-eae-slider=\"2502\" data-id=\"d078524\" data-element_type=\"column\" data-e-type=\"column\">\n\t\t\t<div class=\"elementor-widget-wrap elementor-element-populated\">\n\t\t\t\t\t\t<section class=\"has_eae_slider elementor-section elementor-inner-section elementor-element elementor-element-793e5bd elementor-section-boxed elementor-section-height-default elementor-section-height-default\" data-eae-slider=\"22490\" data-id=\"793e5bd\" data-element_type=\"section\" data-e-type=\"section\">\n\t\t\t\t\t\t<div class=\"elementor-container elementor-column-gap-default\">\n\t\t\t\t\t<div class=\"has_eae_slider elementor-column elementor-col-100 elementor-inner-column elementor-element elementor-element-f40cfeb\" data-eae-slider=\"90112\" data-id=\"f40cfeb\" data-element_type=\"column\" data-e-type=\"column\">\n\t\t\t<div class=\"elementor-widget-wrap elementor-element-populated\">\n\t\t\t\t\t\t<div class=\"elementor-element elementor-element-6bb4d3c elementor-widget elementor-widget-text-editor\" data-id=\"6bb4d3c\" data-element_type=\"widget\" data-e-type=\"widget\" data-widget_type=\"text-editor.default\">\n\t\t\t\t<div class=\"elementor-widget-container\">\n\t\t\t\t\t\t\t\t\t<p>Ce robot autonome est utilis\u00e9 pour effectuer des t\u00e2ches de maintenance, de mesure et de surveillance des hauts fourneaux. Il est prot\u00e9g\u00e9 contre les radiations thermiques et poss\u00e8de un bras qui va \u00e9quip\u00e9 d&rsquo;outils interchangeables: fraises, pince pour l&rsquo;\u00e9chantillonnage et la mesure.<\/p><p>\u00a0<\/p>\t\t\t\t\t\t\t\t<\/div>\n\t\t\t\t<\/div>\n\t\t\t\t<div class=\"elementor-element elementor-element-1e2fc70 elementor-arrows-position-inside elementor-pagination-position-outside elementor-widget elementor-widget-image-carousel\" data-id=\"1e2fc70\" data-element_type=\"widget\" data-e-type=\"widget\" data-settings=\"{&quot;navigation&quot;:&quot;both&quot;,&quot;autoplay&quot;:&quot;yes&quot;,&quot;pause_on_hover&quot;:&quot;yes&quot;,&quot;pause_on_interaction&quot;:&quot;yes&quot;,&quot;autoplay_speed&quot;:5000,&quot;infinite&quot;:&quot;yes&quot;,&quot;speed&quot;:500}\" data-widget_type=\"image-carousel.default\">\n\t\t\t\t<div class=\"elementor-widget-container\">\n\t\t\t\t\t\t\t<div class=\"elementor-image-carousel-wrapper swiper\" role=\"region\" aria-roledescription=\"carousel\" aria-label=\"Image Carousel\" dir=\"ltr\" data-no-translation-aria-label=\"\">\n\t\t\t<div class=\"elementor-image-carousel swiper-wrapper\" aria-live=\"off\">\n\t\t\t\t\t\t\t\t<div class=\"swiper-slide\" role=\"group\" aria-roledescription=\"slide\" aria-label=\"1 of 3\" data-no-translation-aria-label=\"\"><a data-elementor-open-lightbox=\"yes\" data-elementor-lightbox-slideshow=\"1e2fc70\" data-elementor-lightbox-title=\"PW3\" data-e-action-hash=\"#elementor-action%3Aaction%3Dlightbox%26settings%3DeyJpZCI6MTY1NCwidXJsIjoiaHR0cHM6XC9cL3Byb2xleGlhLmZyXC93cC1jb250ZW50XC91cGxvYWRzXC8yMDIzXC8wOVwvUFczLmpwZyIsInNsaWRlc2hvdyI6IjFlMmZjNzAifQ%3D%3D\" href=\"https:\/\/prolexia.fr\/wp-content\/uploads\/2023\/09\/PW3.jpg\"><figure class=\"swiper-slide-inner\"><img decoding=\"async\" class=\"swiper-slide-image\" src=\"https:\/\/prolexia.fr\/wp-content\/uploads\/2023\/09\/PW3-300x231.jpg\" alt=\"PW3\" \/><\/figure><\/a><\/div><div class=\"swiper-slide\" role=\"group\" aria-roledescription=\"slide\" aria-label=\"2 of 3\" data-no-translation-aria-label=\"\"><a data-elementor-open-lightbox=\"yes\" data-elementor-lightbox-slideshow=\"1e2fc70\" data-elementor-lightbox-title=\"PW\" data-e-action-hash=\"#elementor-action%3Aaction%3Dlightbox%26settings%3DeyJpZCI6MTY1MiwidXJsIjoiaHR0cHM6XC9cL3Byb2xleGlhLmZyXC93cC1jb250ZW50XC91cGxvYWRzXC8yMDIzXC8wOVwvUFcuanBnIiwic2xpZGVzaG93IjoiMWUyZmM3MCJ9\" href=\"https:\/\/prolexia.fr\/wp-content\/uploads\/2023\/09\/PW.jpg\"><figure class=\"swiper-slide-inner\"><img decoding=\"async\" class=\"swiper-slide-image\" src=\"https:\/\/prolexia.fr\/wp-content\/uploads\/2023\/09\/PW-300x238.jpg\" alt=\"PW\" \/><\/figure><\/a><\/div><div class=\"swiper-slide\" role=\"group\" aria-roledescription=\"slide\" aria-label=\"3 of 3\" data-no-translation-aria-label=\"\"><a data-elementor-open-lightbox=\"yes\" data-elementor-lightbox-slideshow=\"1e2fc70\" data-elementor-lightbox-title=\"Image18\" data-e-action-hash=\"#elementor-action%3Aaction%3Dlightbox%26settings%3DeyJpZCI6NTk5LCJ1cmwiOiJodHRwczpcL1wvcHJvbGV4aWEuZnJcL3dwLWNvbnRlbnRcL3VwbG9hZHNcLzIwMjBcLzAyXC9JbWFnZTE4LnBuZyIsInNsaWRlc2hvdyI6IjFlMmZjNzAifQ%3D%3D\" href=\"https:\/\/prolexia.fr\/wp-content\/uploads\/2020\/02\/Image18.png\"><figure class=\"swiper-slide-inner\"><img decoding=\"async\" class=\"swiper-slide-image\" src=\"https:\/\/prolexia.fr\/wp-content\/uploads\/2020\/02\/Image18-300x225.png\" alt=\"Image18\" \/><\/figure><\/a><\/div>\t\t\t<\/div>\n\t\t\t\t\t\t\t\t\t\t\t\t<div class=\"elementor-swiper-button elementor-swiper-button-prev\" role=\"button\" tabindex=\"0\">\n\t\t\t\t\t\t<i aria-hidden=\"true\" class=\"eicon-chevron-left\"><\/i>\t\t\t\t\t<\/div>\n\t\t\t\t\t<div class=\"elementor-swiper-button elementor-swiper-button-next\" role=\"button\" tabindex=\"0\">\n\t\t\t\t\t\t<i aria-hidden=\"true\" class=\"eicon-chevron-right\"><\/i>\t\t\t\t\t<\/div>\n\t\t\t\t\n\t\t\t\t\t\t\t\t\t<div class=\"swiper-pagination\"><\/div>\n\t\t\t\t\t\t\t\t\t<\/div>\n\t\t\t\t\t\t<\/div>\n\t\t\t\t<\/div>\n\t\t\t\t\t<\/div>\n\t\t<\/div>\n\t\t\t\t\t<\/div>\n\t\t<\/section>\n\t\t\t\t\t<\/div>\n\t\t<\/div>\n\t\t\t\t\t<\/div>\n\t\t<\/section>\n\t\t\t\t<\/div>","protected":false},"excerpt":{"rendered":"<p>Ce robot autonome est utilis\u00e9 pour effectuer des t\u00e2ches de maintenance, de mesure et de surveillance des hauts fourneaux. Il est prot\u00e9g\u00e9 contre les radiations thermiques et poss\u00e8de un bras qui va \u00e9quip\u00e9 d&rsquo;outils interchangeables: fraises, pince pour l&rsquo;\u00e9chantillonnage et la mesure. \u00a0<\/p>","protected":false},"author":1,"featured_media":0,"parent":0,"menu_order":0,"comment_status":"closed","ping_status":"closed","template":"elementor_header_footer","meta":{"footnotes":""},"class_list":["post-1696","page","type-page","status-publish","hentry"],"_links":{"self":[{"href":"https:\/\/prolexia.fr\/en\/wp-json\/wp\/v2\/pages\/1696","targetHints":{"allow":["GET"]}}],"collection":[{"href":"https:\/\/prolexia.fr\/en\/wp-json\/wp\/v2\/pages"}],"about":[{"href":"https:\/\/prolexia.fr\/en\/wp-json\/wp\/v2\/types\/page"}],"author":[{"embeddable":true,"href":"https:\/\/prolexia.fr\/en\/wp-json\/wp\/v2\/users\/1"}],"replies":[{"embeddable":true,"href":"https:\/\/prolexia.fr\/en\/wp-json\/wp\/v2\/comments?post=1696"}],"version-history":[{"count":7,"href":"https:\/\/prolexia.fr\/en\/wp-json\/wp\/v2\/pages\/1696\/revisions"}],"predecessor-version":[{"id":1703,"href":"https:\/\/prolexia.fr\/en\/wp-json\/wp\/v2\/pages\/1696\/revisions\/1703"}],"wp:attachment":[{"href":"https:\/\/prolexia.fr\/en\/wp-json\/wp\/v2\/media?parent=1696"}],"curies":[{"name":"wp","href":"https:\/\/api.w.org\/{rel}","templated":true}]}}