{"id":1805,"date":"2023-09-15T14:41:52","date_gmt":"2023-09-15T12:41:52","guid":{"rendered":"https:\/\/prolexia.fr\/?page_id=1805"},"modified":"2025-04-09T17:53:41","modified_gmt":"2025-04-09T15:53:41","slug":"reddrop-2","status":"publish","type":"page","link":"https:\/\/prolexia.fr\/en\/mecatronique\/reddrop-2\/","title":{"rendered":"REDDROP &#8211; Dispositif de larguage"},"content":{"rendered":"<div data-elementor-type=\"wp-page\" data-elementor-id=\"1805\" class=\"elementor elementor-1805\">\n\t\t\t\t\t\t<section class=\"has_eae_slider elementor-section elementor-top-section elementor-element elementor-element-8bb69f9 elementor-section-stretched elementor-section-full_width elementor-section-height-default elementor-section-height-default\" data-eae-slider=\"99334\" data-id=\"8bb69f9\" data-element_type=\"section\" data-e-type=\"section\" data-settings=\"{&quot;stretch_section&quot;:&quot;section-stretched&quot;}\">\n\t\t\t\t\t\t<div class=\"elementor-container elementor-column-gap-no\">\n\t\t\t\t\t<div class=\"has_eae_slider elementor-column elementor-col-100 elementor-top-column elementor-element elementor-element-7c88f29\" data-eae-slider=\"39244\" data-id=\"7c88f29\" data-element_type=\"column\" data-e-type=\"column\">\n\t\t\t<div class=\"elementor-widget-wrap elementor-element-populated\">\n\t\t\t\t\t\t<section class=\"has_eae_slider elementor-section elementor-inner-section elementor-element elementor-element-0c4b4ff elementor-section-boxed elementor-section-height-default elementor-section-height-default\" data-eae-slider=\"78935\" data-id=\"0c4b4ff\" data-element_type=\"section\" data-e-type=\"section\">\n\t\t\t\t\t\t<div class=\"elementor-container elementor-column-gap-default\">\n\t\t\t\t\t<div class=\"has_eae_slider elementor-column elementor-col-100 elementor-inner-column elementor-element elementor-element-cb405f7\" data-eae-slider=\"28946\" data-id=\"cb405f7\" data-element_type=\"column\" data-e-type=\"column\">\n\t\t\t<div class=\"elementor-widget-wrap elementor-element-populated\">\n\t\t\t\t\t\t<div class=\"elementor-element elementor-element-f83fb67 elementor-widget elementor-widget-text-editor\" data-id=\"f83fb67\" data-element_type=\"widget\" data-e-type=\"widget\" data-widget_type=\"text-editor.default\">\n\t\t\t\t<div class=\"elementor-widget-container\">\n\t\t\t\t\t\t\t\t\t<p>The release device (REDDROP) coupled to the LABOSPORT ARENA application enables a mass such as a soccer or basketball to be released from the application or from a trigger. It is used to measure surface bounce. A powerful electromagnet fixes the mass in place. The equipment has its own USB-C rechargeable battery.<\/p>\n<p>It was entirely designed by PROLEXIA in partnership with LABOSPORT. It is currently being mass-produced at our La Seyne sur Mer facility.<\/p>\n<p><strong>Features<\/strong><\/p>\n<ul>\n<li>High-efficiency electromagnetic release<\/li>\n<li>Powerful permanent magnet<\/li>\n<li>Small size (100 x 80 x 60 mm)<\/li>\n<li>Fastening with stainless steel buckle<\/li>\n<li>Bluetooth Low Energy connection to the LABOSPORT - ARENA application<\/li><li>Retrieves status information such as charge status and number of releases made<\/li>\n<li>Compatible with PC, Mac, Android, iOS<\/li>\n<li>30m communication range<\/li>\n<li>Single battery charge is able to handle &gt;500 releases<\/li>\n<li>Automatic switch-off<\/li>\n<li>USB-C charging<\/li>\n<li>Trigger release<\/li>\n<\/ul>\t\t\t\t\t\t\t\t<\/div>\n\t\t\t\t<\/div>\n\t\t\t\t<div class=\"elementor-element elementor-element-c823175 elementor-align-center elementor-widget elementor-widget-button\" data-id=\"c823175\" data-element_type=\"widget\" data-e-type=\"widget\" data-widget_type=\"button.default\">\n\t\t\t\t<div class=\"elementor-widget-container\">\n\t\t\t\t\t\t\t\t\t<div class=\"elementor-button-wrapper\">\n\t\t\t\t\t<a class=\"elementor-button elementor-button-link elementor-size-sm\" href=\"https:\/\/labosport.com\/contact\/\">\n\t\t\t\t\t\t<span class=\"elementor-button-content-wrapper\">\n\t\t\t\t\t\t\t\t\t<span class=\"elementor-button-text\">Contact LABOSPORT<\/span>\n\t\t\t\t\t<\/span>\n\t\t\t\t\t<\/a>\n\t\t\t\t<\/div>\n\t\t\t\t\t\t\t\t<\/div>\n\t\t\t\t<\/div>\n\t\t\t\t<div class=\"elementor-element elementor-element-9d647b5 elementor-arrows-position-inside elementor-pagination-position-outside elementor-widget elementor-widget-image-carousel\" data-id=\"9d647b5\" data-element_type=\"widget\" data-e-type=\"widget\" data-settings=\"{&quot;navigation&quot;:&quot;both&quot;,&quot;autoplay&quot;:&quot;yes&quot;,&quot;pause_on_hover&quot;:&quot;yes&quot;,&quot;pause_on_interaction&quot;:&quot;yes&quot;,&quot;autoplay_speed&quot;:5000,&quot;infinite&quot;:&quot;yes&quot;,&quot;speed&quot;:500}\" data-widget_type=\"image-carousel.default\">\n\t\t\t\t<div class=\"elementor-widget-container\">\n\t\t\t\t\t\t\t<div class=\"elementor-image-carousel-wrapper swiper\" role=\"region\" aria-roledescription=\"carousel\" aria-label=\"Carrousel d\u2019images\" dir=\"ltr\">\n\t\t\t<div class=\"elementor-image-carousel swiper-wrapper\" aria-live=\"off\">\n\t\t\t\t\t\t\t\t<div class=\"swiper-slide\" role=\"group\" aria-roledescription=\"slide\" aria-label=\"1 sur 3\"><a data-elementor-open-lightbox=\"yes\" data-elementor-lightbox-slideshow=\"9d647b5\" data-elementor-lightbox-title=\"RedDrop\" data-e-action-hash=\"#elementor-action%3Aaction%3Dlightbox%26settings%3DeyJpZCI6MTczNiwidXJsIjoiaHR0cHM6XC9cL3Byb2xleGlhLmZyXC93cC1jb250ZW50XC91cGxvYWRzXC8yMDIzXC8wOVwvUmVkRHJvcC5qcGciLCJzbGlkZXNob3ciOiI5ZDY0N2I1In0%3D\" href=\"https:\/\/prolexia.fr\/wp-content\/uploads\/2023\/09\/RedDrop.jpg\"><figure class=\"swiper-slide-inner\"><img decoding=\"async\" class=\"swiper-slide-image\" src=\"https:\/\/prolexia.fr\/wp-content\/uploads\/2023\/09\/RedDrop-300x225.jpg\" alt=\"RedDrop\" \/><\/figure><\/a><\/div><div class=\"swiper-slide\" role=\"group\" aria-roledescription=\"slide\" aria-label=\"2 sur 3\"><a data-elementor-open-lightbox=\"yes\" data-elementor-lightbox-slideshow=\"9d647b5\" data-elementor-lightbox-title=\"IMG_0610\" data-e-action-hash=\"#elementor-action%3Aaction%3Dlightbox%26settings%3DeyJpZCI6MjEyNCwidXJsIjoiaHR0cHM6XC9cL3Byb2xleGlhLmZyXC93cC1jb250ZW50XC91cGxvYWRzXC8yMDIzXC8wOVwvSU1HXzA2MTAuanBnIiwic2xpZGVzaG93IjoiOWQ2NDdiNSJ9\" href=\"https:\/\/prolexia.fr\/wp-content\/uploads\/2023\/09\/IMG_0610.jpg\"><figure class=\"swiper-slide-inner\"><img decoding=\"async\" class=\"swiper-slide-image\" src=\"https:\/\/prolexia.fr\/wp-content\/uploads\/2023\/09\/IMG_0610-300x225.jpg\" alt=\"IMG_0610\" \/><\/figure><\/a><\/div><div class=\"swiper-slide\" role=\"group\" aria-roledescription=\"slide\" aria-label=\"3 sur 3\"><a data-elementor-open-lightbox=\"yes\" data-elementor-lightbox-slideshow=\"9d647b5\" data-elementor-lightbox-title=\"rebound_3\" data-e-action-hash=\"#elementor-action%3Aaction%3Dlightbox%26settings%3DeyJpZCI6MTk3MiwidXJsIjoiaHR0cHM6XC9cL3Byb2xleGlhLmZyXC93cC1jb250ZW50XC91cGxvYWRzXC8yMDIzXC8wOVwvcmVib3VuZF8zLnBuZyIsInNsaWRlc2hvdyI6IjlkNjQ3YjUifQ%3D%3D\" href=\"https:\/\/prolexia.fr\/wp-content\/uploads\/2023\/09\/rebound_3.png\"><figure class=\"swiper-slide-inner\"><img decoding=\"async\" class=\"swiper-slide-image\" src=\"https:\/\/prolexia.fr\/wp-content\/uploads\/2023\/09\/rebound_3-169x300.png\" alt=\"rebound_3\" \/><\/figure><\/a><\/div>\t\t\t<\/div>\n\t\t\t\t\t\t\t\t\t\t\t\t<div class=\"elementor-swiper-button elementor-swiper-button-prev\" role=\"button\" tabindex=\"0\">\n\t\t\t\t\t\t<i aria-hidden=\"true\" class=\"eicon-chevron-left\"><\/i>\t\t\t\t\t<\/div>\n\t\t\t\t\t<div class=\"elementor-swiper-button elementor-swiper-button-next\" role=\"button\" tabindex=\"0\">\n\t\t\t\t\t\t<i aria-hidden=\"true\" class=\"eicon-chevron-right\"><\/i>\t\t\t\t\t<\/div>\n\t\t\t\t\n\t\t\t\t\t\t\t\t\t<div class=\"swiper-pagination\"><\/div>\n\t\t\t\t\t\t\t\t\t<\/div>\n\t\t\t\t\t\t<\/div>\n\t\t\t\t<\/div>\n\t\t\t\t\t<\/div>\n\t\t<\/div>\n\t\t\t\t\t<\/div>\n\t\t<\/section>\n\t\t\t\t\t<\/div>\n\t\t<\/div>\n\t\t\t\t\t<\/div>\n\t\t<\/section>\n\t\t\t\t<\/div>","protected":false},"excerpt":{"rendered":"<p>Le dispositif de larguage (REDDROP) coupl\u00e9 \u00e0 l&rsquo;application LABOSPORT ARENA permet de larguer une masse telle qu&rsquo;un ballon de football ou de basket depuis l&rsquo;application ou depuis une g\u00e2chette. Il est utilis\u00e9 pour la mesure de rebond d&rsquo;une surface. Un \u00e9lectroaimant puissant permet de fixer la masse. L&rsquo;\u00e9quipement dispose de sa propre batterie rechargeable par [&hellip;]<\/p>\n","protected":false},"author":1,"featured_media":0,"parent":1707,"menu_order":0,"comment_status":"closed","ping_status":"closed","template":"elementor_header_footer","meta":{"footnotes":""},"class_list":["post-1805","page","type-page","status-publish","hentry"],"_links":{"self":[{"href":"https:\/\/prolexia.fr\/en\/wp-json\/wp\/v2\/pages\/1805","targetHints":{"allow":["GET"]}}],"collection":[{"href":"https:\/\/prolexia.fr\/en\/wp-json\/wp\/v2\/pages"}],"about":[{"href":"https:\/\/prolexia.fr\/en\/wp-json\/wp\/v2\/types\/page"}],"author":[{"embeddable":true,"href":"https:\/\/prolexia.fr\/en\/wp-json\/wp\/v2\/users\/1"}],"replies":[{"embeddable":true,"href":"https:\/\/prolexia.fr\/en\/wp-json\/wp\/v2\/comments?post=1805"}],"version-history":[{"count":23,"href":"https:\/\/prolexia.fr\/en\/wp-json\/wp\/v2\/pages\/1805\/revisions"}],"predecessor-version":[{"id":2360,"href":"https:\/\/prolexia.fr\/en\/wp-json\/wp\/v2\/pages\/1805\/revisions\/2360"}],"up":[{"embeddable":true,"href":"https:\/\/prolexia.fr\/en\/wp-json\/wp\/v2\/pages\/1707"}],"wp:attachment":[{"href":"https:\/\/prolexia.fr\/en\/wp-json\/wp\/v2\/media?parent=1805"}],"curies":[{"name":"wp","href":"https:\/\/api.w.org\/{rel}","templated":true}]}}