{"id":1920,"date":"2023-09-22T17:14:20","date_gmt":"2023-09-22T15:14:20","guid":{"rendered":"https:\/\/prolexia.fr\/?page_id=1920"},"modified":"2023-09-22T17:17:48","modified_gmt":"2023-09-22T15:17:48","slug":"neptune","status":"publish","type":"page","link":"https:\/\/prolexia.fr\/en\/neptune\/","title":{"rendered":"Neptune"},"content":{"rendered":"<div data-elementor-type=\"wp-page\" data-elementor-id=\"1920\" class=\"elementor elementor-1920\">\n\t\t\t\t\t\t<section class=\"has_eae_slider elementor-section elementor-top-section elementor-element elementor-element-ac66140 elementor-section-stretched elementor-section-full_width elementor-section-height-default elementor-section-height-default\" data-eae-slider=\"85853\" data-id=\"ac66140\" data-element_type=\"section\" data-e-type=\"section\" data-settings=\"{&quot;stretch_section&quot;:&quot;section-stretched&quot;}\">\n\t\t\t\t\t\t<div class=\"elementor-container elementor-column-gap-no\">\n\t\t\t\t\t<div class=\"has_eae_slider elementor-column elementor-col-100 elementor-top-column elementor-element elementor-element-3da9586\" data-eae-slider=\"10670\" data-id=\"3da9586\" data-element_type=\"column\" data-e-type=\"column\">\n\t\t\t<div class=\"elementor-widget-wrap elementor-element-populated\">\n\t\t\t\t\t\t<section class=\"has_eae_slider elementor-section elementor-inner-section elementor-element elementor-element-9fa0ac1 elementor-section-boxed elementor-section-height-default elementor-section-height-default\" data-eae-slider=\"13052\" data-id=\"9fa0ac1\" data-element_type=\"section\" data-e-type=\"section\">\n\t\t\t\t\t\t<div class=\"elementor-container elementor-column-gap-default\">\n\t\t\t\t\t<div class=\"has_eae_slider elementor-column elementor-col-100 elementor-inner-column elementor-element elementor-element-bd3b4e3\" data-eae-slider=\"63136\" data-id=\"bd3b4e3\" data-element_type=\"column\" data-e-type=\"column\">\n\t\t\t<div class=\"elementor-widget-wrap elementor-element-populated\">\n\t\t\t\t\t\t<div class=\"elementor-element elementor-element-9801097 elementor-widget elementor-widget-text-editor\" data-id=\"9801097\" data-element_type=\"widget\" data-e-type=\"widget\" data-widget_type=\"text-editor.default\">\n\t\t\t\t<div class=\"elementor-widget-container\">\n\t\t\t\t\t\t\t\t\t<p>Dans le cadre du projet Neptune, la soci\u00e9t\u00e9 PROLEXIA a mis \u00e0 disposition 5 bornes interactives sur 5 sites pilotes qui ex\u00e9cutent une application d\u2019information sur les activit\u00e9s subaquatiques et le patrimoine culturel sous-marin de la r\u00e9gion Sud d\u00e9velopp\u00e9 par PROLEXIA.<\/p><p style=\"font-weight: 400;\">L\u2019application se pr\u00e9sente sous la forme d\u2019une cartographie 3D avec des points d\u2019int\u00e9r\u00eat interactifs qui afficheront des fiches informatives contenant une description, des images des vid\u00e9os et \u00e9ventuellement des mod\u00e8les 3D.<\/p><p>Ces bornes sont disponibles pour le public dans les sites suivants:<\/p><ul><li>La reproduction de la Grotte Cosquer \u00e0 Marseille<\/li><li>Le Fort Balaguier \u00e0 la Seyne Sur Mer<\/li><li>\u00a0La Capitainerie de La Londe-les-Maures<\/li><li>\u00a0Le Fort du Pradeau, centre d\u2019interpr\u00e9tation du territoire du parc national de Port Cros<\/li><li><div style=\"display: inline-flex; flex-direction: column; position: relative; min-width: 0px; padding: 0px; margin: 0px; border: 0px; vertical-align: top; border-radius: 7px; background-color: white;\">La base nautique de Nice &#8211; salle Vincent Fossa<\/div><\/li><\/ul>\t\t\t\t\t\t\t\t<\/div>\n\t\t\t\t<\/div>\n\t\t\t\t<div class=\"elementor-element elementor-element-ea55999 elementor-arrows-position-inside elementor-pagination-position-outside elementor-widget elementor-widget-image-carousel\" data-id=\"ea55999\" data-element_type=\"widget\" data-e-type=\"widget\" data-settings=\"{&quot;navigation&quot;:&quot;both&quot;,&quot;autoplay&quot;:&quot;yes&quot;,&quot;pause_on_hover&quot;:&quot;yes&quot;,&quot;pause_on_interaction&quot;:&quot;yes&quot;,&quot;autoplay_speed&quot;:5000,&quot;infinite&quot;:&quot;yes&quot;,&quot;speed&quot;:500}\" data-widget_type=\"image-carousel.default\">\n\t\t\t\t<div class=\"elementor-widget-container\">\n\t\t\t\t\t\t\t<div class=\"elementor-image-carousel-wrapper swiper\" role=\"region\" aria-roledescription=\"carousel\" aria-label=\"Image Carousel\" dir=\"ltr\" data-no-translation-aria-label=\"\">\n\t\t\t<div class=\"elementor-image-carousel swiper-wrapper\" aria-live=\"off\">\n\t\t\t\t\t\t\t\t<div class=\"swiper-slide\" role=\"group\" aria-roledescription=\"slide\" aria-label=\"1 of 7\" data-no-translation-aria-label=\"\"><a data-elementor-open-lightbox=\"yes\" data-elementor-lightbox-slideshow=\"ea55999\" data-elementor-lightbox-title=\"Neptune Borne 01\" data-e-action-hash=\"#elementor-action%3Aaction%3Dlightbox%26settings%3DeyJpZCI6MTkyMiwidXJsIjoiaHR0cHM6XC9cL3Byb2xleGlhLmZyXC93cC1jb250ZW50XC91cGxvYWRzXC8yMDIzXC8wOVwvTmVwdHVuZS1Cb3JuZS0wMS5qcGciLCJzbGlkZXNob3ciOiJlYTU1OTk5In0%3D\" href=\"https:\/\/prolexia.fr\/wp-content\/uploads\/2023\/09\/Neptune-Borne-01.jpg\"><figure class=\"swiper-slide-inner\"><img decoding=\"async\" class=\"swiper-slide-image\" src=\"https:\/\/prolexia.fr\/wp-content\/uploads\/2023\/09\/Neptune-Borne-01-255x300.jpg\" alt=\"Neptune Borne 01\" \/><\/figure><\/a><\/div><div class=\"swiper-slide\" role=\"group\" aria-roledescription=\"slide\" aria-label=\"2 of 7\" data-no-translation-aria-label=\"\"><a data-elementor-open-lightbox=\"yes\" data-elementor-lightbox-slideshow=\"ea55999\" data-elementor-lightbox-title=\"Neptune Borne 02\" data-e-action-hash=\"#elementor-action%3Aaction%3Dlightbox%26settings%3DeyJpZCI6MTkyMywidXJsIjoiaHR0cHM6XC9cL3Byb2xleGlhLmZyXC93cC1jb250ZW50XC91cGxvYWRzXC8yMDIzXC8wOVwvTmVwdHVuZS1Cb3JuZS0wMi5qcGciLCJzbGlkZXNob3ciOiJlYTU1OTk5In0%3D\" href=\"https:\/\/prolexia.fr\/wp-content\/uploads\/2023\/09\/Neptune-Borne-02.jpg\"><figure class=\"swiper-slide-inner\"><img decoding=\"async\" class=\"swiper-slide-image\" src=\"https:\/\/prolexia.fr\/wp-content\/uploads\/2023\/09\/Neptune-Borne-02-146x300.jpg\" alt=\"Neptune Borne 02\" \/><\/figure><\/a><\/div><div class=\"swiper-slide\" role=\"group\" aria-roledescription=\"slide\" aria-label=\"3 of 7\" data-no-translation-aria-label=\"\"><a data-elementor-open-lightbox=\"yes\" data-elementor-lightbox-slideshow=\"ea55999\" data-elementor-lightbox-title=\"Neptune Borne 03\" data-e-action-hash=\"#elementor-action%3Aaction%3Dlightbox%26settings%3DeyJpZCI6MTkyNCwidXJsIjoiaHR0cHM6XC9cL3Byb2xleGlhLmZyXC93cC1jb250ZW50XC91cGxvYWRzXC8yMDIzXC8wOVwvTmVwdHVuZS1Cb3JuZS0wMy5qcGciLCJzbGlkZXNob3ciOiJlYTU1OTk5In0%3D\" href=\"https:\/\/prolexia.fr\/wp-content\/uploads\/2023\/09\/Neptune-Borne-03.jpg\"><figure class=\"swiper-slide-inner\"><img decoding=\"async\" class=\"swiper-slide-image\" src=\"https:\/\/prolexia.fr\/wp-content\/uploads\/2023\/09\/Neptune-Borne-03-202x300.jpg\" alt=\"Neptune Borne 03\" \/><\/figure><\/a><\/div><div class=\"swiper-slide\" role=\"group\" aria-roledescription=\"slide\" aria-label=\"4 of 7\" data-no-translation-aria-label=\"\"><a data-elementor-open-lightbox=\"yes\" data-elementor-lightbox-slideshow=\"ea55999\" data-elementor-lightbox-title=\"Neptune Appli\" data-e-action-hash=\"#elementor-action%3Aaction%3Dlightbox%26settings%3DeyJpZCI6MTkyNiwidXJsIjoiaHR0cHM6XC9cL3Byb2xleGlhLmZyXC93cC1jb250ZW50XC91cGxvYWRzXC8yMDIzXC8wOVwvTmVwdHVuZS1BcHBsaS5qcGciLCJzbGlkZXNob3ciOiJlYTU1OTk5In0%3D\" href=\"https:\/\/prolexia.fr\/wp-content\/uploads\/2023\/09\/Neptune-Appli.jpg\"><figure class=\"swiper-slide-inner\"><img decoding=\"async\" class=\"swiper-slide-image\" src=\"https:\/\/prolexia.fr\/wp-content\/uploads\/2023\/09\/Neptune-Appli-300x169.jpg\" alt=\"Neptune Appli\" \/><\/figure><\/a><\/div><div class=\"swiper-slide\" role=\"group\" aria-roledescription=\"slide\" aria-label=\"5 of 7\" data-no-translation-aria-label=\"\"><a data-elementor-open-lightbox=\"yes\" data-elementor-lightbox-slideshow=\"ea55999\" data-elementor-lightbox-title=\"Neptune Appli03\" data-e-action-hash=\"#elementor-action%3Aaction%3Dlightbox%26settings%3DeyJpZCI6MTkyNywidXJsIjoiaHR0cHM6XC9cL3Byb2xleGlhLmZyXC93cC1jb250ZW50XC91cGxvYWRzXC8yMDIzXC8wOVwvTmVwdHVuZS1BcHBsaTAzLmpwZyIsInNsaWRlc2hvdyI6ImVhNTU5OTkifQ%3D%3D\" href=\"https:\/\/prolexia.fr\/wp-content\/uploads\/2023\/09\/Neptune-Appli03.jpg\"><figure class=\"swiper-slide-inner\"><img decoding=\"async\" class=\"swiper-slide-image\" src=\"https:\/\/prolexia.fr\/wp-content\/uploads\/2023\/09\/Neptune-Appli03-300x169.jpg\" alt=\"Neptune Appli03\" \/><\/figure><\/a><\/div><div class=\"swiper-slide\" role=\"group\" aria-roledescription=\"slide\" aria-label=\"6 of 7\" data-no-translation-aria-label=\"\"><a data-elementor-open-lightbox=\"yes\" data-elementor-lightbox-slideshow=\"ea55999\" data-elementor-lightbox-title=\"Neptune Appli 01\" data-e-action-hash=\"#elementor-action%3Aaction%3Dlightbox%26settings%3DeyJpZCI6MTkyOCwidXJsIjoiaHR0cHM6XC9cL3Byb2xleGlhLmZyXC93cC1jb250ZW50XC91cGxvYWRzXC8yMDIzXC8wOVwvTmVwdHVuZS1BcHBsaS0wMS5qcGciLCJzbGlkZXNob3ciOiJlYTU1OTk5In0%3D\" href=\"https:\/\/prolexia.fr\/wp-content\/uploads\/2023\/09\/Neptune-Appli-01.jpg\"><figure class=\"swiper-slide-inner\"><img decoding=\"async\" class=\"swiper-slide-image\" src=\"https:\/\/prolexia.fr\/wp-content\/uploads\/2023\/09\/Neptune-Appli-01-300x169.jpg\" alt=\"Neptune Appli 01\" \/><\/figure><\/a><\/div><div class=\"swiper-slide\" role=\"group\" aria-roledescription=\"slide\" aria-label=\"7 of 7\" data-no-translation-aria-label=\"\"><a data-elementor-open-lightbox=\"yes\" data-elementor-lightbox-slideshow=\"ea55999\" data-elementor-lightbox-title=\"Neptune Appli 03\" data-e-action-hash=\"#elementor-action%3Aaction%3Dlightbox%26settings%3DeyJpZCI6MTkyNSwidXJsIjoiaHR0cHM6XC9cL3Byb2xleGlhLmZyXC93cC1jb250ZW50XC91cGxvYWRzXC8yMDIzXC8wOVwvTmVwdHVuZS1BcHBsaS0wMy5qcGciLCJzbGlkZXNob3ciOiJlYTU1OTk5In0%3D\" href=\"https:\/\/prolexia.fr\/wp-content\/uploads\/2023\/09\/Neptune-Appli-03.jpg\"><figure class=\"swiper-slide-inner\"><img decoding=\"async\" class=\"swiper-slide-image\" src=\"https:\/\/prolexia.fr\/wp-content\/uploads\/2023\/09\/Neptune-Appli-03-300x169.jpg\" alt=\"Neptune Appli 03\" \/><\/figure><\/a><\/div>\t\t\t<\/div>\n\t\t\t\t\t\t\t\t\t\t\t\t<div class=\"elementor-swiper-button elementor-swiper-button-prev\" role=\"button\" tabindex=\"0\">\n\t\t\t\t\t\t<i aria-hidden=\"true\" class=\"eicon-chevron-left\"><\/i>\t\t\t\t\t<\/div>\n\t\t\t\t\t<div class=\"elementor-swiper-button elementor-swiper-button-next\" role=\"button\" tabindex=\"0\">\n\t\t\t\t\t\t<i aria-hidden=\"true\" class=\"eicon-chevron-right\"><\/i>\t\t\t\t\t<\/div>\n\t\t\t\t\n\t\t\t\t\t\t\t\t\t<div class=\"swiper-pagination\"><\/div>\n\t\t\t\t\t\t\t\t\t<\/div>\n\t\t\t\t\t\t<\/div>\n\t\t\t\t<\/div>\n\t\t\t\t\t<\/div>\n\t\t<\/div>\n\t\t\t\t\t<\/div>\n\t\t<\/section>\n\t\t\t\t\t<\/div>\n\t\t<\/div>\n\t\t\t\t\t<\/div>\n\t\t<\/section>\n\t\t\t\t<\/div>","protected":false},"excerpt":{"rendered":"<p>Dans le cadre du projet Neptune, la soci\u00e9t\u00e9 PROLEXIA a mis \u00e0 disposition 5 bornes interactives sur 5 sites pilotes qui ex\u00e9cutent une application d\u2019information sur les activit\u00e9s subaquatiques et le patrimoine culturel sous-marin de la r\u00e9gion Sud d\u00e9velopp\u00e9 par PROLEXIA. L\u2019application se pr\u00e9sente sous la forme d\u2019une cartographie 3D avec des points d\u2019int\u00e9r\u00eat interactifs [&hellip;]<\/p>\n","protected":false},"author":1,"featured_media":0,"parent":0,"menu_order":0,"comment_status":"closed","ping_status":"closed","template":"elementor_header_footer","meta":{"footnotes":""},"class_list":["post-1920","page","type-page","status-publish","hentry"],"_links":{"self":[{"href":"https:\/\/prolexia.fr\/en\/wp-json\/wp\/v2\/pages\/1920","targetHints":{"allow":["GET"]}}],"collection":[{"href":"https:\/\/prolexia.fr\/en\/wp-json\/wp\/v2\/pages"}],"about":[{"href":"https:\/\/prolexia.fr\/en\/wp-json\/wp\/v2\/types\/page"}],"author":[{"embeddable":true,"href":"https:\/\/prolexia.fr\/en\/wp-json\/wp\/v2\/users\/1"}],"replies":[{"embeddable":true,"href":"https:\/\/prolexia.fr\/en\/wp-json\/wp\/v2\/comments?post=1920"}],"version-history":[{"count":7,"href":"https:\/\/prolexia.fr\/en\/wp-json\/wp\/v2\/pages\/1920\/revisions"}],"predecessor-version":[{"id":1934,"href":"https:\/\/prolexia.fr\/en\/wp-json\/wp\/v2\/pages\/1920\/revisions\/1934"}],"wp:attachment":[{"href":"https:\/\/prolexia.fr\/en\/wp-json\/wp\/v2\/media?parent=1920"}],"curies":[{"name":"wp","href":"https:\/\/api.w.org\/{rel}","templated":true}]}}