{"id":2780,"date":"2026-01-30T23:17:09","date_gmt":"2026-01-30T22:17:09","guid":{"rendered":"https:\/\/prolexia.fr\/?page_id=2780"},"modified":"2026-02-03T15:35:34","modified_gmt":"2026-02-03T14:35:34","slug":"siage","status":"publish","type":"page","link":"https:\/\/prolexia.fr\/en\/siage\/","title":{"rendered":"SIAGE"},"content":{"rendered":"<div data-elementor-type=\"wp-page\" data-elementor-id=\"2780\" class=\"elementor elementor-2780\">\n\t\t\t\t\t\t<section class=\"has_eae_slider elementor-section elementor-top-section elementor-element elementor-element-6706e85 elementor-section-stretched elementor-section-full_width elementor-section-height-default elementor-section-height-default\" data-eae-slider=\"38979\" data-id=\"6706e85\" data-element_type=\"section\" data-e-type=\"section\" data-settings=\"{&quot;stretch_section&quot;:&quot;section-stretched&quot;}\">\n\t\t\t\t\t\t<div class=\"elementor-container elementor-column-gap-no\">\n\t\t\t\t\t<div class=\"has_eae_slider elementor-column elementor-col-100 elementor-top-column elementor-element elementor-element-64fd963\" data-eae-slider=\"26227\" data-id=\"64fd963\" data-element_type=\"column\" data-e-type=\"column\">\n\t\t\t<div class=\"elementor-widget-wrap elementor-element-populated\">\n\t\t\t\t\t\t<section class=\"has_eae_slider elementor-section elementor-inner-section elementor-element elementor-element-6bf69b7 elementor-section-boxed elementor-section-height-default elementor-section-height-default\" data-eae-slider=\"99377\" data-id=\"6bf69b7\" data-element_type=\"section\" data-e-type=\"section\">\n\t\t\t\t\t\t<div class=\"elementor-container elementor-column-gap-default\">\n\t\t\t\t\t<div class=\"has_eae_slider elementor-column elementor-col-100 elementor-inner-column elementor-element elementor-element-2e735da\" data-eae-slider=\"71134\" data-id=\"2e735da\" data-element_type=\"column\" data-e-type=\"column\">\n\t\t\t<div class=\"elementor-widget-wrap elementor-element-populated\">\n\t\t\t\t\t\t<div class=\"elementor-element elementor-element-5071316 elementor-widget elementor-widget-text-editor\" data-id=\"5071316\" data-element_type=\"widget\" data-e-type=\"widget\" data-widget_type=\"text-editor.default\">\n\t\t\t\t<div class=\"elementor-widget-container\">\n\t\t\t\t\t\t\t\t\t<p>SIAGE, acronym for\u00a0<strong>Si<\/strong>mulateur pour L\u2019<strong>AI<\/strong>\u00a0dans le nu<strong>AGE. 3D simulation and machine learning service in SAAS mode.<\/strong><\/p><p>SIAGE's goal is to create an innovative cloud service combining 3D simulation and machine learning.<br data-start=\"103\" data-end=\"106\" \/>This service will enable the automatic generation of data (images, videos, sensors, behaviors) and the training of marketable pre-trained AI models.<\/p><p>It will also offer real-time hybrid simulations, scenario definition and parametric execution, as well as AI-driven optimization of the quality of the data produced.<\/p><ul><li>Automatic generation through simulation of image, video, sensor data, or behavior corpora<\/li><li>Training machine learning modules for the generation of marketable pre-trained models<\/li><li>Real-time distributed hybrid simulation of technical systems (virtualization): sensors, robots, vehicles, ships, etc.<\/li><li>Definition of online simulation scenarios using a workshop<\/li><li>Definition of parametric executions designed to vary the external conditions of the simulation: weather, viewpoints, terrain, traffic, etc.<\/li><li>AI-driven optimization of simulator-generated data quality<\/li><\/ul>\t\t\t\t\t\t\t\t<\/div>\n\t\t\t\t<\/div>\n\t\t\t\t<div class=\"elementor-element elementor-element-505c522 elementor-align-center elementor-widget elementor-widget-button\" data-id=\"505c522\" data-element_type=\"widget\" data-e-type=\"widget\" data-widget_type=\"button.default\">\n\t\t\t\t<div class=\"elementor-widget-container\">\n\t\t\t\t\t\t\t\t\t<div class=\"elementor-button-wrapper\">\n\t\t\t\t\t<a class=\"elementor-button elementor-button-link elementor-size-sm\" href=\"https:\/\/prolexia.fr\/wp-content\/uploads\/2026\/01\/plaquette_siage_sept2025_ex.pdf\" target=\"_blank\">\n\t\t\t\t\t\t<span class=\"elementor-button-content-wrapper\">\n\t\t\t\t\t\t<span class=\"elementor-button-icon\">\n\t\t\t\t<i aria-hidden=\"true\" class=\"far fa-eye\"><\/i>\t\t\t<\/span>\n\t\t\t\t\t\t\t\t\t<span class=\"elementor-button-text\">See the project sheet<\/span>\n\t\t\t\t\t<\/span>\n\t\t\t\t\t<\/a>\n\t\t\t\t<\/div>\n\t\t\t\t\t\t\t\t<\/div>\n\t\t\t\t<\/div>\n\t\t\t\t<div class=\"elementor-element elementor-element-8034719 elementor-arrows-position-inside elementor-pagination-position-outside elementor-widget elementor-widget-image-carousel\" data-id=\"8034719\" data-element_type=\"widget\" data-e-type=\"widget\" data-settings=\"{&quot;navigation&quot;:&quot;both&quot;,&quot;autoplay&quot;:&quot;yes&quot;,&quot;pause_on_hover&quot;:&quot;yes&quot;,&quot;pause_on_interaction&quot;:&quot;yes&quot;,&quot;autoplay_speed&quot;:5000,&quot;infinite&quot;:&quot;yes&quot;,&quot;speed&quot;:500}\" data-widget_type=\"image-carousel.default\">\n\t\t\t\t<div class=\"elementor-widget-container\">\n\t\t\t\t\t\t\t<div class=\"elementor-image-carousel-wrapper swiper\" role=\"region\" aria-roledescription=\"carousel\" aria-label=\"Carrousel d\u2019images\" dir=\"ltr\">\n\t\t\t<div class=\"elementor-image-carousel swiper-wrapper\" aria-live=\"off\">\n\t\t\t\t\t\t\t\t<div class=\"swiper-slide\" role=\"group\" aria-roledescription=\"slide\" aria-label=\"1 of 8\" data-no-translation-aria-label=\"\"><a data-elementor-open-lightbox=\"yes\" data-elementor-lightbox-slideshow=\"8034719\" data-elementor-lightbox-title=\"Capture d&#039;\u00e9cran 2026-01-30 224228\" data-e-action-hash=\"#elementor-action%3Aaction%3Dlightbox%26settings%3DeyJpZCI6Mjc3MywidXJsIjoiaHR0cHM6XC9cL3Byb2xleGlhLmZyXC93cC1jb250ZW50XC91cGxvYWRzXC8yMDI2XC8wMVwvQ2FwdHVyZS1kZWNyYW4tMjAyNi0wMS0zMC0yMjQyMjgucG5nIiwic2xpZGVzaG93IjoiODAzNDcxOSJ9\" href=\"https:\/\/prolexia.fr\/wp-content\/uploads\/2026\/01\/Capture-decran-2026-01-30-224228.png\"><figure class=\"swiper-slide-inner\"><img decoding=\"async\" class=\"swiper-slide-image\" src=\"https:\/\/prolexia.fr\/wp-content\/uploads\/2026\/01\/Capture-decran-2026-01-30-224228-300x300.png\" alt=\"Capture d&#039;\u00e9cran 2026-01-30 224228\" \/><\/figure><\/a><\/div><div class=\"swiper-slide\" role=\"group\" aria-roledescription=\"slide\" aria-label=\"2 of 8\" data-no-translation-aria-label=\"\"><a data-elementor-open-lightbox=\"yes\" data-elementor-lightbox-slideshow=\"8034719\" data-elementor-lightbox-title=\"oscar_whitebg_shadow\" data-e-action-hash=\"#elementor-action%3Aaction%3Dlightbox%26settings%3DeyJpZCI6MjU2NiwidXJsIjoiaHR0cHM6XC9cL3Byb2xleGlhLmZyXC93cC1jb250ZW50XC91cGxvYWRzXC8yMDI0XC8wNFwvb3NjYXJfd2hpdGViZ19zaGFkb3cuanBnIiwic2xpZGVzaG93IjoiODAzNDcxOSJ9\" href=\"https:\/\/prolexia.fr\/wp-content\/uploads\/2024\/04\/oscar_whitebg_shadow.jpg\"><figure class=\"swiper-slide-inner\"><img decoding=\"async\" class=\"swiper-slide-image\" src=\"https:\/\/prolexia.fr\/wp-content\/uploads\/2024\/04\/oscar_whitebg_shadow-300x257.jpg\" alt=\"oscar_whitebg_shadow\" \/><\/figure><\/a><\/div><div class=\"swiper-slide\" role=\"group\" aria-roledescription=\"slide\" aria-label=\"3 of 8\" data-no-translation-aria-label=\"\"><a data-elementor-open-lightbox=\"yes\" data-elementor-lightbox-slideshow=\"8034719\" data-elementor-lightbox-title=\"montagne_supervise\" data-e-action-hash=\"#elementor-action%3Aaction%3Dlightbox%26settings%3DeyJpZCI6MTQ4NSwidXJsIjoiaHR0cHM6XC9cL3Byb2xleGlhLmZyXC93cC1jb250ZW50XC91cGxvYWRzXC8yMDIwXC8wNFwvbW9udGFnbmVfc3VwZXJ2aXNlLTEuanBnIiwic2xpZGVzaG93IjoiODAzNDcxOSJ9\" href=\"https:\/\/prolexia.fr\/wp-content\/uploads\/2020\/04\/montagne_supervise-1.jpg\"><figure class=\"swiper-slide-inner\"><img decoding=\"async\" class=\"swiper-slide-image\" src=\"https:\/\/prolexia.fr\/wp-content\/uploads\/2020\/04\/montagne_supervise-1-300x169.jpg\" alt=\"montagne_supervise\" \/><\/figure><\/a><\/div><div class=\"swiper-slide\" role=\"group\" aria-roledescription=\"slide\" aria-label=\"4 of 8\" data-no-translation-aria-label=\"\"><a data-elementor-open-lightbox=\"yes\" data-elementor-lightbox-slideshow=\"8034719\" data-elementor-lightbox-title=\"pillage_alert\" data-e-action-hash=\"#elementor-action%3Aaction%3Dlightbox%26settings%3DeyJpZCI6MTQ3NywidXJsIjoiaHR0cHM6XC9cL3Byb2xleGlhLmZyXC93cC1jb250ZW50XC91cGxvYWRzXC8yMDIwXC8wNFwvcGlsbGFnZV9hbGVydC5qcGciLCJzbGlkZXNob3ciOiI4MDM0NzE5In0%3D\" href=\"https:\/\/prolexia.fr\/wp-content\/uploads\/2020\/04\/pillage_alert.jpg\"><figure class=\"swiper-slide-inner\"><img decoding=\"async\" class=\"swiper-slide-image\" src=\"https:\/\/prolexia.fr\/wp-content\/uploads\/2020\/04\/pillage_alert-300x169.jpg\" alt=\"pillage_alert\" \/><\/figure><\/a><\/div><div class=\"swiper-slide\" role=\"group\" aria-roledescription=\"slide\" aria-label=\"5 of 8\" data-no-translation-aria-label=\"\"><a data-elementor-open-lightbox=\"yes\" data-elementor-lightbox-slideshow=\"8034719\" data-elementor-lightbox-title=\"Musot4\" data-e-action-hash=\"#elementor-action%3Aaction%3Dlightbox%26settings%3DeyJpZCI6MTIxMCwidXJsIjoiaHR0cHM6XC9cL3Byb2xleGlhLmZyXC93cC1jb250ZW50XC91cGxvYWRzXC8yMDIwXC8wNFwvaW1hZ2U5LmpwZyIsInNsaWRlc2hvdyI6IjgwMzQ3MTkifQ%3D%3D\" href=\"https:\/\/prolexia.fr\/wp-content\/uploads\/2020\/04\/image9.jpg\"><figure class=\"swiper-slide-inner\"><img decoding=\"async\" class=\"swiper-slide-image\" src=\"https:\/\/prolexia.fr\/wp-content\/uploads\/2020\/04\/image9-300x169.jpg\" alt=\"Musot4\" \/><\/figure><\/a><\/div><div class=\"swiper-slide\" role=\"group\" aria-roledescription=\"slide\" aria-label=\"6 of 8\" data-no-translation-aria-label=\"\"><a data-elementor-open-lightbox=\"yes\" data-elementor-lightbox-slideshow=\"8034719\" data-elementor-lightbox-title=\"Musot3\" data-e-action-hash=\"#elementor-action%3Aaction%3Dlightbox%26settings%3DeyJpZCI6MTIwOSwidXJsIjoiaHR0cHM6XC9cL3Byb2xleGlhLmZyXC93cC1jb250ZW50XC91cGxvYWRzXC8yMDIwXC8wNFwvaW1hZ2UxMS5qcGciLCJzbGlkZXNob3ciOiI4MDM0NzE5In0%3D\" href=\"https:\/\/prolexia.fr\/wp-content\/uploads\/2020\/04\/image11.jpg\"><figure class=\"swiper-slide-inner\"><img decoding=\"async\" class=\"swiper-slide-image\" src=\"https:\/\/prolexia.fr\/wp-content\/uploads\/2020\/04\/image11-300x169.jpg\" alt=\"Musot3\" \/><\/figure><\/a><\/div><div class=\"swiper-slide\" role=\"group\" aria-roledescription=\"slide\" aria-label=\"7 of 8\" data-no-translation-aria-label=\"\"><a data-elementor-open-lightbox=\"yes\" data-elementor-lightbox-slideshow=\"8034719\" data-elementor-lightbox-title=\"Musot2\" data-e-action-hash=\"#elementor-action%3Aaction%3Dlightbox%26settings%3DeyJpZCI6MTIwOCwidXJsIjoiaHR0cHM6XC9cL3Byb2xleGlhLmZyXC93cC1jb250ZW50XC91cGxvYWRzXC8yMDIwXC8wNFwvaW1hZ2UxMC5qcGciLCJzbGlkZXNob3ciOiI4MDM0NzE5In0%3D\" href=\"https:\/\/prolexia.fr\/wp-content\/uploads\/2020\/04\/image10.jpg\"><figure class=\"swiper-slide-inner\"><img decoding=\"async\" class=\"swiper-slide-image\" src=\"https:\/\/prolexia.fr\/wp-content\/uploads\/2020\/04\/image10-300x169.jpg\" alt=\"Musot2\" \/><\/figure><\/a><\/div><div class=\"swiper-slide\" role=\"group\" aria-roledescription=\"slide\" aria-label=\"8 of 8\" data-no-translation-aria-label=\"\"><a data-elementor-open-lightbox=\"yes\" data-elementor-lightbox-slideshow=\"8034719\" data-elementor-lightbox-title=\"SpaceNostrum08\" data-e-action-hash=\"#elementor-action%3Aaction%3Dlightbox%26settings%3DeyJpZCI6MTAwNCwidXJsIjoiaHR0cHM6XC9cL3Byb2xleGlhLmZyXC93cC1jb250ZW50XC91cGxvYWRzXC8yMDIwXC8wNFwvc3BhY2Vub3N0cnVtMy5qcGciLCJzbGlkZXNob3ciOiI4MDM0NzE5In0%3D\" href=\"https:\/\/prolexia.fr\/wp-content\/uploads\/2020\/04\/spacenostrum3.jpg\"><figure class=\"swiper-slide-inner\"><img decoding=\"async\" class=\"swiper-slide-image\" src=\"https:\/\/prolexia.fr\/wp-content\/uploads\/2020\/04\/spacenostrum3-300x169.jpg\" alt=\"SpaceNostrum08\" \/><\/figure><\/a><\/div>\t\t\t<\/div>\n\t\t\t\t\t\t\t\t\t\t\t\t<div class=\"elementor-swiper-button elementor-swiper-button-prev\" role=\"button\" tabindex=\"0\">\n\t\t\t\t\t\t<i aria-hidden=\"true\" class=\"eicon-chevron-left\"><\/i>\t\t\t\t\t<\/div>\n\t\t\t\t\t<div class=\"elementor-swiper-button elementor-swiper-button-next\" role=\"button\" tabindex=\"0\">\n\t\t\t\t\t\t<i aria-hidden=\"true\" class=\"eicon-chevron-right\"><\/i>\t\t\t\t\t<\/div>\n\t\t\t\t\n\t\t\t\t\t\t\t\t\t<div class=\"swiper-pagination\"><\/div>\n\t\t\t\t\t\t\t\t\t<\/div>\n\t\t\t\t\t\t<\/div>\n\t\t\t\t<\/div>\n\t\t\t\t\t<\/div>\n\t\t<\/div>\n\t\t\t\t\t<\/div>\n\t\t<\/section>\n\t\t\t\t\t<\/div>\n\t\t<\/div>\n\t\t\t\t\t<\/div>\n\t\t<\/section>\n\t\t\t\t<section class=\"has_eae_slider elementor-section elementor-top-section elementor-element elementor-element-d966e67 elementor-section-boxed elementor-section-height-default elementor-section-height-default\" data-eae-slider=\"62138\" data-id=\"d966e67\" data-element_type=\"section\" data-e-type=\"section\">\n\t\t\t\t\t\t<div class=\"elementor-container elementor-column-gap-default\">\n\t\t\t\t\t<div class=\"has_eae_slider elementor-column elementor-col-100 elementor-top-column elementor-element elementor-element-274f11e\" data-eae-slider=\"18267\" data-id=\"274f11e\" data-element_type=\"column\" data-e-type=\"column\">\n\t\t\t<div class=\"elementor-widget-wrap elementor-element-populated\">\n\t\t\t\t\t\t<div class=\"elementor-element elementor-element-38c983d elementor-widget elementor-widget-image\" data-id=\"38c983d\" data-element_type=\"widget\" data-e-type=\"widget\" data-widget_type=\"image.default\">\n\t\t\t\t<div class=\"elementor-widget-container\">\n\t\t\t\t\t\t\t\t\t\t\t\t\t\t\t<img fetchpriority=\"high\" decoding=\"async\" width=\"1024\" height=\"282\" src=\"https:\/\/prolexia.fr\/wp-content\/uploads\/2026\/01\/Capture-decran-2026-01-30-231556-1024x282.png\" class=\"attachment-large size-large wp-image-2782\" alt=\"\" srcset=\"https:\/\/prolexia.fr\/wp-content\/uploads\/2026\/01\/Capture-decran-2026-01-30-231556-1024x282.png 1024w, https:\/\/prolexia.fr\/wp-content\/uploads\/2026\/01\/Capture-decran-2026-01-30-231556-300x83.png 300w, https:\/\/prolexia.fr\/wp-content\/uploads\/2026\/01\/Capture-decran-2026-01-30-231556-768x211.png 768w, https:\/\/prolexia.fr\/wp-content\/uploads\/2026\/01\/Capture-decran-2026-01-30-231556-18x5.png 18w, https:\/\/prolexia.fr\/wp-content\/uploads\/2026\/01\/Capture-decran-2026-01-30-231556.png 1493w\" sizes=\"(max-width: 1024px) 100vw, 1024px\" \/>\t\t\t\t\t\t\t\t\t\t\t\t\t\t\t<\/div>\n\t\t\t\t<\/div>\n\t\t\t\t\t<\/div>\n\t\t<\/div>\n\t\t\t\t\t<\/div>\n\t\t<\/section>\n\t\t\t\t<section class=\"has_eae_slider elementor-section elementor-top-section elementor-element elementor-element-e0ab11d elementor-section-boxed elementor-section-height-default elementor-section-height-default\" data-eae-slider=\"30619\" data-id=\"e0ab11d\" data-element_type=\"section\" data-e-type=\"section\">\n\t\t\t\t\t\t<div class=\"elementor-container elementor-column-gap-default\">\n\t\t\t\t\t<div class=\"has_eae_slider elementor-column elementor-col-100 elementor-top-column elementor-element elementor-element-2bcc889\" data-eae-slider=\"10304\" data-id=\"2bcc889\" data-element_type=\"column\" data-e-type=\"column\">\n\t\t\t<div class=\"elementor-widget-wrap elementor-element-populated\">\n\t\t\t\t\t\t<div class=\"elementor-element elementor-element-b3fbe4a elementor-widget elementor-widget-text-editor\" data-id=\"b3fbe4a\" data-element_type=\"widget\" data-e-type=\"widget\" data-widget_type=\"text-editor.default\">\n\t\t\t\t<div class=\"elementor-widget-container\">\n\t\t\t\t\t\t\t\t\t<p><em>Projet financ\u00e9 avec le FEDER (Fonds europ\u00e9en de d\u00e9veloppement r\u00e9gional) via la R\u00e9gion Sud et l&rsquo;Union Europ\u00e9enne.<\/em><\/p>\t\t\t\t\t\t\t\t<\/div>\n\t\t\t\t<\/div>\n\t\t\t\t\t<\/div>\n\t\t<\/div>\n\t\t\t\t\t<\/div>\n\t\t<\/section>\n\t\t\t\t<\/div>","protected":false},"excerpt":{"rendered":"<p>SIAGE, acronyme de\u00a0Simulateur pour L\u2019IA\u00a0dans le nuAGE. Service de simulation 3D et de Machine Learning en mode SAAS. L\u2019objectif de SIAGE est de cr\u00e9er un service cloud innovant combinant simulation 3D et machine learning.Ce service permettra de g\u00e9n\u00e9rer automatiquement des donn\u00e9es (images, vid\u00e9os, capteurs, comportements) et d\u2019entra\u00eener des mod\u00e8les d\u2019IA pr\u00e9entra\u00een\u00e9s commercialisables. Il offrira aussi [&hellip;]<\/p>\n","protected":false},"author":1,"featured_media":0,"parent":0,"menu_order":0,"comment_status":"closed","ping_status":"closed","template":"elementor_header_footer","meta":{"footnotes":""},"class_list":["post-2780","page","type-page","status-publish","hentry"],"_links":{"self":[{"href":"https:\/\/prolexia.fr\/en\/wp-json\/wp\/v2\/pages\/2780","targetHints":{"allow":["GET"]}}],"collection":[{"href":"https:\/\/prolexia.fr\/en\/wp-json\/wp\/v2\/pages"}],"about":[{"href":"https:\/\/prolexia.fr\/en\/wp-json\/wp\/v2\/types\/page"}],"author":[{"embeddable":true,"href":"https:\/\/prolexia.fr\/en\/wp-json\/wp\/v2\/users\/1"}],"replies":[{"embeddable":true,"href":"https:\/\/prolexia.fr\/en\/wp-json\/wp\/v2\/comments?post=2780"}],"version-history":[{"count":16,"href":"https:\/\/prolexia.fr\/en\/wp-json\/wp\/v2\/pages\/2780\/revisions"}],"predecessor-version":[{"id":2809,"href":"https:\/\/prolexia.fr\/en\/wp-json\/wp\/v2\/pages\/2780\/revisions\/2809"}],"wp:attachment":[{"href":"https:\/\/prolexia.fr\/en\/wp-json\/wp\/v2\/media?parent=2780"}],"curies":[{"name":"wp","href":"https:\/\/api.w.org\/{rel}","templated":true}]}}