{"id":726,"date":"2020-03-30T09:29:27","date_gmt":"2020-03-30T07:29:27","guid":{"rendered":"https:\/\/prolexia.fr\/?page_id=726"},"modified":"2020-04-08T17:51:27","modified_gmt":"2020-04-08T15:51:27","slug":"simcinesm","status":"publish","type":"page","link":"https:\/\/prolexia.fr\/en\/simcinesm\/","title":{"rendered":"SimCineSM"},"content":{"rendered":"<div data-elementor-type=\"wp-page\" data-elementor-id=\"726\" class=\"elementor elementor-726\">\n\t\t\t\t\t\t<section class=\"has_eae_slider elementor-section elementor-top-section elementor-element elementor-element-c812d15 elementor-section-stretched elementor-section-full_width elementor-section-height-default elementor-section-height-default\" data-eae-slider=\"200\" data-id=\"c812d15\" data-element_type=\"section\" data-e-type=\"section\" data-settings=\"{&quot;stretch_section&quot;:&quot;section-stretched&quot;}\">\n\t\t\t\t\t\t<div class=\"elementor-container elementor-column-gap-no\">\n\t\t\t\t\t<div class=\"has_eae_slider elementor-column elementor-col-100 elementor-top-column elementor-element elementor-element-d91a2e3\" data-eae-slider=\"50398\" data-id=\"d91a2e3\" data-element_type=\"column\" data-e-type=\"column\">\n\t\t\t<div class=\"elementor-widget-wrap elementor-element-populated\">\n\t\t\t\t\t\t<section class=\"has_eae_slider elementor-section elementor-inner-section elementor-element elementor-element-c82e167 elementor-section-boxed elementor-section-height-default elementor-section-height-default\" data-eae-slider=\"81898\" data-id=\"c82e167\" data-element_type=\"section\" data-e-type=\"section\">\n\t\t\t\t\t\t<div class=\"elementor-container elementor-column-gap-default\">\n\t\t\t\t\t<div class=\"has_eae_slider elementor-column elementor-col-100 elementor-inner-column elementor-element elementor-element-0acf404\" data-eae-slider=\"36429\" data-id=\"0acf404\" data-element_type=\"column\" data-e-type=\"column\">\n\t\t\t<div class=\"elementor-widget-wrap elementor-element-populated\">\n\t\t\t\t\t\t<div class=\"elementor-element elementor-element-aa60cf6 elementor-widget elementor-widget-text-editor\" data-id=\"aa60cf6\" data-element_type=\"widget\" data-e-type=\"widget\" data-widget_type=\"text-editor.default\">\n\t\t\t\t<div class=\"elementor-widget-container\">\n\t\t\t\t\t\t\t\t\t<p>SimCineSM is a tool used to analyse the circumstances which had led to an incident on board of an SNA or SNLE sub-marine. This tool has been developed for the DGA.<\/p><p>Based on the Advansys3D engine, that tool allows the loading of real data, then the concrete representation of those data into a system's state history, and finally the display of the system's evolution in 3D with different perspectives. The trajectory, the altitude, the rudder movements and the drifts are applied to the 3D model of the sub-marine.<\/p><p>The simulation engine is at the service of a proofreading of an archive, which contains the state of the system for each recorded step simulation. The archive contains also specific data (SYCODO or SAE type) and speech pathways. This application uses a sub-part of the simulation engine called Advansys, which allows to replay and interpolate a variable state, a sub-system state or the entire system state. The interpolation enables the control of the replay speed and ensure the render fluidity. Some more evolved calculation functions also allow to add information to help the decision (statistical calculations, performance).<\/p><p>The proposed GUI is entirely integrated into the tool's 3D view. The 3D interface is animated et some functionalities are available via interactive and ergonomics menus. A chart editor enables to insert and manipulate (move in time, zoom) the historic curb of the system variables.<\/p><p>The 3D render is delegated to the Advansys3D engine, which have advanced 3D effects : shaders, caustics, particles, reflections and atmospheric light scattering.<\/p>\t\t\t\t\t\t\t\t<\/div>\n\t\t\t\t<\/div>\n\t\t\t\t<div class=\"elementor-element elementor-element-4a98da3 elementor-arrows-position-inside elementor-pagination-position-outside elementor-widget elementor-widget-image-carousel\" data-id=\"4a98da3\" data-element_type=\"widget\" data-e-type=\"widget\" data-settings=\"{&quot;navigation&quot;:&quot;both&quot;,&quot;autoplay&quot;:&quot;yes&quot;,&quot;pause_on_hover&quot;:&quot;yes&quot;,&quot;pause_on_interaction&quot;:&quot;yes&quot;,&quot;autoplay_speed&quot;:5000,&quot;infinite&quot;:&quot;yes&quot;,&quot;speed&quot;:500}\" data-widget_type=\"image-carousel.default\">\n\t\t\t\t<div class=\"elementor-widget-container\">\n\t\t\t\t\t\t\t<div class=\"elementor-image-carousel-wrapper swiper\" role=\"region\" aria-roledescription=\"carousel\" aria-label=\"Image Carousel\" dir=\"ltr\" data-no-translation-aria-label=\"\">\n\t\t\t<div class=\"elementor-image-carousel swiper-wrapper\" aria-live=\"off\">\n\t\t\t\t\t\t\t\t<div class=\"swiper-slide\" role=\"group\" aria-roledescription=\"slide\" aria-label=\"1 of 8\" data-no-translation-aria-label=\"\"><a data-elementor-open-lightbox=\"yes\" data-elementor-lightbox-slideshow=\"4a98da3\" data-elementor-lightbox-title=\"Simsinecm02\" data-e-action-hash=\"#elementor-action%3Aaction%3Dlightbox%26settings%3DeyJpZCI6NDQ3LCJ1cmwiOiJodHRwczpcL1wvcHJvbGV4aWEuZnJcL3dwLWNvbnRlbnRcL3VwbG9hZHNcLzIwMjBcLzAyXC9waWMwMi5qcGciLCJzbGlkZXNob3ciOiI0YTk4ZGEzIn0%3D\" href=\"https:\/\/prolexia.fr\/wp-content\/uploads\/2020\/02\/pic02.jpg\"><figure class=\"swiper-slide-inner\"><img decoding=\"async\" class=\"swiper-slide-image\" src=\"https:\/\/prolexia.fr\/wp-content\/uploads\/2020\/02\/pic02-300x159.jpg\" alt=\"Simsinecm02\" \/><\/figure><\/a><\/div><div class=\"swiper-slide\" role=\"group\" aria-roledescription=\"slide\" aria-label=\"2 of 8\" data-no-translation-aria-label=\"\"><a data-elementor-open-lightbox=\"yes\" data-elementor-lightbox-slideshow=\"4a98da3\" data-elementor-lightbox-title=\"Simsinecm04\" data-e-action-hash=\"#elementor-action%3Aaction%3Dlightbox%26settings%3DeyJpZCI6NDQ4LCJ1cmwiOiJodHRwczpcL1wvcHJvbGV4aWEuZnJcL3dwLWNvbnRlbnRcL3VwbG9hZHNcLzIwMjBcLzAyXC9waWMwNC5qcGciLCJzbGlkZXNob3ciOiI0YTk4ZGEzIn0%3D\" href=\"https:\/\/prolexia.fr\/wp-content\/uploads\/2020\/02\/pic04.jpg\"><figure class=\"swiper-slide-inner\"><img decoding=\"async\" class=\"swiper-slide-image\" src=\"https:\/\/prolexia.fr\/wp-content\/uploads\/2020\/02\/pic04-300x159.jpg\" alt=\"Simsinecm04\" \/><\/figure><\/a><\/div><div class=\"swiper-slide\" role=\"group\" aria-roledescription=\"slide\" aria-label=\"3 of 8\" data-no-translation-aria-label=\"\"><a data-elementor-open-lightbox=\"yes\" data-elementor-lightbox-slideshow=\"4a98da3\" data-elementor-lightbox-title=\"Simsinecm05\" data-e-action-hash=\"#elementor-action%3Aaction%3Dlightbox%26settings%3DeyJpZCI6NDQ5LCJ1cmwiOiJodHRwczpcL1wvcHJvbGV4aWEuZnJcL3dwLWNvbnRlbnRcL3VwbG9hZHNcLzIwMjBcLzAyXC9waWMwNS5qcGciLCJzbGlkZXNob3ciOiI0YTk4ZGEzIn0%3D\" href=\"https:\/\/prolexia.fr\/wp-content\/uploads\/2020\/02\/pic05.jpg\"><figure class=\"swiper-slide-inner\"><img decoding=\"async\" class=\"swiper-slide-image\" src=\"https:\/\/prolexia.fr\/wp-content\/uploads\/2020\/02\/pic05-300x159.jpg\" alt=\"Simsinecm05\" \/><\/figure><\/a><\/div><div class=\"swiper-slide\" role=\"group\" aria-roledescription=\"slide\" aria-label=\"4 of 8\" data-no-translation-aria-label=\"\"><a data-elementor-open-lightbox=\"yes\" data-elementor-lightbox-slideshow=\"4a98da3\" data-elementor-lightbox-title=\"Simsinecm06\" data-e-action-hash=\"#elementor-action%3Aaction%3Dlightbox%26settings%3DeyJpZCI6NDUwLCJ1cmwiOiJodHRwczpcL1wvcHJvbGV4aWEuZnJcL3dwLWNvbnRlbnRcL3VwbG9hZHNcLzIwMjBcLzAyXC9waWMwNi5qcGciLCJzbGlkZXNob3ciOiI0YTk4ZGEzIn0%3D\" href=\"https:\/\/prolexia.fr\/wp-content\/uploads\/2020\/02\/pic06.jpg\"><figure class=\"swiper-slide-inner\"><img decoding=\"async\" class=\"swiper-slide-image\" src=\"https:\/\/prolexia.fr\/wp-content\/uploads\/2020\/02\/pic06-300x159.jpg\" alt=\"Simsinecm06\" \/><\/figure><\/a><\/div><div class=\"swiper-slide\" role=\"group\" aria-roledescription=\"slide\" aria-label=\"5 of 8\" data-no-translation-aria-label=\"\"><a data-elementor-open-lightbox=\"yes\" data-elementor-lightbox-slideshow=\"4a98da3\" data-elementor-lightbox-title=\"Simsinecm07\" data-e-action-hash=\"#elementor-action%3Aaction%3Dlightbox%26settings%3DeyJpZCI6NDUxLCJ1cmwiOiJodHRwczpcL1wvcHJvbGV4aWEuZnJcL3dwLWNvbnRlbnRcL3VwbG9hZHNcLzIwMjBcLzAyXC9waWMwNy5qcGciLCJzbGlkZXNob3ciOiI0YTk4ZGEzIn0%3D\" href=\"https:\/\/prolexia.fr\/wp-content\/uploads\/2020\/02\/pic07.jpg\"><figure class=\"swiper-slide-inner\"><img decoding=\"async\" class=\"swiper-slide-image\" src=\"https:\/\/prolexia.fr\/wp-content\/uploads\/2020\/02\/pic07-300x159.jpg\" alt=\"Simsinecm07\" \/><\/figure><\/a><\/div><div class=\"swiper-slide\" role=\"group\" aria-roledescription=\"slide\" aria-label=\"6 of 8\" data-no-translation-aria-label=\"\"><a data-elementor-open-lightbox=\"yes\" data-elementor-lightbox-slideshow=\"4a98da3\" data-elementor-lightbox-title=\"Simsinecm08\" data-e-action-hash=\"#elementor-action%3Aaction%3Dlightbox%26settings%3DeyJpZCI6NDUyLCJ1cmwiOiJodHRwczpcL1wvcHJvbGV4aWEuZnJcL3dwLWNvbnRlbnRcL3VwbG9hZHNcLzIwMjBcLzAyXC9waWMwOC5qcGciLCJzbGlkZXNob3ciOiI0YTk4ZGEzIn0%3D\" href=\"https:\/\/prolexia.fr\/wp-content\/uploads\/2020\/02\/pic08.jpg\"><figure class=\"swiper-slide-inner\"><img decoding=\"async\" class=\"swiper-slide-image\" src=\"https:\/\/prolexia.fr\/wp-content\/uploads\/2020\/02\/pic08-300x159.jpg\" alt=\"Simsinecm08\" \/><\/figure><\/a><\/div><div class=\"swiper-slide\" role=\"group\" aria-roledescription=\"slide\" aria-label=\"7 of 8\" data-no-translation-aria-label=\"\"><a data-elementor-open-lightbox=\"yes\" data-elementor-lightbox-slideshow=\"4a98da3\" data-elementor-lightbox-title=\"Simsinecm09\" data-e-action-hash=\"#elementor-action%3Aaction%3Dlightbox%26settings%3DeyJpZCI6NDUzLCJ1cmwiOiJodHRwczpcL1wvcHJvbGV4aWEuZnJcL3dwLWNvbnRlbnRcL3VwbG9hZHNcLzIwMjBcLzAyXC9waWMwOS5qcGciLCJzbGlkZXNob3ciOiI0YTk4ZGEzIn0%3D\" href=\"https:\/\/prolexia.fr\/wp-content\/uploads\/2020\/02\/pic09.jpg\"><figure class=\"swiper-slide-inner\"><img decoding=\"async\" class=\"swiper-slide-image\" src=\"https:\/\/prolexia.fr\/wp-content\/uploads\/2020\/02\/pic09-300x159.jpg\" alt=\"Simsinecm09\" \/><\/figure><\/a><\/div><div class=\"swiper-slide\" role=\"group\" aria-roledescription=\"slide\" aria-label=\"8 of 8\" data-no-translation-aria-label=\"\"><a data-elementor-open-lightbox=\"yes\" data-elementor-lightbox-slideshow=\"4a98da3\" data-elementor-lightbox-title=\"Simsinecm10\" data-e-action-hash=\"#elementor-action%3Aaction%3Dlightbox%26settings%3DeyJpZCI6NDU0LCJ1cmwiOiJodHRwczpcL1wvcHJvbGV4aWEuZnJcL3dwLWNvbnRlbnRcL3VwbG9hZHNcLzIwMjBcLzAyXC9waWMxMC5qcGciLCJzbGlkZXNob3ciOiI0YTk4ZGEzIn0%3D\" href=\"https:\/\/prolexia.fr\/wp-content\/uploads\/2020\/02\/pic10.jpg\"><figure class=\"swiper-slide-inner\"><img decoding=\"async\" class=\"swiper-slide-image\" src=\"https:\/\/prolexia.fr\/wp-content\/uploads\/2020\/02\/pic10-300x159.jpg\" alt=\"Simsinecm10\" \/><\/figure><\/a><\/div>\t\t\t<\/div>\n\t\t\t\t\t\t\t\t\t\t\t\t<div class=\"elementor-swiper-button elementor-swiper-button-prev\" role=\"button\" tabindex=\"0\">\n\t\t\t\t\t\t<i aria-hidden=\"true\" class=\"eicon-chevron-left\"><\/i>\t\t\t\t\t<\/div>\n\t\t\t\t\t<div class=\"elementor-swiper-button elementor-swiper-button-next\" role=\"button\" tabindex=\"0\">\n\t\t\t\t\t\t<i aria-hidden=\"true\" class=\"eicon-chevron-right\"><\/i>\t\t\t\t\t<\/div>\n\t\t\t\t\n\t\t\t\t\t\t\t\t\t<div class=\"swiper-pagination\"><\/div>\n\t\t\t\t\t\t\t\t\t<\/div>\n\t\t\t\t\t\t<\/div>\n\t\t\t\t<\/div>\n\t\t\t\t\t<\/div>\n\t\t<\/div>\n\t\t\t\t\t<\/div>\n\t\t<\/section>\n\t\t\t\t\t<\/div>\n\t\t<\/div>\n\t\t\t\t\t<\/div>\n\t\t<\/section>\n\t\t\t\t<\/div>","protected":false},"excerpt":{"rendered":"<p>SimCineSM est un outil d\u2019aide \u00e0 l\u2019analyser des circonstances ayant entrain\u00e9 un incident survenu \u00e0 bord d\u2019un sous-marin de type SNA ou SNLE. Cet outil a \u00e9t\u00e9 d\u00e9velopp\u00e9 pour la DGA. Bas\u00e9 sur le moteur Advansys3D, l\u2019outil permet de charger des donn\u00e9es r\u00e9elles, mat\u00e9rialis\u00e9es par l\u2019historisation de l\u2019\u00e9tat du syst\u00e8me, puis de visualiser en 3D [&hellip;]<\/p>\n","protected":false},"author":1,"featured_media":0,"parent":0,"menu_order":0,"comment_status":"closed","ping_status":"closed","template":"elementor_header_footer","meta":{"footnotes":""},"class_list":["post-726","page","type-page","status-publish","hentry"],"_links":{"self":[{"href":"https:\/\/prolexia.fr\/en\/wp-json\/wp\/v2\/pages\/726","targetHints":{"allow":["GET"]}}],"collection":[{"href":"https:\/\/prolexia.fr\/en\/wp-json\/wp\/v2\/pages"}],"about":[{"href":"https:\/\/prolexia.fr\/en\/wp-json\/wp\/v2\/types\/page"}],"author":[{"embeddable":true,"href":"https:\/\/prolexia.fr\/en\/wp-json\/wp\/v2\/users\/1"}],"replies":[{"embeddable":true,"href":"https:\/\/prolexia.fr\/en\/wp-json\/wp\/v2\/comments?post=726"}],"version-history":[{"count":19,"href":"https:\/\/prolexia.fr\/en\/wp-json\/wp\/v2\/pages\/726\/revisions"}],"predecessor-version":[{"id":1269,"href":"https:\/\/prolexia.fr\/en\/wp-json\/wp\/v2\/pages\/726\/revisions\/1269"}],"wp:attachment":[{"href":"https:\/\/prolexia.fr\/en\/wp-json\/wp\/v2\/media?parent=726"}],"curies":[{"name":"wp","href":"https:\/\/api.w.org\/{rel}","templated":true}]}}