{"id":1289,"date":"2020-04-09T09:44:05","date_gmt":"2020-04-09T07:44:05","guid":{"rendered":"https:\/\/prolexia.fr\/?page_id=1289"},"modified":"2020-04-09T14:30:55","modified_gmt":"2020-04-09T12:30:55","slug":"demonstrateur-ensosp","status":"publish","type":"page","link":"https:\/\/prolexia.fr\/fr\/demonstrateur-ensosp\/","title":{"rendered":"D\u00e9monstrateur Ensosp"},"content":{"rendered":"\t\t<div data-elementor-type=\"wp-page\" data-elementor-id=\"1289\" class=\"elementor elementor-1289\">\n\t\t\t\t\t\t<section class=\"has_eae_slider elementor-section elementor-top-section elementor-element elementor-element-a5d21c8 elementor-section-stretched elementor-section-full_width elementor-section-height-default elementor-section-height-default\" data-eae-slider=\"5241\" data-id=\"a5d21c8\" data-element_type=\"section\" data-e-type=\"section\" data-settings=\"{&quot;stretch_section&quot;:&quot;section-stretched&quot;}\">\n\t\t\t\t\t\t<div class=\"elementor-container elementor-column-gap-no\">\n\t\t\t\t\t<div class=\"has_eae_slider elementor-column elementor-col-100 elementor-top-column elementor-element elementor-element-dae8587\" data-eae-slider=\"85836\" data-id=\"dae8587\" data-element_type=\"column\" data-e-type=\"column\">\n\t\t\t<div class=\"elementor-widget-wrap elementor-element-populated\">\n\t\t\t\t\t\t<section class=\"has_eae_slider elementor-section elementor-inner-section elementor-element elementor-element-00fdc78 elementor-section-boxed elementor-section-height-default elementor-section-height-default\" data-eae-slider=\"4368\" data-id=\"00fdc78\" data-element_type=\"section\" data-e-type=\"section\">\n\t\t\t\t\t\t<div class=\"elementor-container elementor-column-gap-default\">\n\t\t\t\t\t<div class=\"has_eae_slider elementor-column elementor-col-100 elementor-inner-column elementor-element elementor-element-a218eee\" data-eae-slider=\"15257\" data-id=\"a218eee\" data-element_type=\"column\" data-e-type=\"column\">\n\t\t\t<div class=\"elementor-widget-wrap elementor-element-populated\">\n\t\t\t\t\t\t<div class=\"elementor-element elementor-element-37d5792 elementor-widget elementor-widget-text-editor\" data-id=\"37d5792\" data-element_type=\"widget\" data-e-type=\"widget\" data-widget_type=\"text-editor.default\">\n\t\t\t\t<div class=\"elementor-widget-container\">\n\t\t\t\t\t\t\t\t\t<p>Le d\u00e9monstrateur Ensosp est une d\u00e9monstration de manipulation de lance \u00e0 incendie en r\u00e9alit\u00e9 virtuelle r\u00e9alis\u00e9 par PROLEXIA avec l&rsquo;outil AdvansysWeb pour Ensosp, l&rsquo;\u00e9cole nationale sup\u00e9rieure des officiers de sapeurs-pompiers. Une v\u00e9ritable lance a incendie a \u00e9t\u00e9 utilis\u00e9e pour cette d\u00e9monstration, ses mouvements ainsi que la propulsion du jet d&rsquo;eau \u00e9tant reproduits dans la r\u00e9alit\u00e9 virtuelle gr\u00e2ce \u00e0 un Vive Tracker c\u00e2bl\u00e9 \u00e0 l&rsquo;objet.<\/p>\t\t\t\t\t\t\t\t<\/div>\n\t\t\t\t<\/div>\n\t\t\t\t<div class=\"elementor-element elementor-element-754424b elementor-arrows-position-inside elementor-pagination-position-outside elementor-widget elementor-widget-image-carousel\" data-id=\"754424b\" data-element_type=\"widget\" data-e-type=\"widget\" data-settings=\"{&quot;navigation&quot;:&quot;both&quot;,&quot;autoplay&quot;:&quot;yes&quot;,&quot;pause_on_hover&quot;:&quot;yes&quot;,&quot;pause_on_interaction&quot;:&quot;yes&quot;,&quot;autoplay_speed&quot;:5000,&quot;infinite&quot;:&quot;yes&quot;,&quot;speed&quot;:500}\" data-widget_type=\"image-carousel.default\">\n\t\t\t\t<div class=\"elementor-widget-container\">\n\t\t\t\t\t\t\t<div class=\"elementor-image-carousel-wrapper swiper\" role=\"region\" aria-roledescription=\"carousel\" aria-label=\"Carrousel d\u2019images\" dir=\"ltr\">\n\t\t\t<div class=\"elementor-image-carousel swiper-wrapper\" aria-live=\"off\">\n\t\t\t\t\t\t\t\t<div class=\"swiper-slide\" role=\"group\" aria-roledescription=\"slide\" aria-label=\"1 sur 4\"><a data-elementor-open-lightbox=\"yes\" data-elementor-lightbox-slideshow=\"754424b\" data-elementor-lightbox-title=\"Incendie 1\" data-e-action-hash=\"#elementor-action%3Aaction%3Dlightbox%26settings%3DeyJpZCI6MTI5MSwidXJsIjoiaHR0cHM6XC9cL3Byb2xleGlhLmZyXC93cC1jb250ZW50XC91cGxvYWRzXC8yMDIwXC8wNFwvaW1hZ2UxMy5qcGciLCJzbGlkZXNob3ciOiI3NTQ0MjRiIn0%3D\" href=\"https:\/\/prolexia.fr\/wp-content\/uploads\/2020\/04\/image13.jpg\"><figure class=\"swiper-slide-inner\"><img decoding=\"async\" class=\"swiper-slide-image\" src=\"https:\/\/prolexia.fr\/wp-content\/uploads\/2020\/04\/image13-300x169.jpg\" alt=\"Incendie 1\" \/><\/figure><\/a><\/div><div class=\"swiper-slide\" role=\"group\" aria-roledescription=\"slide\" aria-label=\"2 sur 4\"><a data-elementor-open-lightbox=\"yes\" data-elementor-lightbox-slideshow=\"754424b\" data-elementor-lightbox-title=\"Firefight_2\" data-e-action-hash=\"#elementor-action%3Aaction%3Dlightbox%26settings%3DeyJpZCI6MTMzNCwidXJsIjoiaHR0cHM6XC9cL3Byb2xleGlhLmZyXC93cC1jb250ZW50XC91cGxvYWRzXC8yMDIwXC8wNFwvRmlyZWZpZ2h0XzIuanBnIiwic2xpZGVzaG93IjoiNzU0NDI0YiJ9\" href=\"https:\/\/prolexia.fr\/wp-content\/uploads\/2020\/04\/Firefight_2.jpg\"><figure class=\"swiper-slide-inner\"><img decoding=\"async\" class=\"swiper-slide-image\" src=\"https:\/\/prolexia.fr\/wp-content\/uploads\/2020\/04\/Firefight_2-300x169.jpg\" alt=\"Firefight_2\" \/><\/figure><\/a><\/div><div class=\"swiper-slide\" role=\"group\" aria-roledescription=\"slide\" aria-label=\"3 sur 4\"><a data-elementor-open-lightbox=\"yes\" data-elementor-lightbox-slideshow=\"754424b\" data-elementor-lightbox-title=\"Incendie 2\" data-e-action-hash=\"#elementor-action%3Aaction%3Dlightbox%26settings%3DeyJpZCI6MTI5MiwidXJsIjoiaHR0cHM6XC9cL3Byb2xleGlhLmZyXC93cC1jb250ZW50XC91cGxvYWRzXC8yMDIwXC8wNFwvaW1hZ2UxOS5qcGciLCJzbGlkZXNob3ciOiI3NTQ0MjRiIn0%3D\" href=\"https:\/\/prolexia.fr\/wp-content\/uploads\/2020\/04\/image19.jpg\"><figure class=\"swiper-slide-inner\"><img decoding=\"async\" class=\"swiper-slide-image\" src=\"https:\/\/prolexia.fr\/wp-content\/uploads\/2020\/04\/image19-300x169.jpg\" alt=\"Incendie 2\" \/><\/figure><\/a><\/div><div class=\"swiper-slide\" role=\"group\" aria-roledescription=\"slide\" aria-label=\"4 sur 4\"><a data-elementor-open-lightbox=\"yes\" data-elementor-lightbox-slideshow=\"754424b\" data-elementor-lightbox-title=\"Lance_incendie_instrumentee\" data-e-action-hash=\"#elementor-action%3Aaction%3Dlightbox%26settings%3DeyJpZCI6MTMzNSwidXJsIjoiaHR0cHM6XC9cL3Byb2xleGlhLmZyXC93cC1jb250ZW50XC91cGxvYWRzXC8yMDIwXC8wNFwvTGFuY2VfaW5jZW5kaWVfaW5zdHJ1bWVudGVlLmpwZyIsInNsaWRlc2hvdyI6Ijc1NDQyNGIifQ%3D%3D\" href=\"https:\/\/prolexia.fr\/wp-content\/uploads\/2020\/04\/Lance_incendie_instrumentee.jpg\"><figure class=\"swiper-slide-inner\"><img decoding=\"async\" class=\"swiper-slide-image\" src=\"https:\/\/prolexia.fr\/wp-content\/uploads\/2020\/04\/Lance_incendie_instrumentee-300x169.jpg\" alt=\"Lance_incendie_instrumentee\" \/><\/figure><\/a><\/div>\t\t\t<\/div>\n\t\t\t\t\t\t\t\t\t\t\t\t<div class=\"elementor-swiper-button elementor-swiper-button-prev\" role=\"button\" tabindex=\"0\">\n\t\t\t\t\t\t<i aria-hidden=\"true\" class=\"eicon-chevron-left\"><\/i>\t\t\t\t\t<\/div>\n\t\t\t\t\t<div class=\"elementor-swiper-button elementor-swiper-button-next\" role=\"button\" tabindex=\"0\">\n\t\t\t\t\t\t<i aria-hidden=\"true\" class=\"eicon-chevron-right\"><\/i>\t\t\t\t\t<\/div>\n\t\t\t\t\n\t\t\t\t\t\t\t\t\t<div class=\"swiper-pagination\"><\/div>\n\t\t\t\t\t\t\t\t\t<\/div>\n\t\t\t\t\t\t<\/div>\n\t\t\t\t<\/div>\n\t\t\t\t\t<\/div>\n\t\t<\/div>\n\t\t\t\t\t<\/div>\n\t\t<\/section>\n\t\t\t\t\t<\/div>\n\t\t<\/div>\n\t\t\t\t\t<\/div>\n\t\t<\/section>\n\t\t\t\t<\/div>\n\t\t","protected":false},"excerpt":{"rendered":"<p>Le d\u00e9monstrateur Ensosp est une d\u00e9monstration de manipulation de lance \u00e0 incendie en r\u00e9alit\u00e9 virtuelle r\u00e9alis\u00e9 par PROLEXIA avec l&rsquo;outil AdvansysWeb pour Ensosp, l&rsquo;\u00e9cole nationale sup\u00e9rieure des officiers de sapeurs-pompiers. Une v\u00e9ritable lance a incendie a \u00e9t\u00e9 utilis\u00e9e pour cette d\u00e9monstration, ses mouvements ainsi que la propulsion du jet d&rsquo;eau \u00e9tant reproduits dans la r\u00e9alit\u00e9 [&hellip;]<\/p>\n","protected":false},"author":1,"featured_media":0,"parent":0,"menu_order":0,"comment_status":"closed","ping_status":"closed","template":"elementor_header_footer","meta":{"footnotes":""},"class_list":["post-1289","page","type-page","status-publish","hentry"],"_links":{"self":[{"href":"https:\/\/prolexia.fr\/fr\/wp-json\/wp\/v2\/pages\/1289","targetHints":{"allow":["GET"]}}],"collection":[{"href":"https:\/\/prolexia.fr\/fr\/wp-json\/wp\/v2\/pages"}],"about":[{"href":"https:\/\/prolexia.fr\/fr\/wp-json\/wp\/v2\/types\/page"}],"author":[{"embeddable":true,"href":"https:\/\/prolexia.fr\/fr\/wp-json\/wp\/v2\/users\/1"}],"replies":[{"embeddable":true,"href":"https:\/\/prolexia.fr\/fr\/wp-json\/wp\/v2\/comments?post=1289"}],"version-history":[{"count":3,"href":"https:\/\/prolexia.fr\/fr\/wp-json\/wp\/v2\/pages\/1289\/revisions"}],"predecessor-version":[{"id":1337,"href":"https:\/\/prolexia.fr\/fr\/wp-json\/wp\/v2\/pages\/1289\/revisions\/1337"}],"wp:attachment":[{"href":"https:\/\/prolexia.fr\/fr\/wp-json\/wp\/v2\/media?parent=1289"}],"curies":[{"name":"wp","href":"https:\/\/api.w.org\/{rel}","templated":true}]}}