{"id":1309,"date":"2020-04-09T11:01:29","date_gmt":"2020-04-09T09:01:29","guid":{"rendered":"https:\/\/prolexia.fr\/?page_id=1309"},"modified":"2026-01-30T23:34:41","modified_gmt":"2026-01-30T22:34:41","slug":"prox","status":"publish","type":"page","link":"https:\/\/prolexia.fr\/fr\/prox\/","title":{"rendered":"P-ROX"},"content":{"rendered":"\t\t<div data-elementor-type=\"wp-page\" data-elementor-id=\"1309\" class=\"elementor elementor-1309\">\n\t\t\t\t\t\t<section class=\"has_eae_slider elementor-section elementor-top-section elementor-element elementor-element-5ec8850 elementor-section-stretched elementor-section-full_width elementor-section-height-default elementor-section-height-default\" data-eae-slider=\"75744\" data-id=\"5ec8850\" data-element_type=\"section\" data-e-type=\"section\" data-settings=\"{&quot;stretch_section&quot;:&quot;section-stretched&quot;}\">\n\t\t\t\t\t\t<div class=\"elementor-container elementor-column-gap-no\">\n\t\t\t\t\t<div class=\"has_eae_slider elementor-column elementor-col-100 elementor-top-column elementor-element elementor-element-9000ca4\" data-eae-slider=\"49856\" data-id=\"9000ca4\" data-element_type=\"column\" data-e-type=\"column\">\n\t\t\t<div class=\"elementor-widget-wrap elementor-element-populated\">\n\t\t\t\t\t\t<section class=\"has_eae_slider elementor-section elementor-inner-section elementor-element elementor-element-e279928 elementor-section-boxed elementor-section-height-default elementor-section-height-default\" data-eae-slider=\"49808\" data-id=\"e279928\" data-element_type=\"section\" data-e-type=\"section\">\n\t\t\t\t\t\t<div class=\"elementor-container elementor-column-gap-default\">\n\t\t\t\t\t<div class=\"has_eae_slider elementor-column elementor-col-100 elementor-inner-column elementor-element elementor-element-e140564\" data-eae-slider=\"87924\" data-id=\"e140564\" data-element_type=\"column\" data-e-type=\"column\">\n\t\t\t<div class=\"elementor-widget-wrap elementor-element-populated\">\n\t\t\t\t\t\t<div class=\"elementor-element elementor-element-25e54ab elementor-widget elementor-widget-text-editor\" data-id=\"25e54ab\" data-element_type=\"widget\" data-e-type=\"widget\" data-widget_type=\"text-editor.default\">\n\t\t\t\t<div class=\"elementor-widget-container\">\n\t\t\t\t\t\t\t\t\t<p>PROLEXIA propose des drones terrestres destin\u00e9s notamment \u00e0 la surveillance et \u00e0 l\u2019inspection multifonction et multi-environnement.<\/p><p>P-ROX est une plate-forme de d\u00e9veloppement de robots terrestres multi-fonctions et usages pouvant \u00eatre adapt\u00e9s sur mesure \u00e0 des t\u00e2ches automatis\u00e9es sp\u00e9cifiques.<\/p><p><strong>Caract\u00e9ristiques de la plate-forme PROX<\/strong><\/p><ul style=\"padding-left: 2%;\"><li>Ch\u00e2ssis alliage aluminium a\u00e9ronautique<\/li><li>Dimensions\u00a0:<br \/><ul style=\"padding-left: 2%;\"><li>Longueur 70 cm<\/li><li>Largeur 60 cm<\/li><li>Hauteur 40 cm<\/li><\/ul><\/li><li>Propulsion \u00e9lectrique 4X4 1000W<\/li><li>Frein \u00e9lectromagn\u00e9tique<\/li><li>Roues 10 pouces<\/li><li>Masse : 50 kg<\/li><li>Batterie LiFePO4 1584Wh<\/li><li>Autonomie : 8 \u00e0 12 heures en fonction de l\u2019usage et les charges utiles<\/li><li>Calculateur embarqu\u00e9 IA<\/li><li>Cam\u00e9ra de pilotage RGBD \/ LIDAR<\/li><li>Positionnement ext\u00e9rieur et int\u00e9rieur<\/li><li>Communication WiFi et 4G\/5G<\/li><li>Micro et haut-parleur<\/li><\/ul><p>PROLEXIA peut \u00e9galement fournir une solution de charge utile sur-mesure en fonction des besoins.<\/p><ul style=\"padding-left: 2%;\"><li>Tous types de capteurs et instrumentation<br \/><ul style=\"padding-left: 2%;\"><li>M\u00e9thane et autres gaz<\/li><li>Radioactivit\u00e9<\/li><li>Radar<\/li><li>G\u00e9oradar<\/li><li>Cam\u00e9ras IR<\/li><li>Cam\u00e9ras Thermiques<\/li><\/ul><\/li><li>Version OSCAR surveillance<br \/><ul style=\"padding-left: 2%;\"><li>Cam\u00e9ras vid\u00e9o couleur, vision nocturne et 360\u00b0<\/li><li>Cam\u00e9ra zoom x30 UHD<\/li><li>Compatibilit\u00e9 avec les syst\u00e8mes de surveillance<\/li><li>Syst\u00e8me d&rsquo;alertes sur d\u00e9tection optique<\/li><\/ul><\/li><li>Ascenseur de mesure au sol<\/li><li>Actionneurs m\u00e9caniques : mesure dans le sol, bras et pince de pr\u00e9hension<\/li><\/ul>\t\t\t\t\t\t\t\t<\/div>\n\t\t\t\t<\/div>\n\t\t\t\t<div class=\"elementor-element elementor-element-0075a90 elementor-arrows-position-inside elementor-pagination-position-outside elementor-widget elementor-widget-image-carousel\" data-id=\"0075a90\" data-element_type=\"widget\" data-e-type=\"widget\" data-settings=\"{&quot;navigation&quot;:&quot;both&quot;,&quot;autoplay&quot;:&quot;yes&quot;,&quot;pause_on_hover&quot;:&quot;yes&quot;,&quot;pause_on_interaction&quot;:&quot;yes&quot;,&quot;autoplay_speed&quot;:5000,&quot;infinite&quot;:&quot;yes&quot;,&quot;speed&quot;:500}\" data-widget_type=\"image-carousel.default\">\n\t\t\t\t<div class=\"elementor-widget-container\">\n\t\t\t\t\t\t\t<div class=\"elementor-image-carousel-wrapper swiper\" role=\"region\" aria-roledescription=\"carousel\" aria-label=\"Carrousel d\u2019images\" dir=\"ltr\">\n\t\t\t<div class=\"elementor-image-carousel swiper-wrapper\" aria-live=\"off\">\n\t\t\t\t\t\t\t\t<div class=\"swiper-slide\" role=\"group\" aria-roledescription=\"slide\" aria-label=\"1 sur 7\"><a data-elementor-open-lightbox=\"yes\" data-elementor-lightbox-slideshow=\"0075a90\" data-elementor-lightbox-title=\"oscar_whitebg_shadow\" data-e-action-hash=\"#elementor-action%3Aaction%3Dlightbox%26settings%3DeyJpZCI6MjU2NiwidXJsIjoiaHR0cHM6XC9cL3Byb2xleGlhLmZyXC93cC1jb250ZW50XC91cGxvYWRzXC8yMDI0XC8wNFwvb3NjYXJfd2hpdGViZ19zaGFkb3cuanBnIiwic2xpZGVzaG93IjoiMDA3NWE5MCJ9\" href=\"https:\/\/prolexia.fr\/wp-content\/uploads\/2024\/04\/oscar_whitebg_shadow.jpg\"><figure class=\"swiper-slide-inner\"><img decoding=\"async\" class=\"swiper-slide-image\" src=\"https:\/\/prolexia.fr\/wp-content\/uploads\/2024\/04\/oscar_whitebg_shadow-300x257.jpg\" alt=\"oscar_whitebg_shadow\" \/><\/figure><\/a><\/div><div class=\"swiper-slide\" role=\"group\" aria-roledescription=\"slide\" aria-label=\"2 sur 7\"><a data-elementor-open-lightbox=\"yes\" data-elementor-lightbox-slideshow=\"0075a90\" data-elementor-lightbox-title=\"safe_seminar_2023\" data-e-action-hash=\"#elementor-action%3Aaction%3Dlightbox%26settings%3DeyJpZCI6MjM0NiwidXJsIjoiaHR0cHM6XC9cL3Byb2xleGlhLmZyXC93cC1jb250ZW50XC91cGxvYWRzXC8yMDIzXC8xMFwvc2FmZV9zZW1pbmFyXzIwMjMuanBnIiwic2xpZGVzaG93IjoiMDA3NWE5MCJ9\" href=\"https:\/\/prolexia.fr\/wp-content\/uploads\/2023\/10\/safe_seminar_2023.jpg\"><figure class=\"swiper-slide-inner\"><img decoding=\"async\" class=\"swiper-slide-image\" src=\"https:\/\/prolexia.fr\/wp-content\/uploads\/2023\/10\/safe_seminar_2023-300x202.jpg\" alt=\"safe_seminar_2023\" \/><\/figure><\/a><\/div><div class=\"swiper-slide\" role=\"group\" aria-roledescription=\"slide\" aria-label=\"3 sur 7\"><a data-elementor-open-lightbox=\"yes\" data-elementor-lightbox-slideshow=\"0075a90\" data-elementor-lightbox-title=\"OSCAR3\" data-e-action-hash=\"#elementor-action%3Aaction%3Dlightbox%26settings%3DeyJpZCI6MTc0MSwidXJsIjoiaHR0cHM6XC9cL3Byb2xleGlhLmZyXC93cC1jb250ZW50XC91cGxvYWRzXC8yMDIzXC8wOVwvT1NDQVIzLmpwZyIsInNsaWRlc2hvdyI6IjAwNzVhOTAifQ%3D%3D\" href=\"https:\/\/prolexia.fr\/wp-content\/uploads\/2023\/09\/OSCAR3.jpg\"><figure class=\"swiper-slide-inner\"><img decoding=\"async\" class=\"swiper-slide-image\" src=\"https:\/\/prolexia.fr\/wp-content\/uploads\/2023\/09\/OSCAR3-300x235.jpg\" alt=\"OSCAR3\" \/><\/figure><\/a><\/div><div class=\"swiper-slide\" role=\"group\" aria-roledescription=\"slide\" aria-label=\"4 sur 7\"><a data-elementor-open-lightbox=\"yes\" data-elementor-lightbox-slideshow=\"0075a90\" data-elementor-lightbox-title=\"OSCAR2\" data-e-action-hash=\"#elementor-action%3Aaction%3Dlightbox%26settings%3DeyJpZCI6MTc0MCwidXJsIjoiaHR0cHM6XC9cL3Byb2xleGlhLmZyXC93cC1jb250ZW50XC91cGxvYWRzXC8yMDIzXC8wOVwvT1NDQVIyLmpwZyIsInNsaWRlc2hvdyI6IjAwNzVhOTAifQ%3D%3D\" href=\"https:\/\/prolexia.fr\/wp-content\/uploads\/2023\/09\/OSCAR2.jpg\"><figure class=\"swiper-slide-inner\"><img decoding=\"async\" class=\"swiper-slide-image\" src=\"https:\/\/prolexia.fr\/wp-content\/uploads\/2023\/09\/OSCAR2-300x223.jpg\" alt=\"OSCAR2\" \/><\/figure><\/a><\/div><div class=\"swiper-slide\" role=\"group\" aria-roledescription=\"slide\" aria-label=\"5 sur 7\"><a data-elementor-open-lightbox=\"yes\" data-elementor-lightbox-slideshow=\"0075a90\" data-elementor-lightbox-title=\"OSCAR\" data-e-action-hash=\"#elementor-action%3Aaction%3Dlightbox%26settings%3DeyJpZCI6MTY1MSwidXJsIjoiaHR0cHM6XC9cL3Byb2xleGlhLmZyXC93cC1jb250ZW50XC91cGxvYWRzXC8yMDIzXC8wOVwvT1NDQVIucG5nIiwic2xpZGVzaG93IjoiMDA3NWE5MCJ9\" href=\"https:\/\/prolexia.fr\/wp-content\/uploads\/2023\/09\/OSCAR.png\"><figure class=\"swiper-slide-inner\"><img decoding=\"async\" class=\"swiper-slide-image\" src=\"https:\/\/prolexia.fr\/wp-content\/uploads\/2023\/09\/OSCAR-300x230.png\" alt=\"OSCAR\" \/><\/figure><\/a><\/div><div class=\"swiper-slide\" role=\"group\" aria-roledescription=\"slide\" aria-label=\"6 sur 7\"><a data-elementor-open-lightbox=\"yes\" data-elementor-lightbox-slideshow=\"0075a90\" data-elementor-lightbox-title=\"sat_2D\" data-e-action-hash=\"#elementor-action%3Aaction%3Dlightbox%26settings%3DeyJpZCI6MTQ2OCwidXJsIjoiaHR0cHM6XC9cL3Byb2xleGlhLmZyXC93cC1jb250ZW50XC91cGxvYWRzXC8yMDIwXC8wNFwvc2F0XzJELmpwZyIsInNsaWRlc2hvdyI6IjAwNzVhOTAifQ%3D%3D\" href=\"https:\/\/prolexia.fr\/wp-content\/uploads\/2020\/04\/sat_2D.jpg\"><figure class=\"swiper-slide-inner\"><img decoding=\"async\" class=\"swiper-slide-image\" src=\"https:\/\/prolexia.fr\/wp-content\/uploads\/2020\/04\/sat_2D-300x169.jpg\" alt=\"sat_2D\" \/><\/figure><\/a><\/div><div class=\"swiper-slide\" role=\"group\" aria-roledescription=\"slide\" aria-label=\"7 sur 7\"><a data-elementor-open-lightbox=\"yes\" data-elementor-lightbox-slideshow=\"0075a90\" data-elementor-lightbox-title=\"MMS-lsr1\" data-e-action-hash=\"#elementor-action%3Aaction%3Dlightbox%26settings%3DeyJpZCI6MTg5OCwidXJsIjoiaHR0cHM6XC9cL3Byb2xleGlhLmZyXC93cC1jb250ZW50XC91cGxvYWRzXC8yMDIzXC8wOVwvTU1TLWxzcjEuanBnIiwic2xpZGVzaG93IjoiMDA3NWE5MCJ9\" href=\"https:\/\/prolexia.fr\/wp-content\/uploads\/2023\/09\/MMS-lsr1.jpg\"><figure class=\"swiper-slide-inner\"><img decoding=\"async\" class=\"swiper-slide-image\" src=\"https:\/\/prolexia.fr\/wp-content\/uploads\/2023\/09\/MMS-lsr1-300x150.jpg\" alt=\"MMS-lsr1\" \/><\/figure><\/a><\/div>\t\t\t<\/div>\n\t\t\t\t\t\t\t\t\t\t\t\t<div class=\"elementor-swiper-button elementor-swiper-button-prev\" role=\"button\" tabindex=\"0\">\n\t\t\t\t\t\t<i aria-hidden=\"true\" class=\"eicon-chevron-left\"><\/i>\t\t\t\t\t<\/div>\n\t\t\t\t\t<div class=\"elementor-swiper-button elementor-swiper-button-next\" role=\"button\" tabindex=\"0\">\n\t\t\t\t\t\t<i aria-hidden=\"true\" class=\"eicon-chevron-right\"><\/i>\t\t\t\t\t<\/div>\n\t\t\t\t\n\t\t\t\t\t\t\t\t\t<div class=\"swiper-pagination\"><\/div>\n\t\t\t\t\t\t\t\t\t<\/div>\n\t\t\t\t\t\t<\/div>\n\t\t\t\t<\/div>\n\t\t\t\t\t<\/div>\n\t\t<\/div>\n\t\t\t\t\t<\/div>\n\t\t<\/section>\n\t\t\t\t\t<\/div>\n\t\t<\/div>\n\t\t\t\t\t<\/div>\n\t\t<\/section>\n\t\t\t\t<\/div>\n\t\t","protected":false},"excerpt":{"rendered":"<p>PROLEXIA propose des drones terrestres destin\u00e9s notamment \u00e0 la surveillance et \u00e0 l\u2019inspection multifonction et multi-environnement. P-ROX est une plate-forme de d\u00e9veloppement de robots terrestres multi-fonctions et usages pouvant \u00eatre adapt\u00e9s sur mesure \u00e0 des t\u00e2ches automatis\u00e9es sp\u00e9cifiques. Caract\u00e9ristiques de la plate-forme PROX Ch\u00e2ssis alliage aluminium a\u00e9ronautique Dimensions\u00a0: Longueur 70 cm Largeur 60 cm Hauteur [&hellip;]<\/p>\n","protected":false},"author":1,"featured_media":0,"parent":0,"menu_order":0,"comment_status":"closed","ping_status":"closed","template":"elementor_header_footer","meta":{"footnotes":""},"class_list":["post-1309","page","type-page","status-publish","hentry"],"_links":{"self":[{"href":"https:\/\/prolexia.fr\/fr\/wp-json\/wp\/v2\/pages\/1309","targetHints":{"allow":["GET"]}}],"collection":[{"href":"https:\/\/prolexia.fr\/fr\/wp-json\/wp\/v2\/pages"}],"about":[{"href":"https:\/\/prolexia.fr\/fr\/wp-json\/wp\/v2\/types\/page"}],"author":[{"embeddable":true,"href":"https:\/\/prolexia.fr\/fr\/wp-json\/wp\/v2\/users\/1"}],"replies":[{"embeddable":true,"href":"https:\/\/prolexia.fr\/fr\/wp-json\/wp\/v2\/comments?post=1309"}],"version-history":[{"count":20,"href":"https:\/\/prolexia.fr\/fr\/wp-json\/wp\/v2\/pages\/1309\/revisions"}],"predecessor-version":[{"id":2794,"href":"https:\/\/prolexia.fr\/fr\/wp-json\/wp\/v2\/pages\/1309\/revisions\/2794"}],"wp:attachment":[{"href":"https:\/\/prolexia.fr\/fr\/wp-json\/wp\/v2\/media?parent=1309"}],"curies":[{"name":"wp","href":"https:\/\/api.w.org\/{rel}","templated":true}]}}