{"id":1325,"date":"2020-04-09T11:59:11","date_gmt":"2020-04-09T09:59:11","guid":{"rendered":"https:\/\/prolexia.fr\/?page_id=1325"},"modified":"2020-06-01T09:08:12","modified_gmt":"2020-06-01T07:08:12","slug":"advansys-web","status":"publish","type":"page","link":"https:\/\/prolexia.fr\/fr\/advansys-web\/","title":{"rendered":"ADVANSYS WEB"},"content":{"rendered":"\t\t<div data-elementor-type=\"wp-page\" data-elementor-id=\"1325\" class=\"elementor elementor-1325\">\n\t\t\t\t\t\t<section class=\"has_eae_slider elementor-section elementor-top-section elementor-element elementor-element-f3fb9ca elementor-section-stretched elementor-section-full_width elementor-section-height-default elementor-section-height-default\" data-eae-slider=\"71294\" data-id=\"f3fb9ca\" data-element_type=\"section\" data-e-type=\"section\" data-settings=\"{&quot;stretch_section&quot;:&quot;section-stretched&quot;}\">\n\t\t\t\t\t\t<div class=\"elementor-container elementor-column-gap-no\">\n\t\t\t\t\t<div class=\"has_eae_slider elementor-column elementor-col-100 elementor-top-column elementor-element elementor-element-81d316a\" data-eae-slider=\"52991\" data-id=\"81d316a\" data-element_type=\"column\" data-e-type=\"column\">\n\t\t\t<div class=\"elementor-widget-wrap elementor-element-populated\">\n\t\t\t\t\t\t<section class=\"has_eae_slider elementor-section elementor-inner-section elementor-element elementor-element-84f2fdf elementor-section-boxed elementor-section-height-default elementor-section-height-default\" data-eae-slider=\"86850\" data-id=\"84f2fdf\" data-element_type=\"section\" data-e-type=\"section\">\n\t\t\t\t\t\t<div class=\"elementor-container elementor-column-gap-default\">\n\t\t\t\t\t<div class=\"has_eae_slider elementor-column elementor-col-100 elementor-inner-column elementor-element elementor-element-394068e\" data-eae-slider=\"6249\" data-id=\"394068e\" data-element_type=\"column\" data-e-type=\"column\">\n\t\t\t<div class=\"elementor-widget-wrap elementor-element-populated\">\n\t\t\t\t\t\t<div class=\"elementor-element elementor-element-ca645fe elementor-widget elementor-widget-text-editor\" data-id=\"ca645fe\" data-element_type=\"widget\" data-e-type=\"widget\" data-widget_type=\"text-editor.default\">\n\t\t\t\t<div class=\"elementor-widget-container\">\n\t\t\t\t\t\t\t\t\t<p>ADVANSYS WEB est le framework javascript utilis\u00e9 par PROLEXIA pour d\u00e9velopper des applications web 3D supportant la r\u00e9alit\u00e9 virtuelle.<\/p>\t\t\t\t\t\t\t\t<\/div>\n\t\t\t\t<\/div>\n\t\t\t\t<div class=\"elementor-element elementor-element-5c6dcb7 elementor-arrows-position-inside elementor-pagination-position-outside elementor-widget elementor-widget-image-carousel\" data-id=\"5c6dcb7\" data-element_type=\"widget\" data-e-type=\"widget\" data-settings=\"{&quot;navigation&quot;:&quot;both&quot;,&quot;autoplay&quot;:&quot;yes&quot;,&quot;pause_on_hover&quot;:&quot;yes&quot;,&quot;pause_on_interaction&quot;:&quot;yes&quot;,&quot;autoplay_speed&quot;:5000,&quot;infinite&quot;:&quot;yes&quot;,&quot;speed&quot;:500}\" data-widget_type=\"image-carousel.default\">\n\t\t\t\t<div class=\"elementor-widget-container\">\n\t\t\t\t\t\t\t<div class=\"elementor-image-carousel-wrapper swiper\" role=\"region\" aria-roledescription=\"carousel\" aria-label=\"Image Carousel\" dir=\"ltr\">\n\t\t\t<div class=\"elementor-image-carousel swiper-wrapper\" aria-live=\"off\">\n\t\t\t\t\t\t\t\t<div class=\"swiper-slide\" role=\"group\" aria-roledescription=\"slide\" aria-label=\"1 of 17\"><a data-elementor-open-lightbox=\"yes\" data-elementor-lightbox-slideshow=\"5c6dcb7\" data-elementor-lightbox-title=\"WADV\" data-e-action-hash=\"#elementor-action%3Aaction%3Dlightbox%26settings%3DeyJpZCI6MTMwNCwidXJsIjoiaHR0cHM6XC9cL3Byb2xleGlhLmZyXC93cC1jb250ZW50XC91cGxvYWRzXC8yMDIwXC8wNFwvV0FEVi5qcGciLCJzbGlkZXNob3ciOiI1YzZkY2I3In0%3D\" href=\"https:\/\/prolexia.fr\/wp-content\/uploads\/2020\/04\/WADV.jpg\"><figure class=\"swiper-slide-inner\"><img decoding=\"async\" class=\"swiper-slide-image\" src=\"https:\/\/prolexia.fr\/wp-content\/uploads\/2020\/04\/WADV-300x169.jpg\" alt=\"WADV\" \/><\/figure><\/a><\/div><div class=\"swiper-slide\" role=\"group\" aria-roledescription=\"slide\" aria-label=\"2 of 17\"><a data-elementor-open-lightbox=\"yes\" data-elementor-lightbox-slideshow=\"5c6dcb7\" data-elementor-lightbox-title=\"gowind_2\" data-e-action-hash=\"#elementor-action%3Aaction%3Dlightbox%26settings%3DeyJpZCI6MTMzOCwidXJsIjoiaHR0cHM6XC9cL3Byb2xleGlhLmZyXC93cC1jb250ZW50XC91cGxvYWRzXC8yMDIwXC8wNFwvZ293aW5kXzIuanBnIiwic2xpZGVzaG93IjoiNWM2ZGNiNyJ9\" href=\"https:\/\/prolexia.fr\/wp-content\/uploads\/2020\/04\/gowind_2.jpg\"><figure class=\"swiper-slide-inner\"><img decoding=\"async\" class=\"swiper-slide-image\" src=\"https:\/\/prolexia.fr\/wp-content\/uploads\/2020\/04\/gowind_2-300x169.jpg\" alt=\"gowind_2\" \/><\/figure><\/a><\/div><div class=\"swiper-slide\" role=\"group\" aria-roledescription=\"slide\" aria-label=\"3 of 17\"><a data-elementor-open-lightbox=\"yes\" data-elementor-lightbox-slideshow=\"5c6dcb7\" data-elementor-lightbox-title=\"gowind_3\" data-e-action-hash=\"#elementor-action%3Aaction%3Dlightbox%26settings%3DeyJpZCI6MTMzOSwidXJsIjoiaHR0cHM6XC9cL3Byb2xleGlhLmZyXC93cC1jb250ZW50XC91cGxvYWRzXC8yMDIwXC8wNFwvZ293aW5kXzMuanBnIiwic2xpZGVzaG93IjoiNWM2ZGNiNyJ9\" href=\"https:\/\/prolexia.fr\/wp-content\/uploads\/2020\/04\/gowind_3.jpg\"><figure class=\"swiper-slide-inner\"><img decoding=\"async\" class=\"swiper-slide-image\" src=\"https:\/\/prolexia.fr\/wp-content\/uploads\/2020\/04\/gowind_3-300x169.jpg\" alt=\"gowind_3\" \/><\/figure><\/a><\/div><div class=\"swiper-slide\" role=\"group\" aria-roledescription=\"slide\" aria-label=\"4 of 17\"><a data-elementor-open-lightbox=\"yes\" data-elementor-lightbox-slideshow=\"5c6dcb7\" data-elementor-lightbox-title=\"helico_cockpit_2\" data-e-action-hash=\"#elementor-action%3Aaction%3Dlightbox%26settings%3DeyJpZCI6MTM0MCwidXJsIjoiaHR0cHM6XC9cL3Byb2xleGlhLmZyXC93cC1jb250ZW50XC91cGxvYWRzXC8yMDIwXC8wNFwvaGVsaWNvX2NvY2twaXRfMi5qcGciLCJzbGlkZXNob3ciOiI1YzZkY2I3In0%3D\" href=\"https:\/\/prolexia.fr\/wp-content\/uploads\/2020\/04\/helico_cockpit_2.jpg\"><figure class=\"swiper-slide-inner\"><img decoding=\"async\" class=\"swiper-slide-image\" src=\"https:\/\/prolexia.fr\/wp-content\/uploads\/2020\/04\/helico_cockpit_2-300x169.jpg\" alt=\"helico_cockpit_2\" \/><\/figure><\/a><\/div><div class=\"swiper-slide\" role=\"group\" aria-roledescription=\"slide\" aria-label=\"5 of 17\"><a data-elementor-open-lightbox=\"yes\" data-elementor-lightbox-slideshow=\"5c6dcb7\" data-elementor-lightbox-title=\"helico_cockpit_3\" data-e-action-hash=\"#elementor-action%3Aaction%3Dlightbox%26settings%3DeyJpZCI6MTM0MSwidXJsIjoiaHR0cHM6XC9cL3Byb2xleGlhLmZyXC93cC1jb250ZW50XC91cGxvYWRzXC8yMDIwXC8wNFwvaGVsaWNvX2NvY2twaXRfMy5qcGciLCJzbGlkZXNob3ciOiI1YzZkY2I3In0%3D\" href=\"https:\/\/prolexia.fr\/wp-content\/uploads\/2020\/04\/helico_cockpit_3.jpg\"><figure class=\"swiper-slide-inner\"><img decoding=\"async\" class=\"swiper-slide-image\" src=\"https:\/\/prolexia.fr\/wp-content\/uploads\/2020\/04\/helico_cockpit_3-300x169.jpg\" alt=\"helico_cockpit_3\" \/><\/figure><\/a><\/div><div class=\"swiper-slide\" role=\"group\" aria-roledescription=\"slide\" aria-label=\"6 of 17\"><a data-elementor-open-lightbox=\"yes\" data-elementor-lightbox-slideshow=\"5c6dcb7\" data-elementor-lightbox-title=\"helico_pont_2\" data-e-action-hash=\"#elementor-action%3Aaction%3Dlightbox%26settings%3DeyJpZCI6MTM0MiwidXJsIjoiaHR0cHM6XC9cL3Byb2xleGlhLmZyXC93cC1jb250ZW50XC91cGxvYWRzXC8yMDIwXC8wNFwvaGVsaWNvX3BvbnRfMi5qcGciLCJzbGlkZXNob3ciOiI1YzZkY2I3In0%3D\" href=\"https:\/\/prolexia.fr\/wp-content\/uploads\/2020\/04\/helico_pont_2.jpg\"><figure class=\"swiper-slide-inner\"><img decoding=\"async\" class=\"swiper-slide-image\" src=\"https:\/\/prolexia.fr\/wp-content\/uploads\/2020\/04\/helico_pont_2-300x169.jpg\" alt=\"helico_pont_2\" \/><\/figure><\/a><\/div><div class=\"swiper-slide\" role=\"group\" aria-roledescription=\"slide\" aria-label=\"7 of 17\"><a data-elementor-open-lightbox=\"yes\" data-elementor-lightbox-slideshow=\"5c6dcb7\" data-elementor-lightbox-title=\"TerreMer_0\" data-e-action-hash=\"#elementor-action%3Aaction%3Dlightbox%26settings%3DeyJpZCI6MTM0MywidXJsIjoiaHR0cHM6XC9cL3Byb2xleGlhLmZyXC93cC1jb250ZW50XC91cGxvYWRzXC8yMDIwXC8wNFwvVGVycmVNZXJfMC5qcGciLCJzbGlkZXNob3ciOiI1YzZkY2I3In0%3D\" href=\"https:\/\/prolexia.fr\/wp-content\/uploads\/2020\/04\/TerreMer_0.jpg\"><figure class=\"swiper-slide-inner\"><img decoding=\"async\" class=\"swiper-slide-image\" src=\"https:\/\/prolexia.fr\/wp-content\/uploads\/2020\/04\/TerreMer_0-300x169.jpg\" alt=\"TerreMer_0\" \/><\/figure><\/a><\/div><div class=\"swiper-slide\" role=\"group\" aria-roledescription=\"slide\" aria-label=\"8 of 17\"><a data-elementor-open-lightbox=\"yes\" data-elementor-lightbox-slideshow=\"5c6dcb7\" data-elementor-lightbox-title=\"TerreMer_1\" data-e-action-hash=\"#elementor-action%3Aaction%3Dlightbox%26settings%3DeyJpZCI6MTM0NCwidXJsIjoiaHR0cHM6XC9cL3Byb2xleGlhLmZyXC93cC1jb250ZW50XC91cGxvYWRzXC8yMDIwXC8wNFwvVGVycmVNZXJfMS5qcGciLCJzbGlkZXNob3ciOiI1YzZkY2I3In0%3D\" href=\"https:\/\/prolexia.fr\/wp-content\/uploads\/2020\/04\/TerreMer_1.jpg\"><figure class=\"swiper-slide-inner\"><img decoding=\"async\" class=\"swiper-slide-image\" src=\"https:\/\/prolexia.fr\/wp-content\/uploads\/2020\/04\/TerreMer_1-300x169.jpg\" alt=\"TerreMer_1\" \/><\/figure><\/a><\/div><div class=\"swiper-slide\" role=\"group\" aria-roledescription=\"slide\" aria-label=\"9 of 17\"><a data-elementor-open-lightbox=\"yes\" data-elementor-lightbox-slideshow=\"5c6dcb7\" data-elementor-lightbox-title=\"TerreMer_2\" data-e-action-hash=\"#elementor-action%3Aaction%3Dlightbox%26settings%3DeyJpZCI6MTM0NSwidXJsIjoiaHR0cHM6XC9cL3Byb2xleGlhLmZyXC93cC1jb250ZW50XC91cGxvYWRzXC8yMDIwXC8wNFwvVGVycmVNZXJfMi5qcGciLCJzbGlkZXNob3ciOiI1YzZkY2I3In0%3D\" href=\"https:\/\/prolexia.fr\/wp-content\/uploads\/2020\/04\/TerreMer_2.jpg\"><figure class=\"swiper-slide-inner\"><img decoding=\"async\" class=\"swiper-slide-image\" src=\"https:\/\/prolexia.fr\/wp-content\/uploads\/2020\/04\/TerreMer_2-300x169.jpg\" alt=\"TerreMer_2\" \/><\/figure><\/a><\/div><div class=\"swiper-slide\" role=\"group\" aria-roledescription=\"slide\" aria-label=\"10 of 17\"><a data-elementor-open-lightbox=\"yes\" data-elementor-lightbox-slideshow=\"5c6dcb7\" data-elementor-lightbox-title=\"TerreMer_3\" data-e-action-hash=\"#elementor-action%3Aaction%3Dlightbox%26settings%3DeyJpZCI6MTM0NiwidXJsIjoiaHR0cHM6XC9cL3Byb2xleGlhLmZyXC93cC1jb250ZW50XC91cGxvYWRzXC8yMDIwXC8wNFwvVGVycmVNZXJfMy5qcGciLCJzbGlkZXNob3ciOiI1YzZkY2I3In0%3D\" href=\"https:\/\/prolexia.fr\/wp-content\/uploads\/2020\/04\/TerreMer_3.jpg\"><figure class=\"swiper-slide-inner\"><img decoding=\"async\" class=\"swiper-slide-image\" src=\"https:\/\/prolexia.fr\/wp-content\/uploads\/2020\/04\/TerreMer_3-300x169.jpg\" alt=\"TerreMer_3\" \/><\/figure><\/a><\/div><div class=\"swiper-slide\" role=\"group\" aria-roledescription=\"slide\" aria-label=\"11 of 17\"><a data-elementor-open-lightbox=\"yes\" data-elementor-lightbox-slideshow=\"5c6dcb7\" data-elementor-lightbox-title=\"Thalia3D09\" data-e-action-hash=\"#elementor-action%3Aaction%3Dlightbox%26settings%3DeyJpZCI6NzUwLCJ1cmwiOiJodHRwczpcL1wvcHJvbGV4aWEuZnJcL3dwLWNvbnRlbnRcL3VwbG9hZHNcLzIwMjBcLzAzXC9waWMwOS5qcGciLCJzbGlkZXNob3ciOiI1YzZkY2I3In0%3D\" href=\"https:\/\/prolexia.fr\/wp-content\/uploads\/2020\/03\/pic09.jpg\"><figure class=\"swiper-slide-inner\"><img decoding=\"async\" class=\"swiper-slide-image\" src=\"https:\/\/prolexia.fr\/wp-content\/uploads\/2020\/03\/pic09-300x163.jpg\" alt=\"Thalia3D09\" \/><\/figure><\/a><\/div><div class=\"swiper-slide\" role=\"group\" aria-roledescription=\"slide\" aria-label=\"12 of 17\"><a data-elementor-open-lightbox=\"yes\" data-elementor-lightbox-slideshow=\"5c6dcb7\" data-elementor-lightbox-title=\"Thalia3D01\" data-e-action-hash=\"#elementor-action%3Aaction%3Dlightbox%26settings%3DeyJpZCI6NzQzLCJ1cmwiOiJodHRwczpcL1wvcHJvbGV4aWEuZnJcL3dwLWNvbnRlbnRcL3VwbG9hZHNcLzIwMjBcLzAzXC9waWMwMS01LmpwZyIsInNsaWRlc2hvdyI6IjVjNmRjYjcifQ%3D%3D\" href=\"https:\/\/prolexia.fr\/wp-content\/uploads\/2020\/03\/pic01-5.jpg\"><figure class=\"swiper-slide-inner\"><img decoding=\"async\" class=\"swiper-slide-image\" src=\"https:\/\/prolexia.fr\/wp-content\/uploads\/2020\/03\/pic01-5-300x163.jpg\" alt=\"Thalia3D01\" \/><\/figure><\/a><\/div><div class=\"swiper-slide\" role=\"group\" aria-roledescription=\"slide\" aria-label=\"13 of 17\"><a data-elementor-open-lightbox=\"yes\" data-elementor-lightbox-slideshow=\"5c6dcb7\" data-elementor-lightbox-title=\"NAUTIC02\" data-e-action-hash=\"#elementor-action%3Aaction%3Dlightbox%26settings%3DeyJpZCI6MTAxNCwidXJsIjoiaHR0cHM6XC9cL3Byb2xleGlhLmZyXC93cC1jb250ZW50XC91cGxvYWRzXC8yMDIwXC8wNFwvMDItMi5qcGciLCJzbGlkZXNob3ciOiI1YzZkY2I3In0%3D\" href=\"https:\/\/prolexia.fr\/wp-content\/uploads\/2020\/04\/02-2.jpg\"><figure class=\"swiper-slide-inner\"><img decoding=\"async\" class=\"swiper-slide-image\" src=\"https:\/\/prolexia.fr\/wp-content\/uploads\/2020\/04\/02-2-300x148.jpg\" alt=\"NAUTIC02\" \/><\/figure><\/a><\/div><div class=\"swiper-slide\" role=\"group\" aria-roledescription=\"slide\" aria-label=\"14 of 17\"><a data-elementor-open-lightbox=\"yes\" data-elementor-lightbox-slideshow=\"5c6dcb7\" data-elementor-lightbox-title=\"NAUTIC01\" data-e-action-hash=\"#elementor-action%3Aaction%3Dlightbox%26settings%3DeyJpZCI6MTAxMywidXJsIjoiaHR0cHM6XC9cL3Byb2xleGlhLmZyXC93cC1jb250ZW50XC91cGxvYWRzXC8yMDIwXC8wNFwvMDEtMi5qcGciLCJzbGlkZXNob3ciOiI1YzZkY2I3In0%3D\" href=\"https:\/\/prolexia.fr\/wp-content\/uploads\/2020\/04\/01-2.jpg\"><figure class=\"swiper-slide-inner\"><img decoding=\"async\" class=\"swiper-slide-image\" src=\"https:\/\/prolexia.fr\/wp-content\/uploads\/2020\/04\/01-2-300x147.jpg\" alt=\"NAUTIC01\" \/><\/figure><\/a><\/div><div class=\"swiper-slide\" role=\"group\" aria-roledescription=\"slide\" aria-label=\"15 of 17\"><a data-elementor-open-lightbox=\"yes\" data-elementor-lightbox-slideshow=\"5c6dcb7\" data-elementor-lightbox-title=\"FCM05\" data-e-action-hash=\"#elementor-action%3Aaction%3Dlightbox%26settings%3DeyJpZCI6OTEzLCJ1cmwiOiJodHRwczpcL1wvcHJvbGV4aWEuZnJcL3dwLWNvbnRlbnRcL3VwbG9hZHNcLzIwMjBcLzAzXC9waWMwNS0zLmpwZyIsInNsaWRlc2hvdyI6IjVjNmRjYjcifQ%3D%3D\" href=\"https:\/\/prolexia.fr\/wp-content\/uploads\/2020\/03\/pic05-3.jpg\"><figure class=\"swiper-slide-inner\"><img decoding=\"async\" class=\"swiper-slide-image\" src=\"https:\/\/prolexia.fr\/wp-content\/uploads\/2020\/03\/pic05-3-300x169.jpg\" alt=\"FCM05\" \/><\/figure><\/a><\/div><div class=\"swiper-slide\" role=\"group\" aria-roledescription=\"slide\" aria-label=\"16 of 17\"><a data-elementor-open-lightbox=\"yes\" data-elementor-lightbox-slideshow=\"5c6dcb7\" data-elementor-lightbox-title=\"FCM04\" data-e-action-hash=\"#elementor-action%3Aaction%3Dlightbox%26settings%3DeyJpZCI6OTEyLCJ1cmwiOiJodHRwczpcL1wvcHJvbGV4aWEuZnJcL3dwLWNvbnRlbnRcL3VwbG9hZHNcLzIwMjBcLzAzXC9waWMwNC03LmpwZyIsInNsaWRlc2hvdyI6IjVjNmRjYjcifQ%3D%3D\" href=\"https:\/\/prolexia.fr\/wp-content\/uploads\/2020\/03\/pic04-7.jpg\"><figure class=\"swiper-slide-inner\"><img decoding=\"async\" class=\"swiper-slide-image\" src=\"https:\/\/prolexia.fr\/wp-content\/uploads\/2020\/03\/pic04-7-300x169.jpg\" alt=\"FCM04\" \/><\/figure><\/a><\/div><div class=\"swiper-slide\" role=\"group\" aria-roledescription=\"slide\" aria-label=\"17 of 17\"><a data-elementor-open-lightbox=\"yes\" data-elementor-lightbox-slideshow=\"5c6dcb7\" data-elementor-lightbox-title=\"GF01\" data-e-action-hash=\"#elementor-action%3Aaction%3Dlightbox%26settings%3DeyJpZCI6NjkzLCJ1cmwiOiJodHRwczpcL1wvcHJvbGV4aWEuZnJcL3dwLWNvbnRlbnRcL3VwbG9hZHNcLzIwMjBcLzAzXC9waWMwMS0zLmpwZyIsInNsaWRlc2hvdyI6IjVjNmRjYjcifQ%3D%3D\" href=\"https:\/\/prolexia.fr\/wp-content\/uploads\/2020\/03\/pic01-3.jpg\"><figure class=\"swiper-slide-inner\"><img decoding=\"async\" class=\"swiper-slide-image\" src=\"https:\/\/prolexia.fr\/wp-content\/uploads\/2020\/03\/pic01-3-300x169.jpg\" alt=\"GF01\" \/><\/figure><\/a><\/div>\t\t\t<\/div>\n\t\t\t\t\t\t\t\t\t\t\t\t<div class=\"elementor-swiper-button elementor-swiper-button-prev\" role=\"button\" tabindex=\"0\">\n\t\t\t\t\t\t<i aria-hidden=\"true\" class=\"eicon-chevron-left\"><\/i>\t\t\t\t\t<\/div>\n\t\t\t\t\t<div class=\"elementor-swiper-button elementor-swiper-button-next\" role=\"button\" tabindex=\"0\">\n\t\t\t\t\t\t<i aria-hidden=\"true\" class=\"eicon-chevron-right\"><\/i>\t\t\t\t\t<\/div>\n\t\t\t\t\n\t\t\t\t\t\t\t\t\t<div class=\"swiper-pagination\"><\/div>\n\t\t\t\t\t\t\t\t\t<\/div>\n\t\t\t\t\t\t<\/div>\n\t\t\t\t<\/div>\n\t\t\t\t\t<\/div>\n\t\t<\/div>\n\t\t\t\t\t<\/div>\n\t\t<\/section>\n\t\t\t\t\t<\/div>\n\t\t<\/div>\n\t\t\t\t\t<\/div>\n\t\t<\/section>\n\t\t\t\t<\/div>\n\t\t","protected":false},"excerpt":{"rendered":"<p>ADVANSYS WEB est le framework javascript utilis\u00e9 par PROLEXIA pour d\u00e9velopper des applications web 3D supportant la r\u00e9alit\u00e9 virtuelle. Pr\u00e9c\u00e9dent Suivant<\/p>\n","protected":false},"author":1,"featured_media":0,"parent":0,"menu_order":0,"comment_status":"closed","ping_status":"closed","template":"elementor_header_footer","meta":{"footnotes":""},"class_list":["post-1325","page","type-page","status-publish","hentry"],"_links":{"self":[{"href":"https:\/\/prolexia.fr\/fr\/wp-json\/wp\/v2\/pages\/1325","targetHints":{"allow":["GET"]}}],"collection":[{"href":"https:\/\/prolexia.fr\/fr\/wp-json\/wp\/v2\/pages"}],"about":[{"href":"https:\/\/prolexia.fr\/fr\/wp-json\/wp\/v2\/types\/page"}],"author":[{"embeddable":true,"href":"https:\/\/prolexia.fr\/fr\/wp-json\/wp\/v2\/users\/1"}],"replies":[{"embeddable":true,"href":"https:\/\/prolexia.fr\/fr\/wp-json\/wp\/v2\/comments?post=1325"}],"version-history":[{"count":6,"href":"https:\/\/prolexia.fr\/fr\/wp-json\/wp\/v2\/pages\/1325\/revisions"}],"predecessor-version":[{"id":1519,"href":"https:\/\/prolexia.fr\/fr\/wp-json\/wp\/v2\/pages\/1325\/revisions\/1519"}],"wp:attachment":[{"href":"https:\/\/prolexia.fr\/fr\/wp-json\/wp\/v2\/media?parent=1325"}],"curies":[{"name":"wp","href":"https:\/\/api.w.org\/{rel}","templated":true}]}}