{"id":1507,"date":"2020-05-20T09:14:23","date_gmt":"2020-05-20T07:14:23","guid":{"rendered":"https:\/\/prolexia.fr\/?page_id=1507"},"modified":"2020-05-20T09:17:56","modified_gmt":"2020-05-20T07:17:56","slug":"fitstation","status":"publish","type":"page","link":"https:\/\/prolexia.fr\/fr\/fitstation\/","title":{"rendered":"FitStation"},"content":{"rendered":"\t\t<div data-elementor-type=\"wp-page\" data-elementor-id=\"1507\" class=\"elementor elementor-1507\">\n\t\t\t\t\t\t<section class=\"has_eae_slider elementor-section elementor-top-section elementor-element elementor-element-4e24467 elementor-section-stretched elementor-section-full_width elementor-section-height-default elementor-section-height-default\" data-eae-slider=\"45630\" data-id=\"4e24467\" data-element_type=\"section\" data-e-type=\"section\" data-settings=\"{&quot;stretch_section&quot;:&quot;section-stretched&quot;}\">\n\t\t\t\t\t\t<div class=\"elementor-container elementor-column-gap-no\">\n\t\t\t\t\t<div class=\"has_eae_slider elementor-column elementor-col-100 elementor-top-column elementor-element elementor-element-3a4c370\" data-eae-slider=\"68662\" data-id=\"3a4c370\" data-element_type=\"column\" data-e-type=\"column\">\n\t\t\t<div class=\"elementor-widget-wrap elementor-element-populated\">\n\t\t\t\t\t\t<section class=\"has_eae_slider elementor-section elementor-inner-section elementor-element elementor-element-a663b64 elementor-section-boxed elementor-section-height-default elementor-section-height-default\" data-eae-slider=\"58962\" data-id=\"a663b64\" data-element_type=\"section\" data-e-type=\"section\">\n\t\t\t\t\t\t<div class=\"elementor-container elementor-column-gap-default\">\n\t\t\t\t\t<div class=\"has_eae_slider elementor-column elementor-col-100 elementor-inner-column elementor-element elementor-element-e52bee9\" data-eae-slider=\"87883\" data-id=\"e52bee9\" data-element_type=\"column\" data-e-type=\"column\">\n\t\t\t<div class=\"elementor-widget-wrap elementor-element-populated\">\n\t\t\t\t\t\t<div class=\"elementor-element elementor-element-23c25bb elementor-widget elementor-widget-text-editor\" data-id=\"23c25bb\" data-element_type=\"widget\" data-e-type=\"widget\" data-widget_type=\"text-editor.default\">\n\t\t\t\t<div class=\"elementor-widget-container\">\n\t\t\t\t\t\t\t\t\t<p style=\"font-weight: 400;\">FitStation est un module 3D de cr\u00e9ation de stations d&rsquo;exercices en plein air d\u00e9velopp\u00e9 par PROLEXIA pour la soci\u00e9t\u00e9 FitPark\u00ae sp\u00e9cialis\u00e9e dans la conception et fabrication d&rsquo;agr\u00e8s de fitness d\u2019ext\u00e9rieur.<\/p><p style=\"font-weight: 400;\">Ce module permet \u00e0 tous, de composer sa propre station et d&rsquo;y ajouter\/retirer les \u00e9l\u00e9ments qu&rsquo;il d\u00e9sire. Une fois la construction termin\u00e9e, l&rsquo;utilisateur peut visualiser l&rsquo;espace n\u00e9cessaire pour l\u2019installation r\u00e9elle de cette station ainsi que le d\u00e9tail des muscles (et des parties du corps) qui seront sollicit\u00e9s lors des exercices. Il est ensuite possible d&rsquo;imprimer le r\u00e9sultat pouvant faciliter la communication avec un distributeur ou avec FitPark\u00ae quant \u00e0 la cr\u00e9ation d&rsquo;un devis.<\/p>\t\t\t\t\t\t\t\t<\/div>\n\t\t\t\t<\/div>\n\t\t\t\t<div class=\"elementor-element elementor-element-994d65d elementor-arrows-position-inside elementor-pagination-position-outside elementor-widget elementor-widget-image-carousel\" data-id=\"994d65d\" data-element_type=\"widget\" data-e-type=\"widget\" data-settings=\"{&quot;navigation&quot;:&quot;both&quot;,&quot;autoplay&quot;:&quot;yes&quot;,&quot;pause_on_hover&quot;:&quot;yes&quot;,&quot;pause_on_interaction&quot;:&quot;yes&quot;,&quot;autoplay_speed&quot;:5000,&quot;infinite&quot;:&quot;yes&quot;,&quot;speed&quot;:500}\" data-widget_type=\"image-carousel.default\">\n\t\t\t\t<div class=\"elementor-widget-container\">\n\t\t\t\t\t\t\t<div class=\"elementor-image-carousel-wrapper swiper\" role=\"region\" aria-roledescription=\"carousel\" aria-label=\"Carrousel d\u2019images\" dir=\"ltr\">\n\t\t\t<div class=\"elementor-image-carousel swiper-wrapper\" aria-live=\"off\">\n\t\t\t\t\t\t\t\t<div class=\"swiper-slide\" role=\"group\" aria-roledescription=\"slide\" aria-label=\"1 sur 5\"><a data-elementor-open-lightbox=\"yes\" data-elementor-lightbox-slideshow=\"994d65d\" data-elementor-lightbox-title=\"FitStation01\" data-e-action-hash=\"#elementor-action%3Aaction%3Dlightbox%26settings%3DeyJpZCI6MTUwOSwidXJsIjoiaHR0cHM6XC9cL3Byb2xleGlhLmZyXC93cC1jb250ZW50XC91cGxvYWRzXC8yMDIwXC8wNVwvMDEuanBnIiwic2xpZGVzaG93IjoiOTk0ZDY1ZCJ9\" href=\"https:\/\/prolexia.fr\/wp-content\/uploads\/2020\/05\/01.jpg\"><figure class=\"swiper-slide-inner\"><img decoding=\"async\" class=\"swiper-slide-image\" src=\"https:\/\/prolexia.fr\/wp-content\/uploads\/2020\/05\/01-300x163.jpg\" alt=\"FitStation01\" \/><\/figure><\/a><\/div><div class=\"swiper-slide\" role=\"group\" aria-roledescription=\"slide\" aria-label=\"2 sur 5\"><a data-elementor-open-lightbox=\"yes\" data-elementor-lightbox-slideshow=\"994d65d\" data-elementor-lightbox-title=\"FitStation02\" data-e-action-hash=\"#elementor-action%3Aaction%3Dlightbox%26settings%3DeyJpZCI6MTUxMCwidXJsIjoiaHR0cHM6XC9cL3Byb2xleGlhLmZyXC93cC1jb250ZW50XC91cGxvYWRzXC8yMDIwXC8wNVwvMDIuanBnIiwic2xpZGVzaG93IjoiOTk0ZDY1ZCJ9\" href=\"https:\/\/prolexia.fr\/wp-content\/uploads\/2020\/05\/02.jpg\"><figure class=\"swiper-slide-inner\"><img decoding=\"async\" class=\"swiper-slide-image\" src=\"https:\/\/prolexia.fr\/wp-content\/uploads\/2020\/05\/02-300x163.jpg\" alt=\"FitStation02\" \/><\/figure><\/a><\/div><div class=\"swiper-slide\" role=\"group\" aria-roledescription=\"slide\" aria-label=\"3 sur 5\"><a data-elementor-open-lightbox=\"yes\" data-elementor-lightbox-slideshow=\"994d65d\" data-elementor-lightbox-title=\"FitStation03\" data-e-action-hash=\"#elementor-action%3Aaction%3Dlightbox%26settings%3DeyJpZCI6MTUxMSwidXJsIjoiaHR0cHM6XC9cL3Byb2xleGlhLmZyXC93cC1jb250ZW50XC91cGxvYWRzXC8yMDIwXC8wNVwvMDMuanBnIiwic2xpZGVzaG93IjoiOTk0ZDY1ZCJ9\" href=\"https:\/\/prolexia.fr\/wp-content\/uploads\/2020\/05\/03.jpg\"><figure class=\"swiper-slide-inner\"><img decoding=\"async\" class=\"swiper-slide-image\" src=\"https:\/\/prolexia.fr\/wp-content\/uploads\/2020\/05\/03-300x168.jpg\" alt=\"FitStation03\" \/><\/figure><\/a><\/div><div class=\"swiper-slide\" role=\"group\" aria-roledescription=\"slide\" aria-label=\"4 sur 5\"><a data-elementor-open-lightbox=\"yes\" data-elementor-lightbox-slideshow=\"994d65d\" data-elementor-lightbox-title=\"FitStation04\" data-e-action-hash=\"#elementor-action%3Aaction%3Dlightbox%26settings%3DeyJpZCI6MTUxMiwidXJsIjoiaHR0cHM6XC9cL3Byb2xleGlhLmZyXC93cC1jb250ZW50XC91cGxvYWRzXC8yMDIwXC8wNVwvMDQuanBnIiwic2xpZGVzaG93IjoiOTk0ZDY1ZCJ9\" href=\"https:\/\/prolexia.fr\/wp-content\/uploads\/2020\/05\/04.jpg\"><figure class=\"swiper-slide-inner\"><img decoding=\"async\" class=\"swiper-slide-image\" src=\"https:\/\/prolexia.fr\/wp-content\/uploads\/2020\/05\/04-300x209.jpg\" alt=\"FitStation04\" \/><\/figure><\/a><\/div><div class=\"swiper-slide\" role=\"group\" aria-roledescription=\"slide\" aria-label=\"5 sur 5\"><a data-elementor-open-lightbox=\"yes\" data-elementor-lightbox-slideshow=\"994d65d\" data-elementor-lightbox-title=\"FitStation05\" data-e-action-hash=\"#elementor-action%3Aaction%3Dlightbox%26settings%3DeyJpZCI6MTUxMywidXJsIjoiaHR0cHM6XC9cL3Byb2xleGlhLmZyXC93cC1jb250ZW50XC91cGxvYWRzXC8yMDIwXC8wNVwvMDUuanBnIiwic2xpZGVzaG93IjoiOTk0ZDY1ZCJ9\" href=\"https:\/\/prolexia.fr\/wp-content\/uploads\/2020\/05\/05.jpg\"><figure class=\"swiper-slide-inner\"><img decoding=\"async\" class=\"swiper-slide-image\" src=\"https:\/\/prolexia.fr\/wp-content\/uploads\/2020\/05\/05-300x163.jpg\" alt=\"FitStation05\" \/><\/figure><\/a><\/div>\t\t\t<\/div>\n\t\t\t\t\t\t\t\t\t\t\t\t<div class=\"elementor-swiper-button elementor-swiper-button-prev\" role=\"button\" tabindex=\"0\">\n\t\t\t\t\t\t<i aria-hidden=\"true\" class=\"eicon-chevron-left\"><\/i>\t\t\t\t\t<\/div>\n\t\t\t\t\t<div class=\"elementor-swiper-button elementor-swiper-button-next\" role=\"button\" tabindex=\"0\">\n\t\t\t\t\t\t<i aria-hidden=\"true\" class=\"eicon-chevron-right\"><\/i>\t\t\t\t\t<\/div>\n\t\t\t\t\n\t\t\t\t\t\t\t\t\t<div class=\"swiper-pagination\"><\/div>\n\t\t\t\t\t\t\t\t\t<\/div>\n\t\t\t\t\t\t<\/div>\n\t\t\t\t<\/div>\n\t\t\t\t\t<\/div>\n\t\t<\/div>\n\t\t\t\t\t<\/div>\n\t\t<\/section>\n\t\t\t\t\t<\/div>\n\t\t<\/div>\n\t\t\t\t\t<\/div>\n\t\t<\/section>\n\t\t\t\t<\/div>\n\t\t","protected":false},"excerpt":{"rendered":"<p>FitStation est un module 3D de cr\u00e9ation de stations d&rsquo;exercices en plein air d\u00e9velopp\u00e9 par PROLEXIA pour la soci\u00e9t\u00e9 FitPark\u00ae sp\u00e9cialis\u00e9e dans la conception et fabrication d&rsquo;agr\u00e8s de fitness d\u2019ext\u00e9rieur. Ce module permet \u00e0 tous, de composer sa propre station et d&rsquo;y ajouter\/retirer les \u00e9l\u00e9ments qu&rsquo;il d\u00e9sire. Une fois la construction termin\u00e9e, l&rsquo;utilisateur peut visualiser [&hellip;]<\/p>\n","protected":false},"author":1,"featured_media":0,"parent":0,"menu_order":0,"comment_status":"closed","ping_status":"closed","template":"elementor_header_footer","meta":{"footnotes":""},"class_list":["post-1507","page","type-page","status-publish","hentry"],"_links":{"self":[{"href":"https:\/\/prolexia.fr\/fr\/wp-json\/wp\/v2\/pages\/1507","targetHints":{"allow":["GET"]}}],"collection":[{"href":"https:\/\/prolexia.fr\/fr\/wp-json\/wp\/v2\/pages"}],"about":[{"href":"https:\/\/prolexia.fr\/fr\/wp-json\/wp\/v2\/types\/page"}],"author":[{"embeddable":true,"href":"https:\/\/prolexia.fr\/fr\/wp-json\/wp\/v2\/users\/1"}],"replies":[{"embeddable":true,"href":"https:\/\/prolexia.fr\/fr\/wp-json\/wp\/v2\/comments?post=1507"}],"version-history":[{"count":3,"href":"https:\/\/prolexia.fr\/fr\/wp-json\/wp\/v2\/pages\/1507\/revisions"}],"predecessor-version":[{"id":1516,"href":"https:\/\/prolexia.fr\/fr\/wp-json\/wp\/v2\/pages\/1507\/revisions\/1516"}],"wp:attachment":[{"href":"https:\/\/prolexia.fr\/fr\/wp-json\/wp\/v2\/media?parent=1507"}],"curies":[{"name":"wp","href":"https:\/\/api.w.org\/{rel}","templated":true}]}}