{"id":311,"date":"2020-02-24T15:46:08","date_gmt":"2020-02-24T14:46:08","guid":{"rendered":"http:\/\/127.0.0.1\/?page_id=311"},"modified":"2024-05-21T12:01:37","modified_gmt":"2024-05-21T10:01:37","slug":"domaines","status":"publish","type":"page","link":"https:\/\/prolexia.fr\/fr\/domaines\/","title":{"rendered":"Domaines"},"content":{"rendered":"\t\t<div data-elementor-type=\"wp-page\" data-elementor-id=\"311\" class=\"elementor elementor-311\">\n\t\t\t\t\t\t<section class=\"has_eae_slider elementor-section elementor-top-section elementor-element elementor-element-1ce92c16 elementor-section-boxed elementor-section-height-default elementor-section-height-default\" data-eae-slider=\"90339\" data-id=\"1ce92c16\" data-element_type=\"section\" data-e-type=\"section\">\n\t\t\t\t\t\t<div class=\"elementor-container elementor-column-gap-no\">\n\t\t\t\t\t<div class=\"has_eae_slider elementor-column elementor-col-100 elementor-top-column elementor-element elementor-element-38b69468\" data-eae-slider=\"10230\" data-id=\"38b69468\" data-element_type=\"column\" data-e-type=\"column\">\n\t\t\t<div class=\"elementor-widget-wrap elementor-element-populated\">\n\t\t\t\t\t\t<section class=\"has_eae_slider elementor-section elementor-inner-section elementor-element elementor-element-13b9cadc elementor-section-boxed elementor-section-height-default elementor-section-height-default\" data-eae-slider=\"20894\" data-id=\"13b9cadc\" data-element_type=\"section\" data-e-type=\"section\">\n\t\t\t\t\t\t<div class=\"elementor-container elementor-column-gap-default\">\n\t\t\t\t\t<div data-wts-url=\"\/defense-securite\/\" data-wts-link=\"yes\" data-wts-new-window=\"\" class=\"has_eae_slider elementor-column elementor-col-25 elementor-inner-column elementor-element elementor-element-7c16738f ae-link-yes\" data-eae-slider=\"70841\" data-id=\"7c16738f\" data-element_type=\"column\" data-e-type=\"column\" data-settings=\"{&quot;animation&quot;:&quot;none&quot;}\">\n\t\t\t<div class=\"elementor-widget-wrap elementor-element-populated\">\n\t\t\t\t\t\t<div class=\"elementor-element elementor-element-613905c elementor-widget elementor-widget-image\" data-id=\"613905c\" data-element_type=\"widget\" data-e-type=\"widget\" data-widget_type=\"image.default\">\n\t\t\t\t<div class=\"elementor-widget-container\">\n\t\t\t\t\t\t\t\t\t\t\t\t\t\t\t<img fetchpriority=\"high\" decoding=\"async\" width=\"435\" height=\"244\" src=\"https:\/\/prolexia.fr\/wp-content\/uploads\/2020\/02\/Defence.jpg\" class=\"attachment-large size-large wp-image-305\" alt=\"\" srcset=\"https:\/\/prolexia.fr\/wp-content\/uploads\/2020\/02\/Defence.jpg 435w, https:\/\/prolexia.fr\/wp-content\/uploads\/2020\/02\/Defence-300x168.jpg 300w\" sizes=\"(max-width: 435px) 100vw, 435px\" \/>\t\t\t\t\t\t\t\t\t\t\t\t\t\t\t<\/div>\n\t\t\t\t<\/div>\n\t\t\t\t<div class=\"elementor-element elementor-element-5e84a390 elementor-widget elementor-widget-heading\" data-id=\"5e84a390\" data-element_type=\"widget\" data-e-type=\"widget\" data-widget_type=\"heading.default\">\n\t\t\t\t<div class=\"elementor-widget-container\">\n\t\t\t\t\t<h4 class=\"elementor-heading-title elementor-size-default\">D\u00c9FENSE<br \/>S\u00c9CURIT\u00c9<\/h4>\t\t\t\t<\/div>\n\t\t\t\t<\/div>\n\t\t\t\t\t<\/div>\n\t\t<\/div>\n\t\t\t\t<div data-wts-url=\"\/tourisme\/\" data-wts-link=\"yes\" data-wts-new-window=\"\" class=\"has_eae_slider elementor-column elementor-col-25 elementor-inner-column elementor-element elementor-element-c508266 ae-link-yes\" data-eae-slider=\"51836\" data-id=\"c508266\" data-element_type=\"column\" data-e-type=\"column\">\n\t\t\t<div class=\"elementor-widget-wrap elementor-element-populated\">\n\t\t\t\t\t\t<div class=\"elementor-element elementor-element-350d911d elementor-widget elementor-widget-image\" data-id=\"350d911d\" data-element_type=\"widget\" data-e-type=\"widget\" data-widget_type=\"image.default\">\n\t\t\t\t<div class=\"elementor-widget-container\">\n\t\t\t\t\t\t\t\t\t\t\t\t\t\t\t<img decoding=\"async\" width=\"435\" height=\"244\" src=\"https:\/\/prolexia.fr\/wp-content\/uploads\/2020\/02\/Tourism.jpg\" class=\"attachment-large size-large wp-image-308\" alt=\"\" srcset=\"https:\/\/prolexia.fr\/wp-content\/uploads\/2020\/02\/Tourism.jpg 435w, https:\/\/prolexia.fr\/wp-content\/uploads\/2020\/02\/Tourism-300x168.jpg 300w\" sizes=\"(max-width: 435px) 100vw, 435px\" \/>\t\t\t\t\t\t\t\t\t\t\t\t\t\t\t<\/div>\n\t\t\t\t<\/div>\n\t\t\t\t<div class=\"elementor-element elementor-element-6fe3a10b elementor-widget elementor-widget-heading\" data-id=\"6fe3a10b\" data-element_type=\"widget\" data-e-type=\"widget\" data-widget_type=\"heading.default\">\n\t\t\t\t<div class=\"elementor-widget-container\">\n\t\t\t\t\t<h4 class=\"elementor-heading-title elementor-size-default\">TOURISME<br \/>LOISIRS<\/h4>\t\t\t\t<\/div>\n\t\t\t\t<\/div>\n\t\t\t\t\t<\/div>\n\t\t<\/div>\n\t\t\t\t<div data-wts-url=\"\/education\/\" data-wts-link=\"yes\" data-wts-new-window=\"\" class=\"has_eae_slider elementor-column elementor-col-25 elementor-inner-column elementor-element elementor-element-3ba62463 ae-link-yes\" data-eae-slider=\"12024\" data-id=\"3ba62463\" data-element_type=\"column\" data-e-type=\"column\">\n\t\t\t<div class=\"elementor-widget-wrap elementor-element-populated\">\n\t\t\t\t\t\t<div class=\"elementor-element elementor-element-28a506d3 elementor-widget elementor-widget-image\" data-id=\"28a506d3\" data-element_type=\"widget\" data-e-type=\"widget\" data-widget_type=\"image.default\">\n\t\t\t\t<div class=\"elementor-widget-container\">\n\t\t\t\t\t\t\t\t\t\t\t\t\t\t\t<img decoding=\"async\" width=\"435\" height=\"244\" src=\"https:\/\/prolexia.fr\/wp-content\/uploads\/2020\/02\/Education.jpg\" class=\"attachment-large size-large wp-image-306\" alt=\"\" srcset=\"https:\/\/prolexia.fr\/wp-content\/uploads\/2020\/02\/Education.jpg 435w, https:\/\/prolexia.fr\/wp-content\/uploads\/2020\/02\/Education-300x168.jpg 300w\" sizes=\"(max-width: 435px) 100vw, 435px\" \/>\t\t\t\t\t\t\t\t\t\t\t\t\t\t\t<\/div>\n\t\t\t\t<\/div>\n\t\t\t\t<div class=\"elementor-element elementor-element-1867df40 elementor-widget elementor-widget-heading\" data-id=\"1867df40\" data-element_type=\"widget\" data-e-type=\"widget\" data-widget_type=\"heading.default\">\n\t\t\t\t<div class=\"elementor-widget-container\">\n\t\t\t\t\t<h4 class=\"elementor-heading-title elementor-size-default\">\u00c9DUCATION<\/h4>\t\t\t\t<\/div>\n\t\t\t\t<\/div>\n\t\t\t\t\t<\/div>\n\t\t<\/div>\n\t\t\t\t<div data-wts-url=\"\/oceanographie\/\" data-wts-link=\"yes\" data-wts-new-window=\"\" class=\"has_eae_slider elementor-column elementor-col-25 elementor-inner-column elementor-element elementor-element-5f17cdee ae-link-yes\" data-eae-slider=\"15925\" data-id=\"5f17cdee\" data-element_type=\"column\" data-e-type=\"column\">\n\t\t\t<div class=\"elementor-widget-wrap elementor-element-populated\">\n\t\t\t\t\t\t<div class=\"elementor-element elementor-element-4c0fad9c elementor-widget elementor-widget-image\" data-id=\"4c0fad9c\" data-element_type=\"widget\" data-e-type=\"widget\" data-widget_type=\"image.default\">\n\t\t\t\t<div class=\"elementor-widget-container\">\n\t\t\t\t\t\t\t\t\t\t\t\t\t\t\t<img loading=\"lazy\" decoding=\"async\" width=\"812\" height=\"457\" src=\"https:\/\/prolexia.fr\/wp-content\/uploads\/2020\/02\/Oceanography.jpg\" class=\"attachment-large size-large wp-image-307\" alt=\"\" srcset=\"https:\/\/prolexia.fr\/wp-content\/uploads\/2020\/02\/Oceanography.jpg 960w, https:\/\/prolexia.fr\/wp-content\/uploads\/2020\/02\/Oceanography-300x169.jpg 300w, https:\/\/prolexia.fr\/wp-content\/uploads\/2020\/02\/Oceanography-768x432.jpg 768w\" sizes=\"(max-width: 812px) 100vw, 812px\" \/>\t\t\t\t\t\t\t\t\t\t\t\t\t\t\t<\/div>\n\t\t\t\t<\/div>\n\t\t\t\t<div class=\"elementor-element elementor-element-719ad31e elementor-widget elementor-widget-heading\" data-id=\"719ad31e\" data-element_type=\"widget\" data-e-type=\"widget\" data-widget_type=\"heading.default\">\n\t\t\t\t<div class=\"elementor-widget-container\">\n\t\t\t\t\t<h4 class=\"elementor-heading-title elementor-size-default\">OC\u00c9ANOGRAPHIE<\/h4>\t\t\t\t<\/div>\n\t\t\t\t<\/div>\n\t\t\t\t\t<\/div>\n\t\t<\/div>\n\t\t\t\t\t<\/div>\n\t\t<\/section>\n\t\t\t\t<section class=\"has_eae_slider elementor-section elementor-inner-section elementor-element elementor-element-177b3a01 elementor-section-boxed elementor-section-height-default elementor-section-height-default\" data-eae-slider=\"81452\" data-id=\"177b3a01\" data-element_type=\"section\" data-e-type=\"section\">\n\t\t\t\t\t\t<div class=\"elementor-container elementor-column-gap-default\">\n\t\t\t\t\t<div data-wts-url=\"\/aeronautique-spatial\/\" data-wts-link=\"yes\" data-wts-new-window=\"\" class=\"has_eae_slider elementor-column elementor-col-25 elementor-inner-column elementor-element elementor-element-287c5309 ae-link-yes\" data-eae-slider=\"33456\" data-id=\"287c5309\" data-element_type=\"column\" data-e-type=\"column\">\n\t\t\t<div class=\"elementor-widget-wrap elementor-element-populated\">\n\t\t\t\t\t\t<div class=\"elementor-element elementor-element-29e9a4f9 elementor-widget elementor-widget-image\" data-id=\"29e9a4f9\" data-element_type=\"widget\" data-e-type=\"widget\" data-widget_type=\"image.default\">\n\t\t\t\t<div class=\"elementor-widget-container\">\n\t\t\t\t\t\t\t\t\t\t\t\t\t\t\t<img loading=\"lazy\" decoding=\"async\" width=\"812\" height=\"457\" src=\"https:\/\/prolexia.fr\/wp-content\/uploads\/2020\/04\/01-1-1024x576.jpg\" class=\"attachment-large size-large wp-image-988\" alt=\"\" srcset=\"https:\/\/prolexia.fr\/wp-content\/uploads\/2020\/04\/01-1-1024x576.jpg 1024w, https:\/\/prolexia.fr\/wp-content\/uploads\/2020\/04\/01-1-300x169.jpg 300w, https:\/\/prolexia.fr\/wp-content\/uploads\/2020\/04\/01-1-768x432.jpg 768w, https:\/\/prolexia.fr\/wp-content\/uploads\/2020\/04\/01-1-1536x864.jpg 1536w, https:\/\/prolexia.fr\/wp-content\/uploads\/2020\/04\/01-1.jpg 1920w\" sizes=\"(max-width: 812px) 100vw, 812px\" \/>\t\t\t\t\t\t\t\t\t\t\t\t\t\t\t<\/div>\n\t\t\t\t<\/div>\n\t\t\t\t<div class=\"elementor-element elementor-element-2affdec5 elementor-widget elementor-widget-heading\" data-id=\"2affdec5\" data-element_type=\"widget\" data-e-type=\"widget\" data-widget_type=\"heading.default\">\n\t\t\t\t<div class=\"elementor-widget-container\">\n\t\t\t\t\t<h4 class=\"elementor-heading-title elementor-size-default\">A\u00c9RONAUTIQUE<br \/>SPATIAL<\/h4>\t\t\t\t<\/div>\n\t\t\t\t<\/div>\n\t\t\t\t\t<\/div>\n\t\t<\/div>\n\t\t\t\t<div data-wts-url=\"\/transport\/\" data-wts-link=\"yes\" data-wts-new-window=\"\" class=\"has_eae_slider elementor-column elementor-col-25 elementor-inner-column elementor-element elementor-element-46c34892 ae-link-yes\" data-eae-slider=\"96758\" data-id=\"46c34892\" data-element_type=\"column\" data-e-type=\"column\">\n\t\t\t<div class=\"elementor-widget-wrap elementor-element-populated\">\n\t\t\t\t\t\t<div class=\"elementor-element elementor-element-7e2f0606 elementor-widget elementor-widget-image\" data-id=\"7e2f0606\" data-element_type=\"widget\" data-e-type=\"widget\" data-widget_type=\"image.default\">\n\t\t\t\t<div class=\"elementor-widget-container\">\n\t\t\t\t\t\t\t\t\t\t\t\t\t\t\t<img loading=\"lazy\" decoding=\"async\" width=\"300\" height=\"169\" src=\"https:\/\/prolexia.fr\/wp-content\/uploads\/2020\/04\/800px-Societe_de_transport_de_Montreal_bus_36-902_-_03-300x169.jpg\" class=\"attachment-medium size-medium wp-image-1223\" alt=\"\" srcset=\"https:\/\/prolexia.fr\/wp-content\/uploads\/2020\/04\/800px-Societe_de_transport_de_Montreal_bus_36-902_-_03-300x169.jpg 300w, https:\/\/prolexia.fr\/wp-content\/uploads\/2020\/04\/800px-Societe_de_transport_de_Montreal_bus_36-902_-_03-768x432.jpg 768w, https:\/\/prolexia.fr\/wp-content\/uploads\/2020\/04\/800px-Societe_de_transport_de_Montreal_bus_36-902_-_03.jpg 800w\" sizes=\"(max-width: 300px) 100vw, 300px\" \/>\t\t\t\t\t\t\t\t\t\t\t\t\t\t\t<\/div>\n\t\t\t\t<\/div>\n\t\t\t\t<div class=\"elementor-element elementor-element-268c0d49 elementor-widget elementor-widget-heading\" data-id=\"268c0d49\" data-element_type=\"widget\" data-e-type=\"widget\" data-widget_type=\"heading.default\">\n\t\t\t\t<div class=\"elementor-widget-container\">\n\t\t\t\t\t<h4 class=\"elementor-heading-title elementor-size-default\">TRANSPORT<\/h4>\t\t\t\t<\/div>\n\t\t\t\t<\/div>\n\t\t\t\t\t<\/div>\n\t\t<\/div>\n\t\t\t\t<div data-wts-url=\"\/construction\/\" data-wts-link=\"yes\" data-wts-new-window=\"\" class=\"has_eae_slider elementor-column elementor-col-25 elementor-inner-column elementor-element elementor-element-13ec5185 ae-link-yes\" data-eae-slider=\"65568\" data-id=\"13ec5185\" data-element_type=\"column\" data-e-type=\"column\">\n\t\t\t<div class=\"elementor-widget-wrap elementor-element-populated\">\n\t\t\t\t\t\t<div class=\"elementor-element elementor-element-1d5cd2cb elementor-widget elementor-widget-image\" data-id=\"1d5cd2cb\" data-element_type=\"widget\" data-e-type=\"widget\" data-widget_type=\"image.default\">\n\t\t\t\t<div class=\"elementor-widget-container\">\n\t\t\t\t\t\t\t\t\t\t\t\t\t\t\t<img loading=\"lazy\" decoding=\"async\" width=\"300\" height=\"169\" src=\"https:\/\/prolexia.fr\/wp-content\/uploads\/2020\/02\/EGbPeBdWkAApG5v2-300x169.jpg\" class=\"attachment-medium size-medium wp-image-406\" alt=\"\" srcset=\"https:\/\/prolexia.fr\/wp-content\/uploads\/2020\/02\/EGbPeBdWkAApG5v2-300x169.jpg 300w, https:\/\/prolexia.fr\/wp-content\/uploads\/2020\/02\/EGbPeBdWkAApG5v2-1024x576.jpg 1024w, https:\/\/prolexia.fr\/wp-content\/uploads\/2020\/02\/EGbPeBdWkAApG5v2-768x432.jpg 768w, https:\/\/prolexia.fr\/wp-content\/uploads\/2020\/02\/EGbPeBdWkAApG5v2.jpg 1200w\" sizes=\"(max-width: 300px) 100vw, 300px\" \/>\t\t\t\t\t\t\t\t\t\t\t\t\t\t\t<\/div>\n\t\t\t\t<\/div>\n\t\t\t\t<div class=\"elementor-element elementor-element-6c7342f6 elementor-widget elementor-widget-heading\" data-id=\"6c7342f6\" data-element_type=\"widget\" data-e-type=\"widget\" data-widget_type=\"heading.default\">\n\t\t\t\t<div class=\"elementor-widget-container\">\n\t\t\t\t\t<h4 class=\"elementor-heading-title elementor-size-default\">CONSTRUCTION<\/h4>\t\t\t\t<\/div>\n\t\t\t\t<\/div>\n\t\t\t\t\t<\/div>\n\t\t<\/div>\n\t\t\t\t<div data-wts-url=\"\/industrie\/\" data-wts-link=\"yes\" data-wts-new-window=\"\" class=\"has_eae_slider elementor-column elementor-col-25 elementor-inner-column elementor-element elementor-element-548ef4f2 ae-link-yes\" data-eae-slider=\"16301\" data-id=\"548ef4f2\" data-element_type=\"column\" data-e-type=\"column\">\n\t\t\t<div class=\"elementor-widget-wrap elementor-element-populated\">\n\t\t\t\t\t\t<div class=\"elementor-element elementor-element-4a123d5 elementor-widget elementor-widget-image\" data-id=\"4a123d5\" data-element_type=\"widget\" data-e-type=\"widget\" data-widget_type=\"image.default\">\n\t\t\t\t<div class=\"elementor-widget-container\">\n\t\t\t\t\t\t\t\t\t\t\t\t\t\t\t<img loading=\"lazy\" decoding=\"async\" width=\"640\" height=\"360\" src=\"https:\/\/prolexia.fr\/wp-content\/uploads\/2020\/02\/white-generator-set-near-industrial-machines-1468390.jpg\" class=\"attachment-large size-large wp-image-409\" alt=\"\" srcset=\"https:\/\/prolexia.fr\/wp-content\/uploads\/2020\/02\/white-generator-set-near-industrial-machines-1468390.jpg 640w, https:\/\/prolexia.fr\/wp-content\/uploads\/2020\/02\/white-generator-set-near-industrial-machines-1468390-300x169.jpg 300w\" sizes=\"(max-width: 640px) 100vw, 640px\" \/>\t\t\t\t\t\t\t\t\t\t\t\t\t\t\t<\/div>\n\t\t\t\t<\/div>\n\t\t\t\t<div class=\"elementor-element elementor-element-27fcf0d7 elementor-widget elementor-widget-heading\" data-id=\"27fcf0d7\" data-element_type=\"widget\" data-e-type=\"widget\" data-widget_type=\"heading.default\">\n\t\t\t\t<div class=\"elementor-widget-container\">\n\t\t\t\t\t<h4 class=\"elementor-heading-title elementor-size-default\">INDUSTRIE<br \/>COMMERCE<\/h4>\t\t\t\t<\/div>\n\t\t\t\t<\/div>\n\t\t\t\t\t<\/div>\n\t\t<\/div>\n\t\t\t\t\t<\/div>\n\t\t<\/section>\n\t\t\t\t\t<\/div>\n\t\t<\/div>\n\t\t\t\t\t<\/div>\n\t\t<\/section>\n\t\t\t\t<\/div>\n\t\t","protected":false},"excerpt":{"rendered":"<p>D\u00c9FENSES\u00c9CURIT\u00c9 TOURISMELOISIRS \u00c9DUCATION OC\u00c9ANOGRAPHIE A\u00c9RONAUTIQUESPATIAL TRANSPORT CONSTRUCTION INDUSTRIECOMMERCE<\/p>\n","protected":false},"author":1,"featured_media":0,"parent":0,"menu_order":0,"comment_status":"closed","ping_status":"closed","template":"elementor_header_footer","meta":{"footnotes":""},"class_list":["post-311","page","type-page","status-publish","hentry"],"_links":{"self":[{"href":"https:\/\/prolexia.fr\/fr\/wp-json\/wp\/v2\/pages\/311","targetHints":{"allow":["GET"]}}],"collection":[{"href":"https:\/\/prolexia.fr\/fr\/wp-json\/wp\/v2\/pages"}],"about":[{"href":"https:\/\/prolexia.fr\/fr\/wp-json\/wp\/v2\/types\/page"}],"author":[{"embeddable":true,"href":"https:\/\/prolexia.fr\/fr\/wp-json\/wp\/v2\/users\/1"}],"replies":[{"embeddable":true,"href":"https:\/\/prolexia.fr\/fr\/wp-json\/wp\/v2\/comments?post=311"}],"version-history":[{"count":31,"href":"https:\/\/prolexia.fr\/fr\/wp-json\/wp\/v2\/pages\/311\/revisions"}],"predecessor-version":[{"id":2600,"href":"https:\/\/prolexia.fr\/fr\/wp-json\/wp\/v2\/pages\/311\/revisions\/2600"}],"wp:attachment":[{"href":"https:\/\/prolexia.fr\/fr\/wp-json\/wp\/v2\/media?parent=311"}],"curies":[{"name":"wp","href":"https:\/\/api.w.org\/{rel}","templated":true}]}}