{"id":330,"date":"2020-02-24T17:09:00","date_gmt":"2020-02-24T16:09:00","guid":{"rendered":"http:\/\/127.0.0.1\/?page_id=330"},"modified":"2024-05-21T12:02:31","modified_gmt":"2024-05-21T10:02:31","slug":"activities","status":"publish","type":"page","link":"https:\/\/prolexia.fr\/fr\/activities\/","title":{"rendered":"Activit\u00e9s"},"content":{"rendered":"\t\t<div data-elementor-type=\"wp-page\" data-elementor-id=\"330\" class=\"elementor elementor-330\">\n\t\t\t\t\t\t<section class=\"has_eae_slider elementor-section elementor-top-section elementor-element elementor-element-3f112a3 elementor-section-boxed elementor-section-height-default elementor-section-height-default\" data-eae-slider=\"91730\" data-id=\"3f112a3\" data-element_type=\"section\" data-e-type=\"section\">\n\t\t\t\t\t\t<div class=\"elementor-container elementor-column-gap-default\">\n\t\t\t\t\t<div data-wts-url=\"\/simulation-serious-game\/\" data-wts-link=\"yes\" data-wts-new-window=\"\" class=\"has_eae_slider elementor-column elementor-col-25 elementor-top-column elementor-element elementor-element-e6a1814 ae-link-yes\" data-eae-slider=\"54621\" data-id=\"e6a1814\" data-element_type=\"column\" data-e-type=\"column\">\n\t\t\t<div class=\"elementor-widget-wrap elementor-element-populated\">\n\t\t\t\t\t\t<div class=\"elementor-element elementor-element-941bcb5 elementor-widget elementor-widget-image\" data-id=\"941bcb5\" data-element_type=\"widget\" data-e-type=\"widget\" data-widget_type=\"image.default\">\n\t\t\t\t<div class=\"elementor-widget-container\">\n\t\t\t\t\t\t\t\t\t\t\t\t\t\t\t<img decoding=\"async\" src=\"https:\/\/prolexia.fr\/wp-content\/uploads\/elementor\/thumbs\/simulation-1-olpf4pmpguodx3xbosvgytqhkvi5bwe2mfygf9il1c.png\" title=\"simulation\" alt=\"simulation\" loading=\"lazy\" \/>\t\t\t\t\t\t\t\t\t\t\t\t\t\t\t<\/div>\n\t\t\t\t<\/div>\n\t\t\t\t<div class=\"elementor-element elementor-element-5adccac elementor-widget elementor-widget-heading\" data-id=\"5adccac\" data-element_type=\"widget\" data-e-type=\"widget\" data-widget_type=\"heading.default\">\n\t\t\t\t<div class=\"elementor-widget-container\">\n\t\t\t\t\t<h4 class=\"elementor-heading-title elementor-size-default\">Simulation<br \/>Serious Game<\/h4>\t\t\t\t<\/div>\n\t\t\t\t<\/div>\n\t\t\t\t<div class=\"elementor-element elementor-element-7cd34dc elementor-widget elementor-widget-text-editor\" data-id=\"7cd34dc\" data-element_type=\"widget\" data-e-type=\"widget\" data-widget_type=\"text-editor.default\">\n\t\t\t\t<div class=\"elementor-widget-container\">\n\t\t\t\t\t\t\t\t\t<p>Les simulations et les Serious Games repr\u00e9sentent l&rsquo;activit\u00e9 historique de PROLEXIA dans les domaines d&rsquo;activit\u00e9s de la D\u00e9fense, de la S\u00e9curit\u00e9 et de l&rsquo;\u00c9ducation.<\/p>\t\t\t\t\t\t\t\t<\/div>\n\t\t\t\t<\/div>\n\t\t\t\t\t<\/div>\n\t\t<\/div>\n\t\t\t\t<div data-wts-url=\"\/realite-augmentee-realite-virtuelle\/\" data-wts-link=\"yes\" data-wts-new-window=\"\" class=\"has_eae_slider elementor-column elementor-col-25 elementor-top-column elementor-element elementor-element-ed3ad90 ae-link-yes\" data-eae-slider=\"45432\" data-id=\"ed3ad90\" data-element_type=\"column\" data-e-type=\"column\">\n\t\t\t<div class=\"elementor-widget-wrap elementor-element-populated\">\n\t\t\t\t\t\t<div class=\"elementor-element elementor-element-4ca591a elementor-widget elementor-widget-image\" data-id=\"4ca591a\" data-element_type=\"widget\" data-e-type=\"widget\" data-widget_type=\"image.default\">\n\t\t\t\t<div class=\"elementor-widget-container\">\n\t\t\t\t\t\t\t\t\t\t\t\t\t\t\t<img decoding=\"async\" src=\"https:\/\/prolexia.fr\/wp-content\/uploads\/elementor\/thumbs\/digital-1-olpf4oova0n3lhyouaguebz0zhms47acabayxzjz7k.png\" title=\"digital\" alt=\"digital\" loading=\"lazy\" \/>\t\t\t\t\t\t\t\t\t\t\t\t\t\t\t<\/div>\n\t\t\t\t<\/div>\n\t\t\t\t<div class=\"elementor-element elementor-element-448e6bc elementor-widget elementor-widget-heading\" data-id=\"448e6bc\" data-element_type=\"widget\" data-e-type=\"widget\" data-widget_type=\"heading.default\">\n\t\t\t\t<div class=\"elementor-widget-container\">\n\t\t\t\t\t<h4 class=\"elementor-heading-title elementor-size-default\">R\u00e9alit\u00e9 Augment\u00e9e<br \/>R\u00e9alit\u00e9 Virtuelle<\/h4>\t\t\t\t<\/div>\n\t\t\t\t<\/div>\n\t\t\t\t<div class=\"elementor-element elementor-element-42202a9 elementor-widget elementor-widget-text-editor\" data-id=\"42202a9\" data-element_type=\"widget\" data-e-type=\"widget\" data-widget_type=\"text-editor.default\">\n\t\t\t\t<div class=\"elementor-widget-container\">\n\t\t\t\t\t\t\t\t\t<p>PROLEXIA d\u00e9veloppe pour l&rsquo;industrie automobile, l&rsquo;espace a\u00e9rien et l&rsquo;industrie navale des outils logiciels innovants bas\u00e9s sur la plate-forme Advansys pour visualiser des paysages en r\u00e9alit\u00e9 augment\u00e9e.<\/p>\t\t\t\t\t\t\t\t<\/div>\n\t\t\t\t<\/div>\n\t\t\t\t\t<\/div>\n\t\t<\/div>\n\t\t\t\t<div data-wts-url=\"\/robotique\/\" data-wts-link=\"yes\" data-wts-new-window=\"\" class=\"has_eae_slider elementor-column elementor-col-25 elementor-top-column elementor-element elementor-element-1f816e9 ae-link-yes\" data-eae-slider=\"50442\" data-id=\"1f816e9\" data-element_type=\"column\" data-e-type=\"column\">\n\t\t\t<div class=\"elementor-widget-wrap elementor-element-populated\">\n\t\t\t\t\t\t<div class=\"elementor-element elementor-element-b8d6ec9 elementor-widget elementor-widget-image\" data-id=\"b8d6ec9\" data-element_type=\"widget\" data-e-type=\"widget\" data-widget_type=\"image.default\">\n\t\t\t\t<div class=\"elementor-widget-container\">\n\t\t\t\t\t\t\t\t\t\t\t\t\t\t\t<img decoding=\"async\" src=\"https:\/\/prolexia.fr\/wp-content\/uploads\/elementor\/thumbs\/drone-1-olpf4oova0n3lhyouaguebz0zhms47acabayxzjz7k.png\" title=\"drone\" alt=\"drone\" loading=\"lazy\" \/>\t\t\t\t\t\t\t\t\t\t\t\t\t\t\t<\/div>\n\t\t\t\t<\/div>\n\t\t\t\t<div class=\"elementor-element elementor-element-2584050 elementor-widget elementor-widget-heading\" data-id=\"2584050\" data-element_type=\"widget\" data-e-type=\"widget\" data-widget_type=\"heading.default\">\n\t\t\t\t<div class=\"elementor-widget-container\">\n\t\t\t\t\t<h4 class=\"elementor-heading-title elementor-size-default\">Robotique<\/h4>\t\t\t\t<\/div>\n\t\t\t\t<\/div>\n\t\t\t\t<div class=\"elementor-element elementor-element-cb1614a elementor-widget elementor-widget-text-editor\" data-id=\"cb1614a\" data-element_type=\"widget\" data-e-type=\"widget\" data-widget_type=\"text-editor.default\">\n\t\t\t\t<div class=\"elementor-widget-container\">\n\t\t\t\t\t\t\t\t\t<p>PROLEXIA propose des contr\u00f4leurs embarqu\u00e9s intelligents con\u00e7us pour ex\u00e9cuter des missions complexes en effectuant l&rsquo;acquisition des donn\u00e9es capteurs et en contr\u00f4lant les actionneurs embarqu\u00e9s.<\/p>\t\t\t\t\t\t\t\t<\/div>\n\t\t\t\t<\/div>\n\t\t\t\t\t<\/div>\n\t\t<\/div>\n\t\t\t\t<div data-wts-url=\"\/ia\/\" data-wts-link=\"yes\" data-wts-new-window=\"\" class=\"has_eae_slider elementor-column elementor-col-25 elementor-top-column elementor-element elementor-element-51f2ec7 ae-link-yes\" data-eae-slider=\"11860\" data-id=\"51f2ec7\" data-element_type=\"column\" data-e-type=\"column\">\n\t\t\t<div class=\"elementor-widget-wrap elementor-element-populated\">\n\t\t\t\t\t\t<div class=\"elementor-element elementor-element-99b6bae elementor-widget elementor-widget-image\" data-id=\"99b6bae\" data-element_type=\"widget\" data-e-type=\"widget\" data-widget_type=\"image.default\">\n\t\t\t\t<div class=\"elementor-widget-container\">\n\t\t\t\t\t\t\t\t\t\t\t\t\t\t\t<img decoding=\"async\" src=\"https:\/\/prolexia.fr\/wp-content\/uploads\/elementor\/thumbs\/12973929161548402131-128-oniko88zaw0dwgtd7qxb0b33wlvdsuf5n8zky87abk.png\" title=\"ia\" alt=\"ia\" loading=\"lazy\" \/>\t\t\t\t\t\t\t\t\t\t\t\t\t\t\t<\/div>\n\t\t\t\t<\/div>\n\t\t\t\t<div class=\"elementor-element elementor-element-07ac679 elementor-widget elementor-widget-heading\" data-id=\"07ac679\" data-element_type=\"widget\" data-e-type=\"widget\" data-widget_type=\"heading.default\">\n\t\t\t\t<div class=\"elementor-widget-container\">\n\t\t\t\t\t<h4 class=\"elementor-heading-title elementor-size-default\">Intelligence Artificielle<\/h4>\t\t\t\t<\/div>\n\t\t\t\t<\/div>\n\t\t\t\t<div class=\"elementor-element elementor-element-0a4d012 elementor-widget elementor-widget-text-editor\" data-id=\"0a4d012\" data-element_type=\"widget\" data-e-type=\"widget\" data-widget_type=\"text-editor.default\">\n\t\t\t\t<div class=\"elementor-widget-container\">\n\t\t\t\t\t\t\t\t\t<p>PROLEXIA d\u00e9veloppe des solutions d\u2019analyse et de traitement de donn\u00e9es utilisant l\u2019IA, et particuli\u00e8rement l\u2019apprentissage profond (deep learning), pour la robotique et dans le domaine industriel.<\/p>\t\t\t\t\t\t\t\t<\/div>\n\t\t\t\t<\/div>\n\t\t\t\t\t<\/div>\n\t\t<\/div>\n\t\t\t\t\t<\/div>\n\t\t<\/section>\n\t\t\t\t<section class=\"has_eae_slider elementor-section elementor-top-section elementor-element elementor-element-c7d8585 elementor-section-boxed elementor-section-height-default elementor-section-height-default\" data-eae-slider=\"48772\" data-id=\"c7d8585\" data-element_type=\"section\" data-e-type=\"section\">\n\t\t\t\t\t\t<div class=\"elementor-container elementor-column-gap-default\">\n\t\t\t\t\t<div class=\"has_eae_slider elementor-column elementor-col-100 elementor-top-column elementor-element elementor-element-ae11697\" data-eae-slider=\"42320\" data-id=\"ae11697\" data-element_type=\"column\" data-e-type=\"column\">\n\t\t\t<div class=\"elementor-widget-wrap elementor-element-populated\">\n\t\t\t\t\t\t<div class=\"elementor-element elementor-element-38be42f elementor-widget elementor-widget-video\" data-id=\"38be42f\" data-element_type=\"widget\" data-e-type=\"widget\" data-settings=\"{&quot;youtube_url&quot;:&quot;https:\\\/\\\/youtu.be\\\/PzxadIw3tRw&quot;,&quot;autoplay&quot;:&quot;yes&quot;,&quot;video_type&quot;:&quot;youtube&quot;,&quot;controls&quot;:&quot;yes&quot;}\" data-widget_type=\"video.default\">\n\t\t\t\t<div class=\"elementor-widget-container\">\n\t\t\t\t\t\t\t<div class=\"elementor-wrapper elementor-open-inline\">\n\t\t\t<div class=\"elementor-video\"><\/div>\t\t<\/div>\n\t\t\t\t\t\t<\/div>\n\t\t\t\t<\/div>\n\t\t\t\t\t<\/div>\n\t\t<\/div>\n\t\t\t\t\t<\/div>\n\t\t<\/section>\n\t\t\t\t<\/div>\n\t\t","protected":false},"excerpt":{"rendered":"<p>SimulationSerious Game Les simulations et les Serious Games repr\u00e9sentent l&rsquo;activit\u00e9 historique de PROLEXIA dans les domaines d&rsquo;activit\u00e9s de la D\u00e9fense, de la S\u00e9curit\u00e9 et de l&rsquo;\u00c9ducation. R\u00e9alit\u00e9 Augment\u00e9eR\u00e9alit\u00e9 Virtuelle PROLEXIA d\u00e9veloppe pour l&rsquo;industrie automobile, l&rsquo;espace a\u00e9rien et l&rsquo;industrie navale des outils logiciels innovants bas\u00e9s sur la plate-forme Advansys pour visualiser des paysages en r\u00e9alit\u00e9 augment\u00e9e. [&hellip;]<\/p>\n","protected":false},"author":1,"featured_media":0,"parent":0,"menu_order":0,"comment_status":"closed","ping_status":"closed","template":"elementor_header_footer","meta":{"footnotes":""},"class_list":["post-330","page","type-page","status-publish","hentry"],"_links":{"self":[{"href":"https:\/\/prolexia.fr\/fr\/wp-json\/wp\/v2\/pages\/330","targetHints":{"allow":["GET"]}}],"collection":[{"href":"https:\/\/prolexia.fr\/fr\/wp-json\/wp\/v2\/pages"}],"about":[{"href":"https:\/\/prolexia.fr\/fr\/wp-json\/wp\/v2\/types\/page"}],"author":[{"embeddable":true,"href":"https:\/\/prolexia.fr\/fr\/wp-json\/wp\/v2\/users\/1"}],"replies":[{"embeddable":true,"href":"https:\/\/prolexia.fr\/fr\/wp-json\/wp\/v2\/comments?post=330"}],"version-history":[{"count":13,"href":"https:\/\/prolexia.fr\/fr\/wp-json\/wp\/v2\/pages\/330\/revisions"}],"predecessor-version":[{"id":2603,"href":"https:\/\/prolexia.fr\/fr\/wp-json\/wp\/v2\/pages\/330\/revisions\/2603"}],"wp:attachment":[{"href":"https:\/\/prolexia.fr\/fr\/wp-json\/wp\/v2\/media?parent=330"}],"curies":[{"name":"wp","href":"https:\/\/api.w.org\/{rel}","templated":true}]}}