{"id":381,"date":"2020-02-24T18:29:34","date_gmt":"2020-02-24T17:29:34","guid":{"rendered":"http:\/\/127.0.0.1\/?page_id=381"},"modified":"2020-03-31T09:14:36","modified_gmt":"2020-03-31T07:14:36","slug":"suivi-de-mission","status":"publish","type":"page","link":"https:\/\/prolexia.fr\/fr\/suivi-de-mission\/","title":{"rendered":"Suivi de Mission"},"content":{"rendered":"\t\t<div data-elementor-type=\"wp-page\" data-elementor-id=\"381\" class=\"elementor elementor-381\">\n\t\t\t\t\t\t<section class=\"has_eae_slider elementor-section elementor-top-section elementor-element elementor-element-677e88a elementor-section-boxed elementor-section-height-default elementor-section-height-default\" data-eae-slider=\"50835\" data-id=\"677e88a\" data-element_type=\"section\" data-e-type=\"section\">\n\t\t\t\t\t\t<div class=\"elementor-container elementor-column-gap-default\">\n\t\t\t\t\t<div class=\"has_eae_slider elementor-column elementor-col-100 elementor-top-column elementor-element elementor-element-1ba5e81\" data-eae-slider=\"14686\" data-id=\"1ba5e81\" data-element_type=\"column\" data-e-type=\"column\">\n\t\t\t<div class=\"elementor-widget-wrap elementor-element-populated\">\n\t\t\t\t\t\t<div class=\"elementor-element elementor-element-4efcfe9 elementor-widget elementor-widget-text-editor\" data-id=\"4efcfe9\" data-element_type=\"widget\" data-e-type=\"widget\" data-widget_type=\"text-editor.default\">\n\t\t\t\t<div class=\"elementor-widget-container\">\n\t\t\t\t\t\t\t\t\tD\u00e9di\u00e9es \u00e0 tous les utilisateurs voulant pr\u00e9parer et programmer efficacement la mission de leurs robots, les capacit\u00e9s de planification et de simulation de mission de Prolexia repr\u00e9sentent la prochaine g\u00e9n\u00e9ration dans la planification de mission compl\u00e8te et user-friendly.En utilisant la technologie de la plateforme Advansys de PROLEXIA, les clients utilisant nos logiciels peuvent d\u00e9sormais :\n<ul style=\"padding: 2%;\">\n \t<li>Donner une exp\u00e9rience op\u00e9rationnelle afin de faciliter la mise en \u0153uvre d&rsquo;un XXV ou des essaims de XXV pour effectuer des missions complexes et collaboratives<\/li>\n \t<li>Fournir des outils de planification de mission 2D \/ 3D afin d&rsquo;optimiser les ressources requises<\/li>\n \t<li>Effectuer des t\u00e2ches multiples \/ Multi-v\u00e9hicules \/ Op\u00e9rations multi-phases<\/li>\n \t<li>Mener des simulations de faisabilit\u00e9 de mission pour valider les performances avant de mobiliser des ressources, de r\u00e9duire les co\u00fbts et d&rsquo;am\u00e9liorer la fiabilit\u00e9<\/li>\n \t<li>Contr\u00f4ler et superviser les missions, les \u00e9tats du v\u00e9hicule, les charges utiles et les capteurs pour adopter tous les param\u00e8tres des missions plus facilement<\/li>\n \t<li>Utiliser un outil d&rsquo;analyse post-mission pour examiner les missions de mani\u00e8re d\u00e9taill\u00e9e, pr\u00e9parer le traitement des donn\u00e9es et am\u00e9liorer le retour d&rsquo;exp\u00e9rience<\/li>\n \t<li>Fournir la derni\u00e8re g\u00e9n\u00e9ration de l&rsquo;interface homme-machine, tel que les p\u00e9riph\u00e9riques 3D et multi-touch pour une exp\u00e9rience plus immersive et plus facile<\/li>\n \t<li style=\"list-style-type: none;\"><\/li>\n<\/ul>\t\t\t\t\t\t\t\t<\/div>\n\t\t\t\t<\/div>\n\t\t\t\t\t<\/div>\n\t\t<\/div>\n\t\t\t\t\t<\/div>\n\t\t<\/section>\n\t\t\t\t<section class=\"has_eae_slider elementor-section elementor-top-section elementor-element elementor-element-19e5be5 elementor-section-stretched elementor-section-full_width elementor-section-height-default elementor-section-height-default\" data-eae-slider=\"43465\" data-id=\"19e5be5\" data-element_type=\"section\" data-e-type=\"section\" data-settings=\"{&quot;stretch_section&quot;:&quot;section-stretched&quot;,&quot;background_background&quot;:&quot;classic&quot;}\">\n\t\t\t\t\t\t<div class=\"elementor-container elementor-column-gap-no\">\n\t\t\t\t\t<div class=\"has_eae_slider elementor-column elementor-col-100 elementor-top-column elementor-element elementor-element-e2c34fd\" data-eae-slider=\"38717\" data-id=\"e2c34fd\" data-element_type=\"column\" data-e-type=\"column\">\n\t\t\t<div class=\"elementor-widget-wrap elementor-element-populated\">\n\t\t\t\t\t\t<section class=\"has_eae_slider elementor-section elementor-inner-section elementor-element elementor-element-35127ac elementor-section-boxed elementor-section-height-default elementor-section-height-default\" data-eae-slider=\"35624\" data-id=\"35127ac\" data-element_type=\"section\" data-e-type=\"section\">\n\t\t\t\t\t\t<div class=\"elementor-container elementor-column-gap-no\">\n\t\t\t\t\t<div class=\"has_eae_slider elementor-column elementor-col-50 elementor-inner-column elementor-element elementor-element-aba2f3d\" data-eae-slider=\"46192\" data-id=\"aba2f3d\" data-element_type=\"column\" data-e-type=\"column\">\n\t\t\t<div class=\"elementor-widget-wrap elementor-element-populated\">\n\t\t\t\t\t\t<div class=\"elementor-element elementor-element-ab85ba2 elementor-widget elementor-widget-heading\" data-id=\"ab85ba2\" data-element_type=\"widget\" data-e-type=\"widget\" data-widget_type=\"heading.default\">\n\t\t\t\t<div class=\"elementor-widget-container\">\n\t\t\t\t\t<h2 class=\"elementor-heading-title elementor-size-default\">MMS<\/h2>\t\t\t\t<\/div>\n\t\t\t\t<\/div>\n\t\t\t\t<div class=\"elementor-element elementor-element-127cc5c elementor-widget elementor-widget-text-editor\" data-id=\"127cc5c\" data-element_type=\"widget\" data-e-type=\"widget\" data-widget_type=\"text-editor.default\">\n\t\t\t\t<div class=\"elementor-widget-container\">\n\t\t\t\t\t\t\t\t\t<p>L\u2019outil Advansys MMS permet de programmer, de superviser, de simuler et d\u2019analyser une mission mettant en oeuvre un une plusieurs v\u00e9hicules autonomes de type AUV, USV, UGV ou UAV.<\/p>\t\t\t\t\t\t\t\t<\/div>\n\t\t\t\t<\/div>\n\t\t\t\t<div class=\"elementor-element elementor-element-11efbd5 elementor-align-center elementor-widget elementor-widget-button\" data-id=\"11efbd5\" data-element_type=\"widget\" data-e-type=\"widget\" data-widget_type=\"button.default\">\n\t\t\t\t<div class=\"elementor-widget-container\">\n\t\t\t\t\t\t\t\t\t<div class=\"elementor-button-wrapper\">\n\t\t\t\t\t<a class=\"elementor-button elementor-button-link elementor-size-sm\" href=\"http:\/\/..\/mms\">\n\t\t\t\t\t\t<span class=\"elementor-button-content-wrapper\">\n\t\t\t\t\t\t\t\t\t<span class=\"elementor-button-text\">En savoir +<\/span>\n\t\t\t\t\t<\/span>\n\t\t\t\t\t<\/a>\n\t\t\t\t<\/div>\n\t\t\t\t\t\t\t\t<\/div>\n\t\t\t\t<\/div>\n\t\t\t\t\t<\/div>\n\t\t<\/div>\n\t\t\t\t<div class=\"has_eae_slider elementor-column elementor-col-50 elementor-inner-column elementor-element elementor-element-ccb0e5d\" data-eae-slider=\"48630\" data-id=\"ccb0e5d\" data-element_type=\"column\" data-e-type=\"column\" data-settings=\"{&quot;background_background&quot;:&quot;classic&quot;}\">\n\t\t\t<div class=\"elementor-widget-wrap\">\n\t\t\t\t\t\t\t<\/div>\n\t\t<\/div>\n\t\t\t\t\t<\/div>\n\t\t<\/section>\n\t\t\t\t\t<\/div>\n\t\t<\/div>\n\t\t\t\t\t<\/div>\n\t\t<\/section>\n\t\t\t\t<\/div>\n\t\t","protected":false},"excerpt":{"rendered":"<p>D\u00e9di\u00e9es \u00e0 tous les utilisateurs voulant pr\u00e9parer et programmer efficacement la mission de leurs robots, les capacit\u00e9s de planification et de simulation de mission de Prolexia repr\u00e9sentent la prochaine g\u00e9n\u00e9ration dans la planification de mission compl\u00e8te et user-friendly.En utilisant la technologie de la plateforme Advansys de PROLEXIA, les clients utilisant nos logiciels peuvent d\u00e9sormais : [&hellip;]<\/p>\n","protected":false},"author":1,"featured_media":0,"parent":0,"menu_order":0,"comment_status":"closed","ping_status":"closed","template":"elementor_header_footer","meta":{"footnotes":""},"class_list":["post-381","page","type-page","status-publish","hentry"],"_links":{"self":[{"href":"https:\/\/prolexia.fr\/fr\/wp-json\/wp\/v2\/pages\/381","targetHints":{"allow":["GET"]}}],"collection":[{"href":"https:\/\/prolexia.fr\/fr\/wp-json\/wp\/v2\/pages"}],"about":[{"href":"https:\/\/prolexia.fr\/fr\/wp-json\/wp\/v2\/types\/page"}],"author":[{"embeddable":true,"href":"https:\/\/prolexia.fr\/fr\/wp-json\/wp\/v2\/users\/1"}],"replies":[{"embeddable":true,"href":"https:\/\/prolexia.fr\/fr\/wp-json\/wp\/v2\/comments?post=381"}],"version-history":[{"count":15,"href":"https:\/\/prolexia.fr\/fr\/wp-json\/wp\/v2\/pages\/381\/revisions"}],"predecessor-version":[{"id":929,"href":"https:\/\/prolexia.fr\/fr\/wp-json\/wp\/v2\/pages\/381\/revisions\/929"}],"wp:attachment":[{"href":"https:\/\/prolexia.fr\/fr\/wp-json\/wp\/v2\/media?parent=381"}],"curies":[{"name":"wp","href":"https:\/\/api.w.org\/{rel}","templated":true}]}}