{"id":428,"date":"2020-02-25T10:15:31","date_gmt":"2020-02-25T09:15:31","guid":{"rendered":"http:\/\/127.0.0.1\/?page_id=428"},"modified":"2020-04-21T10:27:53","modified_gmt":"2020-04-21T08:27:53","slug":"industrie-commerce","status":"publish","type":"page","link":"https:\/\/prolexia.fr\/fr\/industrie-commerce\/","title":{"rendered":"Industrie &#038; Commerce"},"content":{"rendered":"\t\t<div data-elementor-type=\"wp-page\" data-elementor-id=\"428\" class=\"elementor elementor-428\">\n\t\t\t\t\t\t<section class=\"has_eae_slider elementor-section elementor-top-section elementor-element elementor-element-3283f54 elementor-section-stretched elementor-section-full_width elementor-section-height-default elementor-section-height-default\" data-eae-slider=\"76092\" data-id=\"3283f54\" data-element_type=\"section\" data-e-type=\"section\" data-settings=\"{&quot;stretch_section&quot;:&quot;section-stretched&quot;,&quot;background_background&quot;:&quot;classic&quot;}\">\n\t\t\t\t\t\t<div class=\"elementor-container elementor-column-gap-no\">\n\t\t\t\t\t<div class=\"has_eae_slider elementor-column elementor-col-100 elementor-top-column elementor-element elementor-element-804e0e4\" data-eae-slider=\"57173\" data-id=\"804e0e4\" data-element_type=\"column\" data-e-type=\"column\">\n\t\t\t<div class=\"elementor-widget-wrap elementor-element-populated\">\n\t\t\t\t\t\t<section class=\"has_eae_slider elementor-section elementor-inner-section elementor-element elementor-element-60daf6a elementor-section-boxed elementor-section-height-default elementor-section-height-default\" data-eae-slider=\"18712\" data-id=\"60daf6a\" data-element_type=\"section\" data-e-type=\"section\" data-settings=\"{&quot;background_background&quot;:&quot;classic&quot;}\">\n\t\t\t\t\t\t<div class=\"elementor-container elementor-column-gap-default\">\n\t\t\t\t\t<div class=\"has_eae_slider elementor-column elementor-col-100 elementor-inner-column elementor-element elementor-element-8799a69\" data-eae-slider=\"73301\" data-id=\"8799a69\" data-element_type=\"column\" data-e-type=\"column\">\n\t\t\t<div class=\"elementor-widget-wrap elementor-element-populated\">\n\t\t\t\t\t\t<div class=\"elementor-element elementor-element-7c2b533 elementor-widget elementor-widget-text-editor\" data-id=\"7c2b533\" data-element_type=\"widget\" data-e-type=\"widget\" data-widget_type=\"text-editor.default\">\n\t\t\t\t<div class=\"elementor-widget-container\">\n\t\t\t\t\t\t\t\t\t<p>PROLEXIA est pr\u00e9sente dans le domaine de l&rsquo;industrie et du commerce<\/p>\t\t\t\t\t\t\t\t<\/div>\n\t\t\t\t<\/div>\n\t\t\t\t\t<\/div>\n\t\t<\/div>\n\t\t\t\t\t<\/div>\n\t\t<\/section>\n\t\t\t\t<section class=\"has_eae_slider elementor-section elementor-inner-section elementor-element elementor-element-03f2b68 elementor-section-boxed elementor-section-height-default elementor-section-height-default\" data-eae-slider=\"64748\" data-id=\"03f2b68\" data-element_type=\"section\" data-e-type=\"section\">\n\t\t\t\t\t\t<div class=\"elementor-container elementor-column-gap-no\">\n\t\t\t\t\t<div class=\"has_eae_slider elementor-column elementor-col-50 elementor-inner-column elementor-element elementor-element-09aad34\" data-eae-slider=\"15933\" data-id=\"09aad34\" data-element_type=\"column\" data-e-type=\"column\">\n\t\t\t<div class=\"elementor-widget-wrap elementor-element-populated\">\n\t\t\t\t\t\t<div class=\"elementor-element elementor-element-8336571 elementor-widget elementor-widget-heading\" data-id=\"8336571\" data-element_type=\"widget\" data-e-type=\"widget\" data-widget_type=\"heading.default\">\n\t\t\t\t<div class=\"elementor-widget-container\">\n\t\t\t\t\t<h2 class=\"elementor-heading-title elementor-size-default\">ADDETECT\n<\/h2>\t\t\t\t<\/div>\n\t\t\t\t<\/div>\n\t\t\t\t<div class=\"elementor-element elementor-element-36eb797 elementor-widget elementor-widget-text-editor\" data-id=\"36eb797\" data-element_type=\"widget\" data-e-type=\"widget\" data-widget_type=\"text-editor.default\">\n\t\t\t\t<div class=\"elementor-widget-container\">\n\t\t\t\t\t\t\t\t\t<p>ADDETECT est un projet r\u00e9alis\u00e9 pour ARFITEC Group utilisant une cam\u00e9ra optique et profondeur afin d\u2019analyser un \u00e9tale de fruits et l\u00e9gumes pour classifier automatiquement les produits et faire un suivi pr\u00e9cis des stocks.<\/p>\t\t\t\t\t\t\t\t<\/div>\n\t\t\t\t<\/div>\n\t\t\t\t<div class=\"elementor-element elementor-element-99e2b65 elementor-align-center elementor-widget elementor-widget-button\" data-id=\"99e2b65\" data-element_type=\"widget\" data-e-type=\"widget\" data-widget_type=\"button.default\">\n\t\t\t\t<div class=\"elementor-widget-container\">\n\t\t\t\t\t\t\t\t\t<div class=\"elementor-button-wrapper\">\n\t\t\t\t\t<a class=\"elementor-button elementor-button-link elementor-size-sm\" href=\"https:\/\/prolexia.fr\/addetect\/\">\n\t\t\t\t\t\t<span class=\"elementor-button-content-wrapper\">\n\t\t\t\t\t\t\t\t\t<span class=\"elementor-button-text\">En savoir +<\/span>\n\t\t\t\t\t<\/span>\n\t\t\t\t\t<\/a>\n\t\t\t\t<\/div>\n\t\t\t\t\t\t\t\t<\/div>\n\t\t\t\t<\/div>\n\t\t\t\t\t<\/div>\n\t\t<\/div>\n\t\t\t\t<div class=\"has_eae_slider elementor-column elementor-col-50 elementor-inner-column elementor-element elementor-element-819ed45 elementor-hidden-phone\" data-eae-slider=\"92925\" data-id=\"819ed45\" data-element_type=\"column\" data-e-type=\"column\" data-settings=\"{&quot;background_background&quot;:&quot;classic&quot;}\">\n\t\t\t<div class=\"elementor-widget-wrap\">\n\t\t\t\t\t\t\t<\/div>\n\t\t<\/div>\n\t\t\t\t\t<\/div>\n\t\t<\/section>\n\t\t\t\t<section class=\"has_eae_slider elementor-section elementor-inner-section elementor-element elementor-element-7e7a2b5 elementor-section-boxed elementor-section-height-default elementor-section-height-default\" data-eae-slider=\"12670\" data-id=\"7e7a2b5\" data-element_type=\"section\" data-e-type=\"section\">\n\t\t\t\t\t\t<div class=\"elementor-container elementor-column-gap-no\">\n\t\t\t\t\t<div class=\"has_eae_slider elementor-column elementor-col-50 elementor-inner-column elementor-element elementor-element-a5a8903 elementor-hidden-phone\" data-eae-slider=\"81417\" data-id=\"a5a8903\" data-element_type=\"column\" data-e-type=\"column\" data-settings=\"{&quot;background_background&quot;:&quot;classic&quot;}\">\n\t\t\t<div class=\"elementor-widget-wrap\">\n\t\t\t\t\t\t\t<\/div>\n\t\t<\/div>\n\t\t\t\t<div class=\"has_eae_slider elementor-column elementor-col-50 elementor-inner-column elementor-element elementor-element-87d7f87\" data-eae-slider=\"63543\" data-id=\"87d7f87\" data-element_type=\"column\" data-e-type=\"column\">\n\t\t\t<div class=\"elementor-widget-wrap elementor-element-populated\">\n\t\t\t\t\t\t<div class=\"elementor-element elementor-element-c103667 elementor-widget elementor-widget-heading\" data-id=\"c103667\" data-element_type=\"widget\" data-e-type=\"widget\" data-widget_type=\"heading.default\">\n\t\t\t\t<div class=\"elementor-widget-container\">\n\t\t\t\t\t<h2 class=\"elementor-heading-title elementor-size-default\">Maintenance d\u2019armoire \u00e9lectrique<\/h2>\t\t\t\t<\/div>\n\t\t\t\t<\/div>\n\t\t\t\t<div class=\"elementor-element elementor-element-1a5aaab elementor-widget elementor-widget-text-editor\" data-id=\"1a5aaab\" data-element_type=\"widget\" data-e-type=\"widget\" data-widget_type=\"text-editor.default\">\n\t\t\t\t<div class=\"elementor-widget-container\">\n\t\t\t\t\t\t\t\t\t<p>PROLEXIA a r\u00e9alis\u00e9 avec l&rsquo;outil Advansys Web, une simulation de maintenance d&rsquo;armoire \u00e9lectrique en r\u00e9alit\u00e9 virtuelle pour la soci\u00e9t\u00e9 SONOVISION.<\/p>\t\t\t\t\t\t\t\t<\/div>\n\t\t\t\t<\/div>\n\t\t\t\t<div class=\"elementor-element elementor-element-a5adb2f elementor-align-center elementor-widget elementor-widget-button\" data-id=\"a5adb2f\" data-element_type=\"widget\" data-e-type=\"widget\" data-widget_type=\"button.default\">\n\t\t\t\t<div class=\"elementor-widget-container\">\n\t\t\t\t\t\t\t\t\t<div class=\"elementor-button-wrapper\">\n\t\t\t\t\t<a class=\"elementor-button elementor-button-link elementor-size-sm\" href=\"https:\/\/prolexia.fr\/maintenance-darmoire-electrique\/\">\n\t\t\t\t\t\t<span class=\"elementor-button-content-wrapper\">\n\t\t\t\t\t\t\t\t\t<span class=\"elementor-button-text\">En savoir +<\/span>\n\t\t\t\t\t<\/span>\n\t\t\t\t\t<\/a>\n\t\t\t\t<\/div>\n\t\t\t\t\t\t\t\t<\/div>\n\t\t\t\t<\/div>\n\t\t\t\t\t<\/div>\n\t\t<\/div>\n\t\t\t\t\t<\/div>\n\t\t<\/section>\n\t\t\t\t\t<\/div>\n\t\t<\/div>\n\t\t\t\t\t<\/div>\n\t\t<\/section>\n\t\t\t\t<\/div>\n\t\t","protected":false},"excerpt":{"rendered":"<p>PROLEXIA est pr\u00e9sente dans le domaine de l&rsquo;industrie et du commerce ADDETECT ADDETECT est un projet r\u00e9alis\u00e9 pour ARFITEC Group utilisant une cam\u00e9ra optique et profondeur afin d\u2019analyser un \u00e9tale de fruits et l\u00e9gumes pour classifier automatiquement les produits et faire un suivi pr\u00e9cis des stocks. En savoir + Maintenance d\u2019armoire \u00e9lectrique PROLEXIA a r\u00e9alis\u00e9 [&hellip;]<\/p>\n","protected":false},"author":1,"featured_media":0,"parent":0,"menu_order":0,"comment_status":"closed","ping_status":"closed","template":"elementor_header_footer","meta":{"footnotes":""},"class_list":["post-428","page","type-page","status-publish","hentry"],"_links":{"self":[{"href":"https:\/\/prolexia.fr\/fr\/wp-json\/wp\/v2\/pages\/428","targetHints":{"allow":["GET"]}}],"collection":[{"href":"https:\/\/prolexia.fr\/fr\/wp-json\/wp\/v2\/pages"}],"about":[{"href":"https:\/\/prolexia.fr\/fr\/wp-json\/wp\/v2\/types\/page"}],"author":[{"embeddable":true,"href":"https:\/\/prolexia.fr\/fr\/wp-json\/wp\/v2\/users\/1"}],"replies":[{"embeddable":true,"href":"https:\/\/prolexia.fr\/fr\/wp-json\/wp\/v2\/comments?post=428"}],"version-history":[{"count":9,"href":"https:\/\/prolexia.fr\/fr\/wp-json\/wp\/v2\/pages\/428\/revisions"}],"predecessor-version":[{"id":1442,"href":"https:\/\/prolexia.fr\/fr\/wp-json\/wp\/v2\/pages\/428\/revisions\/1442"}],"wp:attachment":[{"href":"https:\/\/prolexia.fr\/fr\/wp-json\/wp\/v2\/media?parent=428"}],"curies":[{"name":"wp","href":"https:\/\/api.w.org\/{rel}","templated":true}]}}