{"id":639,"date":"2020-03-27T15:15:24","date_gmt":"2020-03-27T14:15:24","guid":{"rendered":"https:\/\/prolexia.fr\/?page_id=639"},"modified":"2020-04-08T17:51:48","modified_gmt":"2020-04-08T15:51:48","slug":"simuslamf","status":"publish","type":"page","link":"https:\/\/prolexia.fr\/fr\/simuslamf\/","title":{"rendered":"SimuSLAMF"},"content":{"rendered":"\t\t<div data-elementor-type=\"wp-page\" data-elementor-id=\"639\" class=\"elementor elementor-639\">\n\t\t\t\t\t\t<section class=\"has_eae_slider elementor-section elementor-top-section elementor-element elementor-element-dd7de81 elementor-section-stretched elementor-section-full_width elementor-section-height-default elementor-section-height-default\" data-eae-slider=\"48576\" data-id=\"dd7de81\" data-element_type=\"section\" data-e-type=\"section\" data-settings=\"{&quot;stretch_section&quot;:&quot;section-stretched&quot;}\">\n\t\t\t\t\t\t<div class=\"elementor-container elementor-column-gap-no\">\n\t\t\t\t\t<div class=\"has_eae_slider elementor-column elementor-col-100 elementor-top-column elementor-element elementor-element-ac3758b\" data-eae-slider=\"36647\" data-id=\"ac3758b\" data-element_type=\"column\" data-e-type=\"column\">\n\t\t\t<div class=\"elementor-widget-wrap elementor-element-populated\">\n\t\t\t\t\t\t<section class=\"has_eae_slider elementor-section elementor-inner-section elementor-element elementor-element-ae4d47c elementor-section-boxed elementor-section-height-default elementor-section-height-default\" data-eae-slider=\"46562\" data-id=\"ae4d47c\" data-element_type=\"section\" data-e-type=\"section\">\n\t\t\t\t\t\t<div class=\"elementor-container elementor-column-gap-default\">\n\t\t\t\t\t<div class=\"has_eae_slider elementor-column elementor-col-100 elementor-inner-column elementor-element elementor-element-e42c986\" data-eae-slider=\"80534\" data-id=\"e42c986\" data-element_type=\"column\" data-e-type=\"column\">\n\t\t\t<div class=\"elementor-widget-wrap elementor-element-populated\">\n\t\t\t\t\t\t<div class=\"elementor-element elementor-element-963ab86 elementor-widget elementor-widget-text-editor\" data-id=\"963ab86\" data-element_type=\"widget\" data-e-type=\"widget\" data-widget_type=\"text-editor.default\">\n\t\t\t\t<div class=\"elementor-widget-container\">\n\t\t\t\t\t\t\t\t\tL\u2019atelier SimuSLAMF est un outil de simulation des architectures pour le Syst\u00e8me de Lutte Anti-Mines Futur. D\u00e9velopp\u00e9 pour DGA, son objectif est de prototyper et d\u2019\u00e9tudier les performances de moyens mis en \u0153uvre pour la lutte anti-mines.\n\nL\u2019atelier int\u00e8gre un module de d\u00e9veloppement permettant la conception de nouveaux mod\u00e8les (missions, navires, USV, AUV\u2026) sans n\u00e9cessiter d\u2019outils externes :\n<ul style=\"padding-left: 2%;\">\n \t<li class=\"liwithdot\">\u00c9diteur de diagramme<\/li>\n \t<li>\u00c9diteur de code<\/li>\n \t<li>Formulaire adaptatif permettant d\u2019\u00e9diter les caract\u00e9ristiques des v\u00e9hicules<\/li>\n<\/ul>\nL\u2019atelier int\u00e8gre diff\u00e9rents outils permettant la pr\u00e9paration de sc\u00e9narii :\n<ul style=\"padding-left: 2%;\">\n \t<li>Editeur d\u2019environnement<\/li>\n \t<li>\u00c9diteur d\u2019architecture \u00e0 mettre en \u0153uvre<\/li>\n \t<li>Outils de planification de mission<\/li>\n<\/ul>\nCes outils permettent \u00e9galement de suivre le d\u00e9roulement de la simulation du sc\u00e9nario.\n\nL\u2019atelier propose un module permettant de r\u00e9aliser des plans d\u2019exp\u00e9riences \u00e0 partir d\u2019un sc\u00e9nario afin d\u2019\u00e9valuer l\u2019impact de modification des caract\u00e9ristiques d\u2019une architecture.\n\nL\u2019atelier propose un module permettant de rejouer une simulation d\u2019un sc\u00e9nario et d\u2019exploiter les donn\u00e9es de cette simulation \u00e0 l\u2019aide de plusieurs outils :\n<ul style=\"padding-left: 2%;\">\n \t<li>Rapport<\/li>\n \t<li>Diagramme de Gantt<\/li>\n \t<li>Trac\u00e9 de courbe&#8230;<\/li>\n<\/ul>\t\t\t\t\t\t\t\t<\/div>\n\t\t\t\t<\/div>\n\t\t\t\t<div class=\"elementor-element elementor-element-007f94d elementor-arrows-position-inside elementor-pagination-position-outside elementor-widget elementor-widget-image-carousel\" data-id=\"007f94d\" data-element_type=\"widget\" data-e-type=\"widget\" data-settings=\"{&quot;navigation&quot;:&quot;both&quot;,&quot;autoplay&quot;:&quot;yes&quot;,&quot;pause_on_hover&quot;:&quot;yes&quot;,&quot;pause_on_interaction&quot;:&quot;yes&quot;,&quot;autoplay_speed&quot;:5000,&quot;infinite&quot;:&quot;yes&quot;,&quot;speed&quot;:500}\" data-widget_type=\"image-carousel.default\">\n\t\t\t\t<div class=\"elementor-widget-container\">\n\t\t\t\t\t\t\t<div class=\"elementor-image-carousel-wrapper swiper\" role=\"region\" aria-roledescription=\"carousel\" aria-label=\"Carrousel d\u2019images\" dir=\"ltr\">\n\t\t\t<div class=\"elementor-image-carousel swiper-wrapper\" aria-live=\"off\">\n\t\t\t\t\t\t\t\t<div class=\"swiper-slide\" role=\"group\" aria-roledescription=\"slide\" aria-label=\"1 sur 3\"><a data-elementor-open-lightbox=\"yes\" data-elementor-lightbox-slideshow=\"007f94d\" data-elementor-lightbox-title=\"SimuSLAMF04\" data-e-action-hash=\"#elementor-action%3Aaction%3Dlightbox%26settings%3DeyJpZCI6MTExMiwidXJsIjoiaHR0cHM6XC9cL3Byb2xleGlhLmZyXC93cC1jb250ZW50XC91cGxvYWRzXC8yMDIwXC8wNFwvaW1hZ2UxMS1Db3BpZS5qcGciLCJzbGlkZXNob3ciOiIwMDdmOTRkIn0%3D\" href=\"https:\/\/prolexia.fr\/wp-content\/uploads\/2020\/04\/image11-Copie.jpg\"><figure class=\"swiper-slide-inner\"><img decoding=\"async\" class=\"swiper-slide-image\" src=\"https:\/\/prolexia.fr\/wp-content\/uploads\/2020\/04\/image11-Copie-300x161.jpg\" alt=\"SimuSLAMF04\" \/><\/figure><\/a><\/div><div class=\"swiper-slide\" role=\"group\" aria-roledescription=\"slide\" aria-label=\"2 sur 3\"><a data-elementor-open-lightbox=\"yes\" data-elementor-lightbox-slideshow=\"007f94d\" data-elementor-lightbox-title=\"SimuSLAMF01\" data-e-action-hash=\"#elementor-action%3Aaction%3Dlightbox%26settings%3DeyJpZCI6NjQ0LCJ1cmwiOiJodHRwczpcL1wvcHJvbGV4aWEuZnJcL3dwLWNvbnRlbnRcL3VwbG9hZHNcLzIwMjBcLzAzXC9waWMwMy5qcGciLCJzbGlkZXNob3ciOiIwMDdmOTRkIn0%3D\" href=\"https:\/\/prolexia.fr\/wp-content\/uploads\/2020\/03\/pic03.jpg\"><figure class=\"swiper-slide-inner\"><img decoding=\"async\" class=\"swiper-slide-image\" src=\"https:\/\/prolexia.fr\/wp-content\/uploads\/2020\/03\/pic03-300x163.jpg\" alt=\"SimuSLAMF01\" \/><\/figure><\/a><\/div><div class=\"swiper-slide\" role=\"group\" aria-roledescription=\"slide\" aria-label=\"3 sur 3\"><a data-elementor-open-lightbox=\"yes\" data-elementor-lightbox-slideshow=\"007f94d\" data-elementor-lightbox-title=\"SimuSLAMF3\" data-e-action-hash=\"#elementor-action%3Aaction%3Dlightbox%26settings%3DeyJpZCI6NjQ2LCJ1cmwiOiJodHRwczpcL1wvcHJvbGV4aWEuZnJcL3dwLWNvbnRlbnRcL3VwbG9hZHNcLzIwMjBcLzAzXC9waWMwNS5qcGciLCJzbGlkZXNob3ciOiIwMDdmOTRkIn0%3D\" href=\"https:\/\/prolexia.fr\/wp-content\/uploads\/2020\/03\/pic05.jpg\"><figure class=\"swiper-slide-inner\"><img decoding=\"async\" class=\"swiper-slide-image\" src=\"https:\/\/prolexia.fr\/wp-content\/uploads\/2020\/03\/pic05-300x163.jpg\" alt=\"SimuSLAMF3\" \/><\/figure><\/a><\/div>\t\t\t<\/div>\n\t\t\t\t\t\t\t\t\t\t\t\t<div class=\"elementor-swiper-button elementor-swiper-button-prev\" role=\"button\" tabindex=\"0\">\n\t\t\t\t\t\t<i aria-hidden=\"true\" class=\"eicon-chevron-left\"><\/i>\t\t\t\t\t<\/div>\n\t\t\t\t\t<div class=\"elementor-swiper-button elementor-swiper-button-next\" role=\"button\" tabindex=\"0\">\n\t\t\t\t\t\t<i aria-hidden=\"true\" class=\"eicon-chevron-right\"><\/i>\t\t\t\t\t<\/div>\n\t\t\t\t\n\t\t\t\t\t\t\t\t\t<div class=\"swiper-pagination\"><\/div>\n\t\t\t\t\t\t\t\t\t<\/div>\n\t\t\t\t\t\t<\/div>\n\t\t\t\t<\/div>\n\t\t\t\t\t<\/div>\n\t\t<\/div>\n\t\t\t\t\t<\/div>\n\t\t<\/section>\n\t\t\t\t\t<\/div>\n\t\t<\/div>\n\t\t\t\t\t<\/div>\n\t\t<\/section>\n\t\t\t\t<\/div>\n\t\t","protected":false},"excerpt":{"rendered":"<p>L\u2019atelier SimuSLAMF est un outil de simulation des architectures pour le Syst\u00e8me de Lutte Anti-Mines Futur. D\u00e9velopp\u00e9 pour DGA, son objectif est de prototyper et d\u2019\u00e9tudier les performances de moyens mis en \u0153uvre pour la lutte anti-mines. L\u2019atelier int\u00e8gre un module de d\u00e9veloppement permettant la conception de nouveaux mod\u00e8les (missions, navires, USV, AUV\u2026) sans n\u00e9cessiter [&hellip;]<\/p>\n","protected":false},"author":1,"featured_media":0,"parent":0,"menu_order":0,"comment_status":"closed","ping_status":"closed","template":"elementor_header_footer","meta":{"footnotes":""},"class_list":["post-639","page","type-page","status-publish","hentry"],"_links":{"self":[{"href":"https:\/\/prolexia.fr\/fr\/wp-json\/wp\/v2\/pages\/639","targetHints":{"allow":["GET"]}}],"collection":[{"href":"https:\/\/prolexia.fr\/fr\/wp-json\/wp\/v2\/pages"}],"about":[{"href":"https:\/\/prolexia.fr\/fr\/wp-json\/wp\/v2\/types\/page"}],"author":[{"embeddable":true,"href":"https:\/\/prolexia.fr\/fr\/wp-json\/wp\/v2\/users\/1"}],"replies":[{"embeddable":true,"href":"https:\/\/prolexia.fr\/fr\/wp-json\/wp\/v2\/comments?post=639"}],"version-history":[{"count":15,"href":"https:\/\/prolexia.fr\/fr\/wp-json\/wp\/v2\/pages\/639\/revisions"}],"predecessor-version":[{"id":1271,"href":"https:\/\/prolexia.fr\/fr\/wp-json\/wp\/v2\/pages\/639\/revisions\/1271"}],"wp:attachment":[{"href":"https:\/\/prolexia.fr\/fr\/wp-json\/wp\/v2\/media?parent=639"}],"curies":[{"name":"wp","href":"https:\/\/api.w.org\/{rel}","templated":true}]}}