{"id":678,"date":"2020-03-27T17:10:05","date_gmt":"2020-03-27T16:10:05","guid":{"rendered":"https:\/\/prolexia.fr\/?page_id=678"},"modified":"2023-09-15T17:43:49","modified_gmt":"2023-09-15T15:43:49","slug":"mms","status":"publish","type":"page","link":"https:\/\/prolexia.fr\/fr\/mms\/","title":{"rendered":"Advansys MMS"},"content":{"rendered":"\t\t<div data-elementor-type=\"wp-page\" data-elementor-id=\"678\" class=\"elementor elementor-678\">\n\t\t\t\t\t\t<section class=\"has_eae_slider elementor-section elementor-top-section elementor-element elementor-element-e1dd84a elementor-section-stretched elementor-section-full_width elementor-section-height-default elementor-section-height-default\" data-eae-slider=\"2682\" data-id=\"e1dd84a\" data-element_type=\"section\" data-e-type=\"section\" data-settings=\"{&quot;stretch_section&quot;:&quot;section-stretched&quot;}\">\n\t\t\t\t\t\t<div class=\"elementor-container elementor-column-gap-no\">\n\t\t\t\t\t<div class=\"has_eae_slider elementor-column elementor-col-100 elementor-top-column elementor-element elementor-element-93023b3\" data-eae-slider=\"68901\" data-id=\"93023b3\" data-element_type=\"column\" data-e-type=\"column\">\n\t\t\t<div class=\"elementor-widget-wrap elementor-element-populated\">\n\t\t\t\t\t\t<section class=\"has_eae_slider elementor-section elementor-inner-section elementor-element elementor-element-d524d8c elementor-section-boxed elementor-section-height-default elementor-section-height-default\" data-eae-slider=\"15856\" data-id=\"d524d8c\" data-element_type=\"section\" data-e-type=\"section\">\n\t\t\t\t\t\t<div class=\"elementor-container elementor-column-gap-default\">\n\t\t\t\t\t<div class=\"has_eae_slider elementor-column elementor-col-100 elementor-inner-column elementor-element elementor-element-148cbec\" data-eae-slider=\"42898\" data-id=\"148cbec\" data-element_type=\"column\" data-e-type=\"column\">\n\t\t\t<div class=\"elementor-widget-wrap elementor-element-populated\">\n\t\t\t\t\t\t<div class=\"elementor-element elementor-element-b1d51d4 elementor-widget elementor-widget-text-editor\" data-id=\"b1d51d4\" data-element_type=\"widget\" data-e-type=\"widget\" data-widget_type=\"text-editor.default\">\n\t\t\t\t<div class=\"elementor-widget-container\">\n\t\t\t\t\t\t\t\t\t<p>L\u2019outil Advansys MMS permet de programmer, de superviser, de simuler et d\u2019analyser une mission mettant en oeuvre un ou plusieurs v\u00e9hicules autonomes de type AUV, USV, UGV ou UAV. L\u2019objectif est de g\u00e9rer les missions de v\u00e9hicules pouvant intervenir sur des missions de surveillance de zones ou de l\u2019environnement, sur des t\u00e2ches de maintenance ou de manipulation complexes. L\u2019outil poss\u00e8de plusieurs modules : programmation, simulation, supervision, analyse, qui peuvent \u00eatre combin\u00e9s et adapt\u00e9s afin de r\u00e9pondre au mieux \u00e0 des besoins sp\u00e9cifiques.<\/p><p>Cette programmation permet de prendre automatiquement en compte les contraintes li\u00e9es \u00e0 l\u2019environnement (terrain), au robot (contraintes de vitesse par exemple) et \u00e0 ses charges utiles.<\/p><p>Le programme est d\u00e9fini en plusieurs \u00e9tapes :<\/p><ul style=\"padding-left: 2%;\"><li>configuration du ou des robots participant \u00e0 la mission: s\u00e9lection et param\u00e9trage des charges utiles, r\u00e9glage de l\u2019autonomie, d\u00e9finition des contraintes d\u2019utilisation (min\/max).<\/li><li>planification de la mission du robot, de la phase de lancement jusqu\u2019\u00e0 sa r\u00e9cup\u00e9ration. Cette mission est d\u00e9finie \u00e0 partir de t\u00e2ches de base :<br \/><ul style=\"padding-left: 2%;\"><li>Suivi de waypoints<\/li><li class=\"liwithdot\">Traitement de zones<\/li><li class=\"liwithdot\">Prises de vues<\/li><li class=\"liwithdot\">Manipulation ou r\u00e9colte d\u2019objets<\/li><li>Suivi de mur ou de colline<\/li><\/ul><\/li><\/ul><p>L\u2019outil d\u00e9termine automatiquement les t\u00e2ches de transition n\u00e9cessaires \u00e0 l\u2019ex\u00e9cution de la mission cr\u00e9\u00e9e. Cette programmation permet de g\u00e9n\u00e9rer le plan de mission qui sera t\u00e9l\u00e9charg\u00e9 sur le v\u00e9hicule.<\/p>\t\t\t\t\t\t\t\t<\/div>\n\t\t\t\t<\/div>\n\t\t\t\t<div class=\"elementor-element elementor-element-7aa80ab elementor-arrows-position-inside elementor-pagination-position-outside elementor-widget elementor-widget-image-carousel\" data-id=\"7aa80ab\" data-element_type=\"widget\" data-e-type=\"widget\" data-settings=\"{&quot;navigation&quot;:&quot;both&quot;,&quot;autoplay&quot;:&quot;yes&quot;,&quot;pause_on_hover&quot;:&quot;yes&quot;,&quot;pause_on_interaction&quot;:&quot;yes&quot;,&quot;autoplay_speed&quot;:5000,&quot;infinite&quot;:&quot;yes&quot;,&quot;speed&quot;:500}\" data-widget_type=\"image-carousel.default\">\n\t\t\t\t<div class=\"elementor-widget-container\">\n\t\t\t\t\t\t\t<div class=\"elementor-image-carousel-wrapper swiper\" role=\"region\" aria-roledescription=\"carousel\" aria-label=\"Carrousel d\u2019images\" dir=\"ltr\">\n\t\t\t<div class=\"elementor-image-carousel swiper-wrapper\" aria-live=\"off\">\n\t\t\t\t\t\t\t\t<div class=\"swiper-slide\" role=\"group\" aria-roledescription=\"slide\" aria-label=\"1 sur 9\"><a data-elementor-open-lightbox=\"yes\" data-elementor-lightbox-slideshow=\"7aa80ab\" data-elementor-lightbox-title=\"MMS54\" data-e-action-hash=\"#elementor-action%3Aaction%3Dlightbox%26settings%3DeyJpZCI6MTI0MCwidXJsIjoiaHR0cHM6XC9cL3Byb2xleGlhLmZyXC93cC1jb250ZW50XC91cGxvYWRzXC8yMDIwXC8wNFwvaW1hZ2U1NC5qcGciLCJzbGlkZXNob3ciOiI3YWE4MGFiIn0%3D\" href=\"https:\/\/prolexia.fr\/wp-content\/uploads\/2020\/04\/image54.jpg\"><figure class=\"swiper-slide-inner\"><img decoding=\"async\" class=\"swiper-slide-image\" src=\"https:\/\/prolexia.fr\/wp-content\/uploads\/2020\/04\/image54-300x169.jpg\" alt=\"MMS54\" \/><\/figure><\/a><\/div><div class=\"swiper-slide\" role=\"group\" aria-roledescription=\"slide\" aria-label=\"2 sur 9\"><a data-elementor-open-lightbox=\"yes\" data-elementor-lightbox-slideshow=\"7aa80ab\" data-elementor-lightbox-title=\"MMS16\" data-e-action-hash=\"#elementor-action%3Aaction%3Dlightbox%26settings%3DeyJpZCI6MTIzNCwidXJsIjoiaHR0cHM6XC9cL3Byb2xleGlhLmZyXC93cC1jb250ZW50XC91cGxvYWRzXC8yMDIwXC8wNFwvaW1hZ2UxNi5qcGciLCJzbGlkZXNob3ciOiI3YWE4MGFiIn0%3D\" href=\"https:\/\/prolexia.fr\/wp-content\/uploads\/2020\/04\/image16.jpg\"><figure class=\"swiper-slide-inner\"><img decoding=\"async\" class=\"swiper-slide-image\" src=\"https:\/\/prolexia.fr\/wp-content\/uploads\/2020\/04\/image16-300x169.jpg\" alt=\"MMS16\" \/><\/figure><\/a><\/div><div class=\"swiper-slide\" role=\"group\" aria-roledescription=\"slide\" aria-label=\"3 sur 9\"><a data-elementor-open-lightbox=\"yes\" data-elementor-lightbox-slideshow=\"7aa80ab\" data-elementor-lightbox-title=\"MMS49\" data-e-action-hash=\"#elementor-action%3Aaction%3Dlightbox%26settings%3DeyJpZCI6MTIzNSwidXJsIjoiaHR0cHM6XC9cL3Byb2xleGlhLmZyXC93cC1jb250ZW50XC91cGxvYWRzXC8yMDIwXC8wNFwvaW1hZ2U0OS5qcGciLCJzbGlkZXNob3ciOiI3YWE4MGFiIn0%3D\" href=\"https:\/\/prolexia.fr\/wp-content\/uploads\/2020\/04\/image49.jpg\"><figure class=\"swiper-slide-inner\"><img decoding=\"async\" class=\"swiper-slide-image\" src=\"https:\/\/prolexia.fr\/wp-content\/uploads\/2020\/04\/image49-300x169.jpg\" alt=\"MMS49\" \/><\/figure><\/a><\/div><div class=\"swiper-slide\" role=\"group\" aria-roledescription=\"slide\" aria-label=\"4 sur 9\"><a data-elementor-open-lightbox=\"yes\" data-elementor-lightbox-slideshow=\"7aa80ab\" data-elementor-lightbox-title=\"MMS-lsr1\" data-e-action-hash=\"#elementor-action%3Aaction%3Dlightbox%26settings%3DeyJpZCI6MTg5OCwidXJsIjoiaHR0cHM6XC9cL3Byb2xleGlhLmZyXC93cC1jb250ZW50XC91cGxvYWRzXC8yMDIzXC8wOVwvTU1TLWxzcjEuanBnIiwic2xpZGVzaG93IjoiN2FhODBhYiJ9\" href=\"https:\/\/prolexia.fr\/wp-content\/uploads\/2023\/09\/MMS-lsr1.jpg\"><figure class=\"swiper-slide-inner\"><img decoding=\"async\" class=\"swiper-slide-image\" src=\"https:\/\/prolexia.fr\/wp-content\/uploads\/2023\/09\/MMS-lsr1-300x150.jpg\" alt=\"MMS-lsr1\" \/><\/figure><\/a><\/div><div class=\"swiper-slide\" role=\"group\" aria-roledescription=\"slide\" aria-label=\"5 sur 9\"><a data-elementor-open-lightbox=\"yes\" data-elementor-lightbox-slideshow=\"7aa80ab\" data-elementor-lightbox-title=\"Sherpa03\" data-e-action-hash=\"#elementor-action%3Aaction%3Dlightbox%26settings%3DeyJpZCI6OTgzLCJ1cmwiOiJodHRwczpcL1wvcHJvbGV4aWEuZnJcL3dwLWNvbnRlbnRcL3VwbG9hZHNcLzIwMjBcLzA0XC9pbWFnZTIzLnBuZyIsInNsaWRlc2hvdyI6IjdhYTgwYWIifQ%3D%3D\" href=\"https:\/\/prolexia.fr\/wp-content\/uploads\/2020\/04\/image23.png\"><figure class=\"swiper-slide-inner\"><img decoding=\"async\" class=\"swiper-slide-image\" src=\"https:\/\/prolexia.fr\/wp-content\/uploads\/2020\/04\/image23-300x169.png\" alt=\"Sherpa03\" \/><\/figure><\/a><\/div><div class=\"swiper-slide\" role=\"group\" aria-roledescription=\"slide\" aria-label=\"6 sur 9\"><a data-elementor-open-lightbox=\"yes\" data-elementor-lightbox-slideshow=\"7aa80ab\" data-elementor-lightbox-title=\"Musot2\" data-e-action-hash=\"#elementor-action%3Aaction%3Dlightbox%26settings%3DeyJpZCI6MTIwOCwidXJsIjoiaHR0cHM6XC9cL3Byb2xleGlhLmZyXC93cC1jb250ZW50XC91cGxvYWRzXC8yMDIwXC8wNFwvaW1hZ2UxMC5qcGciLCJzbGlkZXNob3ciOiI3YWE4MGFiIn0%3D\" href=\"https:\/\/prolexia.fr\/wp-content\/uploads\/2020\/04\/image10.jpg\"><figure class=\"swiper-slide-inner\"><img decoding=\"async\" class=\"swiper-slide-image\" src=\"https:\/\/prolexia.fr\/wp-content\/uploads\/2020\/04\/image10-300x169.jpg\" alt=\"Musot2\" \/><\/figure><\/a><\/div><div class=\"swiper-slide\" role=\"group\" aria-roledescription=\"slide\" aria-label=\"7 sur 9\"><a data-elementor-open-lightbox=\"yes\" data-elementor-lightbox-slideshow=\"7aa80ab\" data-elementor-lightbox-title=\"AR2\" data-e-action-hash=\"#elementor-action%3Aaction%3Dlightbox%26settings%3DeyJpZCI6MTkwMSwidXJsIjoiaHR0cHM6XC9cL3Byb2xleGlhLmZyXC93cC1jb250ZW50XC91cGxvYWRzXC8yMDIzXC8wOVwvQVIyLmpwZyIsInNsaWRlc2hvdyI6IjdhYTgwYWIifQ%3D%3D\" href=\"https:\/\/prolexia.fr\/wp-content\/uploads\/2023\/09\/AR2.jpg\"><figure class=\"swiper-slide-inner\"><img decoding=\"async\" class=\"swiper-slide-image\" src=\"https:\/\/prolexia.fr\/wp-content\/uploads\/2023\/09\/AR2-300x169.jpg\" alt=\"AR2\" \/><\/figure><\/a><\/div><div class=\"swiper-slide\" role=\"group\" aria-roledescription=\"slide\" aria-label=\"8 sur 9\"><a data-elementor-open-lightbox=\"yes\" data-elementor-lightbox-slideshow=\"7aa80ab\" data-elementor-lightbox-title=\"AR\" data-e-action-hash=\"#elementor-action%3Aaction%3Dlightbox%26settings%3DeyJpZCI6MTkwMCwidXJsIjoiaHR0cHM6XC9cL3Byb2xleGlhLmZyXC93cC1jb250ZW50XC91cGxvYWRzXC8yMDIzXC8wOVwvQVIuanBnIiwic2xpZGVzaG93IjoiN2FhODBhYiJ9\" href=\"https:\/\/prolexia.fr\/wp-content\/uploads\/2023\/09\/AR.jpg\"><figure class=\"swiper-slide-inner\"><img decoding=\"async\" class=\"swiper-slide-image\" src=\"https:\/\/prolexia.fr\/wp-content\/uploads\/2023\/09\/AR-300x169.jpg\" alt=\"AR\" \/><\/figure><\/a><\/div><div class=\"swiper-slide\" role=\"group\" aria-roledescription=\"slide\" aria-label=\"9 sur 9\"><a data-elementor-open-lightbox=\"yes\" data-elementor-lightbox-slideshow=\"7aa80ab\" data-elementor-lightbox-title=\"MMS53\" data-e-action-hash=\"#elementor-action%3Aaction%3Dlightbox%26settings%3DeyJpZCI6MTIzOSwidXJsIjoiaHR0cHM6XC9cL3Byb2xleGlhLmZyXC93cC1jb250ZW50XC91cGxvYWRzXC8yMDIwXC8wNFwvaW1hZ2U1My5qcGciLCJzbGlkZXNob3ciOiI3YWE4MGFiIn0%3D\" href=\"https:\/\/prolexia.fr\/wp-content\/uploads\/2020\/04\/image53.jpg\"><figure class=\"swiper-slide-inner\"><img decoding=\"async\" class=\"swiper-slide-image\" src=\"https:\/\/prolexia.fr\/wp-content\/uploads\/2020\/04\/image53-300x225.jpg\" alt=\"MMS53\" \/><\/figure><\/a><\/div>\t\t\t<\/div>\n\t\t\t\t\t\t\t\t\t\t\t\t<div class=\"elementor-swiper-button elementor-swiper-button-prev\" role=\"button\" tabindex=\"0\">\n\t\t\t\t\t\t<i aria-hidden=\"true\" class=\"eicon-chevron-left\"><\/i>\t\t\t\t\t<\/div>\n\t\t\t\t\t<div class=\"elementor-swiper-button elementor-swiper-button-next\" role=\"button\" tabindex=\"0\">\n\t\t\t\t\t\t<i aria-hidden=\"true\" class=\"eicon-chevron-right\"><\/i>\t\t\t\t\t<\/div>\n\t\t\t\t\n\t\t\t\t\t\t\t\t\t<div class=\"swiper-pagination\"><\/div>\n\t\t\t\t\t\t\t\t\t<\/div>\n\t\t\t\t\t\t<\/div>\n\t\t\t\t<\/div>\n\t\t\t\t<div class=\"elementor-element elementor-element-4c7ce6a elementor-widget elementor-widget-video\" data-id=\"4c7ce6a\" data-element_type=\"widget\" data-e-type=\"widget\" data-settings=\"{&quot;youtube_url&quot;:&quot;https:\\\/\\\/www.youtube.com\\\/watch?v=D19Lwqs6YBY&quot;,&quot;video_type&quot;:&quot;youtube&quot;,&quot;controls&quot;:&quot;yes&quot;}\" data-widget_type=\"video.default\">\n\t\t\t\t<div class=\"elementor-widget-container\">\n\t\t\t\t\t\t\t<div class=\"elementor-wrapper elementor-open-inline\">\n\t\t\t<div class=\"elementor-video\"><\/div>\t\t<\/div>\n\t\t\t\t\t\t<\/div>\n\t\t\t\t<\/div>\n\t\t\t\t\t<\/div>\n\t\t<\/div>\n\t\t\t\t\t<\/div>\n\t\t<\/section>\n\t\t\t\t\t<\/div>\n\t\t<\/div>\n\t\t\t\t\t<\/div>\n\t\t<\/section>\n\t\t\t\t<\/div>\n\t\t","protected":false},"excerpt":{"rendered":"<p>L\u2019outil Advansys MMS permet de programmer, de superviser, de simuler et d\u2019analyser une mission mettant en oeuvre un ou plusieurs v\u00e9hicules autonomes de type AUV, USV, UGV ou UAV. L\u2019objectif est de g\u00e9rer les missions de v\u00e9hicules pouvant intervenir sur des missions de surveillance de zones ou de l\u2019environnement, sur des t\u00e2ches de maintenance ou [&hellip;]<\/p>\n","protected":false},"author":1,"featured_media":0,"parent":0,"menu_order":0,"comment_status":"closed","ping_status":"closed","template":"elementor_header_footer","meta":{"footnotes":""},"class_list":["post-678","page","type-page","status-publish","hentry"],"_links":{"self":[{"href":"https:\/\/prolexia.fr\/fr\/wp-json\/wp\/v2\/pages\/678","targetHints":{"allow":["GET"]}}],"collection":[{"href":"https:\/\/prolexia.fr\/fr\/wp-json\/wp\/v2\/pages"}],"about":[{"href":"https:\/\/prolexia.fr\/fr\/wp-json\/wp\/v2\/types\/page"}],"author":[{"embeddable":true,"href":"https:\/\/prolexia.fr\/fr\/wp-json\/wp\/v2\/users\/1"}],"replies":[{"embeddable":true,"href":"https:\/\/prolexia.fr\/fr\/wp-json\/wp\/v2\/comments?post=678"}],"version-history":[{"count":20,"href":"https:\/\/prolexia.fr\/fr\/wp-json\/wp\/v2\/pages\/678\/revisions"}],"predecessor-version":[{"id":1907,"href":"https:\/\/prolexia.fr\/fr\/wp-json\/wp\/v2\/pages\/678\/revisions\/1907"}],"wp:attachment":[{"href":"https:\/\/prolexia.fr\/fr\/wp-json\/wp\/v2\/media?parent=678"}],"curies":[{"name":"wp","href":"https:\/\/api.w.org\/{rel}","templated":true}]}}