{"id":702,"date":"2020-03-27T17:45:03","date_gmt":"2020-03-27T16:45:03","guid":{"rendered":"https:\/\/prolexia.fr\/?page_id=702"},"modified":"2020-04-08T17:50:55","modified_gmt":"2020-04-08T15:50:55","slug":"seatcher","status":"publish","type":"page","link":"https:\/\/prolexia.fr\/fr\/seatcher\/","title":{"rendered":"SEATCHER"},"content":{"rendered":"\t\t<div data-elementor-type=\"wp-page\" data-elementor-id=\"702\" class=\"elementor elementor-702\">\n\t\t\t\t\t\t<section class=\"has_eae_slider elementor-section elementor-top-section elementor-element elementor-element-94ee7d3 elementor-section-stretched elementor-section-full_width elementor-section-height-default elementor-section-height-default\" data-eae-slider=\"79882\" data-id=\"94ee7d3\" data-element_type=\"section\" data-e-type=\"section\" data-settings=\"{&quot;stretch_section&quot;:&quot;section-stretched&quot;}\">\n\t\t\t\t\t\t<div class=\"elementor-container elementor-column-gap-no\">\n\t\t\t\t\t<div class=\"has_eae_slider elementor-column elementor-col-100 elementor-top-column elementor-element elementor-element-2923fbf\" data-eae-slider=\"27834\" data-id=\"2923fbf\" data-element_type=\"column\" data-e-type=\"column\">\n\t\t\t<div class=\"elementor-widget-wrap elementor-element-populated\">\n\t\t\t\t\t\t<section class=\"has_eae_slider elementor-section elementor-inner-section elementor-element elementor-element-cb6e2ce elementor-section-boxed elementor-section-height-default elementor-section-height-default\" data-eae-slider=\"21069\" data-id=\"cb6e2ce\" data-element_type=\"section\" data-e-type=\"section\">\n\t\t\t\t\t\t<div class=\"elementor-container elementor-column-gap-default\">\n\t\t\t\t\t<div class=\"has_eae_slider elementor-column elementor-col-100 elementor-inner-column elementor-element elementor-element-c8e2757\" data-eae-slider=\"41548\" data-id=\"c8e2757\" data-element_type=\"column\" data-e-type=\"column\">\n\t\t\t<div class=\"elementor-widget-wrap elementor-element-populated\">\n\t\t\t\t\t\t<div class=\"elementor-element elementor-element-91b373f elementor-widget elementor-widget-text-editor\" data-id=\"91b373f\" data-element_type=\"widget\" data-e-type=\"widget\" data-widget_type=\"text-editor.default\">\n\t\t\t\t<div class=\"elementor-widget-container\">\n\t\t\t\t\t\t\t\t\t<p>SEATCHER est un projet lanc\u00e9 par PROLEXIA en r\u00e9ponse \u00e0 l&rsquo;appel \u00e0 projets e-Education lanc\u00e9 dans le cadre du soutien des investissements d&rsquo;avenir. \u00ab\u00a0SEATCHER-le jeu\u00a0\u00bb est un serious game, c&rsquo;est-\u00e0-dire un jeu ludo-\u00e9ducatif, d\u00e9velopp\u00e9 dans le cadre de ce projet.<\/p><p>Ce jeu permet \u00e0 l&rsquo;\u00e9l\u00e8ve de d\u00e9couvrir des fondamentaux de technologie, physique et SVT au travers d&rsquo;une mission d&rsquo;exploration sous-marine. Cette mission, d\u00e9coup\u00e9e en 6 sc\u00e9narios, invite l&rsquo;\u00e9l\u00e8ve \u00e0 concevoir son propre engin d&rsquo;exploration dans un 1er sc\u00e9nario sp\u00e9cifi\u00e9 pour un cours de technologie, puis \u00e0 l&rsquo;utiliser en cours de physique et de SVT pour d\u00e9couvrir des notions telles que des grandeurs physiques comme le poids et la pression, des esp\u00e8ces chimiques telles que les ions, des formations g\u00e9ologiques comme les chemin\u00e9es hydrothermales, etc.<\/p><p>Afin de faire cohabiter v\u00e9rit\u00e9 scientifique, p\u00e9dagogie et ad\u00e9quation avec le programme scolaire, le contenu scientifique a \u00e9t\u00e9 d\u00e9fini avec l&rsquo;aide de l&rsquo;Ifremer, et des exp\u00e9rimentations ont \u00e9t\u00e9 men\u00e9es avec des \u00e9tablissements de l&rsquo;acad\u00e9mie de Nice.<\/p>\t\t\t\t\t\t\t\t<\/div>\n\t\t\t\t<\/div>\n\t\t\t\t<div class=\"elementor-element elementor-element-b9f171f elementor-arrows-position-inside elementor-pagination-position-outside elementor-widget elementor-widget-image-carousel\" data-id=\"b9f171f\" data-element_type=\"widget\" data-e-type=\"widget\" data-settings=\"{&quot;navigation&quot;:&quot;both&quot;,&quot;autoplay&quot;:&quot;yes&quot;,&quot;pause_on_hover&quot;:&quot;yes&quot;,&quot;pause_on_interaction&quot;:&quot;yes&quot;,&quot;autoplay_speed&quot;:5000,&quot;infinite&quot;:&quot;yes&quot;,&quot;speed&quot;:500}\" data-widget_type=\"image-carousel.default\">\n\t\t\t\t<div class=\"elementor-widget-container\">\n\t\t\t\t\t\t\t<div class=\"elementor-image-carousel-wrapper swiper\" role=\"region\" aria-roledescription=\"carousel\" aria-label=\"Carrousel d\u2019images\" dir=\"ltr\">\n\t\t\t<div class=\"elementor-image-carousel swiper-wrapper\" aria-live=\"off\">\n\t\t\t\t\t\t\t\t<div class=\"swiper-slide\" role=\"group\" aria-roledescription=\"slide\" aria-label=\"1 sur 4\"><a data-elementor-open-lightbox=\"yes\" data-elementor-lightbox-slideshow=\"b9f171f\" data-elementor-lightbox-title=\"Seatcher01\" data-e-action-hash=\"#elementor-action%3Aaction%3Dlightbox%26settings%3DeyJpZCI6NTU4LCJ1cmwiOiJodHRwczpcL1wvcHJvbGV4aWEuZnJcL3dwLWNvbnRlbnRcL3VwbG9hZHNcLzIwMjBcLzAyXC9waWMwMS02LmpwZyIsInNsaWRlc2hvdyI6ImI5ZjE3MWYifQ%3D%3D\" href=\"https:\/\/prolexia.fr\/wp-content\/uploads\/2020\/02\/pic01-6.jpg\"><figure class=\"swiper-slide-inner\"><img decoding=\"async\" class=\"swiper-slide-image\" src=\"https:\/\/prolexia.fr\/wp-content\/uploads\/2020\/02\/pic01-6-300x169.jpg\" alt=\"Seatcher01\" \/><\/figure><\/a><\/div><div class=\"swiper-slide\" role=\"group\" aria-roledescription=\"slide\" aria-label=\"2 sur 4\"><a data-elementor-open-lightbox=\"yes\" data-elementor-lightbox-slideshow=\"b9f171f\" data-elementor-lightbox-title=\"Seatcher02\" data-e-action-hash=\"#elementor-action%3Aaction%3Dlightbox%26settings%3DeyJpZCI6NzA0LCJ1cmwiOiJodHRwczpcL1wvcHJvbGV4aWEuZnJcL3dwLWNvbnRlbnRcL3VwbG9hZHNcLzIwMjBcLzAzXC9waWMwMi0yLmpwZyIsInNsaWRlc2hvdyI6ImI5ZjE3MWYifQ%3D%3D\" href=\"https:\/\/prolexia.fr\/wp-content\/uploads\/2020\/03\/pic02-2.jpg\"><figure class=\"swiper-slide-inner\"><img decoding=\"async\" class=\"swiper-slide-image\" src=\"https:\/\/prolexia.fr\/wp-content\/uploads\/2020\/03\/pic02-2-300x169.jpg\" alt=\"Seatcher02\" \/><\/figure><\/a><\/div><div class=\"swiper-slide\" role=\"group\" aria-roledescription=\"slide\" aria-label=\"3 sur 4\"><a data-elementor-open-lightbox=\"yes\" data-elementor-lightbox-slideshow=\"b9f171f\" data-elementor-lightbox-title=\"Seatcher03\" data-e-action-hash=\"#elementor-action%3Aaction%3Dlightbox%26settings%3DeyJpZCI6NzA1LCJ1cmwiOiJodHRwczpcL1wvcHJvbGV4aWEuZnJcL3dwLWNvbnRlbnRcL3VwbG9hZHNcLzIwMjBcLzAzXC9waWMwMy00LmpwZyIsInNsaWRlc2hvdyI6ImI5ZjE3MWYifQ%3D%3D\" href=\"https:\/\/prolexia.fr\/wp-content\/uploads\/2020\/03\/pic03-4.jpg\"><figure class=\"swiper-slide-inner\"><img decoding=\"async\" class=\"swiper-slide-image\" src=\"https:\/\/prolexia.fr\/wp-content\/uploads\/2020\/03\/pic03-4-300x169.jpg\" alt=\"Seatcher03\" \/><\/figure><\/a><\/div><div class=\"swiper-slide\" role=\"group\" aria-roledescription=\"slide\" aria-label=\"4 sur 4\"><a data-elementor-open-lightbox=\"yes\" data-elementor-lightbox-slideshow=\"b9f171f\" data-elementor-lightbox-title=\"Seatcher04\" data-e-action-hash=\"#elementor-action%3Aaction%3Dlightbox%26settings%3DeyJpZCI6NzA2LCJ1cmwiOiJodHRwczpcL1wvcHJvbGV4aWEuZnJcL3dwLWNvbnRlbnRcL3VwbG9hZHNcLzIwMjBcLzAzXC9waWMwNC0zLmpwZyIsInNsaWRlc2hvdyI6ImI5ZjE3MWYifQ%3D%3D\" href=\"https:\/\/prolexia.fr\/wp-content\/uploads\/2020\/03\/pic04-3.jpg\"><figure class=\"swiper-slide-inner\"><img decoding=\"async\" class=\"swiper-slide-image\" src=\"https:\/\/prolexia.fr\/wp-content\/uploads\/2020\/03\/pic04-3-300x169.jpg\" alt=\"Seatcher04\" \/><\/figure><\/a><\/div>\t\t\t<\/div>\n\t\t\t\t\t\t\t\t\t\t\t\t<div class=\"elementor-swiper-button elementor-swiper-button-prev\" role=\"button\" tabindex=\"0\">\n\t\t\t\t\t\t<i aria-hidden=\"true\" class=\"eicon-chevron-left\"><\/i>\t\t\t\t\t<\/div>\n\t\t\t\t\t<div class=\"elementor-swiper-button elementor-swiper-button-next\" role=\"button\" tabindex=\"0\">\n\t\t\t\t\t\t<i aria-hidden=\"true\" class=\"eicon-chevron-right\"><\/i>\t\t\t\t\t<\/div>\n\t\t\t\t\n\t\t\t\t\t\t\t\t\t<div class=\"swiper-pagination\"><\/div>\n\t\t\t\t\t\t\t\t\t<\/div>\n\t\t\t\t\t\t<\/div>\n\t\t\t\t<\/div>\n\t\t\t\t\t<\/div>\n\t\t<\/div>\n\t\t\t\t\t<\/div>\n\t\t<\/section>\n\t\t\t\t\t<\/div>\n\t\t<\/div>\n\t\t\t\t\t<\/div>\n\t\t<\/section>\n\t\t\t\t<\/div>\n\t\t","protected":false},"excerpt":{"rendered":"<p>SEATCHER est un projet lanc\u00e9 par PROLEXIA en r\u00e9ponse \u00e0 l&rsquo;appel \u00e0 projets e-Education lanc\u00e9 dans le cadre du soutien des investissements d&rsquo;avenir. \u00ab\u00a0SEATCHER-le jeu\u00a0\u00bb est un serious game, c&rsquo;est-\u00e0-dire un jeu ludo-\u00e9ducatif, d\u00e9velopp\u00e9 dans le cadre de ce projet. Ce jeu permet \u00e0 l&rsquo;\u00e9l\u00e8ve de d\u00e9couvrir des fondamentaux de technologie, physique et SVT au [&hellip;]<\/p>\n","protected":false},"author":1,"featured_media":0,"parent":0,"menu_order":0,"comment_status":"closed","ping_status":"closed","template":"elementor_header_footer","meta":{"footnotes":""},"class_list":["post-702","page","type-page","status-publish","hentry"],"_links":{"self":[{"href":"https:\/\/prolexia.fr\/fr\/wp-json\/wp\/v2\/pages\/702","targetHints":{"allow":["GET"]}}],"collection":[{"href":"https:\/\/prolexia.fr\/fr\/wp-json\/wp\/v2\/pages"}],"about":[{"href":"https:\/\/prolexia.fr\/fr\/wp-json\/wp\/v2\/types\/page"}],"author":[{"embeddable":true,"href":"https:\/\/prolexia.fr\/fr\/wp-json\/wp\/v2\/users\/1"}],"replies":[{"embeddable":true,"href":"https:\/\/prolexia.fr\/fr\/wp-json\/wp\/v2\/comments?post=702"}],"version-history":[{"count":11,"href":"https:\/\/prolexia.fr\/fr\/wp-json\/wp\/v2\/pages\/702\/revisions"}],"predecessor-version":[{"id":1265,"href":"https:\/\/prolexia.fr\/fr\/wp-json\/wp\/v2\/pages\/702\/revisions\/1265"}],"wp:attachment":[{"href":"https:\/\/prolexia.fr\/fr\/wp-json\/wp\/v2\/media?parent=702"}],"curies":[{"name":"wp","href":"https:\/\/api.w.org\/{rel}","templated":true}]}}