{"id":715,"date":"2020-03-27T18:04:31","date_gmt":"2020-03-27T17:04:31","guid":{"rendered":"https:\/\/prolexia.fr\/?page_id=715"},"modified":"2020-04-09T15:22:03","modified_gmt":"2020-04-09T13:22:03","slug":"iovas","status":"publish","type":"page","link":"https:\/\/prolexia.fr\/fr\/iovas\/","title":{"rendered":"IOVAS"},"content":{"rendered":"\t\t<div data-elementor-type=\"wp-page\" data-elementor-id=\"715\" class=\"elementor elementor-715\">\n\t\t\t\t\t\t<section class=\"has_eae_slider elementor-section elementor-top-section elementor-element elementor-element-1c00940 elementor-section-stretched elementor-section-full_width elementor-section-height-default elementor-section-height-default\" data-eae-slider=\"43259\" data-id=\"1c00940\" data-element_type=\"section\" data-e-type=\"section\" data-settings=\"{&quot;stretch_section&quot;:&quot;section-stretched&quot;}\">\n\t\t\t\t\t\t<div class=\"elementor-container elementor-column-gap-no\">\n\t\t\t\t\t<div class=\"has_eae_slider elementor-column elementor-col-100 elementor-top-column elementor-element elementor-element-f66ccfe\" data-eae-slider=\"57130\" data-id=\"f66ccfe\" data-element_type=\"column\" data-e-type=\"column\">\n\t\t\t<div class=\"elementor-widget-wrap elementor-element-populated\">\n\t\t\t\t\t\t<section class=\"has_eae_slider elementor-section elementor-inner-section elementor-element elementor-element-d905b2c elementor-section-boxed elementor-section-height-default elementor-section-height-default\" data-eae-slider=\"71738\" data-id=\"d905b2c\" data-element_type=\"section\" data-e-type=\"section\">\n\t\t\t\t\t\t<div class=\"elementor-container elementor-column-gap-default\">\n\t\t\t\t\t<div class=\"has_eae_slider elementor-column elementor-col-100 elementor-inner-column elementor-element elementor-element-4fbcfa0\" data-eae-slider=\"19656\" data-id=\"4fbcfa0\" data-element_type=\"column\" data-e-type=\"column\">\n\t\t\t<div class=\"elementor-widget-wrap elementor-element-populated\">\n\t\t\t\t\t\t<div class=\"elementor-element elementor-element-d61d369 elementor-widget elementor-widget-text-editor\" data-id=\"d61d369\" data-element_type=\"widget\" data-e-type=\"widget\" data-widget_type=\"text-editor.default\">\n\t\t\t\t<div class=\"elementor-widget-container\">\n\t\t\t\t\t\t\t\t\tIOVAS (Interface Op\u00e9rateur pour V\u00e9hicule Autonome Sous-marin) est un outil de pr\u00e9paration et de supervision de mission d\u00e9velopp\u00e9 pour le compte du GESMA (2005 \u2013 2013). IOVAS utilise les donn\u00e9es d\u2019environnement du Guide METOC (donn\u00e9es du SHOM).\n\nIOVAS permet de pr\u00e9parer la mission d\u2019un AUV gr\u00e2ce \u00e0 :\n<ul style=\"padding-left: 2%;\">\n \t<li>Enchainement de commandes<\/li>\n \t<li>Zones de mission \/ zones interdites<\/li>\n \t<li>S\u00e9lection des charges utiles \/ param\u00e9trage<\/li>\n \t<li>S\u00e9lection des op\u00e9rations \/ charges utiles activ\u00e9es sur chaque zone<\/li>\n<\/ul>\nLes caract\u00e9ristiques physiques (nominales, contraintes min\/max) du v\u00e9hicule sont d\u00e9finies :\n<ul style=\"padding-left: 2%;\">\n \t<li>Vitesses, acc\u00e9l\u00e9rations<\/li>\n \t<li>Rayon de giration<\/li>\n \t<li>Immersion max<\/li>\n \t<li>Altitude min<\/li>\n \t<li>Etc.<\/li>\n<\/ul>\nPuis l\u2019utilisateur d\u00e9finit la mission \u00e0 l\u2019aide de commandes, ou de zones. Chaque zone peut ensuite \u00eatre associ\u00e9e \u00e0 un ensemble d\u2019op\u00e9rations, elles-m\u00eames associ\u00e9es \u00e0 un ensemble de charges utiles.\n\nL\u2019application permet \u00e0 l\u2019utilisateur de d\u00e9finir ses biblioth\u00e8ques de commandes, de v\u00e9hicules, de charges utiles.\n\nL\u2019utilisateur dispose par la suite de donn\u00e9es d\u2019environnement pour pr\u00e9parer sa mission :\n<ul style=\"padding-left: 2%;\">\n \t<li>Donn\u00e9es du SHOM (Service Hydrographique et Oc\u00e9anographique de la Marine)\n<ul style=\"padding-left: 2%;\">\n \t<li>Traits de c\u00f4te (Guide METOC)<\/li>\n \t<li>Bathym\u00e9trie (Guide METOC)<\/li>\n \t<li>Courants de mar\u00e9es (Guide METOC)<\/li>\n<\/ul>\n<\/li>\n<\/ul>\nLes donn\u00e9es SHOM sont charg\u00e9e directement depuis l\u2019outil sans interface n\u00e9cessaire avec le Guide METOC.\n<ul style=\"padding-left: 2%;\">\n \t<li>Autres donn\u00e9es :\n<ul style=\"padding-left: 2%;\">\n \t<li>Images g\u00e9o-r\u00e9f\u00e9renc\u00e9es (geotiffs, worldfiles)<\/li>\n \t<li>S-57<\/li>\n \t<li>AML (Additional Military Layers)<\/li>\n<\/ul>\n<\/li>\n<\/ul>\nPerformances \/ Qualit\u00e9 d\u2019affichage\n<ul style=\"padding-left: 2%;\">\n \t<li>La cartographie repose sur une couche d\u2019abstraction logicielle bas\u00e9e sur une API d\u2019affichage acc\u00e9l\u00e9r\u00e9<\/li>\n \t<li class=\"liwithdot\">Syst\u00e8me de chargement dynamique \/ multi-\u00e9chelle des diff\u00e9rentes couches de donn\u00e9es<\/li>\n<\/ul>\nIOVAS utilise des algorithmes d\u00e9velopp\u00e9s par l\u2019ONERA (CERT), et g\u00e9n\u00e8re un dossier de mission dans le format natif utilis\u00e9 par les logiciels embarqu\u00e9s.\n\nIOVAS permet de t\u00e9l\u00e9charger directement la mission dans le format de dossier de mission correct depuis l\u2019interface vers l\u2019engin.\t\t\t\t\t\t\t\t<\/div>\n\t\t\t\t<\/div>\n\t\t\t\t<div class=\"elementor-element elementor-element-db4c553 elementor-arrows-position-inside elementor-pagination-position-outside elementor-widget elementor-widget-image-carousel\" data-id=\"db4c553\" data-element_type=\"widget\" data-e-type=\"widget\" data-settings=\"{&quot;navigation&quot;:&quot;both&quot;,&quot;autoplay&quot;:&quot;yes&quot;,&quot;pause_on_hover&quot;:&quot;yes&quot;,&quot;pause_on_interaction&quot;:&quot;yes&quot;,&quot;autoplay_speed&quot;:5000,&quot;infinite&quot;:&quot;yes&quot;,&quot;speed&quot;:500}\" data-widget_type=\"image-carousel.default\">\n\t\t\t\t<div class=\"elementor-widget-container\">\n\t\t\t\t\t\t\t<div class=\"elementor-image-carousel-wrapper swiper\" role=\"region\" aria-roledescription=\"carousel\" aria-label=\"Carrousel d\u2019images\" dir=\"ltr\">\n\t\t\t<div class=\"elementor-image-carousel swiper-wrapper\" aria-live=\"off\">\n\t\t\t\t\t\t\t\t<div class=\"swiper-slide\" role=\"group\" aria-roledescription=\"slide\" aria-label=\"1 sur 4\"><a data-elementor-open-lightbox=\"yes\" data-elementor-lightbox-slideshow=\"db4c553\" data-elementor-lightbox-title=\"IOVAS01\" data-e-action-hash=\"#elementor-action%3Aaction%3Dlightbox%26settings%3DeyJpZCI6NDY0LCJ1cmwiOiJodHRwczpcL1wvcHJvbGV4aWEuZnJcL3dwLWNvbnRlbnRcL3VwbG9hZHNcLzIwMjBcLzAyXC9waWMwMS0yLmpwZyIsInNsaWRlc2hvdyI6ImRiNGM1NTMifQ%3D%3D\" href=\"https:\/\/prolexia.fr\/wp-content\/uploads\/2020\/02\/pic01-2.jpg\"><figure class=\"swiper-slide-inner\"><img decoding=\"async\" class=\"swiper-slide-image\" src=\"https:\/\/prolexia.fr\/wp-content\/uploads\/2020\/02\/pic01-2-300x163.jpg\" alt=\"IOVAS01\" \/><\/figure><\/a><\/div><div class=\"swiper-slide\" role=\"group\" aria-roledescription=\"slide\" aria-label=\"2 sur 4\"><a data-elementor-open-lightbox=\"yes\" data-elementor-lightbox-slideshow=\"db4c553\" data-elementor-lightbox-title=\"IOVAS02\" data-e-action-hash=\"#elementor-action%3Aaction%3Dlightbox%26settings%3DeyJpZCI6NzE4LCJ1cmwiOiJodHRwczpcL1wvcHJvbGV4aWEuZnJcL3dwLWNvbnRlbnRcL3VwbG9hZHNcLzIwMjBcLzAzXC9waWMwMi0zLmpwZyIsInNsaWRlc2hvdyI6ImRiNGM1NTMifQ%3D%3D\" href=\"https:\/\/prolexia.fr\/wp-content\/uploads\/2020\/03\/pic02-3.jpg\"><figure class=\"swiper-slide-inner\"><img decoding=\"async\" class=\"swiper-slide-image\" src=\"https:\/\/prolexia.fr\/wp-content\/uploads\/2020\/03\/pic02-3-300x159.jpg\" alt=\"IOVAS02\" \/><\/figure><\/a><\/div><div class=\"swiper-slide\" role=\"group\" aria-roledescription=\"slide\" aria-label=\"3 sur 4\"><a data-elementor-open-lightbox=\"yes\" data-elementor-lightbox-slideshow=\"db4c553\" data-elementor-lightbox-title=\"IOVAS03\" data-e-action-hash=\"#elementor-action%3Aaction%3Dlightbox%26settings%3DeyJpZCI6NzE5LCJ1cmwiOiJodHRwczpcL1wvcHJvbGV4aWEuZnJcL3dwLWNvbnRlbnRcL3VwbG9hZHNcLzIwMjBcLzAzXC9waWMwMy01LmpwZyIsInNsaWRlc2hvdyI6ImRiNGM1NTMifQ%3D%3D\" href=\"https:\/\/prolexia.fr\/wp-content\/uploads\/2020\/03\/pic03-5.jpg\"><figure class=\"swiper-slide-inner\"><img decoding=\"async\" class=\"swiper-slide-image\" src=\"https:\/\/prolexia.fr\/wp-content\/uploads\/2020\/03\/pic03-5-300x163.jpg\" alt=\"IOVAS03\" \/><\/figure><\/a><\/div><div class=\"swiper-slide\" role=\"group\" aria-roledescription=\"slide\" aria-label=\"4 sur 4\"><a data-elementor-open-lightbox=\"yes\" data-elementor-lightbox-slideshow=\"db4c553\" data-elementor-lightbox-title=\"IOVAS04\" data-e-action-hash=\"#elementor-action%3Aaction%3Dlightbox%26settings%3DeyJpZCI6MTM1MiwidXJsIjoiaHR0cHM6XC9cL3Byb2xleGlhLmZyXC93cC1jb250ZW50XC91cGxvYWRzXC8yMDIwXC8wNFwvaW92YXMucG5nIiwic2xpZGVzaG93IjoiZGI0YzU1MyJ9\" href=\"https:\/\/prolexia.fr\/wp-content\/uploads\/2020\/04\/iovas.png\"><figure class=\"swiper-slide-inner\"><img decoding=\"async\" class=\"swiper-slide-image\" src=\"https:\/\/prolexia.fr\/wp-content\/uploads\/2020\/04\/iovas-300x188.png\" alt=\"IOVAS04\" \/><\/figure><\/a><\/div>\t\t\t<\/div>\n\t\t\t\t\t\t\t\t\t\t\t\t<div class=\"elementor-swiper-button elementor-swiper-button-prev\" role=\"button\" tabindex=\"0\">\n\t\t\t\t\t\t<i aria-hidden=\"true\" class=\"eicon-chevron-left\"><\/i>\t\t\t\t\t<\/div>\n\t\t\t\t\t<div class=\"elementor-swiper-button elementor-swiper-button-next\" role=\"button\" tabindex=\"0\">\n\t\t\t\t\t\t<i aria-hidden=\"true\" class=\"eicon-chevron-right\"><\/i>\t\t\t\t\t<\/div>\n\t\t\t\t\n\t\t\t\t\t\t\t\t\t<div class=\"swiper-pagination\"><\/div>\n\t\t\t\t\t\t\t\t\t<\/div>\n\t\t\t\t\t\t<\/div>\n\t\t\t\t<\/div>\n\t\t\t\t\t<\/div>\n\t\t<\/div>\n\t\t\t\t\t<\/div>\n\t\t<\/section>\n\t\t\t\t\t<\/div>\n\t\t<\/div>\n\t\t\t\t\t<\/div>\n\t\t<\/section>\n\t\t\t\t<\/div>\n\t\t","protected":false},"excerpt":{"rendered":"<p>IOVAS (Interface Op\u00e9rateur pour V\u00e9hicule Autonome Sous-marin) est un outil de pr\u00e9paration et de supervision de mission d\u00e9velopp\u00e9 pour le compte du GESMA (2005 \u2013 2013). IOVAS utilise les donn\u00e9es d\u2019environnement du Guide METOC (donn\u00e9es du SHOM). IOVAS permet de pr\u00e9parer la mission d\u2019un AUV gr\u00e2ce \u00e0 : Enchainement de commandes Zones de mission \/ [&hellip;]<\/p>\n","protected":false},"author":1,"featured_media":0,"parent":0,"menu_order":0,"comment_status":"closed","ping_status":"closed","template":"elementor_header_footer","meta":{"footnotes":""},"class_list":["post-715","page","type-page","status-publish","hentry"],"_links":{"self":[{"href":"https:\/\/prolexia.fr\/fr\/wp-json\/wp\/v2\/pages\/715","targetHints":{"allow":["GET"]}}],"collection":[{"href":"https:\/\/prolexia.fr\/fr\/wp-json\/wp\/v2\/pages"}],"about":[{"href":"https:\/\/prolexia.fr\/fr\/wp-json\/wp\/v2\/types\/page"}],"author":[{"embeddable":true,"href":"https:\/\/prolexia.fr\/fr\/wp-json\/wp\/v2\/users\/1"}],"replies":[{"embeddable":true,"href":"https:\/\/prolexia.fr\/fr\/wp-json\/wp\/v2\/comments?post=715"}],"version-history":[{"count":14,"href":"https:\/\/prolexia.fr\/fr\/wp-json\/wp\/v2\/pages\/715\/revisions"}],"predecessor-version":[{"id":1353,"href":"https:\/\/prolexia.fr\/fr\/wp-json\/wp\/v2\/pages\/715\/revisions\/1353"}],"wp:attachment":[{"href":"https:\/\/prolexia.fr\/fr\/wp-json\/wp\/v2\/media?parent=715"}],"curies":[{"name":"wp","href":"https:\/\/api.w.org\/{rel}","templated":true}]}}