{"id":756,"date":"2020-03-30T11:56:34","date_gmt":"2020-03-30T09:56:34","guid":{"rendered":"https:\/\/prolexia.fr\/?page_id=756"},"modified":"2020-04-08T17:52:53","modified_gmt":"2020-04-08T15:52:53","slug":"simusorter","status":"publish","type":"page","link":"https:\/\/prolexia.fr\/fr\/simusorter\/","title":{"rendered":"SimuSorter"},"content":{"rendered":"\t\t<div data-elementor-type=\"wp-page\" data-elementor-id=\"756\" class=\"elementor elementor-756\">\n\t\t\t\t\t\t<section class=\"has_eae_slider elementor-section elementor-top-section elementor-element elementor-element-2d96808 elementor-section-stretched elementor-section-full_width elementor-section-height-default elementor-section-height-default\" data-eae-slider=\"54712\" data-id=\"2d96808\" data-element_type=\"section\" data-e-type=\"section\" data-settings=\"{&quot;stretch_section&quot;:&quot;section-stretched&quot;}\">\n\t\t\t\t\t\t<div class=\"elementor-container elementor-column-gap-no\">\n\t\t\t\t\t<div class=\"has_eae_slider elementor-column elementor-col-100 elementor-top-column elementor-element elementor-element-2135ad4\" data-eae-slider=\"23776\" data-id=\"2135ad4\" data-element_type=\"column\" data-e-type=\"column\">\n\t\t\t<div class=\"elementor-widget-wrap elementor-element-populated\">\n\t\t\t\t\t\t<section class=\"has_eae_slider elementor-section elementor-inner-section elementor-element elementor-element-04c523c elementor-section-boxed elementor-section-height-default elementor-section-height-default\" data-eae-slider=\"91903\" data-id=\"04c523c\" data-element_type=\"section\" data-e-type=\"section\">\n\t\t\t\t\t\t<div class=\"elementor-container elementor-column-gap-default\">\n\t\t\t\t\t<div class=\"has_eae_slider elementor-column elementor-col-100 elementor-inner-column elementor-element elementor-element-10e839b\" data-eae-slider=\"5884\" data-id=\"10e839b\" data-element_type=\"column\" data-e-type=\"column\">\n\t\t\t<div class=\"elementor-widget-wrap elementor-element-populated\">\n\t\t\t\t\t\t<div class=\"elementor-element elementor-element-ece8003 elementor-widget elementor-widget-text-editor\" data-id=\"ece8003\" data-element_type=\"widget\" data-e-type=\"widget\" data-widget_type=\"text-editor.default\">\n\t\t\t\t<div class=\"elementor-widget-container\">\n\t\t\t\t\t\t\t\t\tLe logiciel d\u00e9velopp\u00e9 a pour objectif de mod\u00e9liser et de simuler un centre de tri de colis afin d\u2019en \u00e9valuer les performances en fonction\u00a0:\n<ul style=\"padding-left: 2%;\">\n \t<li>des types de flux de colis inject\u00e9s : nombre, taille, adresse, volume, poids, etc<\/li>\n \t<li>de la configuration de l\u2019installation\u00a0: vitesse des convoyeurs, qualit\u00e9 des trieurs, efficacit\u00e9 des op\u00e9rateurs<\/li>\n<\/ul>\nEn sortie, le simulateur fournit un ensemble de mesures permettant d\u2019\u00e9valuer les performances de l\u2019installation\u00a0:\n<ul style=\"padding-left: 2%;\">\n \t<li>D\u00e9bit horaire de colis tri\u00e9s<\/li>\n \t<li>Cadence de chaque op\u00e9rateur<\/li>\n \t<li>Nombre de colis non tri\u00e9s<\/li>\n \t<li>Nombre de colis re-circulant dans le trieur<\/li>\n \t<li>etc<\/li>\n<\/ul>\nL\u2019objectif du simulateur est aussi de pouvoir visualiser en 3D temps-r\u00e9el (ou acc\u00e9l\u00e9r\u00e9) le d\u00e9roulement d\u2019une journ\u00e9e de travail et de pouvoir, pendant l\u2019ex\u00e9cution, simuler l\u2019arr\u00eat d\u2019une antenne ou l\u2019absence d\u2019un op\u00e9rateur (modes d\u00e9grad\u00e9s).\t\t\t\t\t\t\t\t<\/div>\n\t\t\t\t<\/div>\n\t\t\t\t<div class=\"elementor-element elementor-element-856a38b elementor-arrows-position-inside elementor-pagination-position-outside elementor-widget elementor-widget-image-carousel\" data-id=\"856a38b\" data-element_type=\"widget\" data-e-type=\"widget\" data-settings=\"{&quot;navigation&quot;:&quot;both&quot;,&quot;autoplay&quot;:&quot;yes&quot;,&quot;pause_on_hover&quot;:&quot;yes&quot;,&quot;pause_on_interaction&quot;:&quot;yes&quot;,&quot;autoplay_speed&quot;:5000,&quot;infinite&quot;:&quot;yes&quot;,&quot;speed&quot;:500}\" data-widget_type=\"image-carousel.default\">\n\t\t\t\t<div class=\"elementor-widget-container\">\n\t\t\t\t\t\t\t<div class=\"elementor-image-carousel-wrapper swiper\" role=\"region\" aria-roledescription=\"carousel\" aria-label=\"Image Carousel\" dir=\"ltr\">\n\t\t\t<div class=\"elementor-image-carousel swiper-wrapper\" aria-live=\"off\">\n\t\t\t\t\t\t\t\t<div class=\"swiper-slide\" role=\"group\" aria-roledescription=\"slide\" aria-label=\"1 of 2\"><a data-elementor-open-lightbox=\"yes\" data-elementor-lightbox-slideshow=\"856a38b\" data-elementor-lightbox-title=\"Simusorter01\" data-e-action-hash=\"#elementor-action%3Aaction%3Dlightbox%26settings%3DeyJpZCI6NzU4LCJ1cmwiOiJodHRwczpcL1wvcHJvbGV4aWEuZnJcL3dwLWNvbnRlbnRcL3VwbG9hZHNcLzIwMjBcLzAzXC9waWMwMS02LmpwZyIsInNsaWRlc2hvdyI6Ijg1NmEzOGIifQ%3D%3D\" href=\"https:\/\/prolexia.fr\/wp-content\/uploads\/2020\/03\/pic01-6.jpg\"><figure class=\"swiper-slide-inner\"><img decoding=\"async\" class=\"swiper-slide-image\" src=\"https:\/\/prolexia.fr\/wp-content\/uploads\/2020\/03\/pic01-6-300x218.jpg\" alt=\"Simusorter01\" \/><\/figure><\/a><\/div><div class=\"swiper-slide\" role=\"group\" aria-roledescription=\"slide\" aria-label=\"2 of 2\"><a data-elementor-open-lightbox=\"yes\" data-elementor-lightbox-slideshow=\"856a38b\" data-elementor-lightbox-title=\"Simusorter02\" data-e-action-hash=\"#elementor-action%3Aaction%3Dlightbox%26settings%3DeyJpZCI6NzU5LCJ1cmwiOiJodHRwczpcL1wvcHJvbGV4aWEuZnJcL3dwLWNvbnRlbnRcL3VwbG9hZHNcLzIwMjBcLzAzXC9waWMwMi02LmpwZyIsInNsaWRlc2hvdyI6Ijg1NmEzOGIifQ%3D%3D\" href=\"https:\/\/prolexia.fr\/wp-content\/uploads\/2020\/03\/pic02-6.jpg\"><figure class=\"swiper-slide-inner\"><img decoding=\"async\" class=\"swiper-slide-image\" src=\"https:\/\/prolexia.fr\/wp-content\/uploads\/2020\/03\/pic02-6-300x176.jpg\" alt=\"Simusorter02\" \/><\/figure><\/a><\/div>\t\t\t<\/div>\n\t\t\t\t\t\t\t\t\t\t\t\t<div class=\"elementor-swiper-button elementor-swiper-button-prev\" role=\"button\" tabindex=\"0\">\n\t\t\t\t\t\t<i aria-hidden=\"true\" class=\"eicon-chevron-left\"><\/i>\t\t\t\t\t<\/div>\n\t\t\t\t\t<div class=\"elementor-swiper-button elementor-swiper-button-next\" role=\"button\" tabindex=\"0\">\n\t\t\t\t\t\t<i aria-hidden=\"true\" class=\"eicon-chevron-right\"><\/i>\t\t\t\t\t<\/div>\n\t\t\t\t\n\t\t\t\t\t\t\t\t\t<div class=\"swiper-pagination\"><\/div>\n\t\t\t\t\t\t\t\t\t<\/div>\n\t\t\t\t\t\t<\/div>\n\t\t\t\t<\/div>\n\t\t\t\t\t<\/div>\n\t\t<\/div>\n\t\t\t\t\t<\/div>\n\t\t<\/section>\n\t\t\t\t\t<\/div>\n\t\t<\/div>\n\t\t\t\t\t<\/div>\n\t\t<\/section>\n\t\t\t\t<\/div>\n\t\t","protected":false},"excerpt":{"rendered":"<p>Le logiciel d\u00e9velopp\u00e9 a pour objectif de mod\u00e9liser et de simuler un centre de tri de colis afin d\u2019en \u00e9valuer les performances en fonction\u00a0: des types de flux de colis inject\u00e9s : nombre, taille, adresse, volume, poids, etc de la configuration de l\u2019installation\u00a0: vitesse des convoyeurs, qualit\u00e9 des trieurs, efficacit\u00e9 des op\u00e9rateurs En sortie, le [&hellip;]<\/p>\n","protected":false},"author":1,"featured_media":0,"parent":0,"menu_order":0,"comment_status":"closed","ping_status":"closed","template":"elementor_header_footer","meta":{"footnotes":""},"class_list":["post-756","page","type-page","status-publish","hentry"],"_links":{"self":[{"href":"https:\/\/prolexia.fr\/fr\/wp-json\/wp\/v2\/pages\/756","targetHints":{"allow":["GET"]}}],"collection":[{"href":"https:\/\/prolexia.fr\/fr\/wp-json\/wp\/v2\/pages"}],"about":[{"href":"https:\/\/prolexia.fr\/fr\/wp-json\/wp\/v2\/types\/page"}],"author":[{"embeddable":true,"href":"https:\/\/prolexia.fr\/fr\/wp-json\/wp\/v2\/users\/1"}],"replies":[{"embeddable":true,"href":"https:\/\/prolexia.fr\/fr\/wp-json\/wp\/v2\/comments?post=756"}],"version-history":[{"count":15,"href":"https:\/\/prolexia.fr\/fr\/wp-json\/wp\/v2\/pages\/756\/revisions"}],"predecessor-version":[{"id":1277,"href":"https:\/\/prolexia.fr\/fr\/wp-json\/wp\/v2\/pages\/756\/revisions\/1277"}],"wp:attachment":[{"href":"https:\/\/prolexia.fr\/fr\/wp-json\/wp\/v2\/media?parent=756"}],"curies":[{"name":"wp","href":"https:\/\/api.w.org\/{rel}","templated":true}]}}