{"id":864,"date":"2020-03-30T18:23:55","date_gmt":"2020-03-30T16:23:55","guid":{"rendered":"https:\/\/prolexia.fr\/?page_id=864"},"modified":"2020-04-08T17:50:40","modified_gmt":"2020-04-08T15:50:40","slug":"phrase","status":"publish","type":"page","link":"https:\/\/prolexia.fr\/fr\/phrase\/","title":{"rendered":"PHRASE"},"content":{"rendered":"\t\t<div data-elementor-type=\"wp-page\" data-elementor-id=\"864\" class=\"elementor elementor-864\">\n\t\t\t\t\t\t<section class=\"has_eae_slider elementor-section elementor-top-section elementor-element elementor-element-acdc801 elementor-section-stretched elementor-section-full_width elementor-section-height-default elementor-section-height-default\" data-eae-slider=\"48023\" data-id=\"acdc801\" data-element_type=\"section\" data-e-type=\"section\" data-settings=\"{&quot;stretch_section&quot;:&quot;section-stretched&quot;}\">\n\t\t\t\t\t\t<div class=\"elementor-container elementor-column-gap-no\">\n\t\t\t\t\t<div class=\"has_eae_slider elementor-column elementor-col-100 elementor-top-column elementor-element elementor-element-f82abb7\" data-eae-slider=\"11470\" data-id=\"f82abb7\" data-element_type=\"column\" data-e-type=\"column\">\n\t\t\t<div class=\"elementor-widget-wrap elementor-element-populated\">\n\t\t\t\t\t\t<section class=\"has_eae_slider elementor-section elementor-inner-section elementor-element elementor-element-2085949 elementor-section-boxed elementor-section-height-default elementor-section-height-default\" data-eae-slider=\"61056\" data-id=\"2085949\" data-element_type=\"section\" data-e-type=\"section\">\n\t\t\t\t\t\t<div class=\"elementor-container elementor-column-gap-default\">\n\t\t\t\t\t<div class=\"has_eae_slider elementor-column elementor-col-100 elementor-inner-column elementor-element elementor-element-087e7aa\" data-eae-slider=\"72242\" data-id=\"087e7aa\" data-element_type=\"column\" data-e-type=\"column\">\n\t\t\t<div class=\"elementor-widget-wrap elementor-element-populated\">\n\t\t\t\t\t\t<div class=\"elementor-element elementor-element-695acde elementor-widget elementor-widget-text-editor\" data-id=\"695acde\" data-element_type=\"widget\" data-e-type=\"widget\" data-widget_type=\"text-editor.default\">\n\t\t\t\t<div class=\"elementor-widget-container\">\n\t\t\t\t\t\t\t\t\tPHRASE est un projet RAPID (R\u00e9gime d&rsquo;Appui Pour l&rsquo;Innovation Duale) demand\u00e9 par la DGA. Le but de ce projet est de cr\u00e9er une plate-forme mat\u00e9rielle et logicielle innovante de r\u00e9alit\u00e9 augment\u00e9e qui r\u00e9pond aux probl\u00e8mes d&rsquo;aide aux pilotes, aide \u00e0 la navigation et aide \u00e0 la d\u00e9cision dans plusieurs domaines d&rsquo;activit\u00e9.\n\nL&rsquo;objectif de cette plate-forme est d&rsquo;acc\u00e9l\u00e9rer le processus de d\u00e9veloppement d&rsquo;une application de r\u00e9alit\u00e9 augment\u00e9e en proposant une bo\u00eete \u00e0 outils logicielle contenant un ensemble de fonctionnalit\u00e9s avanc\u00e9es destin\u00e9es \u00e0 faciliter la conception et la validation de l&rsquo;application, l&rsquo;acquisition et le traitement des donn\u00e9es jusqu&rsquo;\u00e0 la restitution des situations.\n\nVoici quelques applications qui pourraient \u00eatre cr\u00e9\u00e9es \u00e0 partir du projet PHRASE :\n<ul style=\"padding-left: 2%;\">\n \t<li class=\"liwithdot\">Aide \u00e0 la conduite de v\u00e9hicules t\u00e9l\u00e9op\u00e9r\u00e9s (sous-marins, marins, a\u00e9riens ou terrestres)<\/li>\n \t<li class=\"liwithdot\">Aide \u00e0 la gestion des drones utilis\u00e9s pour une mission (guerre des mines)<\/li>\n \t<li>Support \u00e0 la conduite automobile<\/li>\n \t<li>Aide \u00e0 la navigation<\/li>\n \t<li>Aide \u00e0 l&rsquo;intervention anti-incendies<\/li>\n \t<li>Une table de r\u00e9alit\u00e9 augment\u00e9e (AROT)<\/li>\n<\/ul>\t\t\t\t\t\t\t\t<\/div>\n\t\t\t\t<\/div>\n\t\t\t\t<div class=\"elementor-element elementor-element-69f5bec elementor-widget elementor-widget-text-editor\" data-id=\"69f5bec\" data-element_type=\"widget\" data-e-type=\"widget\" data-widget_type=\"text-editor.default\">\n\t\t\t\t<div class=\"elementor-widget-container\">\n\t\t\t\t\t\t\t\t\t<p>Images d&rsquo;applications utilisant PHRASE :<\/p>\t\t\t\t\t\t\t\t<\/div>\n\t\t\t\t<\/div>\n\t\t\t\t<div class=\"elementor-element elementor-element-9d3abda elementor-arrows-position-inside elementor-pagination-position-outside elementor-widget elementor-widget-image-carousel\" data-id=\"9d3abda\" data-element_type=\"widget\" data-e-type=\"widget\" data-settings=\"{&quot;navigation&quot;:&quot;both&quot;,&quot;autoplay&quot;:&quot;yes&quot;,&quot;pause_on_hover&quot;:&quot;yes&quot;,&quot;pause_on_interaction&quot;:&quot;yes&quot;,&quot;autoplay_speed&quot;:5000,&quot;infinite&quot;:&quot;yes&quot;,&quot;speed&quot;:500}\" data-widget_type=\"image-carousel.default\">\n\t\t\t\t<div class=\"elementor-widget-container\">\n\t\t\t\t\t\t\t<div class=\"elementor-image-carousel-wrapper swiper\" role=\"region\" aria-roledescription=\"carousel\" aria-label=\"Carrousel d\u2019images\" dir=\"ltr\">\n\t\t\t<div class=\"elementor-image-carousel swiper-wrapper\" aria-live=\"off\">\n\t\t\t\t\t\t\t\t<div class=\"swiper-slide\" role=\"group\" aria-roledescription=\"slide\" aria-label=\"1 sur 2\"><a data-elementor-open-lightbox=\"yes\" data-elementor-lightbox-slideshow=\"9d3abda\" data-elementor-lightbox-title=\"gdm\" data-e-action-hash=\"#elementor-action%3Aaction%3Dlightbox%26settings%3DeyJpZCI6OTAxLCJ1cmwiOiJodHRwczpcL1wvcHJvbGV4aWEuZnJcL3dwLWNvbnRlbnRcL3VwbG9hZHNcLzIwMjBcLzAzXC9nZG0uanBnIiwic2xpZGVzaG93IjoiOWQzYWJkYSJ9\" href=\"https:\/\/prolexia.fr\/wp-content\/uploads\/2020\/03\/gdm.jpg\"><figure class=\"swiper-slide-inner\"><img decoding=\"async\" class=\"swiper-slide-image\" src=\"https:\/\/prolexia.fr\/wp-content\/uploads\/2020\/03\/gdm-300x169.jpg\" alt=\"gdm\" \/><\/figure><\/a><\/div><div class=\"swiper-slide\" role=\"group\" aria-roledescription=\"slide\" aria-label=\"2 sur 2\"><a data-elementor-open-lightbox=\"yes\" data-elementor-lightbox-slideshow=\"9d3abda\" data-elementor-lightbox-title=\"incendies_2\" data-e-action-hash=\"#elementor-action%3Aaction%3Dlightbox%26settings%3DeyJpZCI6OTAyLCJ1cmwiOiJodHRwczpcL1wvcHJvbGV4aWEuZnJcL3dwLWNvbnRlbnRcL3VwbG9hZHNcLzIwMjBcLzAzXC9pbmNlbmRpZXNfMi5qcGciLCJzbGlkZXNob3ciOiI5ZDNhYmRhIn0%3D\" href=\"https:\/\/prolexia.fr\/wp-content\/uploads\/2020\/03\/incendies_2.jpg\"><figure class=\"swiper-slide-inner\"><img decoding=\"async\" class=\"swiper-slide-image\" src=\"https:\/\/prolexia.fr\/wp-content\/uploads\/2020\/03\/incendies_2-300x169.jpg\" alt=\"incendies_2\" \/><\/figure><\/a><\/div>\t\t\t<\/div>\n\t\t\t\t\t\t\t\t\t\t\t\t<div class=\"elementor-swiper-button elementor-swiper-button-prev\" role=\"button\" tabindex=\"0\">\n\t\t\t\t\t\t<i aria-hidden=\"true\" class=\"eicon-chevron-left\"><\/i>\t\t\t\t\t<\/div>\n\t\t\t\t\t<div class=\"elementor-swiper-button elementor-swiper-button-next\" role=\"button\" tabindex=\"0\">\n\t\t\t\t\t\t<i aria-hidden=\"true\" class=\"eicon-chevron-right\"><\/i>\t\t\t\t\t<\/div>\n\t\t\t\t\n\t\t\t\t\t\t\t\t\t<div class=\"swiper-pagination\"><\/div>\n\t\t\t\t\t\t\t\t\t<\/div>\n\t\t\t\t\t\t<\/div>\n\t\t\t\t<\/div>\n\t\t\t\t\t<\/div>\n\t\t<\/div>\n\t\t\t\t\t<\/div>\n\t\t<\/section>\n\t\t\t\t\t<\/div>\n\t\t<\/div>\n\t\t\t\t\t<\/div>\n\t\t<\/section>\n\t\t\t\t<\/div>\n\t\t","protected":false},"excerpt":{"rendered":"<p>PHRASE est un projet RAPID (R\u00e9gime d&rsquo;Appui Pour l&rsquo;Innovation Duale) demand\u00e9 par la DGA. Le but de ce projet est de cr\u00e9er une plate-forme mat\u00e9rielle et logicielle innovante de r\u00e9alit\u00e9 augment\u00e9e qui r\u00e9pond aux probl\u00e8mes d&rsquo;aide aux pilotes, aide \u00e0 la navigation et aide \u00e0 la d\u00e9cision dans plusieurs domaines d&rsquo;activit\u00e9. L&rsquo;objectif de cette plate-forme [&hellip;]<\/p>\n","protected":false},"author":1,"featured_media":0,"parent":0,"menu_order":0,"comment_status":"closed","ping_status":"closed","template":"elementor_header_footer","meta":{"footnotes":""},"class_list":["post-864","page","type-page","status-publish","hentry"],"_links":{"self":[{"href":"https:\/\/prolexia.fr\/fr\/wp-json\/wp\/v2\/pages\/864","targetHints":{"allow":["GET"]}}],"collection":[{"href":"https:\/\/prolexia.fr\/fr\/wp-json\/wp\/v2\/pages"}],"about":[{"href":"https:\/\/prolexia.fr\/fr\/wp-json\/wp\/v2\/types\/page"}],"author":[{"embeddable":true,"href":"https:\/\/prolexia.fr\/fr\/wp-json\/wp\/v2\/users\/1"}],"replies":[{"embeddable":true,"href":"https:\/\/prolexia.fr\/fr\/wp-json\/wp\/v2\/comments?post=864"}],"version-history":[{"count":12,"href":"https:\/\/prolexia.fr\/fr\/wp-json\/wp\/v2\/pages\/864\/revisions"}],"predecessor-version":[{"id":1263,"href":"https:\/\/prolexia.fr\/fr\/wp-json\/wp\/v2\/pages\/864\/revisions\/1263"}],"wp:attachment":[{"href":"https:\/\/prolexia.fr\/fr\/wp-json\/wp\/v2\/media?parent=864"}],"curies":[{"name":"wp","href":"https:\/\/api.w.org\/{rel}","templated":true}]}}