{"id":906,"date":"2020-03-31T10:00:05","date_gmt":"2020-03-31T08:00:05","guid":{"rendered":"https:\/\/prolexia.fr\/?page_id=906"},"modified":"2020-04-08T17:46:02","modified_gmt":"2020-04-08T15:46:02","slug":"chantiers-la-seyne","status":"publish","type":"page","link":"https:\/\/prolexia.fr\/fr\/chantiers-la-seyne\/","title":{"rendered":"Anciens Chantiers de La Seyne"},"content":{"rendered":"\t\t<div data-elementor-type=\"wp-page\" data-elementor-id=\"906\" class=\"elementor elementor-906\">\n\t\t\t\t\t\t<section class=\"has_eae_slider elementor-section elementor-top-section elementor-element elementor-element-3e0afc4 elementor-section-stretched elementor-section-full_width elementor-section-height-default elementor-section-height-default\" data-eae-slider=\"73325\" data-id=\"3e0afc4\" data-element_type=\"section\" data-e-type=\"section\" data-settings=\"{&quot;stretch_section&quot;:&quot;section-stretched&quot;}\">\n\t\t\t\t\t\t<div class=\"elementor-container elementor-column-gap-no\">\n\t\t\t\t\t<div class=\"has_eae_slider elementor-column elementor-col-100 elementor-top-column elementor-element elementor-element-8179895\" data-eae-slider=\"91732\" data-id=\"8179895\" data-element_type=\"column\" data-e-type=\"column\">\n\t\t\t<div class=\"elementor-widget-wrap elementor-element-populated\">\n\t\t\t\t\t\t<section class=\"has_eae_slider elementor-section elementor-inner-section elementor-element elementor-element-fd30df3 elementor-section-boxed elementor-section-height-default elementor-section-height-default\" data-eae-slider=\"59531\" data-id=\"fd30df3\" data-element_type=\"section\" data-e-type=\"section\">\n\t\t\t\t\t\t<div class=\"elementor-container elementor-column-gap-default\">\n\t\t\t\t\t<div class=\"has_eae_slider elementor-column elementor-col-100 elementor-inner-column elementor-element elementor-element-a1c7b94\" data-eae-slider=\"31373\" data-id=\"a1c7b94\" data-element_type=\"column\" data-e-type=\"column\">\n\t\t\t<div class=\"elementor-widget-wrap elementor-element-populated\">\n\t\t\t\t\t\t<div class=\"elementor-element elementor-element-b810c7f elementor-widget elementor-widget-text-editor\" data-id=\"b810c7f\" data-element_type=\"widget\" data-e-type=\"widget\" data-widget_type=\"text-editor.default\">\n\t\t\t\t<div class=\"elementor-widget-container\">\n\t\t\t\t\t\t\t\t\tL&rsquo;application FCM offre une visite virtuelle et Augment\u00e9e d&rsquo;un ancien site industriel : les Forges et Chantiers de la M\u00e9diterran\u00e9e (chantiers navals de la Seyne). La d\u00e9couverte de ce site est propos\u00e9e au travers :\n<ul style=\"padding-left: 2%;\">\n \t<li>d\u2019une visite virtuelle en 3D permettant de red\u00e9couvrir le site dans son \u00e9tat en 1966<\/li>\n \t<li>d&rsquo;un parcours de d\u00e9couverte, en r\u00e9alit\u00e9 augment\u00e9e, de la construction navale. Le visiteur pouvant se promener sur le parc qui remplace les chantiers avec sa tablette<\/li>\n \t<li>d\u2019un jeu permettant de piloter un drone au milieu des chantiers<\/li>\n<\/ul>\nL\u2019objectif est de d\u00e9couvrir plus d\u2019un si\u00e8cle d\u2019histoire de La Seyne-sur-Mer, de revoir les chantiers \u00e0 diff\u00e9rentes \u00e9poques, de d\u00e9couvrir la vie des ouvriers et les grandes r\u00e9alisations de ces chantiers.\t\t\t\t\t\t\t\t<\/div>\n\t\t\t\t<\/div>\n\t\t\t\t<div class=\"elementor-element elementor-element-bfa72c6 elementor-arrows-position-inside elementor-pagination-position-outside elementor-widget elementor-widget-image-carousel\" data-id=\"bfa72c6\" data-element_type=\"widget\" data-e-type=\"widget\" data-settings=\"{&quot;navigation&quot;:&quot;both&quot;,&quot;autoplay&quot;:&quot;yes&quot;,&quot;pause_on_hover&quot;:&quot;yes&quot;,&quot;pause_on_interaction&quot;:&quot;yes&quot;,&quot;autoplay_speed&quot;:5000,&quot;infinite&quot;:&quot;yes&quot;,&quot;speed&quot;:500}\" data-widget_type=\"image-carousel.default\">\n\t\t\t\t<div class=\"elementor-widget-container\">\n\t\t\t\t\t\t\t<div class=\"elementor-image-carousel-wrapper swiper\" role=\"region\" aria-roledescription=\"carousel\" aria-label=\"Carrousel d\u2019images\" dir=\"ltr\">\n\t\t\t<div class=\"elementor-image-carousel swiper-wrapper\" aria-live=\"off\">\n\t\t\t\t\t\t\t\t<div class=\"swiper-slide\" role=\"group\" aria-roledescription=\"slide\" aria-label=\"1 sur 5\"><a data-elementor-open-lightbox=\"yes\" data-elementor-lightbox-slideshow=\"bfa72c6\" data-elementor-lightbox-title=\"FCM01\" data-e-action-hash=\"#elementor-action%3Aaction%3Dlightbox%26settings%3DeyJpZCI6OTA5LCJ1cmwiOiJodHRwczpcL1wvcHJvbGV4aWEuZnJcL3dwLWNvbnRlbnRcL3VwbG9hZHNcLzIwMjBcLzAzXC9waWMwMS04LmpwZyIsInNsaWRlc2hvdyI6ImJmYTcyYzYifQ%3D%3D\" href=\"https:\/\/prolexia.fr\/wp-content\/uploads\/2020\/03\/pic01-8.jpg\"><figure class=\"swiper-slide-inner\"><img decoding=\"async\" class=\"swiper-slide-image\" src=\"https:\/\/prolexia.fr\/wp-content\/uploads\/2020\/03\/pic01-8-300x169.jpg\" alt=\"FCM01\" \/><\/figure><\/a><\/div><div class=\"swiper-slide\" role=\"group\" aria-roledescription=\"slide\" aria-label=\"2 sur 5\"><a data-elementor-open-lightbox=\"yes\" data-elementor-lightbox-slideshow=\"bfa72c6\" data-elementor-lightbox-title=\"FCM02\" data-e-action-hash=\"#elementor-action%3Aaction%3Dlightbox%26settings%3DeyJpZCI6OTEwLCJ1cmwiOiJodHRwczpcL1wvcHJvbGV4aWEuZnJcL3dwLWNvbnRlbnRcL3VwbG9hZHNcLzIwMjBcLzAzXC9waWMwMi04LmpwZyIsInNsaWRlc2hvdyI6ImJmYTcyYzYifQ%3D%3D\" href=\"https:\/\/prolexia.fr\/wp-content\/uploads\/2020\/03\/pic02-8.jpg\"><figure class=\"swiper-slide-inner\"><img decoding=\"async\" class=\"swiper-slide-image\" src=\"https:\/\/prolexia.fr\/wp-content\/uploads\/2020\/03\/pic02-8-300x169.jpg\" alt=\"FCM02\" \/><\/figure><\/a><\/div><div class=\"swiper-slide\" role=\"group\" aria-roledescription=\"slide\" aria-label=\"3 sur 5\"><a data-elementor-open-lightbox=\"yes\" data-elementor-lightbox-slideshow=\"bfa72c6\" data-elementor-lightbox-title=\"FCM03\" data-e-action-hash=\"#elementor-action%3Aaction%3Dlightbox%26settings%3DeyJpZCI6OTExLCJ1cmwiOiJodHRwczpcL1wvcHJvbGV4aWEuZnJcL3dwLWNvbnRlbnRcL3VwbG9hZHNcLzIwMjBcLzAzXC9waWMwMy05LmpwZyIsInNsaWRlc2hvdyI6ImJmYTcyYzYifQ%3D%3D\" href=\"https:\/\/prolexia.fr\/wp-content\/uploads\/2020\/03\/pic03-9.jpg\"><figure class=\"swiper-slide-inner\"><img decoding=\"async\" class=\"swiper-slide-image\" src=\"https:\/\/prolexia.fr\/wp-content\/uploads\/2020\/03\/pic03-9-225x300.jpg\" alt=\"FCM03\" \/><\/figure><\/a><\/div><div class=\"swiper-slide\" role=\"group\" aria-roledescription=\"slide\" aria-label=\"4 sur 5\"><a data-elementor-open-lightbox=\"yes\" data-elementor-lightbox-slideshow=\"bfa72c6\" data-elementor-lightbox-title=\"FCM04\" data-e-action-hash=\"#elementor-action%3Aaction%3Dlightbox%26settings%3DeyJpZCI6OTEyLCJ1cmwiOiJodHRwczpcL1wvcHJvbGV4aWEuZnJcL3dwLWNvbnRlbnRcL3VwbG9hZHNcLzIwMjBcLzAzXC9waWMwNC03LmpwZyIsInNsaWRlc2hvdyI6ImJmYTcyYzYifQ%3D%3D\" href=\"https:\/\/prolexia.fr\/wp-content\/uploads\/2020\/03\/pic04-7.jpg\"><figure class=\"swiper-slide-inner\"><img decoding=\"async\" class=\"swiper-slide-image\" src=\"https:\/\/prolexia.fr\/wp-content\/uploads\/2020\/03\/pic04-7-300x169.jpg\" alt=\"FCM04\" \/><\/figure><\/a><\/div><div class=\"swiper-slide\" role=\"group\" aria-roledescription=\"slide\" aria-label=\"5 sur 5\"><a data-elementor-open-lightbox=\"yes\" data-elementor-lightbox-slideshow=\"bfa72c6\" data-elementor-lightbox-title=\"FCM05\" data-e-action-hash=\"#elementor-action%3Aaction%3Dlightbox%26settings%3DeyJpZCI6OTEzLCJ1cmwiOiJodHRwczpcL1wvcHJvbGV4aWEuZnJcL3dwLWNvbnRlbnRcL3VwbG9hZHNcLzIwMjBcLzAzXC9waWMwNS0zLmpwZyIsInNsaWRlc2hvdyI6ImJmYTcyYzYifQ%3D%3D\" href=\"https:\/\/prolexia.fr\/wp-content\/uploads\/2020\/03\/pic05-3.jpg\"><figure class=\"swiper-slide-inner\"><img decoding=\"async\" class=\"swiper-slide-image\" src=\"https:\/\/prolexia.fr\/wp-content\/uploads\/2020\/03\/pic05-3-300x169.jpg\" alt=\"FCM05\" \/><\/figure><\/a><\/div>\t\t\t<\/div>\n\t\t\t\t\t\t\t\t\t\t\t\t<div class=\"elementor-swiper-button elementor-swiper-button-prev\" role=\"button\" tabindex=\"0\">\n\t\t\t\t\t\t<i aria-hidden=\"true\" class=\"eicon-chevron-left\"><\/i>\t\t\t\t\t<\/div>\n\t\t\t\t\t<div class=\"elementor-swiper-button elementor-swiper-button-next\" role=\"button\" tabindex=\"0\">\n\t\t\t\t\t\t<i aria-hidden=\"true\" class=\"eicon-chevron-right\"><\/i>\t\t\t\t\t<\/div>\n\t\t\t\t\n\t\t\t\t\t\t\t\t\t<div class=\"swiper-pagination\"><\/div>\n\t\t\t\t\t\t\t\t\t<\/div>\n\t\t\t\t\t\t<\/div>\n\t\t\t\t<\/div>\n\t\t\t\t\t<\/div>\n\t\t<\/div>\n\t\t\t\t\t<\/div>\n\t\t<\/section>\n\t\t\t\t\t<\/div>\n\t\t<\/div>\n\t\t\t\t\t<\/div>\n\t\t<\/section>\n\t\t\t\t<\/div>\n\t\t","protected":false},"excerpt":{"rendered":"<p>L&rsquo;application FCM offre une visite virtuelle et Augment\u00e9e d&rsquo;un ancien site industriel : les Forges et Chantiers de la M\u00e9diterran\u00e9e (chantiers navals de la Seyne). La d\u00e9couverte de ce site est propos\u00e9e au travers : d\u2019une visite virtuelle en 3D permettant de red\u00e9couvrir le site dans son \u00e9tat en 1966 d&rsquo;un parcours de d\u00e9couverte, en [&hellip;]<\/p>\n","protected":false},"author":1,"featured_media":0,"parent":0,"menu_order":0,"comment_status":"closed","ping_status":"closed","template":"elementor_header_footer","meta":{"footnotes":""},"class_list":["post-906","page","type-page","status-publish","hentry"],"_links":{"self":[{"href":"https:\/\/prolexia.fr\/fr\/wp-json\/wp\/v2\/pages\/906","targetHints":{"allow":["GET"]}}],"collection":[{"href":"https:\/\/prolexia.fr\/fr\/wp-json\/wp\/v2\/pages"}],"about":[{"href":"https:\/\/prolexia.fr\/fr\/wp-json\/wp\/v2\/types\/page"}],"author":[{"embeddable":true,"href":"https:\/\/prolexia.fr\/fr\/wp-json\/wp\/v2\/users\/1"}],"replies":[{"embeddable":true,"href":"https:\/\/prolexia.fr\/fr\/wp-json\/wp\/v2\/comments?post=906"}],"version-history":[{"count":8,"href":"https:\/\/prolexia.fr\/fr\/wp-json\/wp\/v2\/pages\/906\/revisions"}],"predecessor-version":[{"id":1246,"href":"https:\/\/prolexia.fr\/fr\/wp-json\/wp\/v2\/pages\/906\/revisions\/1246"}],"wp:attachment":[{"href":"https:\/\/prolexia.fr\/fr\/wp-json\/wp\/v2\/media?parent=906"}],"curies":[{"name":"wp","href":"https:\/\/api.w.org\/{rel}","templated":true}]}}