{"id":952,"date":"2020-04-02T18:07:28","date_gmt":"2020-04-02T16:07:28","guid":{"rendered":"https:\/\/prolexia.fr\/?page_id=952"},"modified":"2020-04-22T14:31:27","modified_gmt":"2020-04-22T12:31:27","slug":"addetect","status":"publish","type":"page","link":"https:\/\/prolexia.fr\/fr\/addetect\/","title":{"rendered":"ADDETECT"},"content":{"rendered":"\t\t<div data-elementor-type=\"wp-page\" data-elementor-id=\"952\" class=\"elementor elementor-952\">\n\t\t\t\t\t\t<section class=\"has_eae_slider elementor-section elementor-top-section elementor-element elementor-element-57100f6 elementor-section-stretched elementor-section-full_width elementor-section-height-default elementor-section-height-default\" data-eae-slider=\"97556\" data-id=\"57100f6\" data-element_type=\"section\" data-e-type=\"section\" data-settings=\"{&quot;stretch_section&quot;:&quot;section-stretched&quot;}\">\n\t\t\t\t\t\t<div class=\"elementor-container elementor-column-gap-no\">\n\t\t\t\t\t<div class=\"has_eae_slider elementor-column elementor-col-100 elementor-top-column elementor-element elementor-element-68fc364\" data-eae-slider=\"70455\" data-id=\"68fc364\" data-element_type=\"column\" data-e-type=\"column\">\n\t\t\t<div class=\"elementor-widget-wrap elementor-element-populated\">\n\t\t\t\t\t\t<section class=\"has_eae_slider elementor-section elementor-inner-section elementor-element elementor-element-769cd3f elementor-section-boxed elementor-section-height-default elementor-section-height-default\" data-eae-slider=\"36880\" data-id=\"769cd3f\" data-element_type=\"section\" data-e-type=\"section\">\n\t\t\t\t\t\t<div class=\"elementor-container elementor-column-gap-default\">\n\t\t\t\t\t<div class=\"has_eae_slider elementor-column elementor-col-100 elementor-inner-column elementor-element elementor-element-89a365c\" data-eae-slider=\"79510\" data-id=\"89a365c\" data-element_type=\"column\" data-e-type=\"column\">\n\t\t\t<div class=\"elementor-widget-wrap elementor-element-populated\">\n\t\t\t\t\t\t<div class=\"elementor-element elementor-element-56bb953 elementor-widget elementor-widget-text-editor\" data-id=\"56bb953\" data-element_type=\"widget\" data-e-type=\"widget\" data-widget_type=\"text-editor.default\">\n\t\t\t\t<div class=\"elementor-widget-container\">\n\t\t\t\t\t\t\t\t\t<p>ADDETECT est un projet r\u00e9alis\u00e9 pour ARFITEC Group utilisant une cam\u00e9ra optique et profondeur afin d\u2019analyser un \u00e9tale de fruits et l\u00e9gumes pour classifier automatiquement les produits et faire un suivi pr\u00e9cis des stocks. Ce projet permet \u00e9galement de d\u00e9tecter quel produit est survol\u00e9 par la main d\u2019un client afin de lui fournir automatiquement des informations sur ledit produit. Des techniques d\u2019IA utilisant l\u2019apprentissage profond ont \u00e9t\u00e9 mises en place pour la r\u00e9alisation de ce projet.<\/p>\t\t\t\t\t\t\t\t<\/div>\n\t\t\t\t<\/div>\n\t\t\t\t<div class=\"elementor-element elementor-element-7f66c58 elementor-arrows-position-inside elementor-pagination-position-outside elementor-widget elementor-widget-image-carousel\" data-id=\"7f66c58\" data-element_type=\"widget\" data-e-type=\"widget\" data-settings=\"{&quot;navigation&quot;:&quot;both&quot;,&quot;autoplay&quot;:&quot;yes&quot;,&quot;pause_on_hover&quot;:&quot;yes&quot;,&quot;pause_on_interaction&quot;:&quot;yes&quot;,&quot;autoplay_speed&quot;:5000,&quot;infinite&quot;:&quot;yes&quot;,&quot;speed&quot;:500}\" data-widget_type=\"image-carousel.default\">\n\t\t\t\t<div class=\"elementor-widget-container\">\n\t\t\t\t\t\t\t<div class=\"elementor-image-carousel-wrapper swiper\" role=\"region\" aria-roledescription=\"carousel\" aria-label=\"Carrousel d\u2019images\" dir=\"ltr\">\n\t\t\t<div class=\"elementor-image-carousel swiper-wrapper\" aria-live=\"off\">\n\t\t\t\t\t\t\t\t<div class=\"swiper-slide\" role=\"group\" aria-roledescription=\"slide\" aria-label=\"1 sur 6\"><a data-elementor-open-lightbox=\"yes\" data-elementor-lightbox-slideshow=\"7f66c58\" data-elementor-lightbox-title=\"ADDETECT01\" data-e-action-hash=\"#elementor-action%3Aaction%3Dlightbox%26settings%3DeyJpZCI6OTU0LCJ1cmwiOiJodHRwczpcL1wvcHJvbGV4aWEuZnJcL3dwLWNvbnRlbnRcL3VwbG9hZHNcLzIwMjBcLzA0XC9waWMwMS5wbmciLCJzbGlkZXNob3ciOiI3ZjY2YzU4In0%3D\" href=\"https:\/\/prolexia.fr\/wp-content\/uploads\/2020\/04\/pic01.png\"><figure class=\"swiper-slide-inner\"><img decoding=\"async\" class=\"swiper-slide-image\" src=\"https:\/\/prolexia.fr\/wp-content\/uploads\/2020\/04\/pic01-300x169.png\" alt=\"ADDETECT01\" \/><\/figure><\/a><\/div><div class=\"swiper-slide\" role=\"group\" aria-roledescription=\"slide\" aria-label=\"2 sur 6\"><a data-elementor-open-lightbox=\"yes\" data-elementor-lightbox-slideshow=\"7f66c58\" data-elementor-lightbox-title=\"ADDETECT02\" data-e-action-hash=\"#elementor-action%3Aaction%3Dlightbox%26settings%3DeyJpZCI6OTU1LCJ1cmwiOiJodHRwczpcL1wvcHJvbGV4aWEuZnJcL3dwLWNvbnRlbnRcL3VwbG9hZHNcLzIwMjBcLzA0XC9waWMwMi5wbmciLCJzbGlkZXNob3ciOiI3ZjY2YzU4In0%3D\" href=\"https:\/\/prolexia.fr\/wp-content\/uploads\/2020\/04\/pic02.png\"><figure class=\"swiper-slide-inner\"><img decoding=\"async\" class=\"swiper-slide-image\" src=\"https:\/\/prolexia.fr\/wp-content\/uploads\/2020\/04\/pic02-300x169.png\" alt=\"ADDETECT02\" \/><\/figure><\/a><\/div><div class=\"swiper-slide\" role=\"group\" aria-roledescription=\"slide\" aria-label=\"3 sur 6\"><a data-elementor-open-lightbox=\"yes\" data-elementor-lightbox-slideshow=\"7f66c58\" data-elementor-lightbox-title=\"ADDETECT03\" data-e-action-hash=\"#elementor-action%3Aaction%3Dlightbox%26settings%3DeyJpZCI6OTU2LCJ1cmwiOiJodHRwczpcL1wvcHJvbGV4aWEuZnJcL3dwLWNvbnRlbnRcL3VwbG9hZHNcLzIwMjBcLzA0XC9waWMwMy5wbmciLCJzbGlkZXNob3ciOiI3ZjY2YzU4In0%3D\" href=\"https:\/\/prolexia.fr\/wp-content\/uploads\/2020\/04\/pic03.png\"><figure class=\"swiper-slide-inner\"><img decoding=\"async\" class=\"swiper-slide-image\" src=\"https:\/\/prolexia.fr\/wp-content\/uploads\/2020\/04\/pic03-300x169.png\" alt=\"ADDETECT03\" \/><\/figure><\/a><\/div><div class=\"swiper-slide\" role=\"group\" aria-roledescription=\"slide\" aria-label=\"4 sur 6\"><a data-elementor-open-lightbox=\"yes\" data-elementor-lightbox-slideshow=\"7f66c58\" data-elementor-lightbox-title=\"ADDETECT04\" data-e-action-hash=\"#elementor-action%3Aaction%3Dlightbox%26settings%3DeyJpZCI6MTQ0NSwidXJsIjoiaHR0cHM6XC9cL3Byb2xleGlhLmZyXC93cC1jb250ZW50XC91cGxvYWRzXC8yMDIwXC8wNFwvcGljMDQucG5nIiwic2xpZGVzaG93IjoiN2Y2NmM1OCJ9\" href=\"https:\/\/prolexia.fr\/wp-content\/uploads\/2020\/04\/pic04.png\"><figure class=\"swiper-slide-inner\"><img decoding=\"async\" class=\"swiper-slide-image\" src=\"https:\/\/prolexia.fr\/wp-content\/uploads\/2020\/04\/pic04-300x169.png\" alt=\"ADDETECT04\" \/><\/figure><\/a><\/div><div class=\"swiper-slide\" role=\"group\" aria-roledescription=\"slide\" aria-label=\"5 sur 6\"><a data-elementor-open-lightbox=\"yes\" data-elementor-lightbox-slideshow=\"7f66c58\" data-elementor-lightbox-title=\"ADDETECT05\" data-e-action-hash=\"#elementor-action%3Aaction%3Dlightbox%26settings%3DeyJpZCI6MTQ0NiwidXJsIjoiaHR0cHM6XC9cL3Byb2xleGlhLmZyXC93cC1jb250ZW50XC91cGxvYWRzXC8yMDIwXC8wNFwvcGljMDUuanBnIiwic2xpZGVzaG93IjoiN2Y2NmM1OCJ9\" href=\"https:\/\/prolexia.fr\/wp-content\/uploads\/2020\/04\/pic05.jpg\"><figure class=\"swiper-slide-inner\"><img decoding=\"async\" class=\"swiper-slide-image\" src=\"https:\/\/prolexia.fr\/wp-content\/uploads\/2020\/04\/pic05-300x169.jpg\" alt=\"ADDETECT05\" \/><\/figure><\/a><\/div><div class=\"swiper-slide\" role=\"group\" aria-roledescription=\"slide\" aria-label=\"6 sur 6\"><a data-elementor-open-lightbox=\"yes\" data-elementor-lightbox-slideshow=\"7f66c58\" data-elementor-lightbox-title=\"ADDETECT06\" data-e-action-hash=\"#elementor-action%3Aaction%3Dlightbox%26settings%3DeyJpZCI6MTQ0NywidXJsIjoiaHR0cHM6XC9cL3Byb2xleGlhLmZyXC93cC1jb250ZW50XC91cGxvYWRzXC8yMDIwXC8wNFwvcGljMDYuanBnIiwic2xpZGVzaG93IjoiN2Y2NmM1OCJ9\" href=\"https:\/\/prolexia.fr\/wp-content\/uploads\/2020\/04\/pic06.jpg\"><figure class=\"swiper-slide-inner\"><img decoding=\"async\" class=\"swiper-slide-image\" src=\"https:\/\/prolexia.fr\/wp-content\/uploads\/2020\/04\/pic06-169x300.jpg\" alt=\"ADDETECT06\" \/><\/figure><\/a><\/div>\t\t\t<\/div>\n\t\t\t\t\t\t\t\t\t\t\t\t<div class=\"elementor-swiper-button elementor-swiper-button-prev\" role=\"button\" tabindex=\"0\">\n\t\t\t\t\t\t<i aria-hidden=\"true\" class=\"eicon-chevron-left\"><\/i>\t\t\t\t\t<\/div>\n\t\t\t\t\t<div class=\"elementor-swiper-button elementor-swiper-button-next\" role=\"button\" tabindex=\"0\">\n\t\t\t\t\t\t<i aria-hidden=\"true\" class=\"eicon-chevron-right\"><\/i>\t\t\t\t\t<\/div>\n\t\t\t\t\n\t\t\t\t\t\t\t\t\t<div class=\"swiper-pagination\"><\/div>\n\t\t\t\t\t\t\t\t\t<\/div>\n\t\t\t\t\t\t<\/div>\n\t\t\t\t<\/div>\n\t\t\t\t\t<\/div>\n\t\t<\/div>\n\t\t\t\t\t<\/div>\n\t\t<\/section>\n\t\t\t\t\t<\/div>\n\t\t<\/div>\n\t\t\t\t\t<\/div>\n\t\t<\/section>\n\t\t\t\t<\/div>\n\t\t","protected":false},"excerpt":{"rendered":"<p>ADDETECT est un projet r\u00e9alis\u00e9 pour ARFITEC Group utilisant une cam\u00e9ra optique et profondeur afin d\u2019analyser un \u00e9tale de fruits et l\u00e9gumes pour classifier automatiquement les produits et faire un suivi pr\u00e9cis des stocks. Ce projet permet \u00e9galement de d\u00e9tecter quel produit est survol\u00e9 par la main d\u2019un client afin de lui fournir automatiquement des [&hellip;]<\/p>\n","protected":false},"author":1,"featured_media":0,"parent":0,"menu_order":0,"comment_status":"closed","ping_status":"closed","template":"elementor_header_footer","meta":{"footnotes":""},"class_list":["post-952","page","type-page","status-publish","hentry"],"_links":{"self":[{"href":"https:\/\/prolexia.fr\/fr\/wp-json\/wp\/v2\/pages\/952","targetHints":{"allow":["GET"]}}],"collection":[{"href":"https:\/\/prolexia.fr\/fr\/wp-json\/wp\/v2\/pages"}],"about":[{"href":"https:\/\/prolexia.fr\/fr\/wp-json\/wp\/v2\/types\/page"}],"author":[{"embeddable":true,"href":"https:\/\/prolexia.fr\/fr\/wp-json\/wp\/v2\/users\/1"}],"replies":[{"embeddable":true,"href":"https:\/\/prolexia.fr\/fr\/wp-json\/wp\/v2\/comments?post=952"}],"version-history":[{"count":14,"href":"https:\/\/prolexia.fr\/fr\/wp-json\/wp\/v2\/pages\/952\/revisions"}],"predecessor-version":[{"id":1448,"href":"https:\/\/prolexia.fr\/fr\/wp-json\/wp\/v2\/pages\/952\/revisions\/1448"}],"wp:attachment":[{"href":"https:\/\/prolexia.fr\/fr\/wp-json\/wp\/v2\/media?parent=952"}],"curies":[{"name":"wp","href":"https:\/\/api.w.org\/{rel}","templated":true}]}}