{"id":959,"date":"2020-04-02T18:12:25","date_gmt":"2020-04-02T16:12:25","guid":{"rendered":"https:\/\/prolexia.fr\/?page_id=959"},"modified":"2020-04-07T18:08:37","modified_gmt":"2020-04-07T16:08:37","slug":"ia","status":"publish","type":"page","link":"https:\/\/prolexia.fr\/fr\/ia\/","title":{"rendered":"Intelligence Artificielle"},"content":{"rendered":"\t\t<div data-elementor-type=\"wp-page\" data-elementor-id=\"959\" class=\"elementor elementor-959\">\n\t\t\t\t\t\t<section class=\"has_eae_slider elementor-section elementor-top-section elementor-element elementor-element-108b85d elementor-section-stretched elementor-section-full_width elementor-section-height-default elementor-section-height-default\" data-eae-slider=\"2814\" data-id=\"108b85d\" data-element_type=\"section\" data-e-type=\"section\" data-settings=\"{&quot;stretch_section&quot;:&quot;section-stretched&quot;,&quot;background_background&quot;:&quot;classic&quot;}\">\n\t\t\t\t\t\t<div class=\"elementor-container elementor-column-gap-no\">\n\t\t\t\t\t<div class=\"has_eae_slider elementor-column elementor-col-100 elementor-top-column elementor-element elementor-element-1f68561\" data-eae-slider=\"4666\" data-id=\"1f68561\" data-element_type=\"column\" data-e-type=\"column\">\n\t\t\t<div class=\"elementor-widget-wrap elementor-element-populated\">\n\t\t\t\t\t\t<section class=\"has_eae_slider elementor-section elementor-inner-section elementor-element elementor-element-d192e64 elementor-section-boxed elementor-section-height-default elementor-section-height-default\" data-eae-slider=\"63706\" data-id=\"d192e64\" data-element_type=\"section\" data-e-type=\"section\" data-settings=\"{&quot;background_background&quot;:&quot;classic&quot;}\">\n\t\t\t\t\t\t<div class=\"elementor-container elementor-column-gap-default\">\n\t\t\t\t\t<div class=\"has_eae_slider elementor-column elementor-col-100 elementor-inner-column elementor-element elementor-element-ec194d3\" data-eae-slider=\"42104\" data-id=\"ec194d3\" data-element_type=\"column\" data-e-type=\"column\">\n\t\t\t<div class=\"elementor-widget-wrap elementor-element-populated\">\n\t\t\t\t\t\t<div class=\"elementor-element elementor-element-e58f09b elementor-widget elementor-widget-text-editor\" data-id=\"e58f09b\" data-element_type=\"widget\" data-e-type=\"widget\" data-widget_type=\"text-editor.default\">\n\t\t\t\t<div class=\"elementor-widget-container\">\n\t\t\t\t\t\t\t\t\t<p>PROLEXIA d\u00e9veloppe des solutions d\u2019analyse et de traitement de donn\u00e9es utilisant l\u2019IA, et particuli\u00e8rement l\u2019apprentissage profond (deep learning), pour la robotique et dans le domaine industriel.<\/p><p>PROLEXIA \u00e9quipe ses robots de cam\u00e9ras optiques, thermiques, de profondeur, de lasers et de lidars afin d\u2019analyser l\u2019environnement, de reconna\u00eetre des menaces ou anomalies, de planifier automatiquement et intelligemment des missions et d\u2019\u00e9viter des obstacles. Dans le domaine industriel, en partenariat avec ARFITEC Group, PROLEXIA travaille sur des solutions de classification automatique, d\u2019analyse et de suivi des stocks de produits dans les commerces \u00e0 l\u2019aide de cam\u00e9ras intelligentes.<\/p>\t\t\t\t\t\t\t\t<\/div>\n\t\t\t\t<\/div>\n\t\t\t\t\t<\/div>\n\t\t<\/div>\n\t\t\t\t\t<\/div>\n\t\t<\/section>\n\t\t\t\t<section class=\"has_eae_slider elementor-section elementor-inner-section elementor-element elementor-element-6dbcadf elementor-section-boxed elementor-section-height-default elementor-section-height-default\" data-eae-slider=\"23216\" data-id=\"6dbcadf\" data-element_type=\"section\" data-e-type=\"section\" data-settings=\"{&quot;background_background&quot;:&quot;classic&quot;}\">\n\t\t\t\t\t\t<div class=\"elementor-container elementor-column-gap-default\">\n\t\t\t\t\t<div class=\"has_eae_slider elementor-column elementor-col-50 elementor-inner-column elementor-element elementor-element-595180b\" data-eae-slider=\"99285\" data-id=\"595180b\" data-element_type=\"column\" data-e-type=\"column\">\n\t\t\t<div class=\"elementor-widget-wrap elementor-element-populated\">\n\t\t\t\t\t\t<div class=\"elementor-element elementor-element-ed48b99 elementor-widget elementor-widget-heading\" data-id=\"ed48b99\" data-element_type=\"widget\" data-e-type=\"widget\" data-widget_type=\"heading.default\">\n\t\t\t\t<div class=\"elementor-widget-container\">\n\t\t\t\t\t<h2 class=\"elementor-heading-title elementor-size-default\">ADDETECT<\/h2>\t\t\t\t<\/div>\n\t\t\t\t<\/div>\n\t\t\t\t<div class=\"elementor-element elementor-element-2ea4e80 elementor-widget elementor-widget-text-editor\" data-id=\"2ea4e80\" data-element_type=\"widget\" data-e-type=\"widget\" data-widget_type=\"text-editor.default\">\n\t\t\t\t<div class=\"elementor-widget-container\">\n\t\t\t\t\t\t\t\t\t<p>ADDETECT est un projet r\u00e9alis\u00e9 pour ARFITEC Group utilisant une cam\u00e9ra optique et profondeur afin d\u2019analyser un \u00e9tale de fruits et l\u00e9gumes pour classifier automatiquement les produits et faire un suivi pr\u00e9cis des stocks.<\/p>\t\t\t\t\t\t\t\t<\/div>\n\t\t\t\t<\/div>\n\t\t\t\t<div class=\"elementor-element elementor-element-9e966f7 elementor-align-center elementor-widget elementor-widget-button\" data-id=\"9e966f7\" data-element_type=\"widget\" data-e-type=\"widget\" data-widget_type=\"button.default\">\n\t\t\t\t<div class=\"elementor-widget-container\">\n\t\t\t\t\t\t\t\t\t<div class=\"elementor-button-wrapper\">\n\t\t\t\t\t<a class=\"elementor-button elementor-button-link elementor-size-sm\" href=\"https:\/\/prolexia.fr\/addetect\/\">\n\t\t\t\t\t\t<span class=\"elementor-button-content-wrapper\">\n\t\t\t\t\t\t\t\t\t<span class=\"elementor-button-text\">En savoir +<\/span>\n\t\t\t\t\t<\/span>\n\t\t\t\t\t<\/a>\n\t\t\t\t<\/div>\n\t\t\t\t\t\t\t\t<\/div>\n\t\t\t\t<\/div>\n\t\t\t\t\t<\/div>\n\t\t<\/div>\n\t\t\t\t<div class=\"has_eae_slider elementor-column elementor-col-50 elementor-inner-column elementor-element elementor-element-10a68fb\" data-eae-slider=\"49712\" data-id=\"10a68fb\" data-element_type=\"column\" data-e-type=\"column\" data-settings=\"{&quot;background_background&quot;:&quot;classic&quot;}\">\n\t\t\t<div class=\"elementor-widget-wrap\">\n\t\t\t\t\t\t\t<\/div>\n\t\t<\/div>\n\t\t\t\t\t<\/div>\n\t\t<\/section>\n\t\t\t\t\t<\/div>\n\t\t<\/div>\n\t\t\t\t\t<\/div>\n\t\t<\/section>\n\t\t\t\t<\/div>\n\t\t","protected":false},"excerpt":{"rendered":"<p>PROLEXIA d\u00e9veloppe des solutions d\u2019analyse et de traitement de donn\u00e9es utilisant l\u2019IA, et particuli\u00e8rement l\u2019apprentissage profond (deep learning), pour la robotique et dans le domaine industriel. PROLEXIA \u00e9quipe ses robots de cam\u00e9ras optiques, thermiques, de profondeur, de lasers et de lidars afin d\u2019analyser l\u2019environnement, de reconna\u00eetre des menaces ou anomalies, de planifier automatiquement et intelligemment [&hellip;]<\/p>\n","protected":false},"author":1,"featured_media":0,"parent":0,"menu_order":0,"comment_status":"closed","ping_status":"closed","template":"elementor_header_footer","meta":{"footnotes":""},"class_list":["post-959","page","type-page","status-publish","hentry"],"_links":{"self":[{"href":"https:\/\/prolexia.fr\/fr\/wp-json\/wp\/v2\/pages\/959","targetHints":{"allow":["GET"]}}],"collection":[{"href":"https:\/\/prolexia.fr\/fr\/wp-json\/wp\/v2\/pages"}],"about":[{"href":"https:\/\/prolexia.fr\/fr\/wp-json\/wp\/v2\/types\/page"}],"author":[{"embeddable":true,"href":"https:\/\/prolexia.fr\/fr\/wp-json\/wp\/v2\/users\/1"}],"replies":[{"embeddable":true,"href":"https:\/\/prolexia.fr\/fr\/wp-json\/wp\/v2\/comments?post=959"}],"version-history":[{"count":10,"href":"https:\/\/prolexia.fr\/fr\/wp-json\/wp\/v2\/pages\/959\/revisions"}],"predecessor-version":[{"id":1118,"href":"https:\/\/prolexia.fr\/fr\/wp-json\/wp\/v2\/pages\/959\/revisions\/1118"}],"wp:attachment":[{"href":"https:\/\/prolexia.fr\/fr\/wp-json\/wp\/v2\/media?parent=959"}],"curies":[{"name":"wp","href":"https:\/\/api.w.org\/{rel}","templated":true}]}}