{"id":978,"date":"2020-04-03T16:16:41","date_gmt":"2020-04-03T14:16:41","guid":{"rendered":"https:\/\/prolexia.fr\/?page_id=978"},"modified":"2020-04-24T15:06:34","modified_gmt":"2020-04-24T13:06:34","slug":"sherpa","status":"publish","type":"page","link":"https:\/\/prolexia.fr\/fr\/sherpa\/","title":{"rendered":"SHERPA"},"content":{"rendered":"\t\t<div data-elementor-type=\"wp-page\" data-elementor-id=\"978\" class=\"elementor elementor-978\">\n\t\t\t\t\t\t<section class=\"has_eae_slider elementor-section elementor-top-section elementor-element elementor-element-cf70788 elementor-section-stretched elementor-section-full_width elementor-section-height-default elementor-section-height-default\" data-eae-slider=\"96865\" data-id=\"cf70788\" data-element_type=\"section\" data-e-type=\"section\" data-settings=\"{&quot;stretch_section&quot;:&quot;section-stretched&quot;}\">\n\t\t\t\t\t\t<div class=\"elementor-container elementor-column-gap-default\">\n\t\t\t\t\t<div class=\"has_eae_slider elementor-column elementor-col-100 elementor-top-column elementor-element elementor-element-2a68b8b\" data-eae-slider=\"66825\" data-id=\"2a68b8b\" data-element_type=\"column\" data-e-type=\"column\">\n\t\t\t<div class=\"elementor-widget-wrap elementor-element-populated\">\n\t\t\t\t\t\t<section class=\"has_eae_slider elementor-section elementor-inner-section elementor-element elementor-element-75032d0 elementor-section-boxed elementor-section-height-default elementor-section-height-default\" data-eae-slider=\"98404\" data-id=\"75032d0\" data-element_type=\"section\" data-e-type=\"section\">\n\t\t\t\t\t\t<div class=\"elementor-container elementor-column-gap-default\">\n\t\t\t\t\t<div class=\"has_eae_slider elementor-column elementor-col-100 elementor-inner-column elementor-element elementor-element-bdcea7e\" data-eae-slider=\"41842\" data-id=\"bdcea7e\" data-element_type=\"column\" data-e-type=\"column\">\n\t\t\t<div class=\"elementor-widget-wrap elementor-element-populated\">\n\t\t\t\t\t\t<div class=\"elementor-element elementor-element-263736e elementor-widget elementor-widget-text-editor\" data-id=\"263736e\" data-element_type=\"widget\" data-e-type=\"widget\" data-widget_type=\"text-editor.default\">\n\t\t\t\t<div class=\"elementor-widget-container\">\n\t\t\t\t\t\t\t\t\t<p>SHERPA est un syst\u00e8me de livraison de colis par drones en zone difficile d\u2019acc\u00e8s ou en altitude, r\u00e9alis\u00e9 en collaboration avec Atechsys Engineering et financ\u00e9 par l&rsquo;ADEME<span style=\"font-style: inherit; font-weight: inherit;\">.\u00a0<\/span><\/p><p>Le syst\u00e8me est supervis\u00e9 \u00e0 distance \u00e0 l\u2019aide de l\u2019application Cockpit, outil de programmation, de simulation et de suivi de mission bas\u00e9 sur la plateforme Advansys MMS r\u00e9alis\u00e9e par PROLEXIA.<\/p>\t\t\t\t\t\t\t\t<\/div>\n\t\t\t\t<\/div>\n\t\t\t\t<div class=\"elementor-element elementor-element-2054588 elementor-arrows-position-inside elementor-pagination-position-outside elementor-widget elementor-widget-image-carousel\" data-id=\"2054588\" data-element_type=\"widget\" data-e-type=\"widget\" data-settings=\"{&quot;navigation&quot;:&quot;both&quot;,&quot;autoplay&quot;:&quot;yes&quot;,&quot;pause_on_hover&quot;:&quot;yes&quot;,&quot;pause_on_interaction&quot;:&quot;yes&quot;,&quot;autoplay_speed&quot;:5000,&quot;infinite&quot;:&quot;yes&quot;,&quot;speed&quot;:500}\" data-widget_type=\"image-carousel.default\">\n\t\t\t\t<div class=\"elementor-widget-container\">\n\t\t\t\t\t\t\t<div class=\"elementor-image-carousel-wrapper swiper\" role=\"region\" aria-roledescription=\"carousel\" aria-label=\"Carrousel d\u2019images\" dir=\"ltr\">\n\t\t\t<div class=\"elementor-image-carousel swiper-wrapper\" aria-live=\"off\">\n\t\t\t\t\t\t\t\t<div class=\"swiper-slide\" role=\"group\" aria-roledescription=\"slide\" aria-label=\"1 sur 6\"><a data-elementor-open-lightbox=\"yes\" data-elementor-lightbox-slideshow=\"2054588\" data-elementor-lightbox-title=\"drone_3D\" data-e-action-hash=\"#elementor-action%3Aaction%3Dlightbox%26settings%3DeyJpZCI6MTQ4MCwidXJsIjoiaHR0cHM6XC9cL3Byb2xleGlhLmZyXC93cC1jb250ZW50XC91cGxvYWRzXC8yMDIwXC8wNFwvZHJvbmVfM0QuanBnIiwic2xpZGVzaG93IjoiMjA1NDU4OCJ9\" href=\"https:\/\/prolexia.fr\/wp-content\/uploads\/2020\/04\/drone_3D.jpg\"><figure class=\"swiper-slide-inner\"><img decoding=\"async\" class=\"swiper-slide-image\" src=\"https:\/\/prolexia.fr\/wp-content\/uploads\/2020\/04\/drone_3D-300x169.jpg\" alt=\"drone_3D\" \/><\/figure><\/a><\/div><div class=\"swiper-slide\" role=\"group\" aria-roledescription=\"slide\" aria-label=\"2 sur 6\"><a data-elementor-open-lightbox=\"yes\" data-elementor-lightbox-slideshow=\"2054588\" data-elementor-lightbox-title=\"mission_3D\" data-e-action-hash=\"#elementor-action%3Aaction%3Dlightbox%26settings%3DeyJpZCI6MTQ4MSwidXJsIjoiaHR0cHM6XC9cL3Byb2xleGlhLmZyXC93cC1jb250ZW50XC91cGxvYWRzXC8yMDIwXC8wNFwvbWlzc2lvbl8zRC5qcGciLCJzbGlkZXNob3ciOiIyMDU0NTg4In0%3D\" href=\"https:\/\/prolexia.fr\/wp-content\/uploads\/2020\/04\/mission_3D.jpg\"><figure class=\"swiper-slide-inner\"><img decoding=\"async\" class=\"swiper-slide-image\" src=\"https:\/\/prolexia.fr\/wp-content\/uploads\/2020\/04\/mission_3D-300x169.jpg\" alt=\"mission_3D\" \/><\/figure><\/a><\/div><div class=\"swiper-slide\" role=\"group\" aria-roledescription=\"slide\" aria-label=\"3 sur 6\"><a data-elementor-open-lightbox=\"yes\" data-elementor-lightbox-slideshow=\"2054588\" data-elementor-lightbox-title=\"montagne_supervise\" data-e-action-hash=\"#elementor-action%3Aaction%3Dlightbox%26settings%3DeyJpZCI6MTQ4NSwidXJsIjoiaHR0cHM6XC9cL3Byb2xleGlhLmZyXC93cC1jb250ZW50XC91cGxvYWRzXC8yMDIwXC8wNFwvbW9udGFnbmVfc3VwZXJ2aXNlLTEuanBnIiwic2xpZGVzaG93IjoiMjA1NDU4OCJ9\" href=\"https:\/\/prolexia.fr\/wp-content\/uploads\/2020\/04\/montagne_supervise-1.jpg\"><figure class=\"swiper-slide-inner\"><img decoding=\"async\" class=\"swiper-slide-image\" src=\"https:\/\/prolexia.fr\/wp-content\/uploads\/2020\/04\/montagne_supervise-1-300x169.jpg\" alt=\"montagne_supervise\" \/><\/figure><\/a><\/div><div class=\"swiper-slide\" role=\"group\" aria-roledescription=\"slide\" aria-label=\"4 sur 6\"><a data-elementor-open-lightbox=\"yes\" data-elementor-lightbox-slideshow=\"2054588\" data-elementor-lightbox-title=\"supervise_2D\" data-e-action-hash=\"#elementor-action%3Aaction%3Dlightbox%26settings%3DeyJpZCI6MTQ4MiwidXJsIjoiaHR0cHM6XC9cL3Byb2xleGlhLmZyXC93cC1jb250ZW50XC91cGxvYWRzXC8yMDIwXC8wNFwvc3VwZXJ2aXNlXzJELmpwZyIsInNsaWRlc2hvdyI6IjIwNTQ1ODgifQ%3D%3D\" href=\"https:\/\/prolexia.fr\/wp-content\/uploads\/2020\/04\/supervise_2D.jpg\"><figure class=\"swiper-slide-inner\"><img decoding=\"async\" class=\"swiper-slide-image\" src=\"https:\/\/prolexia.fr\/wp-content\/uploads\/2020\/04\/supervise_2D-300x169.jpg\" alt=\"supervise_2D\" \/><\/figure><\/a><\/div><div class=\"swiper-slide\" role=\"group\" aria-roledescription=\"slide\" aria-label=\"5 sur 6\"><a data-elementor-open-lightbox=\"yes\" data-elementor-lightbox-slideshow=\"2054588\" data-elementor-lightbox-title=\"Sherpa02\" data-e-action-hash=\"#elementor-action%3Aaction%3Dlightbox%26settings%3DeyJpZCI6OTgyLCJ1cmwiOiJodHRwczpcL1wvcHJvbGV4aWEuZnJcL3dwLWNvbnRlbnRcL3VwbG9hZHNcLzIwMjBcLzA0XC8wMi5qcGciLCJzbGlkZXNob3ciOiIyMDU0NTg4In0%3D\" href=\"https:\/\/prolexia.fr\/wp-content\/uploads\/2020\/04\/02.jpg\"><figure class=\"swiper-slide-inner\"><img decoding=\"async\" class=\"swiper-slide-image\" src=\"https:\/\/prolexia.fr\/wp-content\/uploads\/2020\/04\/02-300x169.jpg\" alt=\"Sherpa02\" \/><\/figure><\/a><\/div><div class=\"swiper-slide\" role=\"group\" aria-roledescription=\"slide\" aria-label=\"6 sur 6\"><a data-elementor-open-lightbox=\"yes\" data-elementor-lightbox-slideshow=\"2054588\" data-elementor-lightbox-title=\"Sherpa03\" data-e-action-hash=\"#elementor-action%3Aaction%3Dlightbox%26settings%3DeyJpZCI6OTgzLCJ1cmwiOiJodHRwczpcL1wvcHJvbGV4aWEuZnJcL3dwLWNvbnRlbnRcL3VwbG9hZHNcLzIwMjBcLzA0XC9pbWFnZTIzLnBuZyIsInNsaWRlc2hvdyI6IjIwNTQ1ODgifQ%3D%3D\" href=\"https:\/\/prolexia.fr\/wp-content\/uploads\/2020\/04\/image23.png\"><figure class=\"swiper-slide-inner\"><img decoding=\"async\" class=\"swiper-slide-image\" src=\"https:\/\/prolexia.fr\/wp-content\/uploads\/2020\/04\/image23-300x169.png\" alt=\"Sherpa03\" \/><\/figure><\/a><\/div>\t\t\t<\/div>\n\t\t\t\t\t\t\t\t\t\t\t\t<div class=\"elementor-swiper-button elementor-swiper-button-prev\" role=\"button\" tabindex=\"0\">\n\t\t\t\t\t\t<i aria-hidden=\"true\" class=\"eicon-chevron-left\"><\/i>\t\t\t\t\t<\/div>\n\t\t\t\t\t<div class=\"elementor-swiper-button elementor-swiper-button-next\" role=\"button\" tabindex=\"0\">\n\t\t\t\t\t\t<i aria-hidden=\"true\" class=\"eicon-chevron-right\"><\/i>\t\t\t\t\t<\/div>\n\t\t\t\t\n\t\t\t\t\t\t\t\t\t<div class=\"swiper-pagination\"><\/div>\n\t\t\t\t\t\t\t\t\t<\/div>\n\t\t\t\t\t\t<\/div>\n\t\t\t\t<\/div>\n\t\t\t\t<div class=\"elementor-element elementor-element-e3be285 elementor-widget elementor-widget-video\" data-id=\"e3be285\" data-element_type=\"widget\" data-e-type=\"widget\" data-settings=\"{&quot;youtube_url&quot;:&quot;https:\\\/\\\/www.youtube.com\\\/watch?v=eHSqtGGMEyk&quot;,&quot;video_type&quot;:&quot;youtube&quot;,&quot;controls&quot;:&quot;yes&quot;}\" data-widget_type=\"video.default\">\n\t\t\t\t<div class=\"elementor-widget-container\">\n\t\t\t\t\t\t\t<div class=\"elementor-wrapper elementor-open-inline\">\n\t\t\t<div class=\"elementor-video\"><\/div>\t\t<\/div>\n\t\t\t\t\t\t<\/div>\n\t\t\t\t<\/div>\n\t\t\t\t\t<\/div>\n\t\t<\/div>\n\t\t\t\t\t<\/div>\n\t\t<\/section>\n\t\t\t\t\t<\/div>\n\t\t<\/div>\n\t\t\t\t\t<\/div>\n\t\t<\/section>\n\t\t\t\t<\/div>\n\t\t","protected":false},"excerpt":{"rendered":"<p>SHERPA est un syst\u00e8me de livraison de colis par drones en zone difficile d\u2019acc\u00e8s ou en altitude, r\u00e9alis\u00e9 en collaboration avec Atechsys Engineering et financ\u00e9 par l&rsquo;ADEME.\u00a0 Le syst\u00e8me est supervis\u00e9 \u00e0 distance \u00e0 l\u2019aide de l\u2019application Cockpit, outil de programmation, de simulation et de suivi de mission bas\u00e9 sur la plateforme Advansys MMS r\u00e9alis\u00e9e [&hellip;]<\/p>\n","protected":false},"author":1,"featured_media":0,"parent":0,"menu_order":0,"comment_status":"closed","ping_status":"closed","template":"elementor_header_footer","meta":{"footnotes":""},"class_list":["post-978","page","type-page","status-publish","hentry"],"_links":{"self":[{"href":"https:\/\/prolexia.fr\/fr\/wp-json\/wp\/v2\/pages\/978","targetHints":{"allow":["GET"]}}],"collection":[{"href":"https:\/\/prolexia.fr\/fr\/wp-json\/wp\/v2\/pages"}],"about":[{"href":"https:\/\/prolexia.fr\/fr\/wp-json\/wp\/v2\/types\/page"}],"author":[{"embeddable":true,"href":"https:\/\/prolexia.fr\/fr\/wp-json\/wp\/v2\/users\/1"}],"replies":[{"embeddable":true,"href":"https:\/\/prolexia.fr\/fr\/wp-json\/wp\/v2\/comments?post=978"}],"version-history":[{"count":13,"href":"https:\/\/prolexia.fr\/fr\/wp-json\/wp\/v2\/pages\/978\/revisions"}],"predecessor-version":[{"id":1486,"href":"https:\/\/prolexia.fr\/fr\/wp-json\/wp\/v2\/pages\/978\/revisions\/1486"}],"wp:attachment":[{"href":"https:\/\/prolexia.fr\/fr\/wp-json\/wp\/v2\/media?parent=978"}],"curies":[{"name":"wp","href":"https:\/\/api.w.org\/{rel}","templated":true}]}}