{"id":986,"date":"2020-04-03T16:23:19","date_gmt":"2020-04-03T14:23:19","guid":{"rendered":"https:\/\/prolexia.fr\/?page_id=986"},"modified":"2020-04-24T10:34:25","modified_gmt":"2020-04-24T08:34:25","slug":"spacenostrum","status":"publish","type":"page","link":"https:\/\/prolexia.fr\/fr\/spacenostrum\/","title":{"rendered":"Space Nostrum"},"content":{"rendered":"\t\t<div data-elementor-type=\"wp-page\" data-elementor-id=\"986\" class=\"elementor elementor-986\">\n\t\t\t\t\t\t<section class=\"has_eae_slider elementor-section elementor-top-section elementor-element elementor-element-23bfb61 elementor-section-stretched elementor-section-full_width elementor-section-height-default elementor-section-height-default\" data-eae-slider=\"94963\" data-id=\"23bfb61\" data-element_type=\"section\" data-e-type=\"section\" data-settings=\"{&quot;stretch_section&quot;:&quot;section-stretched&quot;}\">\n\t\t\t\t\t\t<div class=\"elementor-container elementor-column-gap-no\">\n\t\t\t\t\t<div class=\"has_eae_slider elementor-column elementor-col-100 elementor-top-column elementor-element elementor-element-734e245\" data-eae-slider=\"70901\" data-id=\"734e245\" data-element_type=\"column\" data-e-type=\"column\">\n\t\t\t<div class=\"elementor-widget-wrap elementor-element-populated\">\n\t\t\t\t\t\t<section class=\"has_eae_slider elementor-section elementor-inner-section elementor-element elementor-element-f1ffd23 elementor-section-boxed elementor-section-height-default elementor-section-height-default\" data-eae-slider=\"57973\" data-id=\"f1ffd23\" data-element_type=\"section\" data-e-type=\"section\">\n\t\t\t\t\t\t<div class=\"elementor-container elementor-column-gap-default\">\n\t\t\t\t\t<div class=\"has_eae_slider elementor-column elementor-col-100 elementor-inner-column elementor-element elementor-element-4380379\" data-eae-slider=\"79516\" data-id=\"4380379\" data-element_type=\"column\" data-e-type=\"column\">\n\t\t\t<div class=\"elementor-widget-wrap elementor-element-populated\">\n\t\t\t\t\t\t<div class=\"elementor-element elementor-element-ebcb7bd elementor-widget elementor-widget-text-editor\" data-id=\"ebcb7bd\" data-element_type=\"widget\" data-e-type=\"widget\" data-widget_type=\"text-editor.default\">\n\t\t\t\t<div class=\"elementor-widget-container\">\n\t\t\t\t\t\t\t\t\t<p>Space Nostrum est un projet de R&amp;D propos\u00e9 par Thal\u00e8s Alenia Space visant \u00e0 d\u00e9montrer la faisabilit\u00e9 technique d\u2019une constellation de satellites de surveillance maritime d\u00e9di\u00e9e, rendue possible par un nouveau capteur radar \u00e0 large spectre int\u00e9grant la fusion avec l\u2019AIS \u00e0 hautes performances. Le d\u00e9monstrateur, constitu\u00e9 d&rsquo;un simulateur et d&rsquo;un outil de visualisation, est r\u00e9alis\u00e9 \u00e0 l&rsquo;aide de la plateforme Advansys MMS r\u00e9alis\u00e9e par PROLEXIA.<\/p><p>Space Nostrum est un projet financ\u00e9 avec le concours de l&rsquo;Union Europ\u00e9enne.<\/p>\t\t\t\t\t\t\t\t<\/div>\n\t\t\t\t<\/div>\n\t\t\t\t<div class=\"elementor-element elementor-element-d88d376 elementor-arrows-position-inside elementor-pagination-position-outside elementor-widget elementor-widget-image-carousel\" data-id=\"d88d376\" data-element_type=\"widget\" data-e-type=\"widget\" data-settings=\"{&quot;slides_to_show&quot;:&quot;3&quot;,&quot;navigation&quot;:&quot;both&quot;,&quot;autoplay&quot;:&quot;yes&quot;,&quot;pause_on_hover&quot;:&quot;yes&quot;,&quot;pause_on_interaction&quot;:&quot;yes&quot;,&quot;autoplay_speed&quot;:5000,&quot;infinite&quot;:&quot;yes&quot;,&quot;speed&quot;:500}\" data-widget_type=\"image-carousel.default\">\n\t\t\t\t<div class=\"elementor-widget-container\">\n\t\t\t\t\t\t\t<div class=\"elementor-image-carousel-wrapper swiper\" role=\"region\" aria-roledescription=\"carousel\" aria-label=\"Image Carousel\" dir=\"ltr\">\n\t\t\t<div class=\"elementor-image-carousel swiper-wrapper\" aria-live=\"off\">\n\t\t\t\t\t\t\t\t<div class=\"swiper-slide\" role=\"group\" aria-roledescription=\"slide\" aria-label=\"1 of 9\"><a data-elementor-open-lightbox=\"yes\" data-elementor-lightbox-slideshow=\"d88d376\" data-elementor-lightbox-title=\"SpaceNostrum01\" data-e-action-hash=\"#elementor-action%3Aaction%3Dlightbox%26settings%3DeyJpZCI6OTg4LCJ1cmwiOiJodHRwczpcL1wvcHJvbGV4aWEuZnJcL3dwLWNvbnRlbnRcL3VwbG9hZHNcLzIwMjBcLzA0XC8wMS0xLmpwZyIsInNsaWRlc2hvdyI6ImQ4OGQzNzYifQ%3D%3D\" href=\"https:\/\/prolexia.fr\/wp-content\/uploads\/2020\/04\/01-1.jpg\"><figure class=\"swiper-slide-inner\"><img decoding=\"async\" class=\"swiper-slide-image\" src=\"https:\/\/prolexia.fr\/wp-content\/uploads\/2020\/04\/01-1-300x169.jpg\" alt=\"SpaceNostrum01\" \/><\/figure><\/a><\/div><div class=\"swiper-slide\" role=\"group\" aria-roledescription=\"slide\" aria-label=\"2 of 9\"><a data-elementor-open-lightbox=\"yes\" data-elementor-lightbox-slideshow=\"d88d376\" data-elementor-lightbox-title=\"sat_2D\" data-e-action-hash=\"#elementor-action%3Aaction%3Dlightbox%26settings%3DeyJpZCI6MTQ2OCwidXJsIjoiaHR0cHM6XC9cL3Byb2xleGlhLmZyXC93cC1jb250ZW50XC91cGxvYWRzXC8yMDIwXC8wNFwvc2F0XzJELmpwZyIsInNsaWRlc2hvdyI6ImQ4OGQzNzYifQ%3D%3D\" href=\"https:\/\/prolexia.fr\/wp-content\/uploads\/2020\/04\/sat_2D.jpg\"><figure class=\"swiper-slide-inner\"><img decoding=\"async\" class=\"swiper-slide-image\" src=\"https:\/\/prolexia.fr\/wp-content\/uploads\/2020\/04\/sat_2D-300x169.jpg\" alt=\"sat_2D\" \/><\/figure><\/a><\/div><div class=\"swiper-slide\" role=\"group\" aria-roledescription=\"slide\" aria-label=\"3 of 9\"><a data-elementor-open-lightbox=\"yes\" data-elementor-lightbox-slideshow=\"d88d376\" data-elementor-lightbox-title=\"fishing_alert\" data-e-action-hash=\"#elementor-action%3Aaction%3Dlightbox%26settings%3DeyJpZCI6MTQ3MywidXJsIjoiaHR0cHM6XC9cL3Byb2xleGlhLmZyXC93cC1jb250ZW50XC91cGxvYWRzXC8yMDIwXC8wNFwvZmlzaGluZ19hbGVydC0yLmpwZyIsInNsaWRlc2hvdyI6ImQ4OGQzNzYifQ%3D%3D\" href=\"https:\/\/prolexia.fr\/wp-content\/uploads\/2020\/04\/fishing_alert-2.jpg\"><figure class=\"swiper-slide-inner\"><img decoding=\"async\" class=\"swiper-slide-image\" src=\"https:\/\/prolexia.fr\/wp-content\/uploads\/2020\/04\/fishing_alert-2-300x169.jpg\" alt=\"fishing_alert\" \/><\/figure><\/a><\/div><div class=\"swiper-slide\" role=\"group\" aria-roledescription=\"slide\" aria-label=\"4 of 9\"><a data-elementor-open-lightbox=\"yes\" data-elementor-lightbox-slideshow=\"d88d376\" data-elementor-lightbox-title=\"SpaceNostrum05\" data-e-action-hash=\"#elementor-action%3Aaction%3Dlightbox%26settings%3DeyJpZCI6OTkyLCJ1cmwiOiJodHRwczpcL1wvcHJvbGV4aWEuZnJcL3dwLWNvbnRlbnRcL3VwbG9hZHNcLzIwMjBcLzA0XC8wNS5qcGciLCJzbGlkZXNob3ciOiJkODhkMzc2In0%3D\" href=\"https:\/\/prolexia.fr\/wp-content\/uploads\/2020\/04\/05.jpg\"><figure class=\"swiper-slide-inner\"><img decoding=\"async\" class=\"swiper-slide-image\" src=\"https:\/\/prolexia.fr\/wp-content\/uploads\/2020\/04\/05-300x169.jpg\" alt=\"SpaceNostrum05\" \/><\/figure><\/a><\/div><div class=\"swiper-slide\" role=\"group\" aria-roledescription=\"slide\" aria-label=\"5 of 9\"><a data-elementor-open-lightbox=\"yes\" data-elementor-lightbox-slideshow=\"d88d376\" data-elementor-lightbox-title=\"earth_surface\" data-e-action-hash=\"#elementor-action%3Aaction%3Dlightbox%26settings%3DeyJpZCI6MTQ2NywidXJsIjoiaHR0cHM6XC9cL3Byb2xleGlhLmZyXC93cC1jb250ZW50XC91cGxvYWRzXC8yMDIwXC8wNFwvZWFydGhfc3VyZmFjZS5qcGciLCJzbGlkZXNob3ciOiJkODhkMzc2In0%3D\" href=\"https:\/\/prolexia.fr\/wp-content\/uploads\/2020\/04\/earth_surface.jpg\"><figure class=\"swiper-slide-inner\"><img decoding=\"async\" class=\"swiper-slide-image\" src=\"https:\/\/prolexia.fr\/wp-content\/uploads\/2020\/04\/earth_surface-300x169.jpg\" alt=\"earth_surface\" \/><\/figure><\/a><\/div><div class=\"swiper-slide\" role=\"group\" aria-roledescription=\"slide\" aria-label=\"6 of 9\"><a data-elementor-open-lightbox=\"yes\" data-elementor-lightbox-slideshow=\"d88d376\" data-elementor-lightbox-title=\"transhipment_alert\" data-e-action-hash=\"#elementor-action%3Aaction%3Dlightbox%26settings%3DeyJpZCI6MTQ3OCwidXJsIjoiaHR0cHM6XC9cL3Byb2xleGlhLmZyXC93cC1jb250ZW50XC91cGxvYWRzXC8yMDIwXC8wNFwvdHJhbnNoaXBtZW50X2FsZXJ0LmpwZyIsInNsaWRlc2hvdyI6ImQ4OGQzNzYifQ%3D%3D\" href=\"https:\/\/prolexia.fr\/wp-content\/uploads\/2020\/04\/transhipment_alert.jpg\"><figure class=\"swiper-slide-inner\"><img decoding=\"async\" class=\"swiper-slide-image\" src=\"https:\/\/prolexia.fr\/wp-content\/uploads\/2020\/04\/transhipment_alert-300x169.jpg\" alt=\"transhipment_alert\" \/><\/figure><\/a><\/div><div class=\"swiper-slide\" role=\"group\" aria-roledescription=\"slide\" aria-label=\"7 of 9\"><a data-elementor-open-lightbox=\"yes\" data-elementor-lightbox-slideshow=\"d88d376\" data-elementor-lightbox-title=\"pillage_alert\" data-e-action-hash=\"#elementor-action%3Aaction%3Dlightbox%26settings%3DeyJpZCI6MTQ3NywidXJsIjoiaHR0cHM6XC9cL3Byb2xleGlhLmZyXC93cC1jb250ZW50XC91cGxvYWRzXC8yMDIwXC8wNFwvcGlsbGFnZV9hbGVydC5qcGciLCJzbGlkZXNob3ciOiJkODhkMzc2In0%3D\" href=\"https:\/\/prolexia.fr\/wp-content\/uploads\/2020\/04\/pillage_alert.jpg\"><figure class=\"swiper-slide-inner\"><img decoding=\"async\" class=\"swiper-slide-image\" src=\"https:\/\/prolexia.fr\/wp-content\/uploads\/2020\/04\/pillage_alert-300x169.jpg\" alt=\"pillage_alert\" \/><\/figure><\/a><\/div><div class=\"swiper-slide\" role=\"group\" aria-roledescription=\"slide\" aria-label=\"8 of 9\"><a data-elementor-open-lightbox=\"yes\" data-elementor-lightbox-slideshow=\"d88d376\" data-elementor-lightbox-title=\"SpaceNostrum04\" data-e-action-hash=\"#elementor-action%3Aaction%3Dlightbox%26settings%3DeyJpZCI6OTkxLCJ1cmwiOiJodHRwczpcL1wvcHJvbGV4aWEuZnJcL3dwLWNvbnRlbnRcL3VwbG9hZHNcLzIwMjBcLzA0XC8wNC5qcGciLCJzbGlkZXNob3ciOiJkODhkMzc2In0%3D\" href=\"https:\/\/prolexia.fr\/wp-content\/uploads\/2020\/04\/04.jpg\"><figure class=\"swiper-slide-inner\"><img decoding=\"async\" class=\"swiper-slide-image\" src=\"https:\/\/prolexia.fr\/wp-content\/uploads\/2020\/04\/04-300x169.jpg\" alt=\"SpaceNostrum04\" \/><\/figure><\/a><\/div><div class=\"swiper-slide\" role=\"group\" aria-roledescription=\"slide\" aria-label=\"9 of 9\"><a data-elementor-open-lightbox=\"yes\" data-elementor-lightbox-slideshow=\"d88d376\" data-elementor-lightbox-title=\"SpaceNostrum08\" data-e-action-hash=\"#elementor-action%3Aaction%3Dlightbox%26settings%3DeyJpZCI6MTAwNCwidXJsIjoiaHR0cHM6XC9cL3Byb2xleGlhLmZyXC93cC1jb250ZW50XC91cGxvYWRzXC8yMDIwXC8wNFwvc3BhY2Vub3N0cnVtMy5qcGciLCJzbGlkZXNob3ciOiJkODhkMzc2In0%3D\" href=\"https:\/\/prolexia.fr\/wp-content\/uploads\/2020\/04\/spacenostrum3.jpg\"><figure class=\"swiper-slide-inner\"><img decoding=\"async\" class=\"swiper-slide-image\" src=\"https:\/\/prolexia.fr\/wp-content\/uploads\/2020\/04\/spacenostrum3-300x169.jpg\" alt=\"SpaceNostrum08\" \/><\/figure><\/a><\/div>\t\t\t<\/div>\n\t\t\t\t\t\t\t\t\t\t\t\t<div class=\"elementor-swiper-button elementor-swiper-button-prev\" role=\"button\" tabindex=\"0\">\n\t\t\t\t\t\t<i aria-hidden=\"true\" class=\"eicon-chevron-left\"><\/i>\t\t\t\t\t<\/div>\n\t\t\t\t\t<div class=\"elementor-swiper-button elementor-swiper-button-next\" role=\"button\" tabindex=\"0\">\n\t\t\t\t\t\t<i aria-hidden=\"true\" class=\"eicon-chevron-right\"><\/i>\t\t\t\t\t<\/div>\n\t\t\t\t\n\t\t\t\t\t\t\t\t\t<div class=\"swiper-pagination\"><\/div>\n\t\t\t\t\t\t\t\t\t<\/div>\n\t\t\t\t\t\t<\/div>\n\t\t\t\t<\/div>\n\t\t\t\t<div class=\"elementor-element elementor-element-a4fa477 elementor-widget elementor-widget-video\" data-id=\"a4fa477\" data-element_type=\"widget\" data-e-type=\"widget\" data-settings=\"{&quot;youtube_url&quot;:&quot;https:\\\/\\\/www.youtube.com\\\/watch?v=h3Xec8BT0Bk&quot;,&quot;video_type&quot;:&quot;youtube&quot;,&quot;controls&quot;:&quot;yes&quot;}\" data-widget_type=\"video.default\">\n\t\t\t\t<div class=\"elementor-widget-container\">\n\t\t\t\t\t\t\t<div class=\"elementor-wrapper elementor-open-inline\">\n\t\t\t<div class=\"elementor-video\"><\/div>\t\t<\/div>\n\t\t\t\t\t\t<\/div>\n\t\t\t\t<\/div>\n\t\t\t\t<div class=\"elementor-element elementor-element-00d8006 elementor-widget elementor-widget-heading\" data-id=\"00d8006\" data-element_type=\"widget\" data-e-type=\"widget\" data-widget_type=\"heading.default\">\n\t\t\t\t<div class=\"elementor-widget-container\">\n\t\t\t\t\t<h2 class=\"elementor-heading-title elementor-size-default\">Nos partenaires et soutiens pour Space Nostrum :<\/h2>\t\t\t\t<\/div>\n\t\t\t\t<\/div>\n\t\t\t\t<div class=\"elementor-element elementor-element-4848a76 elementor-widget elementor-widget-image-carousel\" data-id=\"4848a76\" data-element_type=\"widget\" data-e-type=\"widget\" data-settings=\"{&quot;slides_to_show&quot;:&quot;6&quot;,&quot;navigation&quot;:&quot;none&quot;,&quot;autoplay&quot;:&quot;no&quot;,&quot;infinite&quot;:&quot;yes&quot;,&quot;speed&quot;:500}\" data-widget_type=\"image-carousel.default\">\n\t\t\t\t<div class=\"elementor-widget-container\">\n\t\t\t\t\t\t\t<div class=\"elementor-image-carousel-wrapper swiper\" role=\"region\" aria-roledescription=\"carousel\" aria-label=\"Image Carousel\" dir=\"ltr\">\n\t\t\t<div class=\"elementor-image-carousel swiper-wrapper\" aria-live=\"polite\">\n\t\t\t\t\t\t\t\t<div class=\"swiper-slide\" role=\"group\" aria-roledescription=\"slide\" aria-label=\"1 of 6\"><figure class=\"swiper-slide-inner\"><img decoding=\"async\" class=\"swiper-slide-image\" src=\"https:\/\/prolexia.fr\/wp-content\/uploads\/elementor\/thumbs\/thalesalenia-onrdno7qatezvd22eennuo48qwbhvl26knfhvkcagw.png\" alt=\"thalesalenia\" \/><\/figure><\/div><div class=\"swiper-slide\" role=\"group\" aria-roledescription=\"slide\" aria-label=\"2 of 6\"><figure class=\"swiper-slide-inner\"><img decoding=\"async\" class=\"swiper-slide-image\" src=\"https:\/\/prolexia.fr\/wp-content\/uploads\/elementor\/thumbs\/armines-onrdm6mxh9dnhl7w39hxejmyvxnkou5hda8tisjqbk.jpg\" alt=\"armines\" \/><\/figure><\/div><div class=\"swiper-slide\" role=\"group\" aria-roledescription=\"slide\" aria-label=\"3 of 6\"><figure class=\"swiper-slide-inner\"><img decoding=\"async\" class=\"swiper-slide-image\" src=\"https:\/\/prolexia.fr\/wp-content\/uploads\/elementor\/thumbs\/bluesolutions-onrdm5p3afcd5z998r3au1viajs7h51r15lc1il4hs.png\" alt=\"bluesolutions\" \/><\/figure><\/div><div class=\"swiper-slide\" role=\"group\" aria-roledescription=\"slide\" aria-label=\"4 of 6\"><figure class=\"swiper-slide-inner\"><img decoding=\"async\" class=\"swiper-slide-image\" src=\"https:\/\/prolexia.fr\/wp-content\/uploads\/elementor\/thumbs\/cesigma-onrdm5p3afcd5z998r3au1viajs7h51r15lc1il4hs.jpg\" alt=\"cesigma\" \/><\/figure><\/div><div class=\"swiper-slide\" role=\"group\" aria-roledescription=\"slide\" aria-label=\"5 of 6\"><figure class=\"swiper-slide-inner\"><img decoding=\"async\" class=\"swiper-slide-image\" src=\"https:\/\/prolexia.fr\/wp-content\/uploads\/2020\/04\/eu-flag-logo.jpg\" alt=\"\" \/><\/figure><\/div><div class=\"swiper-slide\" role=\"group\" aria-roledescription=\"slide\" aria-label=\"6 of 6\"><figure class=\"swiper-slide-inner\"><img decoding=\"async\" class=\"swiper-slide-image\" src=\"https:\/\/prolexia.fr\/wp-content\/uploads\/elementor\/thumbs\/640px-Logo_PACA_2018.svg_-olpdtef5h1wtjonbycnhgrj96op1wckg49umtvny80.png\" alt=\"640px-Logo_PACA_2018.svg\" \/><\/figure><\/div>\t\t\t<\/div>\n\t\t\t\t\t\t\t\n\t\t\t\t\t\t\t\t\t<\/div>\n\t\t\t\t\t\t<\/div>\n\t\t\t\t<\/div>\n\t\t\t\t\t<\/div>\n\t\t<\/div>\n\t\t\t\t\t<\/div>\n\t\t<\/section>\n\t\t\t\t\t<\/div>\n\t\t<\/div>\n\t\t\t\t\t<\/div>\n\t\t<\/section>\n\t\t\t\t<\/div>\n\t\t","protected":false},"excerpt":{"rendered":"<p>Space Nostrum est un projet de R&amp;D propos\u00e9 par Thal\u00e8s Alenia Space visant \u00e0 d\u00e9montrer la faisabilit\u00e9 technique d\u2019une constellation de satellites de surveillance maritime d\u00e9di\u00e9e, rendue possible par un nouveau capteur radar \u00e0 large spectre int\u00e9grant la fusion avec l\u2019AIS \u00e0 hautes performances. Le d\u00e9monstrateur, constitu\u00e9 d&rsquo;un simulateur et d&rsquo;un outil de visualisation, est [&hellip;]<\/p>\n","protected":false},"author":1,"featured_media":0,"parent":0,"menu_order":0,"comment_status":"closed","ping_status":"closed","template":"elementor_header_footer","meta":{"footnotes":""},"class_list":["post-986","page","type-page","status-publish","hentry"],"_links":{"self":[{"href":"https:\/\/prolexia.fr\/fr\/wp-json\/wp\/v2\/pages\/986","targetHints":{"allow":["GET"]}}],"collection":[{"href":"https:\/\/prolexia.fr\/fr\/wp-json\/wp\/v2\/pages"}],"about":[{"href":"https:\/\/prolexia.fr\/fr\/wp-json\/wp\/v2\/types\/page"}],"author":[{"embeddable":true,"href":"https:\/\/prolexia.fr\/fr\/wp-json\/wp\/v2\/users\/1"}],"replies":[{"embeddable":true,"href":"https:\/\/prolexia.fr\/fr\/wp-json\/wp\/v2\/comments?post=986"}],"version-history":[{"count":26,"href":"https:\/\/prolexia.fr\/fr\/wp-json\/wp\/v2\/pages\/986\/revisions"}],"predecessor-version":[{"id":1493,"href":"https:\/\/prolexia.fr\/fr\/wp-json\/wp\/v2\/pages\/986\/revisions\/1493"}],"wp:attachment":[{"href":"https:\/\/prolexia.fr\/fr\/wp-json\/wp\/v2\/media?parent=986"}],"curies":[{"name":"wp","href":"https:\/\/api.w.org\/{rel}","templated":true}]}}